{"id":5806,"date":"2024-11-09T15:15:46","date_gmt":"2024-11-09T15:15:46","guid":{"rendered":"https:\/\/nivegy.com\/?post_type=product&#038;p=5806"},"modified":"2024-11-09T17:09:33","modified_gmt":"2024-11-09T17:09:33","slug":"antmann-accommodation","status":"publish","type":"product","link":"https:\/\/nivegy.com\/en\/termek\/antmann-accommodation\/","title":{"rendered":"Antmann Accommodation"},"content":{"rendered":"<p><strong>Nestled in the peaceful K\u00e9kk\u00fata Hills of Balatoncsics\u00f3, the newly established guest accommodation of Antmann Winery offers a tranquil retreat, with peace and quiet guaranteed.<\/strong> The accommodation was opened in 2024 and is just 7 km from Lake Balaton, with a stunning panoramic view of the lake from the terrace.<\/p>\n<p>The private guesthouse features three spacious, comfortable rooms, each equipped with modern bathrooms and air conditioning (heating and cooling):<\/p>\n<ul>\n<li>Single-room units: Each room includes a large double bed and a pull-out sofa bed. The base rate is 30.000 HUF\/night, with additional beds available at 5.000 HUF\/person\/night.<\/li>\n<li>Family room: Accommodates up to four guests with two separate areas, making it ideal for families. The rate is 50.000 HUF\/night.<\/li>\n<\/ul>\n<p>Balatoncsics\u00f3 serves as an excellent starting point for exploring the Balaton Uplands, whether it\u2019s for hiking, nature walks, or a visit to the Balaton beaches, just a 10-minute drive away. The green hiking trail passes directly by the accommodation, offering access to the nearby <a href=\"https:\/\/nivegy.com\/en\/termek\/hamuhazi-spring\/\">Hamuh\u00e1zi Spring<\/a>.<\/p>\n<p style=\"text-align: justify; margin: 0cm 0cm 18.0pt 0cm;\">At <a href=\"https:\/\/nivegy.com\/en\/termek\/antmann-winery\/\">Antmann Winery<\/a>, guests can enjoy wine tastings or wine-paired dinners, both available upon request. Breakfast is also available at an additional cost of 4,000 HUF\/person. For a special local experience, try the &#8220;<a href=\"https:\/\/rokanekosara.hu\/\">R\u00f3k\u00e1n\u00e9\u2019s Basket<\/a>,&#8221; a breakfast delivery service offering fresh, locally sourced delicacies. This hearty producer\u2019s breakfast is a great way to experience the authentic flavours of the Balaton Uplands from the start of your day.<\/p>\n<p style=\"text-align: justify; margin: 0cm 0cm 18.0pt 0cm;\">This place is waiting for you all year round!<\/p>\n","protected":false},"excerpt":{"rendered":"<p>Nestled in the peaceful K\u00e9kk\u00fata Hills of Balatoncsics\u00f3, the newly established guest accommodation of Antmann Winery offers a tranquil retreat, with peace and quiet guaranteed. The accommodation was opened in 2024 and is just 7 km from Lake Balaton, with a stunning panoramic view of the lake from the terrace. The private guesthouse features three [&hellip;]<\/p>\n","protected":false},"featured_media":5464,"comment_status":"open","ping_status":"closed","template":"","meta":{"_acf_changed":false},"product_brand":[],"product_cat":[325],"product_tag":[],"class_list":{"0":"post-5806","1":"product","2":"type-product","3":"status-publish","4":"has-post-thumbnail","6":"product_cat-accommodation","8":"first","9":"instock","10":"shipping-taxable","11":"product-type-simple"},"acf":[],"yoast_head":"<!-- This site is optimized with the Yoast SEO plugin v27.4 - https:\/\/yoast.com\/product\/yoast-seo-wordpress\/ -->\n<title>Antmann Accommodation - Nivegy.com<\/title>\n<meta name=\"description\" content=\"Balatoncsics\u00f3 K\u00e9kk\u00fati d\u0171l\u0151j\u00e9n, egy kimondottan csendes helyen tal\u00e1lhat\u00f3 az Antmann Pince \u00fajonnan kialak\u00edtott sz\u00e1ll\u00e1shelye, ahol a nyugalom garant\u00e1lt.\" \/>\n<meta name=\"robots\" content=\"index, follow, max-snippet:-1, max-image-preview:large, max-video-preview:-1\" \/>\n<link rel=\"canonical\" href=\"https:\/\/nivegy.com\/en\/termek\/antmann-accommodation\/\" \/>\n<meta property=\"og:locale\" content=\"en_US\" \/>\n<meta property=\"og:type\" content=\"article\" \/>\n<meta property=\"og:title\" content=\"Antmann Accommodation - Nivegy.com\" \/>\n<meta property=\"og:description\" content=\"Balatoncsics\u00f3 K\u00e9kk\u00fati d\u0171l\u0151j\u00e9n, egy kimondottan csendes helyen tal\u00e1lhat\u00f3 az Antmann Pince \u00fajonnan kialak\u00edtott sz\u00e1ll\u00e1shelye, ahol a nyugalom garant\u00e1lt.\" \/>\n<meta property=\"og:url\" content=\"https:\/\/nivegy.com\/en\/termek\/antmann-accommodation\/\" \/>\n<meta property=\"og:site_name\" content=\"Nivegy.com\" \/>\n<meta property=\"article:publisher\" content=\"https:\/\/www.facebook.com\/nivegy\" \/>\n<meta property=\"article:modified_time\" content=\"2024-11-09T17:09:33+00:00\" \/>\n<meta property=\"og:image\" content=\"https:\/\/nivegy.com\/wp-content\/uploads\/2023\/06\/Antmann-Pince.webp\" \/>\n\t<meta property=\"og:image:width\" content=\"1000\" \/>\n\t<meta property=\"og:image:height\" content=\"1000\" \/>\n\t<meta property=\"og:image:type\" content=\"image\/webp\" \/>\n<meta name=\"twitter:card\" content=\"summary_large_image\" \/>\n<meta name=\"twitter:label1\" content=\"Est. reading time\" \/>\n\t<meta name=\"twitter:data1\" content=\"2 minutes\" \/>\n<script type=\"application\/ld+json\" class=\"yoast-schema-graph\">{\"@context\":\"https:\\\/\\\/schema.org\",\"@graph\":[{\"@type\":\"WebPage\",\"@id\":\"https:\\\/\\\/nivegy.com\\\/en\\\/termek\\\/antmann-accommodation\\\/\",\"url\":\"https:\\\/\\\/nivegy.com\\\/en\\\/termek\\\/antmann-accommodation\\\/\",\"name\":\"Antmann Accommodation - Nivegy.com\",\"isPartOf\":{\"@id\":\"https:\\\/\\\/nivegy.com\\\/#website\"},\"primaryImageOfPage\":{\"@id\":\"https:\\\/\\\/nivegy.com\\\/en\\\/termek\\\/antmann-accommodation\\\/#primaryimage\"},\"image\":{\"@id\":\"https:\\\/\\\/nivegy.com\\\/en\\\/termek\\\/antmann-accommodation\\\/#primaryimage\"},\"thumbnailUrl\":\"https:\\\/\\\/nivegy.com\\\/wp-content\\\/uploads\\\/2023\\\/06\\\/Antmann-Pince.webp\",\"datePublished\":\"2024-11-09T15:15:46+00:00\",\"dateModified\":\"2024-11-09T17:09:33+00:00\",\"description\":\"Balatoncsics\u00f3 K\u00e9kk\u00fati d\u0171l\u0151j\u00e9n, egy kimondottan csendes helyen tal\u00e1lhat\u00f3 az Antmann Pince \u00fajonnan kialak\u00edtott sz\u00e1ll\u00e1shelye, ahol a nyugalom garant\u00e1lt.\",\"breadcrumb\":{\"@id\":\"https:\\\/\\\/nivegy.com\\\/en\\\/termek\\\/antmann-accommodation\\\/#breadcrumb\"},\"inLanguage\":\"en-US\",\"potentialAction\":[{\"@type\":\"ReadAction\",\"target\":[\"https:\\\/\\\/nivegy.com\\\/en\\\/termek\\\/antmann-accommodation\\\/\"]}]},{\"@type\":\"ImageObject\",\"inLanguage\":\"en-US\",\"@id\":\"https:\\\/\\\/nivegy.com\\\/en\\\/termek\\\/antmann-accommodation\\\/#primaryimage\",\"url\":\"https:\\\/\\\/nivegy.com\\\/wp-content\\\/uploads\\\/2023\\\/06\\\/Antmann-Pince.webp\",\"contentUrl\":\"https:\\\/\\\/nivegy.com\\\/wp-content\\\/uploads\\\/2023\\\/06\\\/Antmann-Pince.webp\",\"width\":1000,\"height\":1000,\"caption\":\"Antmann Pince\"},{\"@type\":\"BreadcrumbList\",\"@id\":\"https:\\\/\\\/nivegy.com\\\/en\\\/termek\\\/antmann-accommodation\\\/#breadcrumb\",\"itemListElement\":[{\"@type\":\"ListItem\",\"position\":1,\"name\":\"Kezd\u0151lap\",\"item\":\"https:\\\/\\\/nivegy.com\\\/en\\\/\"},{\"@type\":\"ListItem\",\"position\":2,\"name\":\"Antmann Accommodation\"}]},{\"@type\":\"WebSite\",\"@id\":\"https:\\\/\\\/nivegy.com\\\/#website\",\"url\":\"https:\\\/\\\/nivegy.com\\\/\",\"name\":\"Nivegy.com\",\"description\":\"Egy v\u00f6lgy, \u00f6t falu, v\u00e9gtelen csoda\",\"potentialAction\":[{\"@type\":\"SearchAction\",\"target\":{\"@type\":\"EntryPoint\",\"urlTemplate\":\"https:\\\/\\\/nivegy.com\\\/?s={search_term_string}\"},\"query-input\":{\"@type\":\"PropertyValueSpecification\",\"valueRequired\":true,\"valueName\":\"search_term_string\"}}],\"inLanguage\":\"en-US\"}]}<\/script>\n<!-- \/ Yoast SEO plugin. -->","yoast_head_json":{"title":"Antmann Accommodation - Nivegy.com","description":"Balatoncsics\u00f3 K\u00e9kk\u00fati d\u0171l\u0151j\u00e9n, egy kimondottan csendes helyen tal\u00e1lhat\u00f3 az Antmann Pince \u00fajonnan kialak\u00edtott sz\u00e1ll\u00e1shelye, ahol a nyugalom garant\u00e1lt.","robots":{"index":"index","follow":"follow","max-snippet":"max-snippet:-1","max-image-preview":"max-image-preview:large","max-video-preview":"max-video-preview:-1"},"canonical":"https:\/\/nivegy.com\/en\/termek\/antmann-accommodation\/","og_locale":"en_US","og_type":"article","og_title":"Antmann Accommodation - Nivegy.com","og_description":"Balatoncsics\u00f3 K\u00e9kk\u00fati d\u0171l\u0151j\u00e9n, egy kimondottan csendes helyen tal\u00e1lhat\u00f3 az Antmann Pince \u00fajonnan kialak\u00edtott sz\u00e1ll\u00e1shelye, ahol a nyugalom garant\u00e1lt.","og_url":"https:\/\/nivegy.com\/en\/termek\/antmann-accommodation\/","og_site_name":"Nivegy.com","article_publisher":"https:\/\/www.facebook.com\/nivegy","article_modified_time":"2024-11-09T17:09:33+00:00","og_image":[{"width":1000,"height":1000,"url":"https:\/\/nivegy.com\/wp-content\/uploads\/2023\/06\/Antmann-Pince.webp","type":"image\/webp"}],"twitter_card":"summary_large_image","twitter_misc":{"Est. reading time":"2 minutes"},"schema":{"@context":"https:\/\/schema.org","@graph":[{"@type":"WebPage","@id":"https:\/\/nivegy.com\/en\/termek\/antmann-accommodation\/","url":"https:\/\/nivegy.com\/en\/termek\/antmann-accommodation\/","name":"Antmann Accommodation - Nivegy.com","isPartOf":{"@id":"https:\/\/nivegy.com\/#website"},"primaryImageOfPage":{"@id":"https:\/\/nivegy.com\/en\/termek\/antmann-accommodation\/#primaryimage"},"image":{"@id":"https:\/\/nivegy.com\/en\/termek\/antmann-accommodation\/#primaryimage"},"thumbnailUrl":"https:\/\/nivegy.com\/wp-content\/uploads\/2023\/06\/Antmann-Pince.webp","datePublished":"2024-11-09T15:15:46+00:00","dateModified":"2024-11-09T17:09:33+00:00","description":"Balatoncsics\u00f3 K\u00e9kk\u00fati d\u0171l\u0151j\u00e9n, egy kimondottan csendes helyen tal\u00e1lhat\u00f3 az Antmann Pince \u00fajonnan kialak\u00edtott sz\u00e1ll\u00e1shelye, ahol a nyugalom garant\u00e1lt.","breadcrumb":{"@id":"https:\/\/nivegy.com\/en\/termek\/antmann-accommodation\/#breadcrumb"},"inLanguage":"en-US","potentialAction":[{"@type":"ReadAction","target":["https:\/\/nivegy.com\/en\/termek\/antmann-accommodation\/"]}]},{"@type":"ImageObject","inLanguage":"en-US","@id":"https:\/\/nivegy.com\/en\/termek\/antmann-accommodation\/#primaryimage","url":"https:\/\/nivegy.com\/wp-content\/uploads\/2023\/06\/Antmann-Pince.webp","contentUrl":"https:\/\/nivegy.com\/wp-content\/uploads\/2023\/06\/Antmann-Pince.webp","width":1000,"height":1000,"caption":"Antmann Pince"},{"@type":"BreadcrumbList","@id":"https:\/\/nivegy.com\/en\/termek\/antmann-accommodation\/#breadcrumb","itemListElement":[{"@type":"ListItem","position":1,"name":"Kezd\u0151lap","item":"https:\/\/nivegy.com\/en\/"},{"@type":"ListItem","position":2,"name":"Antmann Accommodation"}]},{"@type":"WebSite","@id":"https:\/\/nivegy.com\/#website","url":"https:\/\/nivegy.com\/","name":"Nivegy.com","description":"Egy v\u00f6lgy, \u00f6t falu, v\u00e9gtelen csoda","potentialAction":[{"@type":"SearchAction","target":{"@type":"EntryPoint","urlTemplate":"https:\/\/nivegy.com\/?s={search_term_string}"},"query-input":{"@type":"PropertyValueSpecification","valueRequired":true,"valueName":"search_term_string"}}],"inLanguage":"en-US"}]}},"_links":{"self":[{"href":"https:\/\/nivegy.com\/en\/wp-json\/wp\/v2\/product\/5806","targetHints":{"allow":["GET"]}}],"collection":[{"href":"https:\/\/nivegy.com\/en\/wp-json\/wp\/v2\/product"}],"about":[{"href":"https:\/\/nivegy.com\/en\/wp-json\/wp\/v2\/types\/product"}],"replies":[{"embeddable":true,"href":"https:\/\/nivegy.com\/en\/wp-json\/wp\/v2\/comments?post=5806"}],"wp:featuredmedia":[{"embeddable":true,"href":"https:\/\/nivegy.com\/en\/wp-json\/wp\/v2\/media\/5464"}],"wp:attachment":[{"href":"https:\/\/nivegy.com\/en\/wp-json\/wp\/v2\/media?parent=5806"}],"wp:term":[{"taxonomy":"product_brand","embeddable":true,"href":"https:\/\/nivegy.com\/en\/wp-json\/wp\/v2\/product_brand?post=5806"},{"taxonomy":"product_cat","embeddable":true,"href":"https:\/\/nivegy.com\/en\/wp-json\/wp\/v2\/product_cat?post=5806"},{"taxonomy":"product_tag","embeddable":true,"href":"https:\/\/nivegy.com\/en\/wp-json\/wp\/v2\/product_tag?post=5806"}],"curies":[{"name":"wp","href":"https:\/\/api.w.org\/{rel}","templated":true}]}}