{"id":5649,"date":"2024-07-05T12:39:21","date_gmt":"2024-07-05T12:39:21","guid":{"rendered":"https:\/\/nivegy.com\/?post_type=product&#038;p=5649"},"modified":"2024-07-05T13:04:29","modified_gmt":"2024-07-05T13:04:29","slug":"nivegy-valley","status":"publish","type":"product","link":"https:\/\/nivegy.com\/en\/termek\/nivegy-valley\/","title":{"rendered":"Nivegy-valley"},"content":{"rendered":"<p><strong>The Nivegy Valley is a hidden gem on the northern shore, located south of Nagyv\u00e1zsony towards Lake Balaton. This area between the K\u00e1li and P\u00e9csely basins comprises five small villages: Balatoncsics\u00f3, \u00d3budav\u00e1r, Szentantalfa, Szentjakabfa, and Tagyon.<\/strong><\/p>\n<h4>History<\/h4>\n<p>According to legends, the valley&#8217;s history dates back to the Hungarian conquest. Today, \u00d3budav\u00e1r is named after Buda, a warrior who settled there. The founding of three other villages in the valley is attributed to his sons: Istv\u00e1n (Csicsa) founded Balatoncsics\u00f3, Jakab founded Szentjakabfa, and Antal founded Szentantalfa. From the 12th century, the villages are mentioned in documents. Only the church ruins preserve the memory of \u00c1rp\u00e1d-era relics and the original village locations. Among these, the <a href=\"https:\/\/nivegy.com\/en\/termek\/st-balazs-church-ruin\/\">St. Bal\u00e1zs Church Ruin<\/a>, built in the 12th-13th centuries, stand out. Hundreds gather there annually on the first weekend of February for an open-air mass celebrating the patron saint&#8217;s feast day.<\/p>\n<p>The valley was a popular settlement area even in Roman times, and they also cultivated grapes here.<\/p>\n<h4>Present Day<\/h4>\n<p>Today, the Nivegy Valley boasts over 500 hectares of cultivated vineyards. It is the largest contiguous wine region in the Balatonf\u00fcred-Csopak wine region and the Balaton Highlands. The area&#8217;s location, volcanic soil, and proximity to Lake Balaton provide an excellent environment for white grape varieties. The valley&#8217;s most significant varieties, flagship wines, are Juhfark and Olaszrizling. Local wineries&#8217; Rieslings perform well every year in the <a href=\"https:\/\/balatonikor.hu\/balatonbor\/\">BalatonBor<\/a> and HegyBor competitions. Due to varying weather and unique terroir, a few red grape varieties are also now found in the region. The <a href=\"https:\/\/nivegy.com\/en\/wineries\/\">wineries<\/a> welcome wine lovers with wine tastings and tasting platter.<\/p>\n<p>As a result of its development, the valley&#8217;s culinary offerings are continually expanding alongside its wines and wine tourism. Culinary enthusiasts can now choose from several <a href=\"https:\/\/nivegy.com\/en\/gastro\/\">restaurants<\/a>, all of which feature local ingredients. The individual vineyards and villages offer various <a href=\"https:\/\/nivegy.com\/en\/accomodations\/\">accommodation<\/a> options for visitors. The entire region provides a true retreat for those who wish to enjoy the tranquility of nature and escape the hustle and bustle of everyday life.<\/p>\n<p>This peaceful environment, excellent wines, and local products together strengthen the valley&#8217;s harmony. The number of primary <a href=\"https:\/\/nivegy.com\/en\/manufacturers\/\">producers<\/a> in the Nivegy Valley is outstanding nationwide. The products they produce are high-value-added and largely handmade. A wide range of quality artisan goods is available, from processed products to fine art pieces.<\/p>\n<p>Numerous local programs and <a href=\"https:\/\/nivegy.com\/en\/programs\/\">events<\/a> also enliven the valley&#8217;s life, such as weekend markets, music evenings, open cellar programs, and tours. Overall, the Nivegy Valley is an enchanting area with rich cultural heritage, beautiful landscapes, fine wines, and culinary delights, waiting for those who want to discover and experience this lesser-known but highly attractive region of Hungary.<\/p>\n","protected":false},"excerpt":{"rendered":"<p>The Nivegy Valley is a hidden gem on the northern shore, located south of Nagyv\u00e1zsony towards Lake Balaton. This area between the K\u00e1li and P\u00e9csely basins comprises five small villages: Balatoncsics\u00f3, \u00d3budav\u00e1r, Szentantalfa, Szentjakabfa, and Tagyon. History According to legends, the valley&#8217;s history dates back to the Hungarian conquest. Today, \u00d3budav\u00e1r is named after Buda, [&hellip;]<\/p>\n","protected":false},"featured_media":5565,"comment_status":"open","ping_status":"closed","template":"","meta":{"_acf_changed":false},"product_brand":[],"product_cat":[379],"product_tag":[],"class_list":{"0":"post-5649","1":"product","2":"type-product","3":"status-publish","4":"has-post-thumbnail","6":"product_cat-regular-programmes","8":"first","9":"instock","10":"shipping-taxable","11":"product-type-simple"},"acf":[],"yoast_head":"<!-- This site is optimized with the Yoast SEO plugin v27.5 - https:\/\/yoast.com\/product\/yoast-seo-wordpress\/ -->\n<title>Nivegy-valley - Nivegy.com<\/title>\n<meta name=\"description\" content=\"A Nivegy -v\u00f6lgy egy var\u00e1zslatos ter\u00fclet, amely gazdag kultur\u00e1lis \u00f6r\u00f6ks\u00e9ggel, gy\u00f6ny\u00f6r\u0171 t\u00e1jjal, finom borokkal \u00e9s gasztron\u00f3miai \u00e9lm\u00e9nyekkel v\u00e1rja azokat, ...\" \/>\n<meta name=\"robots\" content=\"index, follow, max-snippet:-1, max-image-preview:large, max-video-preview:-1\" \/>\n<link rel=\"canonical\" href=\"https:\/\/nivegy.com\/en\/termek\/nivegy-valley\/\" \/>\n<meta property=\"og:locale\" content=\"en_US\" \/>\n<meta property=\"og:type\" content=\"article\" \/>\n<meta property=\"og:title\" content=\"Nivegy-valley - Nivegy.com\" \/>\n<meta property=\"og:description\" content=\"A Nivegy -v\u00f6lgy egy var\u00e1zslatos ter\u00fclet, amely gazdag kultur\u00e1lis \u00f6r\u00f6ks\u00e9ggel, gy\u00f6ny\u00f6r\u0171 t\u00e1jjal, finom borokkal \u00e9s gasztron\u00f3miai \u00e9lm\u00e9nyekkel v\u00e1rja azokat, ...\" \/>\n<meta property=\"og:url\" content=\"https:\/\/nivegy.com\/en\/termek\/nivegy-valley\/\" \/>\n<meta property=\"og:site_name\" content=\"Nivegy.com\" \/>\n<meta property=\"article:publisher\" content=\"https:\/\/www.facebook.com\/nivegy\" \/>\n<meta property=\"article:modified_time\" content=\"2024-07-05T13:04:29+00:00\" \/>\n<meta property=\"og:image\" content=\"https:\/\/nivegy.com\/wp-content\/uploads\/2024\/06\/Nivegy.webp\" \/>\n\t<meta property=\"og:image:width\" content=\"1000\" \/>\n\t<meta property=\"og:image:height\" content=\"1000\" \/>\n\t<meta property=\"og:image:type\" content=\"image\/webp\" \/>\n<meta name=\"twitter:card\" content=\"summary_large_image\" \/>\n<meta name=\"twitter:label1\" content=\"Est. reading time\" \/>\n\t<meta name=\"twitter:data1\" content=\"3 minutes\" \/>\n<script type=\"application\/ld+json\" class=\"yoast-schema-graph\">{\"@context\":\"https:\\\/\\\/schema.org\",\"@graph\":[{\"@type\":\"WebPage\",\"@id\":\"https:\\\/\\\/nivegy.com\\\/en\\\/termek\\\/nivegy-valley\\\/\",\"url\":\"https:\\\/\\\/nivegy.com\\\/en\\\/termek\\\/nivegy-valley\\\/\",\"name\":\"Nivegy-valley - Nivegy.com\",\"isPartOf\":{\"@id\":\"https:\\\/\\\/nivegy.com\\\/#website\"},\"primaryImageOfPage\":{\"@id\":\"https:\\\/\\\/nivegy.com\\\/en\\\/termek\\\/nivegy-valley\\\/#primaryimage\"},\"image\":{\"@id\":\"https:\\\/\\\/nivegy.com\\\/en\\\/termek\\\/nivegy-valley\\\/#primaryimage\"},\"thumbnailUrl\":\"https:\\\/\\\/nivegy.com\\\/wp-content\\\/uploads\\\/2024\\\/06\\\/Nivegy.webp\",\"datePublished\":\"2024-07-05T12:39:21+00:00\",\"dateModified\":\"2024-07-05T13:04:29+00:00\",\"description\":\"A Nivegy -v\u00f6lgy egy var\u00e1zslatos ter\u00fclet, amely gazdag kultur\u00e1lis \u00f6r\u00f6ks\u00e9ggel, gy\u00f6ny\u00f6r\u0171 t\u00e1jjal, finom borokkal \u00e9s gasztron\u00f3miai \u00e9lm\u00e9nyekkel v\u00e1rja azokat, ...\",\"breadcrumb\":{\"@id\":\"https:\\\/\\\/nivegy.com\\\/en\\\/termek\\\/nivegy-valley\\\/#breadcrumb\"},\"inLanguage\":\"en-US\",\"potentialAction\":[{\"@type\":\"ReadAction\",\"target\":[\"https:\\\/\\\/nivegy.com\\\/en\\\/termek\\\/nivegy-valley\\\/\"]}]},{\"@type\":\"ImageObject\",\"inLanguage\":\"en-US\",\"@id\":\"https:\\\/\\\/nivegy.com\\\/en\\\/termek\\\/nivegy-valley\\\/#primaryimage\",\"url\":\"https:\\\/\\\/nivegy.com\\\/wp-content\\\/uploads\\\/2024\\\/06\\\/Nivegy.webp\",\"contentUrl\":\"https:\\\/\\\/nivegy.com\\\/wp-content\\\/uploads\\\/2024\\\/06\\\/Nivegy.webp\",\"width\":1000,\"height\":1000,\"caption\":\"Nivegy-v\u00f6lgy\"},{\"@type\":\"BreadcrumbList\",\"@id\":\"https:\\\/\\\/nivegy.com\\\/en\\\/termek\\\/nivegy-valley\\\/#breadcrumb\",\"itemListElement\":[{\"@type\":\"ListItem\",\"position\":1,\"name\":\"Kezd\u0151lap\",\"item\":\"https:\\\/\\\/nivegy.com\\\/en\\\/\"},{\"@type\":\"ListItem\",\"position\":2,\"name\":\"Nivegy-valley\"}]},{\"@type\":\"WebSite\",\"@id\":\"https:\\\/\\\/nivegy.com\\\/#website\",\"url\":\"https:\\\/\\\/nivegy.com\\\/\",\"name\":\"Nivegy.com\",\"description\":\"Egy v\u00f6lgy, \u00f6t falu, v\u00e9gtelen csoda\",\"potentialAction\":[{\"@type\":\"SearchAction\",\"target\":{\"@type\":\"EntryPoint\",\"urlTemplate\":\"https:\\\/\\\/nivegy.com\\\/?s={search_term_string}\"},\"query-input\":{\"@type\":\"PropertyValueSpecification\",\"valueRequired\":true,\"valueName\":\"search_term_string\"}}],\"inLanguage\":\"en-US\"}]}<\/script>\n<!-- \/ Yoast SEO plugin. -->","yoast_head_json":{"title":"Nivegy-valley - Nivegy.com","description":"A Nivegy -v\u00f6lgy egy var\u00e1zslatos ter\u00fclet, amely gazdag kultur\u00e1lis \u00f6r\u00f6ks\u00e9ggel, gy\u00f6ny\u00f6r\u0171 t\u00e1jjal, finom borokkal \u00e9s gasztron\u00f3miai \u00e9lm\u00e9nyekkel v\u00e1rja azokat, ...","robots":{"index":"index","follow":"follow","max-snippet":"max-snippet:-1","max-image-preview":"max-image-preview:large","max-video-preview":"max-video-preview:-1"},"canonical":"https:\/\/nivegy.com\/en\/termek\/nivegy-valley\/","og_locale":"en_US","og_type":"article","og_title":"Nivegy-valley - Nivegy.com","og_description":"A Nivegy -v\u00f6lgy egy var\u00e1zslatos ter\u00fclet, amely gazdag kultur\u00e1lis \u00f6r\u00f6ks\u00e9ggel, gy\u00f6ny\u00f6r\u0171 t\u00e1jjal, finom borokkal \u00e9s gasztron\u00f3miai \u00e9lm\u00e9nyekkel v\u00e1rja azokat, ...","og_url":"https:\/\/nivegy.com\/en\/termek\/nivegy-valley\/","og_site_name":"Nivegy.com","article_publisher":"https:\/\/www.facebook.com\/nivegy","article_modified_time":"2024-07-05T13:04:29+00:00","og_image":[{"width":1000,"height":1000,"url":"https:\/\/nivegy.com\/wp-content\/uploads\/2024\/06\/Nivegy.webp","type":"image\/webp"}],"twitter_card":"summary_large_image","twitter_misc":{"Est. reading time":"3 minutes"},"schema":{"@context":"https:\/\/schema.org","@graph":[{"@type":"WebPage","@id":"https:\/\/nivegy.com\/en\/termek\/nivegy-valley\/","url":"https:\/\/nivegy.com\/en\/termek\/nivegy-valley\/","name":"Nivegy-valley - Nivegy.com","isPartOf":{"@id":"https:\/\/nivegy.com\/#website"},"primaryImageOfPage":{"@id":"https:\/\/nivegy.com\/en\/termek\/nivegy-valley\/#primaryimage"},"image":{"@id":"https:\/\/nivegy.com\/en\/termek\/nivegy-valley\/#primaryimage"},"thumbnailUrl":"https:\/\/nivegy.com\/wp-content\/uploads\/2024\/06\/Nivegy.webp","datePublished":"2024-07-05T12:39:21+00:00","dateModified":"2024-07-05T13:04:29+00:00","description":"A Nivegy -v\u00f6lgy egy var\u00e1zslatos ter\u00fclet, amely gazdag kultur\u00e1lis \u00f6r\u00f6ks\u00e9ggel, gy\u00f6ny\u00f6r\u0171 t\u00e1jjal, finom borokkal \u00e9s gasztron\u00f3miai \u00e9lm\u00e9nyekkel v\u00e1rja azokat, ...","breadcrumb":{"@id":"https:\/\/nivegy.com\/en\/termek\/nivegy-valley\/#breadcrumb"},"inLanguage":"en-US","potentialAction":[{"@type":"ReadAction","target":["https:\/\/nivegy.com\/en\/termek\/nivegy-valley\/"]}]},{"@type":"ImageObject","inLanguage":"en-US","@id":"https:\/\/nivegy.com\/en\/termek\/nivegy-valley\/#primaryimage","url":"https:\/\/nivegy.com\/wp-content\/uploads\/2024\/06\/Nivegy.webp","contentUrl":"https:\/\/nivegy.com\/wp-content\/uploads\/2024\/06\/Nivegy.webp","width":1000,"height":1000,"caption":"Nivegy-v\u00f6lgy"},{"@type":"BreadcrumbList","@id":"https:\/\/nivegy.com\/en\/termek\/nivegy-valley\/#breadcrumb","itemListElement":[{"@type":"ListItem","position":1,"name":"Kezd\u0151lap","item":"https:\/\/nivegy.com\/en\/"},{"@type":"ListItem","position":2,"name":"Nivegy-valley"}]},{"@type":"WebSite","@id":"https:\/\/nivegy.com\/#website","url":"https:\/\/nivegy.com\/","name":"Nivegy.com","description":"Egy v\u00f6lgy, \u00f6t falu, v\u00e9gtelen csoda","potentialAction":[{"@type":"SearchAction","target":{"@type":"EntryPoint","urlTemplate":"https:\/\/nivegy.com\/?s={search_term_string}"},"query-input":{"@type":"PropertyValueSpecification","valueRequired":true,"valueName":"search_term_string"}}],"inLanguage":"en-US"}]}},"_links":{"self":[{"href":"https:\/\/nivegy.com\/en\/wp-json\/wp\/v2\/product\/5649","targetHints":{"allow":["GET"]}}],"collection":[{"href":"https:\/\/nivegy.com\/en\/wp-json\/wp\/v2\/product"}],"about":[{"href":"https:\/\/nivegy.com\/en\/wp-json\/wp\/v2\/types\/product"}],"replies":[{"embeddable":true,"href":"https:\/\/nivegy.com\/en\/wp-json\/wp\/v2\/comments?post=5649"}],"wp:featuredmedia":[{"embeddable":true,"href":"https:\/\/nivegy.com\/en\/wp-json\/wp\/v2\/media\/5565"}],"wp:attachment":[{"href":"https:\/\/nivegy.com\/en\/wp-json\/wp\/v2\/media?parent=5649"}],"wp:term":[{"taxonomy":"product_brand","embeddable":true,"href":"https:\/\/nivegy.com\/en\/wp-json\/wp\/v2\/product_brand?post=5649"},{"taxonomy":"product_cat","embeddable":true,"href":"https:\/\/nivegy.com\/en\/wp-json\/wp\/v2\/product_cat?post=5649"},{"taxonomy":"product_tag","embeddable":true,"href":"https:\/\/nivegy.com\/en\/wp-json\/wp\/v2\/product_tag?post=5649"}],"curies":[{"name":"wp","href":"https:\/\/api.w.org\/{rel}","templated":true}]}}