{"id":5603,"date":"2024-06-26T13:30:44","date_gmt":"2024-06-26T13:30:44","guid":{"rendered":"https:\/\/nivegy.com\/?post_type=product&#038;p=5603"},"modified":"2024-07-04T13:51:35","modified_gmt":"2024-07-04T13:51:35","slug":"1ha-tagyon","status":"publish","type":"product","link":"https:\/\/nivegy.com\/en\/termek\/1ha-tagyon\/","title":{"rendered":"1HA Tagyon"},"content":{"rendered":"<p><strong>The \u20191HA Tagyon Guesthouse\u2019 awaits those who seek relaxation on the Tagyon Hill, situated in the Nivegy Valley, in the Balaton Uplands.<\/strong><\/p>\n<p>The guesthouse is surrounded by a one-hectare lavender and vineyard plantation. From the huge terrace, visitors can enjoy a breathtaking view, as it overlooks all the way from Lake Balaton to Hegyest\u0171. The stylishly furnished and comfortable building is exclusively at the guests&#8217; disposal, with private parking available. The family-friendly house is an ideal spot for two adults and two younger children.<\/p>\n<p>Tranquility, peace, and calm reign on the estate, yet within a short walk, <a href=\"https:\/\/nivegy.com\/en\/wineries\/\">wineries<\/a>, wine terraces, and restaurants are also accessible. The area offers numerous cultural and gastronomic events, as well as opportunities for sports and hiking.<\/p>\n<p>The guesthouse is self-catering, and check-in and check-out are contactless. Breakfast delivery is available upon individual request (further information:<a href=\"https:\/\/rokanekosara.hu\/\"> R\u00f3k\u00e1n\u00e9&#8217;s basket<\/a>).<\/p>\n<p>Discover one of the gems of the Nivegy Valley and relax at 1HA Tagyon Guesthouse!<\/p>\n<p>&nbsp;<\/p>\n","protected":false},"excerpt":{"rendered":"<p>The \u20191HA Tagyon Guesthouse\u2019 awaits those who seek relaxation on the Tagyon Hill, situated in the Nivegy Valley, in the Balaton Uplands. The guesthouse is surrounded by a one-hectare lavender and vineyard plantation. From the huge terrace, visitors can enjoy a breathtaking view, as it overlooks all the way from Lake Balaton to Hegyest\u0171. The [&hellip;]<\/p>\n","protected":false},"featured_media":5573,"comment_status":"open","ping_status":"closed","template":"","meta":{"_acf_changed":false},"product_brand":[],"product_cat":[325],"product_tag":[],"class_list":{"0":"post-5603","1":"product","2":"type-product","3":"status-publish","4":"has-post-thumbnail","6":"product_cat-accommodation","8":"first","9":"instock","10":"shipping-taxable","11":"product-type-simple"},"acf":[],"yoast_head":"<!-- This site is optimized with the Yoast SEO plugin v27.4 - https:\/\/yoast.com\/product\/yoast-seo-wordpress\/ -->\n<title>1HA Tagyon - Nivegy.com<\/title>\n<meta name=\"description\" content=\"The \u20191HA Tagyon Guesthouse\u2019 awaits those who seek relaxation on the Tagyon Hill, situated in the Nivegy Valley, in the Balaton Uplands.\" \/>\n<meta name=\"robots\" content=\"index, follow, max-snippet:-1, max-image-preview:large, max-video-preview:-1\" \/>\n<link rel=\"canonical\" href=\"https:\/\/nivegy.com\/en\/termek\/1ha-tagyon\/\" \/>\n<meta property=\"og:locale\" content=\"en_US\" \/>\n<meta property=\"og:type\" content=\"article\" \/>\n<meta property=\"og:title\" content=\"1HA Tagyon - Nivegy.com\" \/>\n<meta property=\"og:description\" content=\"The \u20191HA Tagyon Guesthouse\u2019 awaits those who seek relaxation on the Tagyon Hill, situated in the Nivegy Valley, in the Balaton Uplands.\" \/>\n<meta property=\"og:url\" content=\"https:\/\/nivegy.com\/en\/termek\/1ha-tagyon\/\" \/>\n<meta property=\"og:site_name\" content=\"Nivegy.com\" \/>\n<meta property=\"article:publisher\" content=\"https:\/\/www.facebook.com\/nivegy\" \/>\n<meta property=\"article:modified_time\" content=\"2024-07-04T13:51:35+00:00\" \/>\n<meta property=\"og:image\" content=\"https:\/\/nivegy.com\/wp-content\/uploads\/2024\/06\/1HA-Tagyon.webp\" \/>\n\t<meta property=\"og:image:width\" content=\"1000\" \/>\n\t<meta property=\"og:image:height\" content=\"1000\" \/>\n\t<meta property=\"og:image:type\" content=\"image\/webp\" \/>\n<meta name=\"twitter:card\" content=\"summary_large_image\" \/>\n<meta name=\"twitter:label1\" content=\"Est. reading time\" \/>\n\t<meta name=\"twitter:data1\" content=\"2 minutes\" \/>\n<script type=\"application\/ld+json\" class=\"yoast-schema-graph\">{\"@context\":\"https:\\\/\\\/schema.org\",\"@graph\":[{\"@type\":\"WebPage\",\"@id\":\"https:\\\/\\\/nivegy.com\\\/en\\\/termek\\\/1ha-tagyon\\\/\",\"url\":\"https:\\\/\\\/nivegy.com\\\/en\\\/termek\\\/1ha-tagyon\\\/\",\"name\":\"1HA Tagyon - Nivegy.com\",\"isPartOf\":{\"@id\":\"https:\\\/\\\/nivegy.com\\\/#website\"},\"primaryImageOfPage\":{\"@id\":\"https:\\\/\\\/nivegy.com\\\/en\\\/termek\\\/1ha-tagyon\\\/#primaryimage\"},\"image\":{\"@id\":\"https:\\\/\\\/nivegy.com\\\/en\\\/termek\\\/1ha-tagyon\\\/#primaryimage\"},\"thumbnailUrl\":\"https:\\\/\\\/nivegy.com\\\/wp-content\\\/uploads\\\/2024\\\/06\\\/1HA-Tagyon.webp\",\"datePublished\":\"2024-06-26T13:30:44+00:00\",\"dateModified\":\"2024-07-04T13:51:35+00:00\",\"description\":\"The \u20191HA Tagyon Guesthouse\u2019 awaits those who seek relaxation on the Tagyon Hill, situated in the Nivegy Valley, in the Balaton Uplands.\",\"breadcrumb\":{\"@id\":\"https:\\\/\\\/nivegy.com\\\/en\\\/termek\\\/1ha-tagyon\\\/#breadcrumb\"},\"inLanguage\":\"en-US\",\"potentialAction\":[{\"@type\":\"ReadAction\",\"target\":[\"https:\\\/\\\/nivegy.com\\\/en\\\/termek\\\/1ha-tagyon\\\/\"]}]},{\"@type\":\"ImageObject\",\"inLanguage\":\"en-US\",\"@id\":\"https:\\\/\\\/nivegy.com\\\/en\\\/termek\\\/1ha-tagyon\\\/#primaryimage\",\"url\":\"https:\\\/\\\/nivegy.com\\\/wp-content\\\/uploads\\\/2024\\\/06\\\/1HA-Tagyon.webp\",\"contentUrl\":\"https:\\\/\\\/nivegy.com\\\/wp-content\\\/uploads\\\/2024\\\/06\\\/1HA-Tagyon.webp\",\"width\":1000,\"height\":1000,\"caption\":\"1HA Tagyon\"},{\"@type\":\"BreadcrumbList\",\"@id\":\"https:\\\/\\\/nivegy.com\\\/en\\\/termek\\\/1ha-tagyon\\\/#breadcrumb\",\"itemListElement\":[{\"@type\":\"ListItem\",\"position\":1,\"name\":\"Kezd\u0151lap\",\"item\":\"https:\\\/\\\/nivegy.com\\\/en\\\/\"},{\"@type\":\"ListItem\",\"position\":2,\"name\":\"1HA Tagyon\"}]},{\"@type\":\"WebSite\",\"@id\":\"https:\\\/\\\/nivegy.com\\\/#website\",\"url\":\"https:\\\/\\\/nivegy.com\\\/\",\"name\":\"Nivegy.com\",\"description\":\"Egy v\u00f6lgy, \u00f6t falu, v\u00e9gtelen csoda\",\"potentialAction\":[{\"@type\":\"SearchAction\",\"target\":{\"@type\":\"EntryPoint\",\"urlTemplate\":\"https:\\\/\\\/nivegy.com\\\/?s={search_term_string}\"},\"query-input\":{\"@type\":\"PropertyValueSpecification\",\"valueRequired\":true,\"valueName\":\"search_term_string\"}}],\"inLanguage\":\"en-US\"}]}<\/script>\n<!-- \/ Yoast SEO plugin. -->","yoast_head_json":{"title":"1HA Tagyon - Nivegy.com","description":"The \u20191HA Tagyon Guesthouse\u2019 awaits those who seek relaxation on the Tagyon Hill, situated in the Nivegy Valley, in the Balaton Uplands.","robots":{"index":"index","follow":"follow","max-snippet":"max-snippet:-1","max-image-preview":"max-image-preview:large","max-video-preview":"max-video-preview:-1"},"canonical":"https:\/\/nivegy.com\/en\/termek\/1ha-tagyon\/","og_locale":"en_US","og_type":"article","og_title":"1HA Tagyon - Nivegy.com","og_description":"The \u20191HA Tagyon Guesthouse\u2019 awaits those who seek relaxation on the Tagyon Hill, situated in the Nivegy Valley, in the Balaton Uplands.","og_url":"https:\/\/nivegy.com\/en\/termek\/1ha-tagyon\/","og_site_name":"Nivegy.com","article_publisher":"https:\/\/www.facebook.com\/nivegy","article_modified_time":"2024-07-04T13:51:35+00:00","og_image":[{"width":1000,"height":1000,"url":"https:\/\/nivegy.com\/wp-content\/uploads\/2024\/06\/1HA-Tagyon.webp","type":"image\/webp"}],"twitter_card":"summary_large_image","twitter_misc":{"Est. reading time":"2 minutes"},"schema":{"@context":"https:\/\/schema.org","@graph":[{"@type":"WebPage","@id":"https:\/\/nivegy.com\/en\/termek\/1ha-tagyon\/","url":"https:\/\/nivegy.com\/en\/termek\/1ha-tagyon\/","name":"1HA Tagyon - Nivegy.com","isPartOf":{"@id":"https:\/\/nivegy.com\/#website"},"primaryImageOfPage":{"@id":"https:\/\/nivegy.com\/en\/termek\/1ha-tagyon\/#primaryimage"},"image":{"@id":"https:\/\/nivegy.com\/en\/termek\/1ha-tagyon\/#primaryimage"},"thumbnailUrl":"https:\/\/nivegy.com\/wp-content\/uploads\/2024\/06\/1HA-Tagyon.webp","datePublished":"2024-06-26T13:30:44+00:00","dateModified":"2024-07-04T13:51:35+00:00","description":"The \u20191HA Tagyon Guesthouse\u2019 awaits those who seek relaxation on the Tagyon Hill, situated in the Nivegy Valley, in the Balaton Uplands.","breadcrumb":{"@id":"https:\/\/nivegy.com\/en\/termek\/1ha-tagyon\/#breadcrumb"},"inLanguage":"en-US","potentialAction":[{"@type":"ReadAction","target":["https:\/\/nivegy.com\/en\/termek\/1ha-tagyon\/"]}]},{"@type":"ImageObject","inLanguage":"en-US","@id":"https:\/\/nivegy.com\/en\/termek\/1ha-tagyon\/#primaryimage","url":"https:\/\/nivegy.com\/wp-content\/uploads\/2024\/06\/1HA-Tagyon.webp","contentUrl":"https:\/\/nivegy.com\/wp-content\/uploads\/2024\/06\/1HA-Tagyon.webp","width":1000,"height":1000,"caption":"1HA Tagyon"},{"@type":"BreadcrumbList","@id":"https:\/\/nivegy.com\/en\/termek\/1ha-tagyon\/#breadcrumb","itemListElement":[{"@type":"ListItem","position":1,"name":"Kezd\u0151lap","item":"https:\/\/nivegy.com\/en\/"},{"@type":"ListItem","position":2,"name":"1HA Tagyon"}]},{"@type":"WebSite","@id":"https:\/\/nivegy.com\/#website","url":"https:\/\/nivegy.com\/","name":"Nivegy.com","description":"Egy v\u00f6lgy, \u00f6t falu, v\u00e9gtelen csoda","potentialAction":[{"@type":"SearchAction","target":{"@type":"EntryPoint","urlTemplate":"https:\/\/nivegy.com\/?s={search_term_string}"},"query-input":{"@type":"PropertyValueSpecification","valueRequired":true,"valueName":"search_term_string"}}],"inLanguage":"en-US"}]}},"_links":{"self":[{"href":"https:\/\/nivegy.com\/en\/wp-json\/wp\/v2\/product\/5603","targetHints":{"allow":["GET"]}}],"collection":[{"href":"https:\/\/nivegy.com\/en\/wp-json\/wp\/v2\/product"}],"about":[{"href":"https:\/\/nivegy.com\/en\/wp-json\/wp\/v2\/types\/product"}],"replies":[{"embeddable":true,"href":"https:\/\/nivegy.com\/en\/wp-json\/wp\/v2\/comments?post=5603"}],"wp:featuredmedia":[{"embeddable":true,"href":"https:\/\/nivegy.com\/en\/wp-json\/wp\/v2\/media\/5573"}],"wp:attachment":[{"href":"https:\/\/nivegy.com\/en\/wp-json\/wp\/v2\/media?parent=5603"}],"wp:term":[{"taxonomy":"product_brand","embeddable":true,"href":"https:\/\/nivegy.com\/en\/wp-json\/wp\/v2\/product_brand?post=5603"},{"taxonomy":"product_cat","embeddable":true,"href":"https:\/\/nivegy.com\/en\/wp-json\/wp\/v2\/product_cat?post=5603"},{"taxonomy":"product_tag","embeddable":true,"href":"https:\/\/nivegy.com\/en\/wp-json\/wp\/v2\/product_tag?post=5603"}],"curies":[{"name":"wp","href":"https:\/\/api.w.org\/{rel}","templated":true}]}}