{"id":5562,"date":"2024-06-21T13:30:07","date_gmt":"2024-06-21T13:30:07","guid":{"rendered":"https:\/\/nivegy.com\/?post_type=product&#038;p=5562"},"modified":"2024-06-21T13:48:03","modified_gmt":"2024-06-21T13:48:03","slug":"countryside-house","status":"publish","type":"product","link":"https:\/\/nivegy.com\/en\/termek\/countryside-house\/","title":{"rendered":"Countryside House"},"content":{"rendered":"<p><strong>The Countryside House is situated in the picturesque Nivegy Valley in the Balaton Uplands. Nestled in the tranquil part of a small <a href=\"https:\/\/maps.app.goo.gl\/LwmxqENrSJHpZbn99\">village<\/a>, it awaits its guests in a vast garden, surrounded by beautiful rural scenery. <\/strong><\/p>\n<p>The accommodations &#8211; apartments &#8211; are housed in buildings encircling the garden. On the immense, one-hectare estate, five apartments await guests, accommodating up to 32 people at a time.<\/p>\n<p>Everything is provided for a relaxing vacation: peace, tranquillity, stunning landscapes, spacious garden, swimming pool, grill, campfire areas, rose and lavender bushes, and even a garden pond with goldfishes. The idyllic environment awaits those seeking relaxation at the Countryside House. Guests can relax or play, and there are several opportunities for a more active holiday as well. Outdoor activities such as beach volleyball, badminton, cycling, running, horse riding, and hiking are available in the vicinity. Popular destinations include the nearby Hegyest\u0171 or the region&#8217;s historic wineries, medieval church ruins, viewpoints, and lavender fields. Lake Balaton is just a 5-minute drive away.<\/p>\n<p>In the garden, guests can enjoy amenities such as a swimming pool, sun terrace, Transylvanian wooden hot tub, jacuzzi, flower-filled pond, rose arbour, and a summer kitchen.<\/p>\n<p>We also provide breakfast for our guests, which they can enjoy at the nearby <a href=\"https:\/\/nivegy.com\/en\/termek\/dns-2\/\">DNS<\/a>.<\/p>\n","protected":false},"excerpt":{"rendered":"<p>The Countryside House is situated in the picturesque Nivegy Valley in the Balaton Uplands. Nestled in the tranquil part of a small village, it awaits its guests in a vast garden, surrounded by beautiful rural scenery. The accommodations &#8211; apartments &#8211; are housed in buildings encircling the garden. On the immense, one-hectare estate, five apartments [&hellip;]<\/p>\n","protected":false},"featured_media":5527,"comment_status":"open","ping_status":"closed","template":"","meta":{"_acf_changed":false},"product_brand":[],"product_cat":[325],"product_tag":[],"class_list":{"0":"post-5562","1":"product","2":"type-product","3":"status-publish","4":"has-post-thumbnail","6":"product_cat-accommodation","8":"first","9":"instock","10":"shipping-taxable","11":"product-type-simple"},"acf":[],"yoast_head":"<!-- This site is optimized with the Yoast SEO plugin v27.6 - https:\/\/yoast.com\/product\/yoast-seo-wordpress\/ -->\n<title>Countryside House - Nivegy.com<\/title>\n<meta name=\"description\" content=\"The Countryside House is situated in the picturesque Nivegy Valley in the Balaton Uplands. Nestled in the tranquil part of a small village, ...\" \/>\n<meta name=\"robots\" content=\"index, follow, max-snippet:-1, max-image-preview:large, max-video-preview:-1\" \/>\n<link rel=\"canonical\" href=\"https:\/\/nivegy.com\/en\/termek\/countryside-house\/\" \/>\n<meta property=\"og:locale\" content=\"en_US\" \/>\n<meta property=\"og:type\" content=\"article\" \/>\n<meta property=\"og:title\" content=\"Countryside House - Nivegy.com\" \/>\n<meta property=\"og:description\" content=\"The Countryside House is situated in the picturesque Nivegy Valley in the Balaton Uplands. Nestled in the tranquil part of a small village, ...\" \/>\n<meta property=\"og:url\" content=\"https:\/\/nivegy.com\/en\/termek\/countryside-house\/\" \/>\n<meta property=\"og:site_name\" content=\"Nivegy.com\" \/>\n<meta property=\"article:publisher\" content=\"https:\/\/www.facebook.com\/nivegy\" \/>\n<meta property=\"article:modified_time\" content=\"2024-06-21T13:48:03+00:00\" \/>\n<meta property=\"og:image\" content=\"https:\/\/nivegy.com\/wp-content\/uploads\/2024\/05\/Videki-haz.webp\" \/>\n\t<meta property=\"og:image:width\" content=\"1000\" \/>\n\t<meta property=\"og:image:height\" content=\"1000\" \/>\n\t<meta property=\"og:image:type\" content=\"image\/webp\" \/>\n<meta name=\"twitter:card\" content=\"summary_large_image\" \/>\n<meta name=\"twitter:label1\" content=\"Est. reading time\" \/>\n\t<meta name=\"twitter:data1\" content=\"2 minutes\" \/>\n<script type=\"application\/ld+json\" class=\"yoast-schema-graph\">{\"@context\":\"https:\\\/\\\/schema.org\",\"@graph\":[{\"@type\":\"WebPage\",\"@id\":\"https:\\\/\\\/nivegy.com\\\/en\\\/termek\\\/countryside-house\\\/\",\"url\":\"https:\\\/\\\/nivegy.com\\\/en\\\/termek\\\/countryside-house\\\/\",\"name\":\"Countryside House - Nivegy.com\",\"isPartOf\":{\"@id\":\"https:\\\/\\\/nivegy.com\\\/#website\"},\"primaryImageOfPage\":{\"@id\":\"https:\\\/\\\/nivegy.com\\\/en\\\/termek\\\/countryside-house\\\/#primaryimage\"},\"image\":{\"@id\":\"https:\\\/\\\/nivegy.com\\\/en\\\/termek\\\/countryside-house\\\/#primaryimage\"},\"thumbnailUrl\":\"https:\\\/\\\/nivegy.com\\\/wp-content\\\/uploads\\\/2024\\\/05\\\/Videki-haz.webp\",\"datePublished\":\"2024-06-21T13:30:07+00:00\",\"dateModified\":\"2024-06-21T13:48:03+00:00\",\"description\":\"The Countryside House is situated in the picturesque Nivegy Valley in the Balaton Uplands. Nestled in the tranquil part of a small village, ...\",\"breadcrumb\":{\"@id\":\"https:\\\/\\\/nivegy.com\\\/en\\\/termek\\\/countryside-house\\\/#breadcrumb\"},\"inLanguage\":\"en-US\",\"potentialAction\":[{\"@type\":\"ReadAction\",\"target\":[\"https:\\\/\\\/nivegy.com\\\/en\\\/termek\\\/countryside-house\\\/\"]}]},{\"@type\":\"ImageObject\",\"inLanguage\":\"en-US\",\"@id\":\"https:\\\/\\\/nivegy.com\\\/en\\\/termek\\\/countryside-house\\\/#primaryimage\",\"url\":\"https:\\\/\\\/nivegy.com\\\/wp-content\\\/uploads\\\/2024\\\/05\\\/Videki-haz.webp\",\"contentUrl\":\"https:\\\/\\\/nivegy.com\\\/wp-content\\\/uploads\\\/2024\\\/05\\\/Videki-haz.webp\",\"width\":1000,\"height\":1000,\"caption\":\"Vid\u00e9ki h\u00e1z\"},{\"@type\":\"BreadcrumbList\",\"@id\":\"https:\\\/\\\/nivegy.com\\\/en\\\/termek\\\/countryside-house\\\/#breadcrumb\",\"itemListElement\":[{\"@type\":\"ListItem\",\"position\":1,\"name\":\"Kezd\u0151lap\",\"item\":\"https:\\\/\\\/nivegy.com\\\/en\\\/\"},{\"@type\":\"ListItem\",\"position\":2,\"name\":\"Countryside House\"}]},{\"@type\":\"WebSite\",\"@id\":\"https:\\\/\\\/nivegy.com\\\/#website\",\"url\":\"https:\\\/\\\/nivegy.com\\\/\",\"name\":\"Nivegy.com\",\"description\":\"Egy v\u00f6lgy, \u00f6t falu, v\u00e9gtelen csoda\",\"potentialAction\":[{\"@type\":\"SearchAction\",\"target\":{\"@type\":\"EntryPoint\",\"urlTemplate\":\"https:\\\/\\\/nivegy.com\\\/?s={search_term_string}\"},\"query-input\":{\"@type\":\"PropertyValueSpecification\",\"valueRequired\":true,\"valueName\":\"search_term_string\"}}],\"inLanguage\":\"en-US\"}]}<\/script>\n<!-- \/ Yoast SEO plugin. -->","yoast_head_json":{"title":"Countryside House - Nivegy.com","description":"The Countryside House is situated in the picturesque Nivegy Valley in the Balaton Uplands. Nestled in the tranquil part of a small village, ...","robots":{"index":"index","follow":"follow","max-snippet":"max-snippet:-1","max-image-preview":"max-image-preview:large","max-video-preview":"max-video-preview:-1"},"canonical":"https:\/\/nivegy.com\/en\/termek\/countryside-house\/","og_locale":"en_US","og_type":"article","og_title":"Countryside House - Nivegy.com","og_description":"The Countryside House is situated in the picturesque Nivegy Valley in the Balaton Uplands. Nestled in the tranquil part of a small village, ...","og_url":"https:\/\/nivegy.com\/en\/termek\/countryside-house\/","og_site_name":"Nivegy.com","article_publisher":"https:\/\/www.facebook.com\/nivegy","article_modified_time":"2024-06-21T13:48:03+00:00","og_image":[{"width":1000,"height":1000,"url":"https:\/\/nivegy.com\/wp-content\/uploads\/2024\/05\/Videki-haz.webp","type":"image\/webp"}],"twitter_card":"summary_large_image","twitter_misc":{"Est. reading time":"2 minutes"},"schema":{"@context":"https:\/\/schema.org","@graph":[{"@type":"WebPage","@id":"https:\/\/nivegy.com\/en\/termek\/countryside-house\/","url":"https:\/\/nivegy.com\/en\/termek\/countryside-house\/","name":"Countryside House - Nivegy.com","isPartOf":{"@id":"https:\/\/nivegy.com\/#website"},"primaryImageOfPage":{"@id":"https:\/\/nivegy.com\/en\/termek\/countryside-house\/#primaryimage"},"image":{"@id":"https:\/\/nivegy.com\/en\/termek\/countryside-house\/#primaryimage"},"thumbnailUrl":"https:\/\/nivegy.com\/wp-content\/uploads\/2024\/05\/Videki-haz.webp","datePublished":"2024-06-21T13:30:07+00:00","dateModified":"2024-06-21T13:48:03+00:00","description":"The Countryside House is situated in the picturesque Nivegy Valley in the Balaton Uplands. Nestled in the tranquil part of a small village, ...","breadcrumb":{"@id":"https:\/\/nivegy.com\/en\/termek\/countryside-house\/#breadcrumb"},"inLanguage":"en-US","potentialAction":[{"@type":"ReadAction","target":["https:\/\/nivegy.com\/en\/termek\/countryside-house\/"]}]},{"@type":"ImageObject","inLanguage":"en-US","@id":"https:\/\/nivegy.com\/en\/termek\/countryside-house\/#primaryimage","url":"https:\/\/nivegy.com\/wp-content\/uploads\/2024\/05\/Videki-haz.webp","contentUrl":"https:\/\/nivegy.com\/wp-content\/uploads\/2024\/05\/Videki-haz.webp","width":1000,"height":1000,"caption":"Vid\u00e9ki h\u00e1z"},{"@type":"BreadcrumbList","@id":"https:\/\/nivegy.com\/en\/termek\/countryside-house\/#breadcrumb","itemListElement":[{"@type":"ListItem","position":1,"name":"Kezd\u0151lap","item":"https:\/\/nivegy.com\/en\/"},{"@type":"ListItem","position":2,"name":"Countryside House"}]},{"@type":"WebSite","@id":"https:\/\/nivegy.com\/#website","url":"https:\/\/nivegy.com\/","name":"Nivegy.com","description":"Egy v\u00f6lgy, \u00f6t falu, v\u00e9gtelen csoda","potentialAction":[{"@type":"SearchAction","target":{"@type":"EntryPoint","urlTemplate":"https:\/\/nivegy.com\/?s={search_term_string}"},"query-input":{"@type":"PropertyValueSpecification","valueRequired":true,"valueName":"search_term_string"}}],"inLanguage":"en-US"}]}},"_links":{"self":[{"href":"https:\/\/nivegy.com\/en\/wp-json\/wp\/v2\/product\/5562","targetHints":{"allow":["GET"]}}],"collection":[{"href":"https:\/\/nivegy.com\/en\/wp-json\/wp\/v2\/product"}],"about":[{"href":"https:\/\/nivegy.com\/en\/wp-json\/wp\/v2\/types\/product"}],"replies":[{"embeddable":true,"href":"https:\/\/nivegy.com\/en\/wp-json\/wp\/v2\/comments?post=5562"}],"wp:featuredmedia":[{"embeddable":true,"href":"https:\/\/nivegy.com\/en\/wp-json\/wp\/v2\/media\/5527"}],"wp:attachment":[{"href":"https:\/\/nivegy.com\/en\/wp-json\/wp\/v2\/media?parent=5562"}],"wp:term":[{"taxonomy":"product_brand","embeddable":true,"href":"https:\/\/nivegy.com\/en\/wp-json\/wp\/v2\/product_brand?post=5562"},{"taxonomy":"product_cat","embeddable":true,"href":"https:\/\/nivegy.com\/en\/wp-json\/wp\/v2\/product_cat?post=5562"},{"taxonomy":"product_tag","embeddable":true,"href":"https:\/\/nivegy.com\/en\/wp-json\/wp\/v2\/product_tag?post=5562"}],"curies":[{"name":"wp","href":"https:\/\/api.w.org\/{rel}","templated":true}]}}