{"id":5561,"date":"2024-06-21T12:58:41","date_gmt":"2024-06-21T12:58:41","guid":{"rendered":"https:\/\/nivegy.com\/?post_type=product&#038;p=5561"},"modified":"2024-06-21T13:24:51","modified_gmt":"2024-06-21T13:24:51","slug":"balazs-hegy-guesthouse","status":"publish","type":"product","link":"https:\/\/nivegy.com\/en\/termek\/balazs-hegy-guesthouse\/","title":{"rendered":"Bal\u00e1zs-hegy Guesthouse"},"content":{"rendered":"<p><strong>The Bal\u00e1zs Hill Guesthouse welcomes its guests on Szent Bal\u00e1zs Hill in <a href=\"https:\/\/maps.app.goo.gl\/3EKDTsciWWKzZLhu5\">Szentantalfa<\/a>, nestled in the picturesque Nivegy Valley on the shores of Lake Balaton.<\/strong><\/p>\n<p>The renovated former press house offers comfortable accommodation in 5 tastefully furnished rooms for up to 10 or even 12 people. This guest house offers a fully equipped kitchen for guests&#8217; use. It includes a stove, convection oven, refrigerator, microwave, coffee maker, kettle, and dishwasher.\u00a0Upstairs, there are 4 air-conditioned bedrooms and 1 bathroom with a toilet. Downstairs, there is an additional bedroom, 1 bathroom, and 1 separate second toilet. The sauna is located in the ground floor bathroom and is also available for guests&#8217; use.<\/p>\n<p>In the courtyard, there is a Transylvanian wooden hot tub, comfortably accommodating up to 8 people.\u00a0 A spacious terrace awaits guests in front of the building, equipped with a grill corner, garden furniture, sunshade, and offering beautiful views of Lake Balaton, Hegyest\u0171, Badacsony, and the surrounding vineyards, hills, and valleys. The nearby <a href=\"https:\/\/nivegy.com\/en\/termek\/st-balazs-church-ruin\/\">St. Bal\u00e1zs Church Ruin<\/a> offers a fantastic panoramic view and is an ideal hiking destination.<\/p>\n<p>Parking is provided in the private parking lot, up to 5 cars. WiFi and cable TV are available at Bal\u00e1zs Hill Guesthouse.<\/p>\n<p>&nbsp;<\/p>\n","protected":false},"excerpt":{"rendered":"<p>The Bal\u00e1zs Hill Guesthouse welcomes its guests on Szent Bal\u00e1zs Hill in Szentantalfa, nestled in the picturesque Nivegy Valley on the shores of Lake Balaton. The renovated former press house offers comfortable accommodation in 5 tastefully furnished rooms for up to 10 or even 12 people. This guest house offers a fully equipped kitchen for [&hellip;]<\/p>\n","protected":false},"featured_media":5496,"comment_status":"open","ping_status":"closed","template":"","meta":{"_acf_changed":false},"product_brand":[],"product_cat":[325],"product_tag":[],"class_list":{"0":"post-5561","1":"product","2":"type-product","3":"status-publish","4":"has-post-thumbnail","6":"product_cat-accommodation","8":"first","9":"instock","10":"shipping-taxable","11":"product-type-simple"},"acf":[],"yoast_head":"<!-- This site is optimized with the Yoast SEO plugin v27.4 - https:\/\/yoast.com\/product\/yoast-seo-wordpress\/ -->\n<title>Bal\u00e1zs-hegy Guesthouse - Nivegy.com<\/title>\n<meta name=\"description\" content=\"The Bal\u00e1zs Hill Guesthouse welcomes its guests on Szent Bal\u00e1zs Hill in Szentantalfa, nestled in the picturesque Nivegy Valley on the shores of Lake Balaton.\" \/>\n<meta name=\"robots\" content=\"index, follow, max-snippet:-1, max-image-preview:large, max-video-preview:-1\" \/>\n<link rel=\"canonical\" href=\"https:\/\/nivegy.com\/en\/termek\/balazs-hegy-guesthouse\/\" \/>\n<meta property=\"og:locale\" content=\"en_US\" \/>\n<meta property=\"og:type\" content=\"article\" \/>\n<meta property=\"og:title\" content=\"Bal\u00e1zs-hegy Guesthouse - Nivegy.com\" \/>\n<meta property=\"og:description\" content=\"The Bal\u00e1zs Hill Guesthouse welcomes its guests on Szent Bal\u00e1zs Hill in Szentantalfa, nestled in the picturesque Nivegy Valley on the shores of Lake Balaton.\" \/>\n<meta property=\"og:url\" content=\"https:\/\/nivegy.com\/en\/termek\/balazs-hegy-guesthouse\/\" \/>\n<meta property=\"og:site_name\" content=\"Nivegy.com\" \/>\n<meta property=\"article:publisher\" content=\"https:\/\/www.facebook.com\/nivegy\" \/>\n<meta property=\"article:modified_time\" content=\"2024-06-21T13:24:51+00:00\" \/>\n<meta property=\"og:image\" content=\"https:\/\/nivegy.com\/wp-content\/uploads\/2024\/05\/Balazs-hegyi-Vendeghaz.webp\" \/>\n\t<meta property=\"og:image:width\" content=\"1000\" \/>\n\t<meta property=\"og:image:height\" content=\"1000\" \/>\n\t<meta property=\"og:image:type\" content=\"image\/webp\" \/>\n<meta name=\"twitter:card\" content=\"summary_large_image\" \/>\n<meta name=\"twitter:label1\" content=\"Est. reading time\" \/>\n\t<meta name=\"twitter:data1\" content=\"2 minutes\" \/>\n<script type=\"application\/ld+json\" class=\"yoast-schema-graph\">{\"@context\":\"https:\\\/\\\/schema.org\",\"@graph\":[{\"@type\":\"WebPage\",\"@id\":\"https:\\\/\\\/nivegy.com\\\/en\\\/termek\\\/balazs-hegy-guesthouse\\\/\",\"url\":\"https:\\\/\\\/nivegy.com\\\/en\\\/termek\\\/balazs-hegy-guesthouse\\\/\",\"name\":\"Bal\u00e1zs-hegy Guesthouse - Nivegy.com\",\"isPartOf\":{\"@id\":\"https:\\\/\\\/nivegy.com\\\/#website\"},\"primaryImageOfPage\":{\"@id\":\"https:\\\/\\\/nivegy.com\\\/en\\\/termek\\\/balazs-hegy-guesthouse\\\/#primaryimage\"},\"image\":{\"@id\":\"https:\\\/\\\/nivegy.com\\\/en\\\/termek\\\/balazs-hegy-guesthouse\\\/#primaryimage\"},\"thumbnailUrl\":\"https:\\\/\\\/nivegy.com\\\/wp-content\\\/uploads\\\/2024\\\/05\\\/Balazs-hegyi-Vendeghaz.webp\",\"datePublished\":\"2024-06-21T12:58:41+00:00\",\"dateModified\":\"2024-06-21T13:24:51+00:00\",\"description\":\"The Bal\u00e1zs Hill Guesthouse welcomes its guests on Szent Bal\u00e1zs Hill in Szentantalfa, nestled in the picturesque Nivegy Valley on the shores of Lake Balaton.\",\"breadcrumb\":{\"@id\":\"https:\\\/\\\/nivegy.com\\\/en\\\/termek\\\/balazs-hegy-guesthouse\\\/#breadcrumb\"},\"inLanguage\":\"en-US\",\"potentialAction\":[{\"@type\":\"ReadAction\",\"target\":[\"https:\\\/\\\/nivegy.com\\\/en\\\/termek\\\/balazs-hegy-guesthouse\\\/\"]}]},{\"@type\":\"ImageObject\",\"inLanguage\":\"en-US\",\"@id\":\"https:\\\/\\\/nivegy.com\\\/en\\\/termek\\\/balazs-hegy-guesthouse\\\/#primaryimage\",\"url\":\"https:\\\/\\\/nivegy.com\\\/wp-content\\\/uploads\\\/2024\\\/05\\\/Balazs-hegyi-Vendeghaz.webp\",\"contentUrl\":\"https:\\\/\\\/nivegy.com\\\/wp-content\\\/uploads\\\/2024\\\/05\\\/Balazs-hegyi-Vendeghaz.webp\",\"width\":1000,\"height\":1000,\"caption\":\"Bal\u00e1zs-hegyi Vend\u00e9gh\u00e1z\"},{\"@type\":\"BreadcrumbList\",\"@id\":\"https:\\\/\\\/nivegy.com\\\/en\\\/termek\\\/balazs-hegy-guesthouse\\\/#breadcrumb\",\"itemListElement\":[{\"@type\":\"ListItem\",\"position\":1,\"name\":\"Kezd\u0151lap\",\"item\":\"https:\\\/\\\/nivegy.com\\\/en\\\/\"},{\"@type\":\"ListItem\",\"position\":2,\"name\":\"Bal\u00e1zs-hegy Guesthouse\"}]},{\"@type\":\"WebSite\",\"@id\":\"https:\\\/\\\/nivegy.com\\\/#website\",\"url\":\"https:\\\/\\\/nivegy.com\\\/\",\"name\":\"Nivegy.com\",\"description\":\"Egy v\u00f6lgy, \u00f6t falu, v\u00e9gtelen csoda\",\"potentialAction\":[{\"@type\":\"SearchAction\",\"target\":{\"@type\":\"EntryPoint\",\"urlTemplate\":\"https:\\\/\\\/nivegy.com\\\/?s={search_term_string}\"},\"query-input\":{\"@type\":\"PropertyValueSpecification\",\"valueRequired\":true,\"valueName\":\"search_term_string\"}}],\"inLanguage\":\"en-US\"}]}<\/script>\n<!-- \/ Yoast SEO plugin. -->","yoast_head_json":{"title":"Bal\u00e1zs-hegy Guesthouse - Nivegy.com","description":"The Bal\u00e1zs Hill Guesthouse welcomes its guests on Szent Bal\u00e1zs Hill in Szentantalfa, nestled in the picturesque Nivegy Valley on the shores of Lake Balaton.","robots":{"index":"index","follow":"follow","max-snippet":"max-snippet:-1","max-image-preview":"max-image-preview:large","max-video-preview":"max-video-preview:-1"},"canonical":"https:\/\/nivegy.com\/en\/termek\/balazs-hegy-guesthouse\/","og_locale":"en_US","og_type":"article","og_title":"Bal\u00e1zs-hegy Guesthouse - Nivegy.com","og_description":"The Bal\u00e1zs Hill Guesthouse welcomes its guests on Szent Bal\u00e1zs Hill in Szentantalfa, nestled in the picturesque Nivegy Valley on the shores of Lake Balaton.","og_url":"https:\/\/nivegy.com\/en\/termek\/balazs-hegy-guesthouse\/","og_site_name":"Nivegy.com","article_publisher":"https:\/\/www.facebook.com\/nivegy","article_modified_time":"2024-06-21T13:24:51+00:00","og_image":[{"width":1000,"height":1000,"url":"https:\/\/nivegy.com\/wp-content\/uploads\/2024\/05\/Balazs-hegyi-Vendeghaz.webp","type":"image\/webp"}],"twitter_card":"summary_large_image","twitter_misc":{"Est. reading time":"2 minutes"},"schema":{"@context":"https:\/\/schema.org","@graph":[{"@type":"WebPage","@id":"https:\/\/nivegy.com\/en\/termek\/balazs-hegy-guesthouse\/","url":"https:\/\/nivegy.com\/en\/termek\/balazs-hegy-guesthouse\/","name":"Bal\u00e1zs-hegy Guesthouse - Nivegy.com","isPartOf":{"@id":"https:\/\/nivegy.com\/#website"},"primaryImageOfPage":{"@id":"https:\/\/nivegy.com\/en\/termek\/balazs-hegy-guesthouse\/#primaryimage"},"image":{"@id":"https:\/\/nivegy.com\/en\/termek\/balazs-hegy-guesthouse\/#primaryimage"},"thumbnailUrl":"https:\/\/nivegy.com\/wp-content\/uploads\/2024\/05\/Balazs-hegyi-Vendeghaz.webp","datePublished":"2024-06-21T12:58:41+00:00","dateModified":"2024-06-21T13:24:51+00:00","description":"The Bal\u00e1zs Hill Guesthouse welcomes its guests on Szent Bal\u00e1zs Hill in Szentantalfa, nestled in the picturesque Nivegy Valley on the shores of Lake Balaton.","breadcrumb":{"@id":"https:\/\/nivegy.com\/en\/termek\/balazs-hegy-guesthouse\/#breadcrumb"},"inLanguage":"en-US","potentialAction":[{"@type":"ReadAction","target":["https:\/\/nivegy.com\/en\/termek\/balazs-hegy-guesthouse\/"]}]},{"@type":"ImageObject","inLanguage":"en-US","@id":"https:\/\/nivegy.com\/en\/termek\/balazs-hegy-guesthouse\/#primaryimage","url":"https:\/\/nivegy.com\/wp-content\/uploads\/2024\/05\/Balazs-hegyi-Vendeghaz.webp","contentUrl":"https:\/\/nivegy.com\/wp-content\/uploads\/2024\/05\/Balazs-hegyi-Vendeghaz.webp","width":1000,"height":1000,"caption":"Bal\u00e1zs-hegyi Vend\u00e9gh\u00e1z"},{"@type":"BreadcrumbList","@id":"https:\/\/nivegy.com\/en\/termek\/balazs-hegy-guesthouse\/#breadcrumb","itemListElement":[{"@type":"ListItem","position":1,"name":"Kezd\u0151lap","item":"https:\/\/nivegy.com\/en\/"},{"@type":"ListItem","position":2,"name":"Bal\u00e1zs-hegy Guesthouse"}]},{"@type":"WebSite","@id":"https:\/\/nivegy.com\/#website","url":"https:\/\/nivegy.com\/","name":"Nivegy.com","description":"Egy v\u00f6lgy, \u00f6t falu, v\u00e9gtelen csoda","potentialAction":[{"@type":"SearchAction","target":{"@type":"EntryPoint","urlTemplate":"https:\/\/nivegy.com\/?s={search_term_string}"},"query-input":{"@type":"PropertyValueSpecification","valueRequired":true,"valueName":"search_term_string"}}],"inLanguage":"en-US"}]}},"_links":{"self":[{"href":"https:\/\/nivegy.com\/en\/wp-json\/wp\/v2\/product\/5561","targetHints":{"allow":["GET"]}}],"collection":[{"href":"https:\/\/nivegy.com\/en\/wp-json\/wp\/v2\/product"}],"about":[{"href":"https:\/\/nivegy.com\/en\/wp-json\/wp\/v2\/types\/product"}],"replies":[{"embeddable":true,"href":"https:\/\/nivegy.com\/en\/wp-json\/wp\/v2\/comments?post=5561"}],"wp:featuredmedia":[{"embeddable":true,"href":"https:\/\/nivegy.com\/en\/wp-json\/wp\/v2\/media\/5496"}],"wp:attachment":[{"href":"https:\/\/nivegy.com\/en\/wp-json\/wp\/v2\/media?parent=5561"}],"wp:term":[{"taxonomy":"product_brand","embeddable":true,"href":"https:\/\/nivegy.com\/en\/wp-json\/wp\/v2\/product_brand?post=5561"},{"taxonomy":"product_cat","embeddable":true,"href":"https:\/\/nivegy.com\/en\/wp-json\/wp\/v2\/product_cat?post=5561"},{"taxonomy":"product_tag","embeddable":true,"href":"https:\/\/nivegy.com\/en\/wp-json\/wp\/v2\/product_tag?post=5561"}],"curies":[{"name":"wp","href":"https:\/\/api.w.org\/{rel}","templated":true}]}}