{"id":5263,"date":"2024-03-09T06:47:43","date_gmt":"2024-03-09T06:47:43","guid":{"rendered":"https:\/\/nivegy.com\/?post_type=product&#038;p=5263"},"modified":"2026-02-24T18:15:29","modified_gmt":"2026-02-24T18:15:29","slug":"kobor-tour","status":"publish","type":"product","link":"https:\/\/nivegy.com\/en\/termek\/kobor-tour\/","title":{"rendered":"K\u00f3Bor Tour"},"content":{"rendered":"<p><strong>The K\u00f3Bor (in English: wandering) Tour was brought to life by three wineries in the Balaton Highlands.<\/strong><\/p>\n<p>Their aim is to showcase high-quality and diverse local wines, as well as fantastic Hungarian-style dishes in the beautiful Mediterranean Nivegy Valley during an organized tour. Participants are transported between the wineries every Friday throughout the year by their own wine taxi. Each of the three family wineries offers 3 different types of wine, and at the end of the program, guests are welcomed at the Dobosi Estate Center with a pre-arranged 2-course menu (main course + dessert), where the wines of winery are served with dinner.<\/p>\n<h4>MENU<\/h4>\n<p><strong>Departure:<\/strong> Every Friday at 3:45 PM. Duration: 3.5-4 hours<\/p>\n<p><strong>Wine Tour Price: HUF 16.900\/person<\/strong><br \/>\nNonwine drinkers: HUF 11.700\/person<\/p>\n<p><strong>The price includes:<\/strong> wine taxi, wine snacks, soft\/wine consumption at the wineries, and dinner from the current season&#8217;s menu. Payment with SZ\u00c9P card is accepted on the K\u00f3Bor tour. Grape juice or soft drinks are served to guests under 18 or those not consuming alcoholic beverages.<\/p>\n<p><strong>The stations in Balatonf\u00fcred and Veszpr\u00e9m are available with a minimum of 8 people, subject to a surcharge:<\/strong><\/p>\n<ul>\n<li>In the case of Balatonf\u00fcred, an additional fee of HUF 2.000\/person is charged, while in Veszpr\u00e9m, the surcharge is HUF 2.500\/person.<\/li>\n<li>Participation for children up to 6 years old is free.<\/li>\n<li>For children under 6, a children&#8217;s menu is available at Zs\u00f3ka Inn, and the cost can be settled at the restaurant.<\/li>\n<\/ul>\n<h4>MEMBERS<\/h4>\n<ul>\n<li><a href=\"https:\/\/nivegy.com\/en\/termek\/dobosi-estate-centre-2\/\">Dobosi Estate Center<\/a><\/li>\n<li>Holl\u00f3 Winery<\/li>\n<li><a href=\"https:\/\/nivegy.com\/en\/termek\/kisswinery\/\">kisswinery<\/a><\/li>\n<\/ul>\n<p><strong>IMPORTANT INFORMATION<\/strong><\/p>\n<ul>\n<li>The wine tour starts with a minimum of 4 participants.<\/li>\n<li>If the departure is delayed due to guests, and the delay reaches 30 minutes, the tour will be shortened by one stop.<\/li>\n<li>Avoid alcohol consumption before the wine tour.<\/li>\n<li>The tour cannot be started with intoxicated individuals.<\/li>\n<li>Payment is made at Dobosi Estate Center on each occasion.<\/li>\n<li>Notify in advance for vegan, gluten, and lactose intolerances.<\/li>\n<li>The bus explores the most beautiful parts of the Nivegy Valley during the tour.<\/li>\n<li>Dress appropriately for the weather, as there is an outdoor location among the cellars.<\/li>\n<\/ul>\n<p>K\u00f3BOR <a href=\"https:\/\/www.kobortura.hu\">more information<\/a><\/p>\n","protected":false},"excerpt":{"rendered":"<p>The K\u00f3Bor (in English: wandering) Tour was brought to life by three wineries in the Balaton Highlands. Their aim is to showcase high-quality and diverse local wines, as well as fantastic Hungarian-style dishes in the beautiful Mediterranean Nivegy Valley during an organized tour. Participants are transported between the wineries every Friday throughout the year by [&hellip;]<\/p>\n","protected":false},"featured_media":5260,"comment_status":"open","ping_status":"closed","template":"","meta":{"_acf_changed":false},"product_brand":[],"product_cat":[380],"product_tag":[],"class_list":{"0":"post-5263","1":"product","2":"type-product","3":"status-publish","4":"has-post-thumbnail","6":"product_cat-seasonal-programmes","8":"first","9":"instock","10":"shipping-taxable","11":"product-type-simple"},"acf":[],"yoast_head":"<!-- This site is optimized with the Yoast SEO plugin v27.4 - https:\/\/yoast.com\/product\/yoast-seo-wordpress\/ -->\n<title>K\u00f3Bor Tour - Nivegy.com<\/title>\n<meta name=\"description\" content=\"The K\u00f3Bor (in English: wandering with wine) Tour was brought to life by three wineries and a dinner in the Balaton Highlands.\" \/>\n<meta name=\"robots\" content=\"index, follow, max-snippet:-1, max-image-preview:large, max-video-preview:-1\" \/>\n<link rel=\"canonical\" href=\"https:\/\/nivegy.com\/en\/termek\/kobor-tour\/\" \/>\n<meta property=\"og:locale\" content=\"en_US\" \/>\n<meta property=\"og:type\" content=\"article\" \/>\n<meta property=\"og:title\" content=\"K\u00f3Bor Tour - Nivegy.com\" \/>\n<meta property=\"og:description\" content=\"The K\u00f3Bor (in English: wandering with wine) Tour was brought to life by three wineries and a dinner in the Balaton Highlands.\" \/>\n<meta property=\"og:url\" content=\"https:\/\/nivegy.com\/en\/termek\/kobor-tour\/\" \/>\n<meta property=\"og:site_name\" content=\"Nivegy.com\" \/>\n<meta property=\"article:publisher\" content=\"https:\/\/www.facebook.com\/nivegy\" \/>\n<meta property=\"article:modified_time\" content=\"2026-02-24T18:15:29+00:00\" \/>\n<meta property=\"og:image\" content=\"https:\/\/nivegy.com\/wp-content\/uploads\/2024\/03\/KoBor-Tura.webp\" \/>\n\t<meta property=\"og:image:width\" content=\"720\" \/>\n\t<meta property=\"og:image:height\" content=\"720\" \/>\n\t<meta property=\"og:image:type\" content=\"image\/webp\" \/>\n<meta name=\"twitter:card\" content=\"summary_large_image\" \/>\n<meta name=\"twitter:label1\" content=\"Est. reading time\" \/>\n\t<meta name=\"twitter:data1\" content=\"3 minutes\" \/>\n<script type=\"application\/ld+json\" class=\"yoast-schema-graph\">{\"@context\":\"https:\\\/\\\/schema.org\",\"@graph\":[{\"@type\":\"WebPage\",\"@id\":\"https:\\\/\\\/nivegy.com\\\/en\\\/termek\\\/kobor-tour\\\/\",\"url\":\"https:\\\/\\\/nivegy.com\\\/en\\\/termek\\\/kobor-tour\\\/\",\"name\":\"K\u00f3Bor Tour - Nivegy.com\",\"isPartOf\":{\"@id\":\"https:\\\/\\\/nivegy.com\\\/#website\"},\"primaryImageOfPage\":{\"@id\":\"https:\\\/\\\/nivegy.com\\\/en\\\/termek\\\/kobor-tour\\\/#primaryimage\"},\"image\":{\"@id\":\"https:\\\/\\\/nivegy.com\\\/en\\\/termek\\\/kobor-tour\\\/#primaryimage\"},\"thumbnailUrl\":\"https:\\\/\\\/nivegy.com\\\/wp-content\\\/uploads\\\/2024\\\/03\\\/KoBor-Tura.webp\",\"datePublished\":\"2024-03-09T06:47:43+00:00\",\"dateModified\":\"2026-02-24T18:15:29+00:00\",\"description\":\"The K\u00f3Bor (in English: wandering with wine) Tour was brought to life by three wineries and a dinner in the Balaton Highlands.\",\"breadcrumb\":{\"@id\":\"https:\\\/\\\/nivegy.com\\\/en\\\/termek\\\/kobor-tour\\\/#breadcrumb\"},\"inLanguage\":\"en-US\",\"potentialAction\":[{\"@type\":\"ReadAction\",\"target\":[\"https:\\\/\\\/nivegy.com\\\/en\\\/termek\\\/kobor-tour\\\/\"]}]},{\"@type\":\"ImageObject\",\"inLanguage\":\"en-US\",\"@id\":\"https:\\\/\\\/nivegy.com\\\/en\\\/termek\\\/kobor-tour\\\/#primaryimage\",\"url\":\"https:\\\/\\\/nivegy.com\\\/wp-content\\\/uploads\\\/2024\\\/03\\\/KoBor-Tura.webp\",\"contentUrl\":\"https:\\\/\\\/nivegy.com\\\/wp-content\\\/uploads\\\/2024\\\/03\\\/KoBor-Tura.webp\",\"width\":720,\"height\":720},{\"@type\":\"BreadcrumbList\",\"@id\":\"https:\\\/\\\/nivegy.com\\\/en\\\/termek\\\/kobor-tour\\\/#breadcrumb\",\"itemListElement\":[{\"@type\":\"ListItem\",\"position\":1,\"name\":\"Kezd\u0151lap\",\"item\":\"https:\\\/\\\/nivegy.com\\\/en\\\/\"},{\"@type\":\"ListItem\",\"position\":2,\"name\":\"K\u00f3Bor Tour\"}]},{\"@type\":\"WebSite\",\"@id\":\"https:\\\/\\\/nivegy.com\\\/#website\",\"url\":\"https:\\\/\\\/nivegy.com\\\/\",\"name\":\"Nivegy.com\",\"description\":\"Egy v\u00f6lgy, \u00f6t falu, v\u00e9gtelen csoda\",\"potentialAction\":[{\"@type\":\"SearchAction\",\"target\":{\"@type\":\"EntryPoint\",\"urlTemplate\":\"https:\\\/\\\/nivegy.com\\\/?s={search_term_string}\"},\"query-input\":{\"@type\":\"PropertyValueSpecification\",\"valueRequired\":true,\"valueName\":\"search_term_string\"}}],\"inLanguage\":\"en-US\"}]}<\/script>\n<!-- \/ Yoast SEO plugin. -->","yoast_head_json":{"title":"K\u00f3Bor Tour - Nivegy.com","description":"The K\u00f3Bor (in English: wandering with wine) Tour was brought to life by three wineries and a dinner in the Balaton Highlands.","robots":{"index":"index","follow":"follow","max-snippet":"max-snippet:-1","max-image-preview":"max-image-preview:large","max-video-preview":"max-video-preview:-1"},"canonical":"https:\/\/nivegy.com\/en\/termek\/kobor-tour\/","og_locale":"en_US","og_type":"article","og_title":"K\u00f3Bor Tour - Nivegy.com","og_description":"The K\u00f3Bor (in English: wandering with wine) Tour was brought to life by three wineries and a dinner in the Balaton Highlands.","og_url":"https:\/\/nivegy.com\/en\/termek\/kobor-tour\/","og_site_name":"Nivegy.com","article_publisher":"https:\/\/www.facebook.com\/nivegy","article_modified_time":"2026-02-24T18:15:29+00:00","og_image":[{"width":720,"height":720,"url":"https:\/\/nivegy.com\/wp-content\/uploads\/2024\/03\/KoBor-Tura.webp","type":"image\/webp"}],"twitter_card":"summary_large_image","twitter_misc":{"Est. reading time":"3 minutes"},"schema":{"@context":"https:\/\/schema.org","@graph":[{"@type":"WebPage","@id":"https:\/\/nivegy.com\/en\/termek\/kobor-tour\/","url":"https:\/\/nivegy.com\/en\/termek\/kobor-tour\/","name":"K\u00f3Bor Tour - Nivegy.com","isPartOf":{"@id":"https:\/\/nivegy.com\/#website"},"primaryImageOfPage":{"@id":"https:\/\/nivegy.com\/en\/termek\/kobor-tour\/#primaryimage"},"image":{"@id":"https:\/\/nivegy.com\/en\/termek\/kobor-tour\/#primaryimage"},"thumbnailUrl":"https:\/\/nivegy.com\/wp-content\/uploads\/2024\/03\/KoBor-Tura.webp","datePublished":"2024-03-09T06:47:43+00:00","dateModified":"2026-02-24T18:15:29+00:00","description":"The K\u00f3Bor (in English: wandering with wine) Tour was brought to life by three wineries and a dinner in the Balaton Highlands.","breadcrumb":{"@id":"https:\/\/nivegy.com\/en\/termek\/kobor-tour\/#breadcrumb"},"inLanguage":"en-US","potentialAction":[{"@type":"ReadAction","target":["https:\/\/nivegy.com\/en\/termek\/kobor-tour\/"]}]},{"@type":"ImageObject","inLanguage":"en-US","@id":"https:\/\/nivegy.com\/en\/termek\/kobor-tour\/#primaryimage","url":"https:\/\/nivegy.com\/wp-content\/uploads\/2024\/03\/KoBor-Tura.webp","contentUrl":"https:\/\/nivegy.com\/wp-content\/uploads\/2024\/03\/KoBor-Tura.webp","width":720,"height":720},{"@type":"BreadcrumbList","@id":"https:\/\/nivegy.com\/en\/termek\/kobor-tour\/#breadcrumb","itemListElement":[{"@type":"ListItem","position":1,"name":"Kezd\u0151lap","item":"https:\/\/nivegy.com\/en\/"},{"@type":"ListItem","position":2,"name":"K\u00f3Bor Tour"}]},{"@type":"WebSite","@id":"https:\/\/nivegy.com\/#website","url":"https:\/\/nivegy.com\/","name":"Nivegy.com","description":"Egy v\u00f6lgy, \u00f6t falu, v\u00e9gtelen csoda","potentialAction":[{"@type":"SearchAction","target":{"@type":"EntryPoint","urlTemplate":"https:\/\/nivegy.com\/?s={search_term_string}"},"query-input":{"@type":"PropertyValueSpecification","valueRequired":true,"valueName":"search_term_string"}}],"inLanguage":"en-US"}]}},"_links":{"self":[{"href":"https:\/\/nivegy.com\/en\/wp-json\/wp\/v2\/product\/5263","targetHints":{"allow":["GET"]}}],"collection":[{"href":"https:\/\/nivegy.com\/en\/wp-json\/wp\/v2\/product"}],"about":[{"href":"https:\/\/nivegy.com\/en\/wp-json\/wp\/v2\/types\/product"}],"replies":[{"embeddable":true,"href":"https:\/\/nivegy.com\/en\/wp-json\/wp\/v2\/comments?post=5263"}],"wp:featuredmedia":[{"embeddable":true,"href":"https:\/\/nivegy.com\/en\/wp-json\/wp\/v2\/media\/5260"}],"wp:attachment":[{"href":"https:\/\/nivegy.com\/en\/wp-json\/wp\/v2\/media?parent=5263"}],"wp:term":[{"taxonomy":"product_brand","embeddable":true,"href":"https:\/\/nivegy.com\/en\/wp-json\/wp\/v2\/product_brand?post=5263"},{"taxonomy":"product_cat","embeddable":true,"href":"https:\/\/nivegy.com\/en\/wp-json\/wp\/v2\/product_cat?post=5263"},{"taxonomy":"product_tag","embeddable":true,"href":"https:\/\/nivegy.com\/en\/wp-json\/wp\/v2\/product_tag?post=5263"}],"curies":[{"name":"wp","href":"https:\/\/api.w.org\/{rel}","templated":true}]}}