{"id":5231,"date":"2024-03-07T08:40:51","date_gmt":"2024-03-07T08:40:51","guid":{"rendered":"https:\/\/nivegy.com\/?post_type=product&#038;p=5231"},"modified":"2024-03-09T07:35:46","modified_gmt":"2024-03-09T07:35:46","slug":"pizzeria","status":"publish","type":"product","link":"https:\/\/nivegy.com\/en\/termek\/pizzeria\/","title":{"rendered":"Bowling Alley and Pizzeria"},"content":{"rendered":"<p><strong>Naples-style pizza in the Nivegy Valley, in Szentantalfa, near the Main Street. The Bowling Alley and Pizzeria welcome guests all year round with a cozy atmosphere, delicious food, and various entertainment options.<\/strong><\/p>\n<p>Special Naples-style pizzas are baked on stone. The technique was learned by the owner, Timi, directly from baker Szabi (\u2019<a href=\"https:\/\/szabiapek.hu\/\">Szabi a p\u00e9k<\/a>\u2019). In addition to the unique Italian taste experience, there is an opportunity to choose from delicious hamburgers, gyros, and ready-made dishes. All of them are made from fresh, high-quality ingredients. Alongside the food, guests can enjoy a wide range of drinks, based on the excellent wines of the Nivegy Valley.<\/p>\n<p>Whether it&#8217;s a family or corporate event, a birthday party, or any other occasion, the Bowling Alley and Pizzeria is happy to host groups of up to 40-50 people.<\/p>\n<p>For enthusiasts of active leisure, there are numerous program options to choose from. Visitors are welcomed with a bowling alley*, a billiard table along with a ping pong table all year round.<\/p>\n<p>Those interested in mental challenges can choose from a range of board games, whether it&#8217;s about strategic thinking, funny moments, or teamwork.<\/p>\n<p><em>*The use of bowling (clean) shoes is mandatory on the bowling alley premises.<\/em><\/p>\n","protected":false},"excerpt":{"rendered":"<p>Naples-style pizza in the Nivegy Valley, in Szentantalfa, near the Main Street. The Bowling Alley and Pizzeria welcome guests all year round with a cozy atmosphere, delicious food, and various entertainment options. Special Naples-style pizzas are baked on stone. The technique was learned by the owner, Timi, directly from baker Szabi (\u2019Szabi a p\u00e9k\u2019). In [&hellip;]<\/p>\n","protected":false},"featured_media":5183,"comment_status":"open","ping_status":"closed","template":"","meta":{"_acf_changed":false},"product_brand":[],"product_cat":[323],"product_tag":[],"class_list":{"0":"post-5231","1":"product","2":"type-product","3":"status-publish","4":"has-post-thumbnail","6":"product_cat-gastro","8":"first","9":"instock","10":"shipping-taxable","11":"product-type-simple"},"acf":[],"yoast_head":"<!-- This site is optimized with the Yoast SEO plugin v27.5 - https:\/\/yoast.com\/product\/yoast-seo-wordpress\/ -->\n<title>Pizzeria and Bowling Alley - Nivegy.com<\/title>\n<meta name=\"description\" content=\"Naples-style pizza in the Nivegy Valley, in Szentantalfa, near the Main Street. The Bowling Alley and Pizzeria welcome guests all year round.\" \/>\n<meta name=\"robots\" content=\"index, follow, max-snippet:-1, max-image-preview:large, max-video-preview:-1\" \/>\n<link rel=\"canonical\" href=\"https:\/\/nivegy.com\/en\/termek\/pizzeria\/\" \/>\n<meta property=\"og:locale\" content=\"en_US\" \/>\n<meta property=\"og:type\" content=\"article\" \/>\n<meta property=\"og:title\" content=\"Pizzeria and Bowling Alley - Nivegy.com\" \/>\n<meta property=\"og:description\" content=\"Naples-style pizza in the Nivegy Valley, in Szentantalfa, near the Main Street. The Bowling Alley and Pizzeria welcome guests all year round.\" \/>\n<meta property=\"og:url\" content=\"https:\/\/nivegy.com\/en\/termek\/pizzeria\/\" \/>\n<meta property=\"og:site_name\" content=\"Nivegy.com\" \/>\n<meta property=\"article:publisher\" content=\"https:\/\/www.facebook.com\/nivegy\" \/>\n<meta property=\"article:modified_time\" content=\"2024-03-09T07:35:46+00:00\" \/>\n<meta property=\"og:image\" content=\"https:\/\/nivegy.com\/wp-content\/uploads\/2024\/02\/Pizzeria.webp\" \/>\n\t<meta property=\"og:image:width\" content=\"749\" \/>\n\t<meta property=\"og:image:height\" content=\"749\" \/>\n\t<meta property=\"og:image:type\" content=\"image\/webp\" \/>\n<meta name=\"twitter:card\" content=\"summary_large_image\" \/>\n<meta name=\"twitter:label1\" content=\"Est. reading time\" \/>\n\t<meta name=\"twitter:data1\" content=\"2 minutes\" \/>\n<script type=\"application\/ld+json\" class=\"yoast-schema-graph\">{\"@context\":\"https:\\\/\\\/schema.org\",\"@graph\":[{\"@type\":\"WebPage\",\"@id\":\"https:\\\/\\\/nivegy.com\\\/en\\\/termek\\\/pizzeria\\\/\",\"url\":\"https:\\\/\\\/nivegy.com\\\/en\\\/termek\\\/pizzeria\\\/\",\"name\":\"Pizzeria and Bowling Alley - Nivegy.com\",\"isPartOf\":{\"@id\":\"https:\\\/\\\/nivegy.com\\\/#website\"},\"primaryImageOfPage\":{\"@id\":\"https:\\\/\\\/nivegy.com\\\/en\\\/termek\\\/pizzeria\\\/#primaryimage\"},\"image\":{\"@id\":\"https:\\\/\\\/nivegy.com\\\/en\\\/termek\\\/pizzeria\\\/#primaryimage\"},\"thumbnailUrl\":\"https:\\\/\\\/nivegy.com\\\/wp-content\\\/uploads\\\/2024\\\/02\\\/Pizzeria.webp\",\"datePublished\":\"2024-03-07T08:40:51+00:00\",\"dateModified\":\"2024-03-09T07:35:46+00:00\",\"description\":\"Naples-style pizza in the Nivegy Valley, in Szentantalfa, near the Main Street. The Bowling Alley and Pizzeria welcome guests all year round.\",\"breadcrumb\":{\"@id\":\"https:\\\/\\\/nivegy.com\\\/en\\\/termek\\\/pizzeria\\\/#breadcrumb\"},\"inLanguage\":\"en-US\",\"potentialAction\":[{\"@type\":\"ReadAction\",\"target\":[\"https:\\\/\\\/nivegy.com\\\/en\\\/termek\\\/pizzeria\\\/\"]}]},{\"@type\":\"ImageObject\",\"inLanguage\":\"en-US\",\"@id\":\"https:\\\/\\\/nivegy.com\\\/en\\\/termek\\\/pizzeria\\\/#primaryimage\",\"url\":\"https:\\\/\\\/nivegy.com\\\/wp-content\\\/uploads\\\/2024\\\/02\\\/Pizzeria.webp\",\"contentUrl\":\"https:\\\/\\\/nivegy.com\\\/wp-content\\\/uploads\\\/2024\\\/02\\\/Pizzeria.webp\",\"width\":749,\"height\":749,\"caption\":\"Tek\u00e9z\u0151 \u00e9s Pizz\u00e9ria\"},{\"@type\":\"BreadcrumbList\",\"@id\":\"https:\\\/\\\/nivegy.com\\\/en\\\/termek\\\/pizzeria\\\/#breadcrumb\",\"itemListElement\":[{\"@type\":\"ListItem\",\"position\":1,\"name\":\"Kezd\u0151lap\",\"item\":\"https:\\\/\\\/nivegy.com\\\/en\\\/\"},{\"@type\":\"ListItem\",\"position\":2,\"name\":\"Bowling Alley and Pizzeria\"}]},{\"@type\":\"WebSite\",\"@id\":\"https:\\\/\\\/nivegy.com\\\/#website\",\"url\":\"https:\\\/\\\/nivegy.com\\\/\",\"name\":\"Nivegy.com\",\"description\":\"Egy v\u00f6lgy, \u00f6t falu, v\u00e9gtelen csoda\",\"potentialAction\":[{\"@type\":\"SearchAction\",\"target\":{\"@type\":\"EntryPoint\",\"urlTemplate\":\"https:\\\/\\\/nivegy.com\\\/?s={search_term_string}\"},\"query-input\":{\"@type\":\"PropertyValueSpecification\",\"valueRequired\":true,\"valueName\":\"search_term_string\"}}],\"inLanguage\":\"en-US\"}]}<\/script>\n<!-- \/ Yoast SEO plugin. -->","yoast_head_json":{"title":"Pizzeria and Bowling Alley - Nivegy.com","description":"Naples-style pizza in the Nivegy Valley, in Szentantalfa, near the Main Street. The Bowling Alley and Pizzeria welcome guests all year round.","robots":{"index":"index","follow":"follow","max-snippet":"max-snippet:-1","max-image-preview":"max-image-preview:large","max-video-preview":"max-video-preview:-1"},"canonical":"https:\/\/nivegy.com\/en\/termek\/pizzeria\/","og_locale":"en_US","og_type":"article","og_title":"Pizzeria and Bowling Alley - Nivegy.com","og_description":"Naples-style pizza in the Nivegy Valley, in Szentantalfa, near the Main Street. The Bowling Alley and Pizzeria welcome guests all year round.","og_url":"https:\/\/nivegy.com\/en\/termek\/pizzeria\/","og_site_name":"Nivegy.com","article_publisher":"https:\/\/www.facebook.com\/nivegy","article_modified_time":"2024-03-09T07:35:46+00:00","og_image":[{"width":749,"height":749,"url":"https:\/\/nivegy.com\/wp-content\/uploads\/2024\/02\/Pizzeria.webp","type":"image\/webp"}],"twitter_card":"summary_large_image","twitter_misc":{"Est. reading time":"2 minutes"},"schema":{"@context":"https:\/\/schema.org","@graph":[{"@type":"WebPage","@id":"https:\/\/nivegy.com\/en\/termek\/pizzeria\/","url":"https:\/\/nivegy.com\/en\/termek\/pizzeria\/","name":"Pizzeria and Bowling Alley - Nivegy.com","isPartOf":{"@id":"https:\/\/nivegy.com\/#website"},"primaryImageOfPage":{"@id":"https:\/\/nivegy.com\/en\/termek\/pizzeria\/#primaryimage"},"image":{"@id":"https:\/\/nivegy.com\/en\/termek\/pizzeria\/#primaryimage"},"thumbnailUrl":"https:\/\/nivegy.com\/wp-content\/uploads\/2024\/02\/Pizzeria.webp","datePublished":"2024-03-07T08:40:51+00:00","dateModified":"2024-03-09T07:35:46+00:00","description":"Naples-style pizza in the Nivegy Valley, in Szentantalfa, near the Main Street. The Bowling Alley and Pizzeria welcome guests all year round.","breadcrumb":{"@id":"https:\/\/nivegy.com\/en\/termek\/pizzeria\/#breadcrumb"},"inLanguage":"en-US","potentialAction":[{"@type":"ReadAction","target":["https:\/\/nivegy.com\/en\/termek\/pizzeria\/"]}]},{"@type":"ImageObject","inLanguage":"en-US","@id":"https:\/\/nivegy.com\/en\/termek\/pizzeria\/#primaryimage","url":"https:\/\/nivegy.com\/wp-content\/uploads\/2024\/02\/Pizzeria.webp","contentUrl":"https:\/\/nivegy.com\/wp-content\/uploads\/2024\/02\/Pizzeria.webp","width":749,"height":749,"caption":"Tek\u00e9z\u0151 \u00e9s Pizz\u00e9ria"},{"@type":"BreadcrumbList","@id":"https:\/\/nivegy.com\/en\/termek\/pizzeria\/#breadcrumb","itemListElement":[{"@type":"ListItem","position":1,"name":"Kezd\u0151lap","item":"https:\/\/nivegy.com\/en\/"},{"@type":"ListItem","position":2,"name":"Bowling Alley and Pizzeria"}]},{"@type":"WebSite","@id":"https:\/\/nivegy.com\/#website","url":"https:\/\/nivegy.com\/","name":"Nivegy.com","description":"Egy v\u00f6lgy, \u00f6t falu, v\u00e9gtelen csoda","potentialAction":[{"@type":"SearchAction","target":{"@type":"EntryPoint","urlTemplate":"https:\/\/nivegy.com\/?s={search_term_string}"},"query-input":{"@type":"PropertyValueSpecification","valueRequired":true,"valueName":"search_term_string"}}],"inLanguage":"en-US"}]}},"_links":{"self":[{"href":"https:\/\/nivegy.com\/en\/wp-json\/wp\/v2\/product\/5231","targetHints":{"allow":["GET"]}}],"collection":[{"href":"https:\/\/nivegy.com\/en\/wp-json\/wp\/v2\/product"}],"about":[{"href":"https:\/\/nivegy.com\/en\/wp-json\/wp\/v2\/types\/product"}],"replies":[{"embeddable":true,"href":"https:\/\/nivegy.com\/en\/wp-json\/wp\/v2\/comments?post=5231"}],"wp:featuredmedia":[{"embeddable":true,"href":"https:\/\/nivegy.com\/en\/wp-json\/wp\/v2\/media\/5183"}],"wp:attachment":[{"href":"https:\/\/nivegy.com\/en\/wp-json\/wp\/v2\/media?parent=5231"}],"wp:term":[{"taxonomy":"product_brand","embeddable":true,"href":"https:\/\/nivegy.com\/en\/wp-json\/wp\/v2\/product_brand?post=5231"},{"taxonomy":"product_cat","embeddable":true,"href":"https:\/\/nivegy.com\/en\/wp-json\/wp\/v2\/product_cat?post=5231"},{"taxonomy":"product_tag","embeddable":true,"href":"https:\/\/nivegy.com\/en\/wp-json\/wp\/v2\/product_tag?post=5231"}],"curies":[{"name":"wp","href":"https:\/\/api.w.org\/{rel}","templated":true}]}}