{"id":4683,"date":"2023-11-16T08:36:16","date_gmt":"2023-11-16T08:36:16","guid":{"rendered":"https:\/\/nivegy.com\/?post_type=product&#038;p=4683"},"modified":"2023-12-16T11:48:44","modified_gmt":"2023-12-16T11:48:44","slug":"church-ruins-of-arokto","status":"publish","type":"product","link":"https:\/\/nivegy.com\/en\/termek\/church-ruins-of-arokto\/","title":{"rendered":"Church Ruins of \u00c1rokt\u0151"},"content":{"rendered":"<p>Near <a href=\"https:\/\/balatoncsicso.hu\/\">Balatoncsics\u00f3<\/a>, in an area now covered with forest, lies the <strong>Church Ruins of \u00c1rokt\u0151<\/strong>, which belonged to Szentbereckfalva during the \u00c1rp\u00e1d era. The first written record dates back to 1353, when the settlement was typically mentioned together with the neighbouring village of \u00c1rkf\u0151.<\/p>\n<p>The church was probably built in the 13th century. It has a single nave and a straight sanctuary with a west-facing entrance. The village, along with \u00c1rkf\u0151, suffered destruction and depopulation during the Turkish era.<\/p>\n<p>The church ruins have been deteriorating ever since. Today, only the remains of the side walls, the towers and the ruins can be seen.<\/p>\n","protected":false},"excerpt":{"rendered":"<p>Near Balatoncsics\u00f3, in an area now covered with forest, lies the Church Ruins of \u00c1rokt\u0151, which belonged to Szentbereckfalva during the \u00c1rp\u00e1d era. The first written record dates back to 1353, when the settlement was typically mentioned together with the neighbouring village of \u00c1rkf\u0151. The church was probably built in the 13th century. It has [&hellip;]<\/p>\n","protected":false},"featured_media":4543,"comment_status":"open","ping_status":"closed","template":"","meta":{"_acf_changed":false},"product_brand":[],"product_cat":[379],"product_tag":[],"class_list":{"0":"post-4683","1":"product","2":"type-product","3":"status-publish","4":"has-post-thumbnail","6":"product_cat-regular-programmes","8":"first","9":"instock","10":"shipping-taxable","11":"product-type-simple"},"acf":[],"yoast_head":"<!-- This site is optimized with the Yoast SEO plugin v27.5 - https:\/\/yoast.com\/product\/yoast-seo-wordpress\/ -->\n<title>Church Ruins of \u00c1rokt\u0151 - Nivegy.com<\/title>\n<meta name=\"description\" content=\"Near Balatoncsics\u00f3, in an area now covered with forest, lies the Church Ruins of \u00c1rokt\u0151, which belonged to Szentbereckfalva during the \u00c1rp\u00e1d era.\" \/>\n<meta name=\"robots\" content=\"index, follow, max-snippet:-1, max-image-preview:large, max-video-preview:-1\" \/>\n<link rel=\"canonical\" href=\"https:\/\/nivegy.com\/en\/termek\/church-ruins-of-arokto\/\" \/>\n<meta property=\"og:locale\" content=\"en_US\" \/>\n<meta property=\"og:type\" content=\"article\" \/>\n<meta property=\"og:title\" content=\"Church Ruins of \u00c1rokt\u0151 - Nivegy.com\" \/>\n<meta property=\"og:description\" content=\"Near Balatoncsics\u00f3, in an area now covered with forest, lies the Church Ruins of \u00c1rokt\u0151, which belonged to Szentbereckfalva during the \u00c1rp\u00e1d era.\" \/>\n<meta property=\"og:url\" content=\"https:\/\/nivegy.com\/en\/termek\/church-ruins-of-arokto\/\" \/>\n<meta property=\"og:site_name\" content=\"Nivegy.com\" \/>\n<meta property=\"article:publisher\" content=\"https:\/\/www.facebook.com\/nivegy\" \/>\n<meta property=\"article:modified_time\" content=\"2023-12-16T11:48:44+00:00\" \/>\n<meta property=\"og:image\" content=\"https:\/\/nivegy.com\/wp-content\/uploads\/2023\/11\/Arokfoi-templomrom-11.webp\" \/>\n\t<meta property=\"og:image:width\" content=\"1000\" \/>\n\t<meta property=\"og:image:height\" content=\"1000\" \/>\n\t<meta property=\"og:image:type\" content=\"image\/webp\" \/>\n<meta name=\"twitter:card\" content=\"summary_large_image\" \/>\n<meta name=\"twitter:label1\" content=\"Est. reading time\" \/>\n\t<meta name=\"twitter:data1\" content=\"1 minute\" \/>\n<script type=\"application\/ld+json\" class=\"yoast-schema-graph\">{\"@context\":\"https:\\\/\\\/schema.org\",\"@graph\":[{\"@type\":\"WebPage\",\"@id\":\"https:\\\/\\\/nivegy.com\\\/en\\\/termek\\\/church-ruins-of-arokto\\\/\",\"url\":\"https:\\\/\\\/nivegy.com\\\/en\\\/termek\\\/church-ruins-of-arokto\\\/\",\"name\":\"Church Ruins of \u00c1rokt\u0151 - Nivegy.com\",\"isPartOf\":{\"@id\":\"https:\\\/\\\/nivegy.com\\\/#website\"},\"primaryImageOfPage\":{\"@id\":\"https:\\\/\\\/nivegy.com\\\/en\\\/termek\\\/church-ruins-of-arokto\\\/#primaryimage\"},\"image\":{\"@id\":\"https:\\\/\\\/nivegy.com\\\/en\\\/termek\\\/church-ruins-of-arokto\\\/#primaryimage\"},\"thumbnailUrl\":\"https:\\\/\\\/nivegy.com\\\/wp-content\\\/uploads\\\/2023\\\/11\\\/Arokfoi-templomrom-11.webp\",\"datePublished\":\"2023-11-16T08:36:16+00:00\",\"dateModified\":\"2023-12-16T11:48:44+00:00\",\"description\":\"Near Balatoncsics\u00f3, in an area now covered with forest, lies the Church Ruins of \u00c1rokt\u0151, which belonged to Szentbereckfalva during the \u00c1rp\u00e1d era.\",\"breadcrumb\":{\"@id\":\"https:\\\/\\\/nivegy.com\\\/en\\\/termek\\\/church-ruins-of-arokto\\\/#breadcrumb\"},\"inLanguage\":\"en-US\",\"potentialAction\":[{\"@type\":\"ReadAction\",\"target\":[\"https:\\\/\\\/nivegy.com\\\/en\\\/termek\\\/church-ruins-of-arokto\\\/\"]}]},{\"@type\":\"ImageObject\",\"inLanguage\":\"en-US\",\"@id\":\"https:\\\/\\\/nivegy.com\\\/en\\\/termek\\\/church-ruins-of-arokto\\\/#primaryimage\",\"url\":\"https:\\\/\\\/nivegy.com\\\/wp-content\\\/uploads\\\/2023\\\/11\\\/Arokfoi-templomrom-11.webp\",\"contentUrl\":\"https:\\\/\\\/nivegy.com\\\/wp-content\\\/uploads\\\/2023\\\/11\\\/Arokfoi-templomrom-11.webp\",\"width\":1000,\"height\":1000,\"caption\":\"\u00c1rokf\u0151i templomrom Church Ruins\"},{\"@type\":\"BreadcrumbList\",\"@id\":\"https:\\\/\\\/nivegy.com\\\/en\\\/termek\\\/church-ruins-of-arokto\\\/#breadcrumb\",\"itemListElement\":[{\"@type\":\"ListItem\",\"position\":1,\"name\":\"Kezd\u0151lap\",\"item\":\"https:\\\/\\\/nivegy.com\\\/en\\\/\"},{\"@type\":\"ListItem\",\"position\":2,\"name\":\"Church Ruins of \u00c1rokt\u0151\"}]},{\"@type\":\"WebSite\",\"@id\":\"https:\\\/\\\/nivegy.com\\\/#website\",\"url\":\"https:\\\/\\\/nivegy.com\\\/\",\"name\":\"Nivegy.com\",\"description\":\"Egy v\u00f6lgy, \u00f6t falu, v\u00e9gtelen csoda\",\"potentialAction\":[{\"@type\":\"SearchAction\",\"target\":{\"@type\":\"EntryPoint\",\"urlTemplate\":\"https:\\\/\\\/nivegy.com\\\/?s={search_term_string}\"},\"query-input\":{\"@type\":\"PropertyValueSpecification\",\"valueRequired\":true,\"valueName\":\"search_term_string\"}}],\"inLanguage\":\"en-US\"}]}<\/script>\n<!-- \/ Yoast SEO plugin. -->","yoast_head_json":{"title":"Church Ruins of \u00c1rokt\u0151 - Nivegy.com","description":"Near Balatoncsics\u00f3, in an area now covered with forest, lies the Church Ruins of \u00c1rokt\u0151, which belonged to Szentbereckfalva during the \u00c1rp\u00e1d era.","robots":{"index":"index","follow":"follow","max-snippet":"max-snippet:-1","max-image-preview":"max-image-preview:large","max-video-preview":"max-video-preview:-1"},"canonical":"https:\/\/nivegy.com\/en\/termek\/church-ruins-of-arokto\/","og_locale":"en_US","og_type":"article","og_title":"Church Ruins of \u00c1rokt\u0151 - Nivegy.com","og_description":"Near Balatoncsics\u00f3, in an area now covered with forest, lies the Church Ruins of \u00c1rokt\u0151, which belonged to Szentbereckfalva during the \u00c1rp\u00e1d era.","og_url":"https:\/\/nivegy.com\/en\/termek\/church-ruins-of-arokto\/","og_site_name":"Nivegy.com","article_publisher":"https:\/\/www.facebook.com\/nivegy","article_modified_time":"2023-12-16T11:48:44+00:00","og_image":[{"width":1000,"height":1000,"url":"https:\/\/nivegy.com\/wp-content\/uploads\/2023\/11\/Arokfoi-templomrom-11.webp","type":"image\/webp"}],"twitter_card":"summary_large_image","twitter_misc":{"Est. reading time":"1 minute"},"schema":{"@context":"https:\/\/schema.org","@graph":[{"@type":"WebPage","@id":"https:\/\/nivegy.com\/en\/termek\/church-ruins-of-arokto\/","url":"https:\/\/nivegy.com\/en\/termek\/church-ruins-of-arokto\/","name":"Church Ruins of \u00c1rokt\u0151 - Nivegy.com","isPartOf":{"@id":"https:\/\/nivegy.com\/#website"},"primaryImageOfPage":{"@id":"https:\/\/nivegy.com\/en\/termek\/church-ruins-of-arokto\/#primaryimage"},"image":{"@id":"https:\/\/nivegy.com\/en\/termek\/church-ruins-of-arokto\/#primaryimage"},"thumbnailUrl":"https:\/\/nivegy.com\/wp-content\/uploads\/2023\/11\/Arokfoi-templomrom-11.webp","datePublished":"2023-11-16T08:36:16+00:00","dateModified":"2023-12-16T11:48:44+00:00","description":"Near Balatoncsics\u00f3, in an area now covered with forest, lies the Church Ruins of \u00c1rokt\u0151, which belonged to Szentbereckfalva during the \u00c1rp\u00e1d era.","breadcrumb":{"@id":"https:\/\/nivegy.com\/en\/termek\/church-ruins-of-arokto\/#breadcrumb"},"inLanguage":"en-US","potentialAction":[{"@type":"ReadAction","target":["https:\/\/nivegy.com\/en\/termek\/church-ruins-of-arokto\/"]}]},{"@type":"ImageObject","inLanguage":"en-US","@id":"https:\/\/nivegy.com\/en\/termek\/church-ruins-of-arokto\/#primaryimage","url":"https:\/\/nivegy.com\/wp-content\/uploads\/2023\/11\/Arokfoi-templomrom-11.webp","contentUrl":"https:\/\/nivegy.com\/wp-content\/uploads\/2023\/11\/Arokfoi-templomrom-11.webp","width":1000,"height":1000,"caption":"\u00c1rokf\u0151i templomrom Church Ruins"},{"@type":"BreadcrumbList","@id":"https:\/\/nivegy.com\/en\/termek\/church-ruins-of-arokto\/#breadcrumb","itemListElement":[{"@type":"ListItem","position":1,"name":"Kezd\u0151lap","item":"https:\/\/nivegy.com\/en\/"},{"@type":"ListItem","position":2,"name":"Church Ruins of \u00c1rokt\u0151"}]},{"@type":"WebSite","@id":"https:\/\/nivegy.com\/#website","url":"https:\/\/nivegy.com\/","name":"Nivegy.com","description":"Egy v\u00f6lgy, \u00f6t falu, v\u00e9gtelen csoda","potentialAction":[{"@type":"SearchAction","target":{"@type":"EntryPoint","urlTemplate":"https:\/\/nivegy.com\/?s={search_term_string}"},"query-input":{"@type":"PropertyValueSpecification","valueRequired":true,"valueName":"search_term_string"}}],"inLanguage":"en-US"}]}},"_links":{"self":[{"href":"https:\/\/nivegy.com\/en\/wp-json\/wp\/v2\/product\/4683","targetHints":{"allow":["GET"]}}],"collection":[{"href":"https:\/\/nivegy.com\/en\/wp-json\/wp\/v2\/product"}],"about":[{"href":"https:\/\/nivegy.com\/en\/wp-json\/wp\/v2\/types\/product"}],"replies":[{"embeddable":true,"href":"https:\/\/nivegy.com\/en\/wp-json\/wp\/v2\/comments?post=4683"}],"wp:featuredmedia":[{"embeddable":true,"href":"https:\/\/nivegy.com\/en\/wp-json\/wp\/v2\/media\/4543"}],"wp:attachment":[{"href":"https:\/\/nivegy.com\/en\/wp-json\/wp\/v2\/media?parent=4683"}],"wp:term":[{"taxonomy":"product_brand","embeddable":true,"href":"https:\/\/nivegy.com\/en\/wp-json\/wp\/v2\/product_brand?post=4683"},{"taxonomy":"product_cat","embeddable":true,"href":"https:\/\/nivegy.com\/en\/wp-json\/wp\/v2\/product_cat?post=4683"},{"taxonomy":"product_tag","embeddable":true,"href":"https:\/\/nivegy.com\/en\/wp-json\/wp\/v2\/product_tag?post=4683"}],"curies":[{"name":"wp","href":"https:\/\/api.w.org\/{rel}","templated":true}]}}