{"id":4681,"date":"2023-11-16T07:53:23","date_gmt":"2023-11-16T07:53:23","guid":{"rendered":"https:\/\/nivegy.com\/?post_type=product&#038;p=4681"},"modified":"2024-03-10T21:15:42","modified_gmt":"2024-03-10T21:15:42","slug":"bike-trail","status":"publish","type":"product","link":"https:\/\/nivegy.com\/en\/termek\/bike-trail\/","title":{"rendered":"Panorama Bike Trail"},"content":{"rendered":"<p><strong>The Panorama Bike Trail is a set of four &#8211; five cycling routes leading through the <a href=\"https:\/\/www.bfnp.hu\/en\">Balaton Uplands<\/a>, with a significant section traversing the picturesque Nivegy Valley.<\/strong><\/p>\n<p>The difficulty of the bike route varies, offering diverse challenges, including some quite challenging sections. In the vicinity of each segment, numerous local wineries can be found, inviting visitors for relaxation and tasting. The combination of natural beauties, fine wines and fresh air is a perfect match with sport, gastronomy and close-to-nature experiences, which are an essential part of cycling in the Balaton Uplands.<\/p>\n<p><strong><a href=\"http:\/\/bitly.ws\/KHTE\">Route<\/a>:<\/strong> Z\u00e1nka &#8211; Hegyest\u0171 &#8211; Tagyon &#8211; Szentantalfa &#8211; Monoszl\u00f3 &#8211; Balatonhenye &#8211; Balatoncsics\u00f3 &#8211; Mencshely &#8211; D\u00f6rgicse &#8211; Z\u00e1nka<\/p>\n<p><strong>Total length of bike trail:<\/strong> 49 km<\/p>\n<p><strong>Duration:<\/strong> 3-5 hours<\/p>\n<p><strong>Wineries close to the route:<\/strong> <a href=\"https:\/\/nivegy.com\/en\/termek\/tanczos-winery\/\">T\u00e1nczos Winery<\/a>, <a href=\"https:\/\/tagyonbirtok.hu\/\">Tagyon Estate<\/a>, <a href=\"https:\/\/nivegy.com\/en\/termek\/horvath-wine-house\/\">Horv\u00e1th Wine House<\/a>, <a href=\"https:\/\/szaboesfia.hu\/\">Szab\u00f3 and Son Winery<\/a>, <a href=\"https:\/\/nivegy.com\/en\/termek\/gergely-winery\/\">Gergely Wine House<\/a><\/p>\n","protected":false},"excerpt":{"rendered":"<p>The Panorama Bike Trail is a set of four &#8211; five cycling routes leading through the Balaton Uplands, with a significant section traversing the picturesque Nivegy Valley. The difficulty of the bike route varies, offering diverse challenges, including some quite challenging sections. In the vicinity of each segment, numerous local wineries can be found, inviting [&hellip;]<\/p>\n","protected":false},"featured_media":4504,"comment_status":"open","ping_status":"closed","template":"","meta":{"_acf_changed":false},"product_brand":[],"product_cat":[379],"product_tag":[],"class_list":{"0":"post-4681","1":"product","2":"type-product","3":"status-publish","4":"has-post-thumbnail","6":"product_cat-regular-programmes","8":"first","9":"instock","10":"shipping-taxable","11":"product-type-simple"},"acf":[],"yoast_head":"<!-- This site is optimized with the Yoast SEO plugin v27.6 - https:\/\/yoast.com\/product\/yoast-seo-wordpress\/ -->\n<title>Bike Trail - Nivegy.com<\/title>\n<meta name=\"description\" content=\"The Panorama Bike Trail is a set of four - five cycling routes leading through the Balaton Uplands, with a significant section in the Nivegy Valley.\" \/>\n<meta name=\"robots\" content=\"index, follow, max-snippet:-1, max-image-preview:large, max-video-preview:-1\" \/>\n<link rel=\"canonical\" href=\"https:\/\/nivegy.com\/en\/termek\/bike-trail\/\" \/>\n<meta property=\"og:locale\" content=\"en_US\" \/>\n<meta property=\"og:type\" content=\"article\" \/>\n<meta property=\"og:title\" content=\"Bike Trail - Nivegy.com\" \/>\n<meta property=\"og:description\" content=\"The Panorama Bike Trail is a set of four - five cycling routes leading through the Balaton Uplands, with a significant section in the Nivegy Valley.\" \/>\n<meta property=\"og:url\" content=\"https:\/\/nivegy.com\/en\/termek\/bike-trail\/\" \/>\n<meta property=\"og:site_name\" content=\"Nivegy.com\" \/>\n<meta property=\"article:publisher\" content=\"https:\/\/www.facebook.com\/nivegy\" \/>\n<meta property=\"article:modified_time\" content=\"2024-03-10T21:15:42+00:00\" \/>\n<meta property=\"og:image\" content=\"https:\/\/nivegy.com\/wp-content\/uploads\/2023\/10\/Panorama-kerekparut_11.webp\" \/>\n\t<meta property=\"og:image:width\" content=\"1000\" \/>\n\t<meta property=\"og:image:height\" content=\"1000\" \/>\n\t<meta property=\"og:image:type\" content=\"image\/webp\" \/>\n<meta name=\"twitter:card\" content=\"summary_large_image\" \/>\n<meta name=\"twitter:label1\" content=\"Est. reading time\" \/>\n\t<meta name=\"twitter:data1\" content=\"1 minute\" \/>\n<script type=\"application\/ld+json\" class=\"yoast-schema-graph\">{\"@context\":\"https:\\\/\\\/schema.org\",\"@graph\":[{\"@type\":\"WebPage\",\"@id\":\"https:\\\/\\\/nivegy.com\\\/en\\\/termek\\\/bike-trail\\\/\",\"url\":\"https:\\\/\\\/nivegy.com\\\/en\\\/termek\\\/bike-trail\\\/\",\"name\":\"Bike Trail - Nivegy.com\",\"isPartOf\":{\"@id\":\"https:\\\/\\\/nivegy.com\\\/#website\"},\"primaryImageOfPage\":{\"@id\":\"https:\\\/\\\/nivegy.com\\\/en\\\/termek\\\/bike-trail\\\/#primaryimage\"},\"image\":{\"@id\":\"https:\\\/\\\/nivegy.com\\\/en\\\/termek\\\/bike-trail\\\/#primaryimage\"},\"thumbnailUrl\":\"https:\\\/\\\/nivegy.com\\\/wp-content\\\/uploads\\\/2023\\\/10\\\/Panorama-kerekparut_11.webp\",\"datePublished\":\"2023-11-16T07:53:23+00:00\",\"dateModified\":\"2024-03-10T21:15:42+00:00\",\"description\":\"The Panorama Bike Trail is a set of four - five cycling routes leading through the Balaton Uplands, with a significant section in the Nivegy Valley.\",\"breadcrumb\":{\"@id\":\"https:\\\/\\\/nivegy.com\\\/en\\\/termek\\\/bike-trail\\\/#breadcrumb\"},\"inLanguage\":\"en-US\",\"potentialAction\":[{\"@type\":\"ReadAction\",\"target\":[\"https:\\\/\\\/nivegy.com\\\/en\\\/termek\\\/bike-trail\\\/\"]}]},{\"@type\":\"ImageObject\",\"inLanguage\":\"en-US\",\"@id\":\"https:\\\/\\\/nivegy.com\\\/en\\\/termek\\\/bike-trail\\\/#primaryimage\",\"url\":\"https:\\\/\\\/nivegy.com\\\/wp-content\\\/uploads\\\/2023\\\/10\\\/Panorama-kerekparut_11.webp\",\"contentUrl\":\"https:\\\/\\\/nivegy.com\\\/wp-content\\\/uploads\\\/2023\\\/10\\\/Panorama-kerekparut_11.webp\",\"width\":1000,\"height\":1000,\"caption\":\"Panor\u00e1ma ker\u00e9kp\u00e1r\u00fat Bike Trail\"},{\"@type\":\"BreadcrumbList\",\"@id\":\"https:\\\/\\\/nivegy.com\\\/en\\\/termek\\\/bike-trail\\\/#breadcrumb\",\"itemListElement\":[{\"@type\":\"ListItem\",\"position\":1,\"name\":\"Kezd\u0151lap\",\"item\":\"https:\\\/\\\/nivegy.com\\\/en\\\/\"},{\"@type\":\"ListItem\",\"position\":2,\"name\":\"Panorama Bike Trail\"}]},{\"@type\":\"WebSite\",\"@id\":\"https:\\\/\\\/nivegy.com\\\/#website\",\"url\":\"https:\\\/\\\/nivegy.com\\\/\",\"name\":\"Nivegy.com\",\"description\":\"Egy v\u00f6lgy, \u00f6t falu, v\u00e9gtelen csoda\",\"potentialAction\":[{\"@type\":\"SearchAction\",\"target\":{\"@type\":\"EntryPoint\",\"urlTemplate\":\"https:\\\/\\\/nivegy.com\\\/?s={search_term_string}\"},\"query-input\":{\"@type\":\"PropertyValueSpecification\",\"valueRequired\":true,\"valueName\":\"search_term_string\"}}],\"inLanguage\":\"en-US\"}]}<\/script>\n<!-- \/ Yoast SEO plugin. -->","yoast_head_json":{"title":"Bike Trail - Nivegy.com","description":"The Panorama Bike Trail is a set of four - five cycling routes leading through the Balaton Uplands, with a significant section in the Nivegy Valley.","robots":{"index":"index","follow":"follow","max-snippet":"max-snippet:-1","max-image-preview":"max-image-preview:large","max-video-preview":"max-video-preview:-1"},"canonical":"https:\/\/nivegy.com\/en\/termek\/bike-trail\/","og_locale":"en_US","og_type":"article","og_title":"Bike Trail - Nivegy.com","og_description":"The Panorama Bike Trail is a set of four - five cycling routes leading through the Balaton Uplands, with a significant section in the Nivegy Valley.","og_url":"https:\/\/nivegy.com\/en\/termek\/bike-trail\/","og_site_name":"Nivegy.com","article_publisher":"https:\/\/www.facebook.com\/nivegy","article_modified_time":"2024-03-10T21:15:42+00:00","og_image":[{"width":1000,"height":1000,"url":"https:\/\/nivegy.com\/wp-content\/uploads\/2023\/10\/Panorama-kerekparut_11.webp","type":"image\/webp"}],"twitter_card":"summary_large_image","twitter_misc":{"Est. reading time":"1 minute"},"schema":{"@context":"https:\/\/schema.org","@graph":[{"@type":"WebPage","@id":"https:\/\/nivegy.com\/en\/termek\/bike-trail\/","url":"https:\/\/nivegy.com\/en\/termek\/bike-trail\/","name":"Bike Trail - Nivegy.com","isPartOf":{"@id":"https:\/\/nivegy.com\/#website"},"primaryImageOfPage":{"@id":"https:\/\/nivegy.com\/en\/termek\/bike-trail\/#primaryimage"},"image":{"@id":"https:\/\/nivegy.com\/en\/termek\/bike-trail\/#primaryimage"},"thumbnailUrl":"https:\/\/nivegy.com\/wp-content\/uploads\/2023\/10\/Panorama-kerekparut_11.webp","datePublished":"2023-11-16T07:53:23+00:00","dateModified":"2024-03-10T21:15:42+00:00","description":"The Panorama Bike Trail is a set of four - five cycling routes leading through the Balaton Uplands, with a significant section in the Nivegy Valley.","breadcrumb":{"@id":"https:\/\/nivegy.com\/en\/termek\/bike-trail\/#breadcrumb"},"inLanguage":"en-US","potentialAction":[{"@type":"ReadAction","target":["https:\/\/nivegy.com\/en\/termek\/bike-trail\/"]}]},{"@type":"ImageObject","inLanguage":"en-US","@id":"https:\/\/nivegy.com\/en\/termek\/bike-trail\/#primaryimage","url":"https:\/\/nivegy.com\/wp-content\/uploads\/2023\/10\/Panorama-kerekparut_11.webp","contentUrl":"https:\/\/nivegy.com\/wp-content\/uploads\/2023\/10\/Panorama-kerekparut_11.webp","width":1000,"height":1000,"caption":"Panor\u00e1ma ker\u00e9kp\u00e1r\u00fat Bike Trail"},{"@type":"BreadcrumbList","@id":"https:\/\/nivegy.com\/en\/termek\/bike-trail\/#breadcrumb","itemListElement":[{"@type":"ListItem","position":1,"name":"Kezd\u0151lap","item":"https:\/\/nivegy.com\/en\/"},{"@type":"ListItem","position":2,"name":"Panorama Bike Trail"}]},{"@type":"WebSite","@id":"https:\/\/nivegy.com\/#website","url":"https:\/\/nivegy.com\/","name":"Nivegy.com","description":"Egy v\u00f6lgy, \u00f6t falu, v\u00e9gtelen csoda","potentialAction":[{"@type":"SearchAction","target":{"@type":"EntryPoint","urlTemplate":"https:\/\/nivegy.com\/?s={search_term_string}"},"query-input":{"@type":"PropertyValueSpecification","valueRequired":true,"valueName":"search_term_string"}}],"inLanguage":"en-US"}]}},"_links":{"self":[{"href":"https:\/\/nivegy.com\/en\/wp-json\/wp\/v2\/product\/4681","targetHints":{"allow":["GET"]}}],"collection":[{"href":"https:\/\/nivegy.com\/en\/wp-json\/wp\/v2\/product"}],"about":[{"href":"https:\/\/nivegy.com\/en\/wp-json\/wp\/v2\/types\/product"}],"replies":[{"embeddable":true,"href":"https:\/\/nivegy.com\/en\/wp-json\/wp\/v2\/comments?post=4681"}],"wp:featuredmedia":[{"embeddable":true,"href":"https:\/\/nivegy.com\/en\/wp-json\/wp\/v2\/media\/4504"}],"wp:attachment":[{"href":"https:\/\/nivegy.com\/en\/wp-json\/wp\/v2\/media?parent=4681"}],"wp:term":[{"taxonomy":"product_brand","embeddable":true,"href":"https:\/\/nivegy.com\/en\/wp-json\/wp\/v2\/product_brand?post=4681"},{"taxonomy":"product_cat","embeddable":true,"href":"https:\/\/nivegy.com\/en\/wp-json\/wp\/v2\/product_cat?post=4681"},{"taxonomy":"product_tag","embeddable":true,"href":"https:\/\/nivegy.com\/en\/wp-json\/wp\/v2\/product_tag?post=4681"}],"curies":[{"name":"wp","href":"https:\/\/api.w.org\/{rel}","templated":true}]}}