{"id":4672,"date":"2023-11-15T08:51:52","date_gmt":"2023-11-15T08:51:52","guid":{"rendered":"https:\/\/nivegy.com\/?post_type=product&#038;p=4672"},"modified":"2023-11-23T10:37:06","modified_gmt":"2023-11-23T10:37:06","slug":"e-bike-rental","status":"publish","type":"product","link":"https:\/\/nivegy.com\/en\/termek\/e-bike-rental\/","title":{"rendered":"E-Bike rental"},"content":{"rendered":"<p><strong>E-Bike rental at <a href=\"https:\/\/nivegy.com\/en\/termek\/dobosi-estate-centre-2\/\">Dobosi Estate Centre<\/a>!<\/strong><\/p>\n<p><strong>Bike types:<\/strong> children bike, mountain bike, trekking electric bike<\/p>\n<h4>Daily rental:<\/h4>\n<ul>\n<li>eTREKKING e-bike: 12.000 HUF\/ day<\/li>\n<li>eMTB mountain bike: 15.000 HUF\/ day<\/li>\n<li>eMTBT mountain bike: 19.000 HUF\/ day<\/li>\n<li>eJUNIOR mountain bike: 9.500 HUF\/ day<\/li>\n<\/ul>\n<p>The Balaton Bike Tour (BBT) team also organizes guided tours (from 4 people). <a href=\"https:\/\/www.balatonbiketour.com\/\">Registration<\/a> in advance is required! The duration of the tour is approximately 3 hours.<\/p>\n","protected":false},"excerpt":{"rendered":"<p>E-Bike rental at Dobosi Estate Centre! Bike types: children bike, mountain bike, trekking electric bike Daily rental: eTREKKING e-bike: 12.000 HUF\/ day eMTB mountain bike: 15.000 HUF\/ day eMTBT mountain bike: 19.000 HUF\/ day eJUNIOR mountain bike: 9.500 HUF\/ day The Balaton Bike Tour (BBT) team also organizes guided tours (from 4 people). Registration in [&hellip;]<\/p>\n","protected":false},"featured_media":4651,"comment_status":"open","ping_status":"closed","template":"","meta":{"_acf_changed":false},"product_brand":[],"product_cat":[326],"product_tag":[],"class_list":{"0":"post-4672","1":"product","2":"type-product","3":"status-publish","4":"has-post-thumbnail","6":"product_cat-service","8":"first","9":"instock","10":"shipping-taxable","11":"product-type-simple"},"acf":[],"yoast_head":"<!-- This site is optimized with the Yoast SEO plugin v27.5 - https:\/\/yoast.com\/product\/yoast-seo-wordpress\/ -->\n<title>E-Bike rental - Nivegy.com<\/title>\n<meta name=\"description\" content=\"e-Bike b\u00e9rl\u00e9si lehet\u0151s\u00e9g a Dobosi Birtokk\u00f6zpont recepci\u00f3j\u00e1n\u00e1l. Ker\u00e9kp\u00e1rok t\u00edpusok: gyermekbiciklik mountain bike \u00e9s trekking elektromos ker\u00e9kp\u00e1rok.\" \/>\n<meta name=\"robots\" content=\"index, follow, max-snippet:-1, max-image-preview:large, max-video-preview:-1\" \/>\n<link rel=\"canonical\" href=\"https:\/\/nivegy.com\/en\/termek\/e-bike-rental\/\" \/>\n<meta property=\"og:locale\" content=\"en_US\" \/>\n<meta property=\"og:type\" content=\"article\" \/>\n<meta property=\"og:title\" content=\"E-Bike rental - Nivegy.com\" \/>\n<meta property=\"og:description\" content=\"e-Bike b\u00e9rl\u00e9si lehet\u0151s\u00e9g a Dobosi Birtokk\u00f6zpont recepci\u00f3j\u00e1n\u00e1l. Ker\u00e9kp\u00e1rok t\u00edpusok: gyermekbiciklik mountain bike \u00e9s trekking elektromos ker\u00e9kp\u00e1rok.\" \/>\n<meta property=\"og:url\" content=\"https:\/\/nivegy.com\/en\/termek\/e-bike-rental\/\" \/>\n<meta property=\"og:site_name\" content=\"Nivegy.com\" \/>\n<meta property=\"article:publisher\" content=\"https:\/\/www.facebook.com\/nivegy\" \/>\n<meta property=\"article:modified_time\" content=\"2023-11-23T10:37:06+00:00\" \/>\n<meta property=\"og:image\" content=\"https:\/\/nivegy.com\/wp-content\/uploads\/2023\/11\/E-bike.webp\" \/>\n\t<meta property=\"og:image:width\" content=\"1000\" \/>\n\t<meta property=\"og:image:height\" content=\"1000\" \/>\n\t<meta property=\"og:image:type\" content=\"image\/webp\" \/>\n<meta name=\"twitter:card\" content=\"summary_large_image\" \/>\n<meta name=\"twitter:label1\" content=\"Est. reading time\" \/>\n\t<meta name=\"twitter:data1\" content=\"1 minute\" \/>\n<script type=\"application\/ld+json\" class=\"yoast-schema-graph\">{\"@context\":\"https:\\\/\\\/schema.org\",\"@graph\":[{\"@type\":\"WebPage\",\"@id\":\"https:\\\/\\\/nivegy.com\\\/en\\\/termek\\\/e-bike-rental\\\/\",\"url\":\"https:\\\/\\\/nivegy.com\\\/en\\\/termek\\\/e-bike-rental\\\/\",\"name\":\"E-Bike rental - Nivegy.com\",\"isPartOf\":{\"@id\":\"https:\\\/\\\/nivegy.com\\\/#website\"},\"primaryImageOfPage\":{\"@id\":\"https:\\\/\\\/nivegy.com\\\/en\\\/termek\\\/e-bike-rental\\\/#primaryimage\"},\"image\":{\"@id\":\"https:\\\/\\\/nivegy.com\\\/en\\\/termek\\\/e-bike-rental\\\/#primaryimage\"},\"thumbnailUrl\":\"https:\\\/\\\/nivegy.com\\\/wp-content\\\/uploads\\\/2023\\\/11\\\/E-bike.webp\",\"datePublished\":\"2023-11-15T08:51:52+00:00\",\"dateModified\":\"2023-11-23T10:37:06+00:00\",\"description\":\"e-Bike b\u00e9rl\u00e9si lehet\u0151s\u00e9g a Dobosi Birtokk\u00f6zpont recepci\u00f3j\u00e1n\u00e1l. Ker\u00e9kp\u00e1rok t\u00edpusok: gyermekbiciklik mountain bike \u00e9s trekking elektromos ker\u00e9kp\u00e1rok.\",\"breadcrumb\":{\"@id\":\"https:\\\/\\\/nivegy.com\\\/en\\\/termek\\\/e-bike-rental\\\/#breadcrumb\"},\"inLanguage\":\"en-US\",\"potentialAction\":[{\"@type\":\"ReadAction\",\"target\":[\"https:\\\/\\\/nivegy.com\\\/en\\\/termek\\\/e-bike-rental\\\/\"]}]},{\"@type\":\"ImageObject\",\"inLanguage\":\"en-US\",\"@id\":\"https:\\\/\\\/nivegy.com\\\/en\\\/termek\\\/e-bike-rental\\\/#primaryimage\",\"url\":\"https:\\\/\\\/nivegy.com\\\/wp-content\\\/uploads\\\/2023\\\/11\\\/E-bike.webp\",\"contentUrl\":\"https:\\\/\\\/nivegy.com\\\/wp-content\\\/uploads\\\/2023\\\/11\\\/E-bike.webp\",\"width\":1000,\"height\":1000,\"caption\":\"E-bike\"},{\"@type\":\"BreadcrumbList\",\"@id\":\"https:\\\/\\\/nivegy.com\\\/en\\\/termek\\\/e-bike-rental\\\/#breadcrumb\",\"itemListElement\":[{\"@type\":\"ListItem\",\"position\":1,\"name\":\"Kezd\u0151lap\",\"item\":\"https:\\\/\\\/nivegy.com\\\/en\\\/\"},{\"@type\":\"ListItem\",\"position\":2,\"name\":\"E-Bike rental\"}]},{\"@type\":\"WebSite\",\"@id\":\"https:\\\/\\\/nivegy.com\\\/#website\",\"url\":\"https:\\\/\\\/nivegy.com\\\/\",\"name\":\"Nivegy.com\",\"description\":\"Egy v\u00f6lgy, \u00f6t falu, v\u00e9gtelen csoda\",\"potentialAction\":[{\"@type\":\"SearchAction\",\"target\":{\"@type\":\"EntryPoint\",\"urlTemplate\":\"https:\\\/\\\/nivegy.com\\\/?s={search_term_string}\"},\"query-input\":{\"@type\":\"PropertyValueSpecification\",\"valueRequired\":true,\"valueName\":\"search_term_string\"}}],\"inLanguage\":\"en-US\"}]}<\/script>\n<!-- \/ Yoast SEO plugin. -->","yoast_head_json":{"title":"E-Bike rental - Nivegy.com","description":"e-Bike b\u00e9rl\u00e9si lehet\u0151s\u00e9g a Dobosi Birtokk\u00f6zpont recepci\u00f3j\u00e1n\u00e1l. Ker\u00e9kp\u00e1rok t\u00edpusok: gyermekbiciklik mountain bike \u00e9s trekking elektromos ker\u00e9kp\u00e1rok.","robots":{"index":"index","follow":"follow","max-snippet":"max-snippet:-1","max-image-preview":"max-image-preview:large","max-video-preview":"max-video-preview:-1"},"canonical":"https:\/\/nivegy.com\/en\/termek\/e-bike-rental\/","og_locale":"en_US","og_type":"article","og_title":"E-Bike rental - Nivegy.com","og_description":"e-Bike b\u00e9rl\u00e9si lehet\u0151s\u00e9g a Dobosi Birtokk\u00f6zpont recepci\u00f3j\u00e1n\u00e1l. Ker\u00e9kp\u00e1rok t\u00edpusok: gyermekbiciklik mountain bike \u00e9s trekking elektromos ker\u00e9kp\u00e1rok.","og_url":"https:\/\/nivegy.com\/en\/termek\/e-bike-rental\/","og_site_name":"Nivegy.com","article_publisher":"https:\/\/www.facebook.com\/nivegy","article_modified_time":"2023-11-23T10:37:06+00:00","og_image":[{"width":1000,"height":1000,"url":"https:\/\/nivegy.com\/wp-content\/uploads\/2023\/11\/E-bike.webp","type":"image\/webp"}],"twitter_card":"summary_large_image","twitter_misc":{"Est. reading time":"1 minute"},"schema":{"@context":"https:\/\/schema.org","@graph":[{"@type":"WebPage","@id":"https:\/\/nivegy.com\/en\/termek\/e-bike-rental\/","url":"https:\/\/nivegy.com\/en\/termek\/e-bike-rental\/","name":"E-Bike rental - Nivegy.com","isPartOf":{"@id":"https:\/\/nivegy.com\/#website"},"primaryImageOfPage":{"@id":"https:\/\/nivegy.com\/en\/termek\/e-bike-rental\/#primaryimage"},"image":{"@id":"https:\/\/nivegy.com\/en\/termek\/e-bike-rental\/#primaryimage"},"thumbnailUrl":"https:\/\/nivegy.com\/wp-content\/uploads\/2023\/11\/E-bike.webp","datePublished":"2023-11-15T08:51:52+00:00","dateModified":"2023-11-23T10:37:06+00:00","description":"e-Bike b\u00e9rl\u00e9si lehet\u0151s\u00e9g a Dobosi Birtokk\u00f6zpont recepci\u00f3j\u00e1n\u00e1l. Ker\u00e9kp\u00e1rok t\u00edpusok: gyermekbiciklik mountain bike \u00e9s trekking elektromos ker\u00e9kp\u00e1rok.","breadcrumb":{"@id":"https:\/\/nivegy.com\/en\/termek\/e-bike-rental\/#breadcrumb"},"inLanguage":"en-US","potentialAction":[{"@type":"ReadAction","target":["https:\/\/nivegy.com\/en\/termek\/e-bike-rental\/"]}]},{"@type":"ImageObject","inLanguage":"en-US","@id":"https:\/\/nivegy.com\/en\/termek\/e-bike-rental\/#primaryimage","url":"https:\/\/nivegy.com\/wp-content\/uploads\/2023\/11\/E-bike.webp","contentUrl":"https:\/\/nivegy.com\/wp-content\/uploads\/2023\/11\/E-bike.webp","width":1000,"height":1000,"caption":"E-bike"},{"@type":"BreadcrumbList","@id":"https:\/\/nivegy.com\/en\/termek\/e-bike-rental\/#breadcrumb","itemListElement":[{"@type":"ListItem","position":1,"name":"Kezd\u0151lap","item":"https:\/\/nivegy.com\/en\/"},{"@type":"ListItem","position":2,"name":"E-Bike rental"}]},{"@type":"WebSite","@id":"https:\/\/nivegy.com\/#website","url":"https:\/\/nivegy.com\/","name":"Nivegy.com","description":"Egy v\u00f6lgy, \u00f6t falu, v\u00e9gtelen csoda","potentialAction":[{"@type":"SearchAction","target":{"@type":"EntryPoint","urlTemplate":"https:\/\/nivegy.com\/?s={search_term_string}"},"query-input":{"@type":"PropertyValueSpecification","valueRequired":true,"valueName":"search_term_string"}}],"inLanguage":"en-US"}]}},"_links":{"self":[{"href":"https:\/\/nivegy.com\/en\/wp-json\/wp\/v2\/product\/4672","targetHints":{"allow":["GET"]}}],"collection":[{"href":"https:\/\/nivegy.com\/en\/wp-json\/wp\/v2\/product"}],"about":[{"href":"https:\/\/nivegy.com\/en\/wp-json\/wp\/v2\/types\/product"}],"replies":[{"embeddable":true,"href":"https:\/\/nivegy.com\/en\/wp-json\/wp\/v2\/comments?post=4672"}],"wp:featuredmedia":[{"embeddable":true,"href":"https:\/\/nivegy.com\/en\/wp-json\/wp\/v2\/media\/4651"}],"wp:attachment":[{"href":"https:\/\/nivegy.com\/en\/wp-json\/wp\/v2\/media?parent=4672"}],"wp:term":[{"taxonomy":"product_brand","embeddable":true,"href":"https:\/\/nivegy.com\/en\/wp-json\/wp\/v2\/product_brand?post=4672"},{"taxonomy":"product_cat","embeddable":true,"href":"https:\/\/nivegy.com\/en\/wp-json\/wp\/v2\/product_cat?post=4672"},{"taxonomy":"product_tag","embeddable":true,"href":"https:\/\/nivegy.com\/en\/wp-json\/wp\/v2\/product_tag?post=4672"}],"curies":[{"name":"wp","href":"https:\/\/api.w.org\/{rel}","templated":true}]}}