{"id":4624,"date":"2023-11-13T08:58:59","date_gmt":"2023-11-13T08:58:59","guid":{"rendered":"https:\/\/nivegy.com\/?post_type=product&#038;p=4624"},"modified":"2023-11-15T08:39:57","modified_gmt":"2023-11-15T08:39:57","slug":"wine-bottle","status":"publish","type":"product","link":"https:\/\/nivegy.com\/en\/termek\/wine-bottle\/","title":{"rendered":"Wine Bottle"},"content":{"rendered":"<p><strong>&#8220;Borpalack&#8221; = Wine Bottle is a wine making supply store in the Nivegy Valley located in the small village of Szentjakabfa.<\/strong> Across the Balaton Uplands, several <a href=\"https:\/\/nivegy.com\/en\/wineries\/\">manufacturers<\/a> engage in grape cultivation and winemaking in the five small villages: Balatoncsics\u00f3, \u00d3budav\u00e1r, Szentantalfa, Szentjakabfa and Tagyon. Since the necessary materials for winemaking were difficult to find in our region, we have decided to expand our business in 1998 by opening a specialized wine making supply store in the Nivegy Valley.<\/p>\n<p>Our aim was to combine commercial expertise with winemaking practice to assist local winemakers. The excellent quality <a href=\"http:\/\/borpalack.hu\/\">products<\/a> that we distribute are regularly used in our own estate as well, so we confidently recommend them to everyone!<\/p>\n<p>Starting from 2009, we have also added wine bottle distribution to our business. With competitive prices, experience, and direct relationship with wineries, we aim to continue serving the existing and future customers.<\/p>\n","protected":false},"excerpt":{"rendered":"<p>&#8220;Borpalack&#8221; = Wine Bottle is a wine making supply store in the Nivegy Valley located in the small village of Szentjakabfa. Across the Balaton Uplands, several manufacturers engage in grape cultivation and winemaking in the five small villages: Balatoncsics\u00f3, \u00d3budav\u00e1r, Szentantalfa, Szentjakabfa and Tagyon. Since the necessary materials for winemaking were difficult to find in [&hellip;]<\/p>\n","protected":false},"featured_media":4596,"comment_status":"open","ping_status":"closed","template":"","meta":{"_acf_changed":false},"product_brand":[],"product_cat":[326],"product_tag":[],"class_list":{"0":"post-4624","1":"product","2":"type-product","3":"status-publish","4":"has-post-thumbnail","6":"product_cat-service","8":"first","9":"instock","10":"shipping-taxable","11":"product-type-simple"},"acf":[],"yoast_head":"<!-- This site is optimized with the Yoast SEO plugin v27.6 - https:\/\/yoast.com\/product\/yoast-seo-wordpress\/ -->\n<title>Wine Bottle - Nivegy.com<\/title>\n<meta name=\"description\" content=\"&quot;Borpalack = Wine Bottle&quot; is a wine making supply store in the Nivegy Valley located in the small village of Szentjakabfa.\" \/>\n<meta name=\"robots\" content=\"index, follow, max-snippet:-1, max-image-preview:large, max-video-preview:-1\" \/>\n<link rel=\"canonical\" href=\"https:\/\/nivegy.com\/en\/termek\/wine-bottle\/\" \/>\n<meta property=\"og:locale\" content=\"en_US\" \/>\n<meta property=\"og:type\" content=\"article\" \/>\n<meta property=\"og:title\" content=\"Wine Bottle - Nivegy.com\" \/>\n<meta property=\"og:description\" content=\"&quot;Borpalack = Wine Bottle&quot; is a wine making supply store in the Nivegy Valley located in the small village of Szentjakabfa.\" \/>\n<meta property=\"og:url\" content=\"https:\/\/nivegy.com\/en\/termek\/wine-bottle\/\" \/>\n<meta property=\"og:site_name\" content=\"Nivegy.com\" \/>\n<meta property=\"article:publisher\" content=\"https:\/\/www.facebook.com\/nivegy\" \/>\n<meta property=\"article:modified_time\" content=\"2023-11-15T08:39:57+00:00\" \/>\n<meta property=\"og:image\" content=\"https:\/\/nivegy.com\/wp-content\/uploads\/2023\/10\/Borpalack.hu-log.webp\" \/>\n\t<meta property=\"og:image:width\" content=\"285\" \/>\n\t<meta property=\"og:image:height\" content=\"280\" \/>\n\t<meta property=\"og:image:type\" content=\"image\/webp\" \/>\n<meta name=\"twitter:card\" content=\"summary_large_image\" \/>\n<meta name=\"twitter:label1\" content=\"Est. reading time\" \/>\n\t<meta name=\"twitter:data1\" content=\"1 minute\" \/>\n<script type=\"application\/ld+json\" class=\"yoast-schema-graph\">{\"@context\":\"https:\\\/\\\/schema.org\",\"@graph\":[{\"@type\":\"WebPage\",\"@id\":\"https:\\\/\\\/nivegy.com\\\/en\\\/termek\\\/wine-bottle\\\/\",\"url\":\"https:\\\/\\\/nivegy.com\\\/en\\\/termek\\\/wine-bottle\\\/\",\"name\":\"Wine Bottle - Nivegy.com\",\"isPartOf\":{\"@id\":\"https:\\\/\\\/nivegy.com\\\/#website\"},\"primaryImageOfPage\":{\"@id\":\"https:\\\/\\\/nivegy.com\\\/en\\\/termek\\\/wine-bottle\\\/#primaryimage\"},\"image\":{\"@id\":\"https:\\\/\\\/nivegy.com\\\/en\\\/termek\\\/wine-bottle\\\/#primaryimage\"},\"thumbnailUrl\":\"https:\\\/\\\/nivegy.com\\\/wp-content\\\/uploads\\\/2023\\\/10\\\/Borpalack.hu-log.webp\",\"datePublished\":\"2023-11-13T08:58:59+00:00\",\"dateModified\":\"2023-11-15T08:39:57+00:00\",\"description\":\"\\\"Borpalack = Wine Bottle\\\" is a wine making supply store in the Nivegy Valley located in the small village of Szentjakabfa.\",\"breadcrumb\":{\"@id\":\"https:\\\/\\\/nivegy.com\\\/en\\\/termek\\\/wine-bottle\\\/#breadcrumb\"},\"inLanguage\":\"en-US\",\"potentialAction\":[{\"@type\":\"ReadAction\",\"target\":[\"https:\\\/\\\/nivegy.com\\\/en\\\/termek\\\/wine-bottle\\\/\"]}]},{\"@type\":\"ImageObject\",\"inLanguage\":\"en-US\",\"@id\":\"https:\\\/\\\/nivegy.com\\\/en\\\/termek\\\/wine-bottle\\\/#primaryimage\",\"url\":\"https:\\\/\\\/nivegy.com\\\/wp-content\\\/uploads\\\/2023\\\/10\\\/Borpalack.hu-log.webp\",\"contentUrl\":\"https:\\\/\\\/nivegy.com\\\/wp-content\\\/uploads\\\/2023\\\/10\\\/Borpalack.hu-log.webp\",\"width\":285,\"height\":280,\"caption\":\"Borpalack Bottle\"},{\"@type\":\"BreadcrumbList\",\"@id\":\"https:\\\/\\\/nivegy.com\\\/en\\\/termek\\\/wine-bottle\\\/#breadcrumb\",\"itemListElement\":[{\"@type\":\"ListItem\",\"position\":1,\"name\":\"Kezd\u0151lap\",\"item\":\"https:\\\/\\\/nivegy.com\\\/en\\\/\"},{\"@type\":\"ListItem\",\"position\":2,\"name\":\"Wine Bottle\"}]},{\"@type\":\"WebSite\",\"@id\":\"https:\\\/\\\/nivegy.com\\\/#website\",\"url\":\"https:\\\/\\\/nivegy.com\\\/\",\"name\":\"Nivegy.com\",\"description\":\"Egy v\u00f6lgy, \u00f6t falu, v\u00e9gtelen csoda\",\"potentialAction\":[{\"@type\":\"SearchAction\",\"target\":{\"@type\":\"EntryPoint\",\"urlTemplate\":\"https:\\\/\\\/nivegy.com\\\/?s={search_term_string}\"},\"query-input\":{\"@type\":\"PropertyValueSpecification\",\"valueRequired\":true,\"valueName\":\"search_term_string\"}}],\"inLanguage\":\"en-US\"}]}<\/script>\n<!-- \/ Yoast SEO plugin. -->","yoast_head_json":{"title":"Wine Bottle - Nivegy.com","description":"\"Borpalack = Wine Bottle\" is a wine making supply store in the Nivegy Valley located in the small village of Szentjakabfa.","robots":{"index":"index","follow":"follow","max-snippet":"max-snippet:-1","max-image-preview":"max-image-preview:large","max-video-preview":"max-video-preview:-1"},"canonical":"https:\/\/nivegy.com\/en\/termek\/wine-bottle\/","og_locale":"en_US","og_type":"article","og_title":"Wine Bottle - Nivegy.com","og_description":"\"Borpalack = Wine Bottle\" is a wine making supply store in the Nivegy Valley located in the small village of Szentjakabfa.","og_url":"https:\/\/nivegy.com\/en\/termek\/wine-bottle\/","og_site_name":"Nivegy.com","article_publisher":"https:\/\/www.facebook.com\/nivegy","article_modified_time":"2023-11-15T08:39:57+00:00","og_image":[{"width":285,"height":280,"url":"https:\/\/nivegy.com\/wp-content\/uploads\/2023\/10\/Borpalack.hu-log.webp","type":"image\/webp"}],"twitter_card":"summary_large_image","twitter_misc":{"Est. reading time":"1 minute"},"schema":{"@context":"https:\/\/schema.org","@graph":[{"@type":"WebPage","@id":"https:\/\/nivegy.com\/en\/termek\/wine-bottle\/","url":"https:\/\/nivegy.com\/en\/termek\/wine-bottle\/","name":"Wine Bottle - Nivegy.com","isPartOf":{"@id":"https:\/\/nivegy.com\/#website"},"primaryImageOfPage":{"@id":"https:\/\/nivegy.com\/en\/termek\/wine-bottle\/#primaryimage"},"image":{"@id":"https:\/\/nivegy.com\/en\/termek\/wine-bottle\/#primaryimage"},"thumbnailUrl":"https:\/\/nivegy.com\/wp-content\/uploads\/2023\/10\/Borpalack.hu-log.webp","datePublished":"2023-11-13T08:58:59+00:00","dateModified":"2023-11-15T08:39:57+00:00","description":"\"Borpalack = Wine Bottle\" is a wine making supply store in the Nivegy Valley located in the small village of Szentjakabfa.","breadcrumb":{"@id":"https:\/\/nivegy.com\/en\/termek\/wine-bottle\/#breadcrumb"},"inLanguage":"en-US","potentialAction":[{"@type":"ReadAction","target":["https:\/\/nivegy.com\/en\/termek\/wine-bottle\/"]}]},{"@type":"ImageObject","inLanguage":"en-US","@id":"https:\/\/nivegy.com\/en\/termek\/wine-bottle\/#primaryimage","url":"https:\/\/nivegy.com\/wp-content\/uploads\/2023\/10\/Borpalack.hu-log.webp","contentUrl":"https:\/\/nivegy.com\/wp-content\/uploads\/2023\/10\/Borpalack.hu-log.webp","width":285,"height":280,"caption":"Borpalack Bottle"},{"@type":"BreadcrumbList","@id":"https:\/\/nivegy.com\/en\/termek\/wine-bottle\/#breadcrumb","itemListElement":[{"@type":"ListItem","position":1,"name":"Kezd\u0151lap","item":"https:\/\/nivegy.com\/en\/"},{"@type":"ListItem","position":2,"name":"Wine Bottle"}]},{"@type":"WebSite","@id":"https:\/\/nivegy.com\/#website","url":"https:\/\/nivegy.com\/","name":"Nivegy.com","description":"Egy v\u00f6lgy, \u00f6t falu, v\u00e9gtelen csoda","potentialAction":[{"@type":"SearchAction","target":{"@type":"EntryPoint","urlTemplate":"https:\/\/nivegy.com\/?s={search_term_string}"},"query-input":{"@type":"PropertyValueSpecification","valueRequired":true,"valueName":"search_term_string"}}],"inLanguage":"en-US"}]}},"_links":{"self":[{"href":"https:\/\/nivegy.com\/en\/wp-json\/wp\/v2\/product\/4624","targetHints":{"allow":["GET"]}}],"collection":[{"href":"https:\/\/nivegy.com\/en\/wp-json\/wp\/v2\/product"}],"about":[{"href":"https:\/\/nivegy.com\/en\/wp-json\/wp\/v2\/types\/product"}],"replies":[{"embeddable":true,"href":"https:\/\/nivegy.com\/en\/wp-json\/wp\/v2\/comments?post=4624"}],"wp:featuredmedia":[{"embeddable":true,"href":"https:\/\/nivegy.com\/en\/wp-json\/wp\/v2\/media\/4596"}],"wp:attachment":[{"href":"https:\/\/nivegy.com\/en\/wp-json\/wp\/v2\/media?parent=4624"}],"wp:term":[{"taxonomy":"product_brand","embeddable":true,"href":"https:\/\/nivegy.com\/en\/wp-json\/wp\/v2\/product_brand?post=4624"},{"taxonomy":"product_cat","embeddable":true,"href":"https:\/\/nivegy.com\/en\/wp-json\/wp\/v2\/product_cat?post=4624"},{"taxonomy":"product_tag","embeddable":true,"href":"https:\/\/nivegy.com\/en\/wp-json\/wp\/v2\/product_tag?post=4624"}],"curies":[{"name":"wp","href":"https:\/\/api.w.org\/{rel}","templated":true}]}}