{"id":4622,"date":"2023-11-11T15:06:43","date_gmt":"2023-11-11T15:06:43","guid":{"rendered":"https:\/\/nivegy.com\/?post_type=product&#038;p=4622"},"modified":"2024-05-03T07:11:46","modified_gmt":"2024-05-03T07:11:46","slug":"laundry-house-of-obudavar-st-martins-rest-park","status":"publish","type":"product","link":"https:\/\/nivegy.com\/en\/termek\/laundry-house-of-obudavar-st-martins-rest-park\/","title":{"rendered":"Laundry House of \u00d3budav\u00e1r, St. Martin\u2019s Rest Park"},"content":{"rendered":"<p><strong>St. Martin\u2019s Rest Park in \u00d3budav\u00e1r awaits visitors in a beautiful and truly peaceful environment.<\/strong> The carved wooden gate at the entrance of the park is easily visible from the main road. As we make our way down the steps, we soon reach the vaulted cellar of the laundry house, which marks the origin of the spring. This place evokes the bygone times when women used to wash their clothes here.<\/p>\n<p>In 2007, alongside the renovation of the laundry house, an event hall was also built, which is capable of accommodating up to 50 people. The park and the building serve as an excellent venue for barbecues, friendly gatherings, celebrations, as well as small <a href=\"https:\/\/nivegy.com\/en\/termek\/nivegy-wedding\/\">weddings<\/a>. Prior reservation of the venue is possible at the municipality of <a href=\"https:\/\/www.obudavar.hu\/kezdolap.php\">\u00d3budav\u00e1r<\/a>.<\/p>\n<p>The Rest park, just a few steps aways from the main road, is a hidden treasure in the Nivegy Valley.<\/p>\n","protected":false},"excerpt":{"rendered":"<p>St. Martin\u2019s Rest Park in \u00d3budav\u00e1r awaits visitors in a beautiful and truly peaceful environment. The carved wooden gate at the entrance of the park is easily visible from the main road. As we make our way down the steps, we soon reach the vaulted cellar of the laundry house, which marks the origin of [&hellip;]<\/p>\n","protected":false},"featured_media":4551,"comment_status":"open","ping_status":"closed","template":"","meta":{"_acf_changed":false},"product_brand":[],"product_cat":[379],"product_tag":[],"class_list":{"0":"post-4622","1":"product","2":"type-product","3":"status-publish","4":"has-post-thumbnail","6":"product_cat-regular-programmes","8":"first","9":"instock","10":"shipping-taxable","11":"product-type-simple"},"acf":[],"yoast_head":"<!-- This site is optimized with the Yoast SEO plugin v27.5 - https:\/\/yoast.com\/product\/yoast-seo-wordpress\/ -->\n<title>Laundry House of \u00d3budav\u00e1r, St. Martin\u2019s Rest Park - Nivegy.com<\/title>\n<meta name=\"description\" content=\"St. Martin\u2019s Rest Park and Laundry House in \u00d3budav\u00e1r (in the Nivegy Valley) awaits visitors in a beautiful and truly peaceful environment.\" \/>\n<meta name=\"robots\" content=\"index, follow, max-snippet:-1, max-image-preview:large, max-video-preview:-1\" \/>\n<link rel=\"canonical\" href=\"https:\/\/nivegy.com\/en\/termek\/laundry-house-of-obudavar-st-martins-rest-park\/\" \/>\n<meta property=\"og:locale\" content=\"en_US\" \/>\n<meta property=\"og:type\" content=\"article\" \/>\n<meta property=\"og:title\" content=\"Laundry House of \u00d3budav\u00e1r, St. Martin\u2019s Rest Park - Nivegy.com\" \/>\n<meta property=\"og:description\" content=\"St. Martin\u2019s Rest Park and Laundry House in \u00d3budav\u00e1r (in the Nivegy Valley) awaits visitors in a beautiful and truly peaceful environment.\" \/>\n<meta property=\"og:url\" content=\"https:\/\/nivegy.com\/en\/termek\/laundry-house-of-obudavar-st-martins-rest-park\/\" \/>\n<meta property=\"og:site_name\" content=\"Nivegy.com\" \/>\n<meta property=\"article:publisher\" content=\"https:\/\/www.facebook.com\/nivegy\" \/>\n<meta property=\"article:modified_time\" content=\"2024-05-03T07:11:46+00:00\" \/>\n<meta property=\"og:image\" content=\"https:\/\/nivegy.com\/wp-content\/uploads\/2023\/11\/Obudavari-moso-11.webp\" \/>\n\t<meta property=\"og:image:width\" content=\"1000\" \/>\n\t<meta property=\"og:image:height\" content=\"1000\" \/>\n\t<meta property=\"og:image:type\" content=\"image\/webp\" \/>\n<meta name=\"twitter:card\" content=\"summary_large_image\" \/>\n<meta name=\"twitter:label1\" content=\"Est. reading time\" \/>\n\t<meta name=\"twitter:data1\" content=\"2 minutes\" \/>\n<script type=\"application\/ld+json\" class=\"yoast-schema-graph\">{\"@context\":\"https:\\\/\\\/schema.org\",\"@graph\":[{\"@type\":\"WebPage\",\"@id\":\"https:\\\/\\\/nivegy.com\\\/en\\\/termek\\\/laundry-house-of-obudavar-st-martins-rest-park\\\/\",\"url\":\"https:\\\/\\\/nivegy.com\\\/en\\\/termek\\\/laundry-house-of-obudavar-st-martins-rest-park\\\/\",\"name\":\"Laundry House of \u00d3budav\u00e1r, St. Martin\u2019s Rest Park - Nivegy.com\",\"isPartOf\":{\"@id\":\"https:\\\/\\\/nivegy.com\\\/#website\"},\"primaryImageOfPage\":{\"@id\":\"https:\\\/\\\/nivegy.com\\\/en\\\/termek\\\/laundry-house-of-obudavar-st-martins-rest-park\\\/#primaryimage\"},\"image\":{\"@id\":\"https:\\\/\\\/nivegy.com\\\/en\\\/termek\\\/laundry-house-of-obudavar-st-martins-rest-park\\\/#primaryimage\"},\"thumbnailUrl\":\"https:\\\/\\\/nivegy.com\\\/wp-content\\\/uploads\\\/2023\\\/11\\\/Obudavari-moso-11.webp\",\"datePublished\":\"2023-11-11T15:06:43+00:00\",\"dateModified\":\"2024-05-03T07:11:46+00:00\",\"description\":\"St. Martin\u2019s Rest Park and Laundry House in \u00d3budav\u00e1r (in the Nivegy Valley) awaits visitors in a beautiful and truly peaceful environment.\",\"breadcrumb\":{\"@id\":\"https:\\\/\\\/nivegy.com\\\/en\\\/termek\\\/laundry-house-of-obudavar-st-martins-rest-park\\\/#breadcrumb\"},\"inLanguage\":\"en-US\",\"potentialAction\":[{\"@type\":\"ReadAction\",\"target\":[\"https:\\\/\\\/nivegy.com\\\/en\\\/termek\\\/laundry-house-of-obudavar-st-martins-rest-park\\\/\"]}]},{\"@type\":\"ImageObject\",\"inLanguage\":\"en-US\",\"@id\":\"https:\\\/\\\/nivegy.com\\\/en\\\/termek\\\/laundry-house-of-obudavar-st-martins-rest-park\\\/#primaryimage\",\"url\":\"https:\\\/\\\/nivegy.com\\\/wp-content\\\/uploads\\\/2023\\\/11\\\/Obudavari-moso-11.webp\",\"contentUrl\":\"https:\\\/\\\/nivegy.com\\\/wp-content\\\/uploads\\\/2023\\\/11\\\/Obudavari-moso-11.webp\",\"width\":1000,\"height\":1000,\"caption\":\"\u00d3budav\u00e1ri mos\u00f3 Rest park\"},{\"@type\":\"BreadcrumbList\",\"@id\":\"https:\\\/\\\/nivegy.com\\\/en\\\/termek\\\/laundry-house-of-obudavar-st-martins-rest-park\\\/#breadcrumb\",\"itemListElement\":[{\"@type\":\"ListItem\",\"position\":1,\"name\":\"Kezd\u0151lap\",\"item\":\"https:\\\/\\\/nivegy.com\\\/en\\\/\"},{\"@type\":\"ListItem\",\"position\":2,\"name\":\"Laundry House of \u00d3budav\u00e1r, St. Martin\u2019s Rest Park\"}]},{\"@type\":\"WebSite\",\"@id\":\"https:\\\/\\\/nivegy.com\\\/#website\",\"url\":\"https:\\\/\\\/nivegy.com\\\/\",\"name\":\"Nivegy.com\",\"description\":\"Egy v\u00f6lgy, \u00f6t falu, v\u00e9gtelen csoda\",\"potentialAction\":[{\"@type\":\"SearchAction\",\"target\":{\"@type\":\"EntryPoint\",\"urlTemplate\":\"https:\\\/\\\/nivegy.com\\\/?s={search_term_string}\"},\"query-input\":{\"@type\":\"PropertyValueSpecification\",\"valueRequired\":true,\"valueName\":\"search_term_string\"}}],\"inLanguage\":\"en-US\"}]}<\/script>\n<!-- \/ Yoast SEO plugin. -->","yoast_head_json":{"title":"Laundry House of \u00d3budav\u00e1r, St. Martin\u2019s Rest Park - Nivegy.com","description":"St. Martin\u2019s Rest Park and Laundry House in \u00d3budav\u00e1r (in the Nivegy Valley) awaits visitors in a beautiful and truly peaceful environment.","robots":{"index":"index","follow":"follow","max-snippet":"max-snippet:-1","max-image-preview":"max-image-preview:large","max-video-preview":"max-video-preview:-1"},"canonical":"https:\/\/nivegy.com\/en\/termek\/laundry-house-of-obudavar-st-martins-rest-park\/","og_locale":"en_US","og_type":"article","og_title":"Laundry House of \u00d3budav\u00e1r, St. Martin\u2019s Rest Park - Nivegy.com","og_description":"St. Martin\u2019s Rest Park and Laundry House in \u00d3budav\u00e1r (in the Nivegy Valley) awaits visitors in a beautiful and truly peaceful environment.","og_url":"https:\/\/nivegy.com\/en\/termek\/laundry-house-of-obudavar-st-martins-rest-park\/","og_site_name":"Nivegy.com","article_publisher":"https:\/\/www.facebook.com\/nivegy","article_modified_time":"2024-05-03T07:11:46+00:00","og_image":[{"width":1000,"height":1000,"url":"https:\/\/nivegy.com\/wp-content\/uploads\/2023\/11\/Obudavari-moso-11.webp","type":"image\/webp"}],"twitter_card":"summary_large_image","twitter_misc":{"Est. reading time":"2 minutes"},"schema":{"@context":"https:\/\/schema.org","@graph":[{"@type":"WebPage","@id":"https:\/\/nivegy.com\/en\/termek\/laundry-house-of-obudavar-st-martins-rest-park\/","url":"https:\/\/nivegy.com\/en\/termek\/laundry-house-of-obudavar-st-martins-rest-park\/","name":"Laundry House of \u00d3budav\u00e1r, St. Martin\u2019s Rest Park - Nivegy.com","isPartOf":{"@id":"https:\/\/nivegy.com\/#website"},"primaryImageOfPage":{"@id":"https:\/\/nivegy.com\/en\/termek\/laundry-house-of-obudavar-st-martins-rest-park\/#primaryimage"},"image":{"@id":"https:\/\/nivegy.com\/en\/termek\/laundry-house-of-obudavar-st-martins-rest-park\/#primaryimage"},"thumbnailUrl":"https:\/\/nivegy.com\/wp-content\/uploads\/2023\/11\/Obudavari-moso-11.webp","datePublished":"2023-11-11T15:06:43+00:00","dateModified":"2024-05-03T07:11:46+00:00","description":"St. Martin\u2019s Rest Park and Laundry House in \u00d3budav\u00e1r (in the Nivegy Valley) awaits visitors in a beautiful and truly peaceful environment.","breadcrumb":{"@id":"https:\/\/nivegy.com\/en\/termek\/laundry-house-of-obudavar-st-martins-rest-park\/#breadcrumb"},"inLanguage":"en-US","potentialAction":[{"@type":"ReadAction","target":["https:\/\/nivegy.com\/en\/termek\/laundry-house-of-obudavar-st-martins-rest-park\/"]}]},{"@type":"ImageObject","inLanguage":"en-US","@id":"https:\/\/nivegy.com\/en\/termek\/laundry-house-of-obudavar-st-martins-rest-park\/#primaryimage","url":"https:\/\/nivegy.com\/wp-content\/uploads\/2023\/11\/Obudavari-moso-11.webp","contentUrl":"https:\/\/nivegy.com\/wp-content\/uploads\/2023\/11\/Obudavari-moso-11.webp","width":1000,"height":1000,"caption":"\u00d3budav\u00e1ri mos\u00f3 Rest park"},{"@type":"BreadcrumbList","@id":"https:\/\/nivegy.com\/en\/termek\/laundry-house-of-obudavar-st-martins-rest-park\/#breadcrumb","itemListElement":[{"@type":"ListItem","position":1,"name":"Kezd\u0151lap","item":"https:\/\/nivegy.com\/en\/"},{"@type":"ListItem","position":2,"name":"Laundry House of \u00d3budav\u00e1r, St. Martin\u2019s Rest Park"}]},{"@type":"WebSite","@id":"https:\/\/nivegy.com\/#website","url":"https:\/\/nivegy.com\/","name":"Nivegy.com","description":"Egy v\u00f6lgy, \u00f6t falu, v\u00e9gtelen csoda","potentialAction":[{"@type":"SearchAction","target":{"@type":"EntryPoint","urlTemplate":"https:\/\/nivegy.com\/?s={search_term_string}"},"query-input":{"@type":"PropertyValueSpecification","valueRequired":true,"valueName":"search_term_string"}}],"inLanguage":"en-US"}]}},"_links":{"self":[{"href":"https:\/\/nivegy.com\/en\/wp-json\/wp\/v2\/product\/4622","targetHints":{"allow":["GET"]}}],"collection":[{"href":"https:\/\/nivegy.com\/en\/wp-json\/wp\/v2\/product"}],"about":[{"href":"https:\/\/nivegy.com\/en\/wp-json\/wp\/v2\/types\/product"}],"replies":[{"embeddable":true,"href":"https:\/\/nivegy.com\/en\/wp-json\/wp\/v2\/comments?post=4622"}],"wp:featuredmedia":[{"embeddable":true,"href":"https:\/\/nivegy.com\/en\/wp-json\/wp\/v2\/media\/4551"}],"wp:attachment":[{"href":"https:\/\/nivegy.com\/en\/wp-json\/wp\/v2\/media?parent=4622"}],"wp:term":[{"taxonomy":"product_brand","embeddable":true,"href":"https:\/\/nivegy.com\/en\/wp-json\/wp\/v2\/product_brand?post=4622"},{"taxonomy":"product_cat","embeddable":true,"href":"https:\/\/nivegy.com\/en\/wp-json\/wp\/v2\/product_cat?post=4622"},{"taxonomy":"product_tag","embeddable":true,"href":"https:\/\/nivegy.com\/en\/wp-json\/wp\/v2\/product_tag?post=4622"}],"curies":[{"name":"wp","href":"https:\/\/api.w.org\/{rel}","templated":true}]}}