{"id":4621,"date":"2023-11-11T14:39:00","date_gmt":"2023-11-11T14:39:00","guid":{"rendered":"https:\/\/nivegy.com\/?post_type=product&#038;p=4621"},"modified":"2023-12-16T11:33:35","modified_gmt":"2023-12-16T11:33:35","slug":"hamuhazi-spring","status":"publish","type":"product","link":"https:\/\/nivegy.com\/en\/termek\/hamuhazi-spring\/","title":{"rendered":"Hamuh\u00e1zi Spring"},"content":{"rendered":"<p><strong>Near the <a href=\"https:\/\/www.bakonyerdo.hu\/okoturisztika\/erdei-iskolak\/balaton-felvidek\">forest school<\/a> of Balaton Uplands Forestry, on the border of the villages of Balatoncsics\u00f3 and Vig\u00e1ntpetend you can find the Hamuh\u00e1zi Spring.<\/strong> It got its name from the charcoal residue, which was Hungary&#8217;s export product in the XVIII. century, produced by the burning of the trees.<\/p>\n<p>In 2003, the spring and its surroundings underwent a big renovation and today it welcomes hikers and explorers with a shelter, a fireplace and also with tables and benches. The place is an ideal location for relaxation and enjoying the proximity of nature.<\/p>\n<p>Alongside the spring, there are two smaller hiking trails (3.6 and 6.8 km) that allow nature enthusiasts to explore the surroundings. It&#8217;s also worth noting that the <a href=\"https:\/\/nivegy.com\/en\/termek\/national-blue-trail\/\">National Blue Trail<\/a> passes only 100 meters away from the Hamuh\u00e1zi Spring. This famous hiking trail connects the most beautiful landscapes and cultural heritage of the Balaton Uplands.<\/p>\n<p><strong>Parking:<\/strong> Nearby fields, along roadsides<\/p>\n","protected":false},"excerpt":{"rendered":"<p>Near the forest school of Balaton Uplands Forestry, on the border of the villages of Balatoncsics\u00f3 and Vig\u00e1ntpetend you can find the Hamuh\u00e1zi Spring. It got its name from the charcoal residue, which was Hungary&#8217;s export product in the XVIII. century, produced by the burning of the trees. In 2003, the spring and its surroundings [&hellip;]<\/p>\n","protected":false},"featured_media":4529,"comment_status":"closed","ping_status":"closed","template":"","meta":{"_acf_changed":false},"product_brand":[],"product_cat":[379],"product_tag":[],"class_list":{"0":"post-4621","1":"product","2":"type-product","3":"status-publish","4":"has-post-thumbnail","6":"product_cat-regular-programmes","8":"first","9":"instock","10":"shipping-taxable","11":"product-type-simple"},"acf":[],"yoast_head":"<!-- This site is optimized with the Yoast SEO plugin v27.4 - https:\/\/yoast.com\/product\/yoast-seo-wordpress\/ -->\n<title>Hamuh\u00e1zi Spring - Nivegy.com<\/title>\n<meta name=\"description\" content=\"Near the forest school of Balaton Uplands Forestry, on the border of the villages of Balatoncsics\u00f3 and Vig\u00e1ntpetend you can find the Hamuh\u00e1zi Spring.\" \/>\n<meta name=\"robots\" content=\"index, follow, max-snippet:-1, max-image-preview:large, max-video-preview:-1\" \/>\n<link rel=\"canonical\" href=\"https:\/\/nivegy.com\/en\/termek\/hamuhazi-spring\/\" \/>\n<meta property=\"og:locale\" content=\"en_US\" \/>\n<meta property=\"og:type\" content=\"article\" \/>\n<meta property=\"og:title\" content=\"Hamuh\u00e1zi Spring - Nivegy.com\" \/>\n<meta property=\"og:description\" content=\"Balatoncsics\u00f3 \u00e9s Vig\u00e1ntpetend k\u00f6zs\u00e9gek hat\u00e1r\u00e1n tal\u00e1lhat\u00f3 a Hamuh\u00e1zi-forr\u00e1s. Nev\u00e9t a f\u00e1k el\u00e9get\u00e9s\u00e9vel keletkez\u0151 fahamur\u00f3l, m\u00e1s n\u00e9ven hamuzs\u00edrr\u00f3l kapta.\" \/>\n<meta property=\"og:url\" content=\"https:\/\/nivegy.com\/en\/termek\/hamuhazi-spring\/\" \/>\n<meta property=\"og:site_name\" content=\"Nivegy.com\" \/>\n<meta property=\"article:publisher\" content=\"https:\/\/www.facebook.com\/nivegy\" \/>\n<meta property=\"article:modified_time\" content=\"2023-12-16T11:33:35+00:00\" \/>\n<meta name=\"twitter:card\" content=\"summary_large_image\" \/>\n<meta name=\"twitter:image\" content=\"https:\/\/nivegy.com\/wp-content\/uploads\/2023\/06\/Hamuhazi-Forras-11.webp\" \/>\n<meta name=\"twitter:label1\" content=\"Est. reading time\" \/>\n\t<meta name=\"twitter:data1\" content=\"2 minutes\" \/>\n<script type=\"application\/ld+json\" class=\"yoast-schema-graph\">{\"@context\":\"https:\\\/\\\/schema.org\",\"@graph\":[{\"@type\":\"WebPage\",\"@id\":\"https:\\\/\\\/nivegy.com\\\/en\\\/termek\\\/hamuhazi-spring\\\/\",\"url\":\"https:\\\/\\\/nivegy.com\\\/en\\\/termek\\\/hamuhazi-spring\\\/\",\"name\":\"Hamuh\u00e1zi Spring - Nivegy.com\",\"isPartOf\":{\"@id\":\"https:\\\/\\\/nivegy.com\\\/#website\"},\"primaryImageOfPage\":{\"@id\":\"https:\\\/\\\/nivegy.com\\\/en\\\/termek\\\/hamuhazi-spring\\\/#primaryimage\"},\"image\":{\"@id\":\"https:\\\/\\\/nivegy.com\\\/en\\\/termek\\\/hamuhazi-spring\\\/#primaryimage\"},\"thumbnailUrl\":\"https:\\\/\\\/nivegy.com\\\/wp-content\\\/uploads\\\/2023\\\/06\\\/Hamuhazi-Forras-11.webp\",\"datePublished\":\"2023-11-11T14:39:00+00:00\",\"dateModified\":\"2023-12-16T11:33:35+00:00\",\"description\":\"Near the forest school of Balaton Uplands Forestry, on the border of the villages of Balatoncsics\u00f3 and Vig\u00e1ntpetend you can find the Hamuh\u00e1zi Spring.\",\"breadcrumb\":{\"@id\":\"https:\\\/\\\/nivegy.com\\\/en\\\/termek\\\/hamuhazi-spring\\\/#breadcrumb\"},\"inLanguage\":\"en-US\",\"potentialAction\":[{\"@type\":\"ReadAction\",\"target\":[\"https:\\\/\\\/nivegy.com\\\/en\\\/termek\\\/hamuhazi-spring\\\/\"]}]},{\"@type\":\"ImageObject\",\"inLanguage\":\"en-US\",\"@id\":\"https:\\\/\\\/nivegy.com\\\/en\\\/termek\\\/hamuhazi-spring\\\/#primaryimage\",\"url\":\"https:\\\/\\\/nivegy.com\\\/wp-content\\\/uploads\\\/2023\\\/06\\\/Hamuhazi-Forras-11.webp\",\"contentUrl\":\"https:\\\/\\\/nivegy.com\\\/wp-content\\\/uploads\\\/2023\\\/06\\\/Hamuhazi-Forras-11.webp\",\"width\":1000,\"height\":1000,\"caption\":\"Hamuh\u00e1zi Forr\u00e1s\"},{\"@type\":\"BreadcrumbList\",\"@id\":\"https:\\\/\\\/nivegy.com\\\/en\\\/termek\\\/hamuhazi-spring\\\/#breadcrumb\",\"itemListElement\":[{\"@type\":\"ListItem\",\"position\":1,\"name\":\"Kezd\u0151lap\",\"item\":\"https:\\\/\\\/nivegy.com\\\/en\\\/\"},{\"@type\":\"ListItem\",\"position\":2,\"name\":\"Hamuh\u00e1zi Spring\"}]},{\"@type\":\"WebSite\",\"@id\":\"https:\\\/\\\/nivegy.com\\\/#website\",\"url\":\"https:\\\/\\\/nivegy.com\\\/\",\"name\":\"Nivegy.com\",\"description\":\"Egy v\u00f6lgy, \u00f6t falu, v\u00e9gtelen csoda\",\"potentialAction\":[{\"@type\":\"SearchAction\",\"target\":{\"@type\":\"EntryPoint\",\"urlTemplate\":\"https:\\\/\\\/nivegy.com\\\/?s={search_term_string}\"},\"query-input\":{\"@type\":\"PropertyValueSpecification\",\"valueRequired\":true,\"valueName\":\"search_term_string\"}}],\"inLanguage\":\"en-US\"}]}<\/script>\n<!-- \/ Yoast SEO plugin. -->","yoast_head_json":{"title":"Hamuh\u00e1zi Spring - Nivegy.com","description":"Near the forest school of Balaton Uplands Forestry, on the border of the villages of Balatoncsics\u00f3 and Vig\u00e1ntpetend you can find the Hamuh\u00e1zi Spring.","robots":{"index":"index","follow":"follow","max-snippet":"max-snippet:-1","max-image-preview":"max-image-preview:large","max-video-preview":"max-video-preview:-1"},"canonical":"https:\/\/nivegy.com\/en\/termek\/hamuhazi-spring\/","og_locale":"en_US","og_type":"article","og_title":"Hamuh\u00e1zi Spring - Nivegy.com","og_description":"Balatoncsics\u00f3 \u00e9s Vig\u00e1ntpetend k\u00f6zs\u00e9gek hat\u00e1r\u00e1n tal\u00e1lhat\u00f3 a Hamuh\u00e1zi-forr\u00e1s. Nev\u00e9t a f\u00e1k el\u00e9get\u00e9s\u00e9vel keletkez\u0151 fahamur\u00f3l, m\u00e1s n\u00e9ven hamuzs\u00edrr\u00f3l kapta.","og_url":"https:\/\/nivegy.com\/en\/termek\/hamuhazi-spring\/","og_site_name":"Nivegy.com","article_publisher":"https:\/\/www.facebook.com\/nivegy","article_modified_time":"2023-12-16T11:33:35+00:00","twitter_card":"summary_large_image","twitter_image":"https:\/\/nivegy.com\/wp-content\/uploads\/2023\/06\/Hamuhazi-Forras-11.webp","twitter_misc":{"Est. reading time":"2 minutes"},"schema":{"@context":"https:\/\/schema.org","@graph":[{"@type":"WebPage","@id":"https:\/\/nivegy.com\/en\/termek\/hamuhazi-spring\/","url":"https:\/\/nivegy.com\/en\/termek\/hamuhazi-spring\/","name":"Hamuh\u00e1zi Spring - Nivegy.com","isPartOf":{"@id":"https:\/\/nivegy.com\/#website"},"primaryImageOfPage":{"@id":"https:\/\/nivegy.com\/en\/termek\/hamuhazi-spring\/#primaryimage"},"image":{"@id":"https:\/\/nivegy.com\/en\/termek\/hamuhazi-spring\/#primaryimage"},"thumbnailUrl":"https:\/\/nivegy.com\/wp-content\/uploads\/2023\/06\/Hamuhazi-Forras-11.webp","datePublished":"2023-11-11T14:39:00+00:00","dateModified":"2023-12-16T11:33:35+00:00","description":"Near the forest school of Balaton Uplands Forestry, on the border of the villages of Balatoncsics\u00f3 and Vig\u00e1ntpetend you can find the Hamuh\u00e1zi Spring.","breadcrumb":{"@id":"https:\/\/nivegy.com\/en\/termek\/hamuhazi-spring\/#breadcrumb"},"inLanguage":"en-US","potentialAction":[{"@type":"ReadAction","target":["https:\/\/nivegy.com\/en\/termek\/hamuhazi-spring\/"]}]},{"@type":"ImageObject","inLanguage":"en-US","@id":"https:\/\/nivegy.com\/en\/termek\/hamuhazi-spring\/#primaryimage","url":"https:\/\/nivegy.com\/wp-content\/uploads\/2023\/06\/Hamuhazi-Forras-11.webp","contentUrl":"https:\/\/nivegy.com\/wp-content\/uploads\/2023\/06\/Hamuhazi-Forras-11.webp","width":1000,"height":1000,"caption":"Hamuh\u00e1zi Forr\u00e1s"},{"@type":"BreadcrumbList","@id":"https:\/\/nivegy.com\/en\/termek\/hamuhazi-spring\/#breadcrumb","itemListElement":[{"@type":"ListItem","position":1,"name":"Kezd\u0151lap","item":"https:\/\/nivegy.com\/en\/"},{"@type":"ListItem","position":2,"name":"Hamuh\u00e1zi Spring"}]},{"@type":"WebSite","@id":"https:\/\/nivegy.com\/#website","url":"https:\/\/nivegy.com\/","name":"Nivegy.com","description":"Egy v\u00f6lgy, \u00f6t falu, v\u00e9gtelen csoda","potentialAction":[{"@type":"SearchAction","target":{"@type":"EntryPoint","urlTemplate":"https:\/\/nivegy.com\/?s={search_term_string}"},"query-input":{"@type":"PropertyValueSpecification","valueRequired":true,"valueName":"search_term_string"}}],"inLanguage":"en-US"}]}},"_links":{"self":[{"href":"https:\/\/nivegy.com\/en\/wp-json\/wp\/v2\/product\/4621","targetHints":{"allow":["GET"]}}],"collection":[{"href":"https:\/\/nivegy.com\/en\/wp-json\/wp\/v2\/product"}],"about":[{"href":"https:\/\/nivegy.com\/en\/wp-json\/wp\/v2\/types\/product"}],"replies":[{"embeddable":true,"href":"https:\/\/nivegy.com\/en\/wp-json\/wp\/v2\/comments?post=4621"}],"wp:featuredmedia":[{"embeddable":true,"href":"https:\/\/nivegy.com\/en\/wp-json\/wp\/v2\/media\/4529"}],"wp:attachment":[{"href":"https:\/\/nivegy.com\/en\/wp-json\/wp\/v2\/media?parent=4621"}],"wp:term":[{"taxonomy":"product_brand","embeddable":true,"href":"https:\/\/nivegy.com\/en\/wp-json\/wp\/v2\/product_brand?post=4621"},{"taxonomy":"product_cat","embeddable":true,"href":"https:\/\/nivegy.com\/en\/wp-json\/wp\/v2\/product_cat?post=4621"},{"taxonomy":"product_tag","embeddable":true,"href":"https:\/\/nivegy.com\/en\/wp-json\/wp\/v2\/product_tag?post=4621"}],"curies":[{"name":"wp","href":"https:\/\/api.w.org\/{rel}","templated":true}]}}