{"id":3487,"date":"2023-10-06T10:44:05","date_gmt":"2023-10-06T10:44:05","guid":{"rendered":"https:\/\/nivegy.com\/?post_type=product&#038;p=3487"},"modified":"2023-12-13T08:33:20","modified_gmt":"2023-12-13T08:33:20","slug":"breakfast-delivery","status":"publish","type":"product","link":"https:\/\/nivegy.com\/en\/termek\/breakfast-delivery\/","title":{"rendered":"R\u00f3k\u00e1n\u00e9\u2019s Basket"},"content":{"rendered":"<p><strong>Welcome to the world of R\u00f3k\u00e1n\u00e9\u2019s Basket Farmer\u2019s Breakfast Home Delivery!<\/strong><\/p>\n<p>I am pleased to introduce to you the freshest culinary experience in Nivegy Valley and its surroundings: <a href=\"https:\/\/rokanekosara.hu\/item.php?id=1&amp;cid=1\">R\u00f3k\u00e1n\u00e9\u2019s Basket<\/a> service, farmer&#8217;s breakfast, delivered right to your doorstep.<\/p>\n<p>Start your morning with a healthy and fresh breakfast! Our basket is full of with fresh ingredients straight from local farmers. Nivegy Valley\u2019s healthy, additive-free dishes will recharge your energy and lay the foundation for a great day.<\/p>\n<p>The finest flavors of the Nivegy Valley and its surroundings: our region, nestled in the embrace of the mountains, provides the mouthwatering and juicy ingredients. Every bite comes from local <a href=\"https:\/\/nivegy.com\/en\/manufacturers\/\">farmers<\/a>, within a maximum radius of 20 kilometers, so that we can support our small community.<\/p>\n<p>Don&#8217;t just take our word for it\u2014give it a try and savor the freshness and health in every bite.<\/p>\n<h4>Service type:<\/h4>\n<p>Manufacturer&#8217;s Breakfast Home Delivery<\/p>\n","protected":false},"excerpt":{"rendered":"<p>Welcome to the world of R\u00f3k\u00e1n\u00e9\u2019s Basket Farmer\u2019s Breakfast Home Delivery! I am pleased to introduce to you the freshest culinary experience in Nivegy Valley and its surroundings: R\u00f3k\u00e1n\u00e9\u2019s Basket service, farmer&#8217;s breakfast, delivered right to your doorstep. Start your morning with a healthy and fresh breakfast! Our basket is full of with fresh ingredients [&hellip;]<\/p>\n","protected":false},"featured_media":3488,"comment_status":"open","ping_status":"closed","template":"","meta":{"_acf_changed":false},"product_brand":[],"product_cat":[323],"product_tag":[],"class_list":{"0":"post-3487","1":"product","2":"type-product","3":"status-publish","4":"has-post-thumbnail","6":"product_cat-gastro","8":"first","9":"instock","10":"shipping-taxable","11":"product-type-simple"},"acf":[],"yoast_head":"<!-- This site is optimized with the Yoast SEO plugin v27.4 - https:\/\/yoast.com\/product\/yoast-seo-wordpress\/ -->\n<title>Breakfast Delivery - R\u00f3k\u00e1n\u00e9\u2019s Basket - Nivegy.com<\/title>\n<meta name=\"description\" content=\"Welcome to the world of R\u00f3k\u00e1n\u00e9\u2019s Basket Farmer\u2019s Breakfast Home Delivery! Service type: Manufacturer&#039;s Breakfast Home Delivery from Nivegy Valley.\" \/>\n<meta name=\"robots\" content=\"index, follow, max-snippet:-1, max-image-preview:large, max-video-preview:-1\" \/>\n<link rel=\"canonical\" href=\"https:\/\/nivegy.com\/en\/termek\/breakfast-delivery\/\" \/>\n<meta property=\"og:locale\" content=\"en_US\" \/>\n<meta property=\"og:type\" content=\"article\" \/>\n<meta property=\"og:title\" content=\"Breakfast Delivery - R\u00f3k\u00e1n\u00e9\u2019s Basket - Nivegy.com\" \/>\n<meta property=\"og:description\" content=\"Welcome to the world of R\u00f3k\u00e1n\u00e9\u2019s Basket Farmer\u2019s Breakfast Home Delivery! Service type: Manufacturer&#039;s Breakfast Home Delivery from Nivegy Valley.\" \/>\n<meta property=\"og:url\" content=\"https:\/\/nivegy.com\/en\/termek\/breakfast-delivery\/\" \/>\n<meta property=\"og:site_name\" content=\"Nivegy.com\" \/>\n<meta property=\"article:publisher\" content=\"https:\/\/www.facebook.com\/nivegy\" \/>\n<meta property=\"article:modified_time\" content=\"2023-12-13T08:33:20+00:00\" \/>\n<meta property=\"og:image\" content=\"https:\/\/nivegy.com\/wp-content\/uploads\/2023\/10\/Rokane-kosara.webp\" \/>\n\t<meta property=\"og:image:width\" content=\"660\" \/>\n\t<meta property=\"og:image:height\" content=\"659\" \/>\n\t<meta property=\"og:image:type\" content=\"image\/webp\" \/>\n<meta name=\"twitter:card\" content=\"summary_large_image\" \/>\n<meta name=\"twitter:label1\" content=\"Est. reading time\" \/>\n\t<meta name=\"twitter:data1\" content=\"2 minutes\" \/>\n<script type=\"application\/ld+json\" class=\"yoast-schema-graph\">{\"@context\":\"https:\\\/\\\/schema.org\",\"@graph\":[{\"@type\":\"WebPage\",\"@id\":\"https:\\\/\\\/nivegy.com\\\/en\\\/termek\\\/breakfast-delivery\\\/\",\"url\":\"https:\\\/\\\/nivegy.com\\\/en\\\/termek\\\/breakfast-delivery\\\/\",\"name\":\"Breakfast Delivery - R\u00f3k\u00e1n\u00e9\u2019s Basket - Nivegy.com\",\"isPartOf\":{\"@id\":\"https:\\\/\\\/nivegy.com\\\/#website\"},\"primaryImageOfPage\":{\"@id\":\"https:\\\/\\\/nivegy.com\\\/en\\\/termek\\\/breakfast-delivery\\\/#primaryimage\"},\"image\":{\"@id\":\"https:\\\/\\\/nivegy.com\\\/en\\\/termek\\\/breakfast-delivery\\\/#primaryimage\"},\"thumbnailUrl\":\"https:\\\/\\\/nivegy.com\\\/wp-content\\\/uploads\\\/2023\\\/10\\\/Rokane-kosara.webp\",\"datePublished\":\"2023-10-06T10:44:05+00:00\",\"dateModified\":\"2023-12-13T08:33:20+00:00\",\"description\":\"Welcome to the world of R\u00f3k\u00e1n\u00e9\u2019s Basket Farmer\u2019s Breakfast Home Delivery! Service type: Manufacturer's Breakfast Home Delivery from Nivegy Valley.\",\"breadcrumb\":{\"@id\":\"https:\\\/\\\/nivegy.com\\\/en\\\/termek\\\/breakfast-delivery\\\/#breadcrumb\"},\"inLanguage\":\"en-US\",\"potentialAction\":[{\"@type\":\"ReadAction\",\"target\":[\"https:\\\/\\\/nivegy.com\\\/en\\\/termek\\\/breakfast-delivery\\\/\"]}]},{\"@type\":\"ImageObject\",\"inLanguage\":\"en-US\",\"@id\":\"https:\\\/\\\/nivegy.com\\\/en\\\/termek\\\/breakfast-delivery\\\/#primaryimage\",\"url\":\"https:\\\/\\\/nivegy.com\\\/wp-content\\\/uploads\\\/2023\\\/10\\\/Rokane-kosara.webp\",\"contentUrl\":\"https:\\\/\\\/nivegy.com\\\/wp-content\\\/uploads\\\/2023\\\/10\\\/Rokane-kosara.webp\",\"width\":660,\"height\":659,\"caption\":\"R\u00f3k\u00e1n\u00e9 kosara reggeli h\u00e1zhozsz\u00e1ll\u00edt\u00e1s R\u00f3k\u00e1n\u00e9\u2019s Basket Breakfast Delivery\"},{\"@type\":\"BreadcrumbList\",\"@id\":\"https:\\\/\\\/nivegy.com\\\/en\\\/termek\\\/breakfast-delivery\\\/#breadcrumb\",\"itemListElement\":[{\"@type\":\"ListItem\",\"position\":1,\"name\":\"Kezd\u0151lap\",\"item\":\"https:\\\/\\\/nivegy.com\\\/en\\\/\"},{\"@type\":\"ListItem\",\"position\":2,\"name\":\"R\u00f3k\u00e1n\u00e9\u2019s Basket\"}]},{\"@type\":\"WebSite\",\"@id\":\"https:\\\/\\\/nivegy.com\\\/#website\",\"url\":\"https:\\\/\\\/nivegy.com\\\/\",\"name\":\"Nivegy.com\",\"description\":\"Egy v\u00f6lgy, \u00f6t falu, v\u00e9gtelen csoda\",\"potentialAction\":[{\"@type\":\"SearchAction\",\"target\":{\"@type\":\"EntryPoint\",\"urlTemplate\":\"https:\\\/\\\/nivegy.com\\\/?s={search_term_string}\"},\"query-input\":{\"@type\":\"PropertyValueSpecification\",\"valueRequired\":true,\"valueName\":\"search_term_string\"}}],\"inLanguage\":\"en-US\"}]}<\/script>\n<!-- \/ Yoast SEO plugin. -->","yoast_head_json":{"title":"Breakfast Delivery - R\u00f3k\u00e1n\u00e9\u2019s Basket - Nivegy.com","description":"Welcome to the world of R\u00f3k\u00e1n\u00e9\u2019s Basket Farmer\u2019s Breakfast Home Delivery! Service type: Manufacturer's Breakfast Home Delivery from Nivegy Valley.","robots":{"index":"index","follow":"follow","max-snippet":"max-snippet:-1","max-image-preview":"max-image-preview:large","max-video-preview":"max-video-preview:-1"},"canonical":"https:\/\/nivegy.com\/en\/termek\/breakfast-delivery\/","og_locale":"en_US","og_type":"article","og_title":"Breakfast Delivery - R\u00f3k\u00e1n\u00e9\u2019s Basket - Nivegy.com","og_description":"Welcome to the world of R\u00f3k\u00e1n\u00e9\u2019s Basket Farmer\u2019s Breakfast Home Delivery! Service type: Manufacturer's Breakfast Home Delivery from Nivegy Valley.","og_url":"https:\/\/nivegy.com\/en\/termek\/breakfast-delivery\/","og_site_name":"Nivegy.com","article_publisher":"https:\/\/www.facebook.com\/nivegy","article_modified_time":"2023-12-13T08:33:20+00:00","og_image":[{"width":660,"height":659,"url":"https:\/\/nivegy.com\/wp-content\/uploads\/2023\/10\/Rokane-kosara.webp","type":"image\/webp"}],"twitter_card":"summary_large_image","twitter_misc":{"Est. reading time":"2 minutes"},"schema":{"@context":"https:\/\/schema.org","@graph":[{"@type":"WebPage","@id":"https:\/\/nivegy.com\/en\/termek\/breakfast-delivery\/","url":"https:\/\/nivegy.com\/en\/termek\/breakfast-delivery\/","name":"Breakfast Delivery - R\u00f3k\u00e1n\u00e9\u2019s Basket - Nivegy.com","isPartOf":{"@id":"https:\/\/nivegy.com\/#website"},"primaryImageOfPage":{"@id":"https:\/\/nivegy.com\/en\/termek\/breakfast-delivery\/#primaryimage"},"image":{"@id":"https:\/\/nivegy.com\/en\/termek\/breakfast-delivery\/#primaryimage"},"thumbnailUrl":"https:\/\/nivegy.com\/wp-content\/uploads\/2023\/10\/Rokane-kosara.webp","datePublished":"2023-10-06T10:44:05+00:00","dateModified":"2023-12-13T08:33:20+00:00","description":"Welcome to the world of R\u00f3k\u00e1n\u00e9\u2019s Basket Farmer\u2019s Breakfast Home Delivery! Service type: Manufacturer's Breakfast Home Delivery from Nivegy Valley.","breadcrumb":{"@id":"https:\/\/nivegy.com\/en\/termek\/breakfast-delivery\/#breadcrumb"},"inLanguage":"en-US","potentialAction":[{"@type":"ReadAction","target":["https:\/\/nivegy.com\/en\/termek\/breakfast-delivery\/"]}]},{"@type":"ImageObject","inLanguage":"en-US","@id":"https:\/\/nivegy.com\/en\/termek\/breakfast-delivery\/#primaryimage","url":"https:\/\/nivegy.com\/wp-content\/uploads\/2023\/10\/Rokane-kosara.webp","contentUrl":"https:\/\/nivegy.com\/wp-content\/uploads\/2023\/10\/Rokane-kosara.webp","width":660,"height":659,"caption":"R\u00f3k\u00e1n\u00e9 kosara reggeli h\u00e1zhozsz\u00e1ll\u00edt\u00e1s R\u00f3k\u00e1n\u00e9\u2019s Basket Breakfast Delivery"},{"@type":"BreadcrumbList","@id":"https:\/\/nivegy.com\/en\/termek\/breakfast-delivery\/#breadcrumb","itemListElement":[{"@type":"ListItem","position":1,"name":"Kezd\u0151lap","item":"https:\/\/nivegy.com\/en\/"},{"@type":"ListItem","position":2,"name":"R\u00f3k\u00e1n\u00e9\u2019s Basket"}]},{"@type":"WebSite","@id":"https:\/\/nivegy.com\/#website","url":"https:\/\/nivegy.com\/","name":"Nivegy.com","description":"Egy v\u00f6lgy, \u00f6t falu, v\u00e9gtelen csoda","potentialAction":[{"@type":"SearchAction","target":{"@type":"EntryPoint","urlTemplate":"https:\/\/nivegy.com\/?s={search_term_string}"},"query-input":{"@type":"PropertyValueSpecification","valueRequired":true,"valueName":"search_term_string"}}],"inLanguage":"en-US"}]}},"_links":{"self":[{"href":"https:\/\/nivegy.com\/en\/wp-json\/wp\/v2\/product\/3487","targetHints":{"allow":["GET"]}}],"collection":[{"href":"https:\/\/nivegy.com\/en\/wp-json\/wp\/v2\/product"}],"about":[{"href":"https:\/\/nivegy.com\/en\/wp-json\/wp\/v2\/types\/product"}],"replies":[{"embeddable":true,"href":"https:\/\/nivegy.com\/en\/wp-json\/wp\/v2\/comments?post=3487"}],"wp:featuredmedia":[{"embeddable":true,"href":"https:\/\/nivegy.com\/en\/wp-json\/wp\/v2\/media\/3488"}],"wp:attachment":[{"href":"https:\/\/nivegy.com\/en\/wp-json\/wp\/v2\/media?parent=3487"}],"wp:term":[{"taxonomy":"product_brand","embeddable":true,"href":"https:\/\/nivegy.com\/en\/wp-json\/wp\/v2\/product_brand?post=3487"},{"taxonomy":"product_cat","embeddable":true,"href":"https:\/\/nivegy.com\/en\/wp-json\/wp\/v2\/product_cat?post=3487"},{"taxonomy":"product_tag","embeddable":true,"href":"https:\/\/nivegy.com\/en\/wp-json\/wp\/v2\/product_tag?post=3487"}],"curies":[{"name":"wp","href":"https:\/\/api.w.org\/{rel}","templated":true}]}}