{"id":3452,"date":"2023-09-29T09:49:52","date_gmt":"2023-09-29T09:49:52","guid":{"rendered":"https:\/\/nivegy.com\/?post_type=product&#038;p=3452"},"modified":"2023-12-05T19:36:07","modified_gmt":"2023-12-05T19:36:07","slug":"dream-weddings","status":"publish","type":"product","link":"https:\/\/nivegy.com\/en\/termek\/dream-weddings\/","title":{"rendered":"Nivegy Wedding"},"content":{"rendered":"<p><strong>I am T\u00edmea R\u00f3k\u00e1n\u00e9 S\u00e1rfi, the wedding planner for Dream Weddings by Lake Balaton &#8211; Nivegy Wedding. My passion is to organize beautiful weddings by Lake Balaton with great love and enthusiasm. It is important to create something unique and unforgettable.<\/strong><\/p>\n<p>The Dream Weddings by Lake Balaton &#8211; <a href=\"https:\/\/www.nivegyeskuvo.hu\/\">Nivegy Wedding<\/a> venture was launched in November 2018. As every wedding should be unique and a memorable experience, it is my responsibility to ensure that everything perfectly aligns with the couple&#8217;s vision.<\/p>\n<p>I am not just a wedding planner; I am a partner who shares and feels every moment with the couple on their special day. Believe me, there is nothing more beautiful in the world than seeing happy couples as tears of joy fill their eyes, and they say to each other, &#8220;I do!&#8221;<\/p>\n<p>If you dream of a wedding by <a href=\"https:\/\/nivegy.com\/en\/wineries\/?filters=wineryservices[228]\">Lake Balaton<\/a> where everything is perfect and carefree, do not hesitate to contact me. I will help you bring your dreams to life and will be delighted to be part of your big day.<\/p>\n<p>Get married by Lake Balaton, where the lake and love always meet!<\/p>\n<h4>Service types:<\/h4>\n<p>Day-of coordination, full-service wedding planning, last-minute wedding planning, wedding planning consultancy<\/p>\n","protected":false},"excerpt":{"rendered":"<p>I am T\u00edmea R\u00f3k\u00e1n\u00e9 S\u00e1rfi, the wedding planner for Dream Weddings by Lake Balaton &#8211; Nivegy Wedding. My passion is to organize beautiful weddings by Lake Balaton with great love and enthusiasm. It is important to create something unique and unforgettable. The Dream Weddings by Lake Balaton &#8211; Nivegy Wedding venture was launched in November [&hellip;]<\/p>\n","protected":false},"featured_media":4344,"comment_status":"open","ping_status":"closed","template":"","meta":{"_acf_changed":false},"product_brand":[],"product_cat":[326],"product_tag":[],"class_list":{"0":"post-3452","1":"product","2":"type-product","3":"status-publish","4":"has-post-thumbnail","6":"product_cat-service","8":"first","9":"instock","10":"shipping-taxable","11":"product-type-simple"},"acf":[],"yoast_head":"<!-- This site is optimized with the Yoast SEO plugin v27.5 - https:\/\/yoast.com\/product\/yoast-seo-wordpress\/ -->\n<title>Dream Weddings Balaton -<\/title>\n<meta name=\"description\" content=\"I am T\u00edmea R\u00f3k\u00e1n\u00e9 S\u00e1rfi, the wedding planner for Dream Weddings by Lake Balaton - Nivegy Wedding. Beautiful weddings by Lake Balaton.\" \/>\n<meta name=\"robots\" content=\"index, follow, max-snippet:-1, max-image-preview:large, max-video-preview:-1\" \/>\n<link rel=\"canonical\" href=\"https:\/\/nivegy.com\/en\/termek\/dream-weddings\/\" \/>\n<meta property=\"og:locale\" content=\"en_US\" \/>\n<meta property=\"og:type\" content=\"article\" \/>\n<meta property=\"og:title\" content=\"Dream Weddings Balaton -\" \/>\n<meta property=\"og:description\" content=\"I am T\u00edmea R\u00f3k\u00e1n\u00e9 S\u00e1rfi, the wedding planner for Dream Weddings by Lake Balaton - Nivegy Wedding. Beautiful weddings by Lake Balaton.\" \/>\n<meta property=\"og:url\" content=\"https:\/\/nivegy.com\/en\/termek\/dream-weddings\/\" \/>\n<meta property=\"og:site_name\" content=\"Nivegy.com\" \/>\n<meta property=\"article:publisher\" content=\"https:\/\/www.facebook.com\/nivegy\" \/>\n<meta property=\"article:modified_time\" content=\"2023-12-05T19:36:07+00:00\" \/>\n<meta property=\"og:image\" content=\"https:\/\/nivegy.com\/wp-content\/uploads\/2023\/09\/Nivegy-eskuvo-1.webp\" \/>\n\t<meta property=\"og:image:width\" content=\"1000\" \/>\n\t<meta property=\"og:image:height\" content=\"1000\" \/>\n\t<meta property=\"og:image:type\" content=\"image\/webp\" \/>\n<meta name=\"twitter:card\" content=\"summary_large_image\" \/>\n<meta name=\"twitter:label1\" content=\"Est. reading time\" \/>\n\t<meta name=\"twitter:data1\" content=\"2 minutes\" \/>\n<script type=\"application\/ld+json\" class=\"yoast-schema-graph\">{\"@context\":\"https:\\\/\\\/schema.org\",\"@graph\":[{\"@type\":\"WebPage\",\"@id\":\"https:\\\/\\\/nivegy.com\\\/en\\\/termek\\\/dream-weddings\\\/\",\"url\":\"https:\\\/\\\/nivegy.com\\\/en\\\/termek\\\/dream-weddings\\\/\",\"name\":\"Dream Weddings Balaton -\",\"isPartOf\":{\"@id\":\"https:\\\/\\\/nivegy.com\\\/#website\"},\"primaryImageOfPage\":{\"@id\":\"https:\\\/\\\/nivegy.com\\\/en\\\/termek\\\/dream-weddings\\\/#primaryimage\"},\"image\":{\"@id\":\"https:\\\/\\\/nivegy.com\\\/en\\\/termek\\\/dream-weddings\\\/#primaryimage\"},\"thumbnailUrl\":\"https:\\\/\\\/nivegy.com\\\/wp-content\\\/uploads\\\/2023\\\/09\\\/Nivegy-eskuvo-1.webp\",\"datePublished\":\"2023-09-29T09:49:52+00:00\",\"dateModified\":\"2023-12-05T19:36:07+00:00\",\"description\":\"I am T\u00edmea R\u00f3k\u00e1n\u00e9 S\u00e1rfi, the wedding planner for Dream Weddings by Lake Balaton - Nivegy Wedding. Beautiful weddings by Lake Balaton.\",\"breadcrumb\":{\"@id\":\"https:\\\/\\\/nivegy.com\\\/en\\\/termek\\\/dream-weddings\\\/#breadcrumb\"},\"inLanguage\":\"en-US\",\"potentialAction\":[{\"@type\":\"ReadAction\",\"target\":[\"https:\\\/\\\/nivegy.com\\\/en\\\/termek\\\/dream-weddings\\\/\"]}]},{\"@type\":\"ImageObject\",\"inLanguage\":\"en-US\",\"@id\":\"https:\\\/\\\/nivegy.com\\\/en\\\/termek\\\/dream-weddings\\\/#primaryimage\",\"url\":\"https:\\\/\\\/nivegy.com\\\/wp-content\\\/uploads\\\/2023\\\/09\\\/Nivegy-eskuvo-1.webp\",\"contentUrl\":\"https:\\\/\\\/nivegy.com\\\/wp-content\\\/uploads\\\/2023\\\/09\\\/Nivegy-eskuvo-1.webp\",\"width\":1000,\"height\":1000,\"caption\":\"Dream Weddings Balaton\"},{\"@type\":\"BreadcrumbList\",\"@id\":\"https:\\\/\\\/nivegy.com\\\/en\\\/termek\\\/dream-weddings\\\/#breadcrumb\",\"itemListElement\":[{\"@type\":\"ListItem\",\"position\":1,\"name\":\"Kezd\u0151lap\",\"item\":\"https:\\\/\\\/nivegy.com\\\/en\\\/\"},{\"@type\":\"ListItem\",\"position\":2,\"name\":\"Nivegy Wedding\"}]},{\"@type\":\"WebSite\",\"@id\":\"https:\\\/\\\/nivegy.com\\\/#website\",\"url\":\"https:\\\/\\\/nivegy.com\\\/\",\"name\":\"Nivegy.com\",\"description\":\"Egy v\u00f6lgy, \u00f6t falu, v\u00e9gtelen csoda\",\"potentialAction\":[{\"@type\":\"SearchAction\",\"target\":{\"@type\":\"EntryPoint\",\"urlTemplate\":\"https:\\\/\\\/nivegy.com\\\/?s={search_term_string}\"},\"query-input\":{\"@type\":\"PropertyValueSpecification\",\"valueRequired\":true,\"valueName\":\"search_term_string\"}}],\"inLanguage\":\"en-US\"}]}<\/script>\n<!-- \/ Yoast SEO plugin. -->","yoast_head_json":{"title":"Dream Weddings Balaton -","description":"I am T\u00edmea R\u00f3k\u00e1n\u00e9 S\u00e1rfi, the wedding planner for Dream Weddings by Lake Balaton - Nivegy Wedding. Beautiful weddings by Lake Balaton.","robots":{"index":"index","follow":"follow","max-snippet":"max-snippet:-1","max-image-preview":"max-image-preview:large","max-video-preview":"max-video-preview:-1"},"canonical":"https:\/\/nivegy.com\/en\/termek\/dream-weddings\/","og_locale":"en_US","og_type":"article","og_title":"Dream Weddings Balaton -","og_description":"I am T\u00edmea R\u00f3k\u00e1n\u00e9 S\u00e1rfi, the wedding planner for Dream Weddings by Lake Balaton - Nivegy Wedding. Beautiful weddings by Lake Balaton.","og_url":"https:\/\/nivegy.com\/en\/termek\/dream-weddings\/","og_site_name":"Nivegy.com","article_publisher":"https:\/\/www.facebook.com\/nivegy","article_modified_time":"2023-12-05T19:36:07+00:00","og_image":[{"width":1000,"height":1000,"url":"https:\/\/nivegy.com\/wp-content\/uploads\/2023\/09\/Nivegy-eskuvo-1.webp","type":"image\/webp"}],"twitter_card":"summary_large_image","twitter_misc":{"Est. reading time":"2 minutes"},"schema":{"@context":"https:\/\/schema.org","@graph":[{"@type":"WebPage","@id":"https:\/\/nivegy.com\/en\/termek\/dream-weddings\/","url":"https:\/\/nivegy.com\/en\/termek\/dream-weddings\/","name":"Dream Weddings Balaton -","isPartOf":{"@id":"https:\/\/nivegy.com\/#website"},"primaryImageOfPage":{"@id":"https:\/\/nivegy.com\/en\/termek\/dream-weddings\/#primaryimage"},"image":{"@id":"https:\/\/nivegy.com\/en\/termek\/dream-weddings\/#primaryimage"},"thumbnailUrl":"https:\/\/nivegy.com\/wp-content\/uploads\/2023\/09\/Nivegy-eskuvo-1.webp","datePublished":"2023-09-29T09:49:52+00:00","dateModified":"2023-12-05T19:36:07+00:00","description":"I am T\u00edmea R\u00f3k\u00e1n\u00e9 S\u00e1rfi, the wedding planner for Dream Weddings by Lake Balaton - Nivegy Wedding. Beautiful weddings by Lake Balaton.","breadcrumb":{"@id":"https:\/\/nivegy.com\/en\/termek\/dream-weddings\/#breadcrumb"},"inLanguage":"en-US","potentialAction":[{"@type":"ReadAction","target":["https:\/\/nivegy.com\/en\/termek\/dream-weddings\/"]}]},{"@type":"ImageObject","inLanguage":"en-US","@id":"https:\/\/nivegy.com\/en\/termek\/dream-weddings\/#primaryimage","url":"https:\/\/nivegy.com\/wp-content\/uploads\/2023\/09\/Nivegy-eskuvo-1.webp","contentUrl":"https:\/\/nivegy.com\/wp-content\/uploads\/2023\/09\/Nivegy-eskuvo-1.webp","width":1000,"height":1000,"caption":"Dream Weddings Balaton"},{"@type":"BreadcrumbList","@id":"https:\/\/nivegy.com\/en\/termek\/dream-weddings\/#breadcrumb","itemListElement":[{"@type":"ListItem","position":1,"name":"Kezd\u0151lap","item":"https:\/\/nivegy.com\/en\/"},{"@type":"ListItem","position":2,"name":"Nivegy Wedding"}]},{"@type":"WebSite","@id":"https:\/\/nivegy.com\/#website","url":"https:\/\/nivegy.com\/","name":"Nivegy.com","description":"Egy v\u00f6lgy, \u00f6t falu, v\u00e9gtelen csoda","potentialAction":[{"@type":"SearchAction","target":{"@type":"EntryPoint","urlTemplate":"https:\/\/nivegy.com\/?s={search_term_string}"},"query-input":{"@type":"PropertyValueSpecification","valueRequired":true,"valueName":"search_term_string"}}],"inLanguage":"en-US"}]}},"_links":{"self":[{"href":"https:\/\/nivegy.com\/en\/wp-json\/wp\/v2\/product\/3452","targetHints":{"allow":["GET"]}}],"collection":[{"href":"https:\/\/nivegy.com\/en\/wp-json\/wp\/v2\/product"}],"about":[{"href":"https:\/\/nivegy.com\/en\/wp-json\/wp\/v2\/types\/product"}],"replies":[{"embeddable":true,"href":"https:\/\/nivegy.com\/en\/wp-json\/wp\/v2\/comments?post=3452"}],"wp:featuredmedia":[{"embeddable":true,"href":"https:\/\/nivegy.com\/en\/wp-json\/wp\/v2\/media\/4344"}],"wp:attachment":[{"href":"https:\/\/nivegy.com\/en\/wp-json\/wp\/v2\/media?parent=3452"}],"wp:term":[{"taxonomy":"product_brand","embeddable":true,"href":"https:\/\/nivegy.com\/en\/wp-json\/wp\/v2\/product_brand?post=3452"},{"taxonomy":"product_cat","embeddable":true,"href":"https:\/\/nivegy.com\/en\/wp-json\/wp\/v2\/product_cat?post=3452"},{"taxonomy":"product_tag","embeddable":true,"href":"https:\/\/nivegy.com\/en\/wp-json\/wp\/v2\/product_tag?post=3452"}],"curies":[{"name":"wp","href":"https:\/\/api.w.org\/{rel}","templated":true}]}}