{"id":3350,"date":"2023-09-29T10:19:47","date_gmt":"2023-09-29T10:19:47","guid":{"rendered":"https:\/\/nivegy.com\/?post_type=product&#038;p=3350"},"modified":"2024-08-05T19:25:54","modified_gmt":"2024-08-05T19:25:54","slug":"alpaca-guesthouse","status":"publish","type":"product","link":"https:\/\/nivegy.com\/en\/termek\/alpaca-guesthouse\/","title":{"rendered":"Alpaca Guesthouse"},"content":{"rendered":"<p><strong>Alpaca Guesthouse warmly welcomes those who enjoy active relaxation, as it offers numerous cultural program opportunities and <a href=\"https:\/\/nivegy.com\/en\/gastro\/\">gastronomic<\/a> experiences in the Nivegy Valley. However, if we simply want to withdraw from the noise of the world, everything is in one place for us to recharge a bit: the landscape that unfolds before us surrounded by lovely alpacas.<\/strong><\/p>\n<p>The Alpaca Guesthouse includes two separate bedrooms and a spacious living room with an open kitchen. The larger bedroom has a double bed, while the other room has two single beds. In 2024, the property was expanded with the addition of <a href=\"https:\/\/nivegy.com\/en\/termek\/alpaca-guesthouse-ii\/\">Alpaca Guest House II<\/a>. The two guesthouses can now accommodate a total of 10 people and can be rented separately or in one, making them ideal for larger groups of friends or larger families.<\/p>\n<p>You can find all the basic kitchen equipments which is needed for a comfortable stay: stove, kettle, microwave, and a grinder coffee maker.<\/p>\n","protected":false},"excerpt":{"rendered":"<p>Alpaca Guesthouse warmly welcomes those who enjoy active relaxation, as it offers numerous cultural program opportunities and gastronomic experiences in the Nivegy Valley. However, if we simply want to withdraw from the noise of the world, everything is in one place for us to recharge a bit: the landscape that unfolds before us surrounded by [&hellip;]<\/p>\n","protected":false},"featured_media":3341,"comment_status":"open","ping_status":"closed","template":"","meta":{"_acf_changed":false},"product_brand":[],"product_cat":[325],"product_tag":[],"class_list":{"0":"post-3350","1":"product","2":"type-product","3":"status-publish","4":"has-post-thumbnail","6":"product_cat-accommodation","8":"first","9":"instock","10":"shipping-taxable","11":"product-type-simple"},"acf":[],"yoast_head":"<!-- This site is optimized with the Yoast SEO plugin v27.6 - https:\/\/yoast.com\/product\/yoast-seo-wordpress\/ -->\n<title>Alpaca Guesthouse - Nivegy.com<\/title>\n<meta name=\"description\" content=\"Alpaca Guesthouse warmly welcomes those who enjoy active relaxation, as it offers numerous cultural program opportunities and gastronomic experiences.\" \/>\n<meta name=\"robots\" content=\"index, follow, max-snippet:-1, max-image-preview:large, max-video-preview:-1\" \/>\n<link rel=\"canonical\" href=\"https:\/\/nivegy.com\/en\/termek\/alpaca-guesthouse\/\" \/>\n<meta property=\"og:locale\" content=\"en_US\" \/>\n<meta property=\"og:type\" content=\"article\" \/>\n<meta property=\"og:title\" content=\"Alpaca Guesthouse - Nivegy.com\" \/>\n<meta property=\"og:description\" content=\"Alpaca Guesthouse warmly welcomes those who enjoy active relaxation, as it offers numerous cultural program opportunities and gastronomic experiences.\" \/>\n<meta property=\"og:url\" content=\"https:\/\/nivegy.com\/en\/termek\/alpaca-guesthouse\/\" \/>\n<meta property=\"og:site_name\" content=\"Nivegy.com\" \/>\n<meta property=\"article:publisher\" content=\"https:\/\/www.facebook.com\/nivegy\" \/>\n<meta property=\"article:modified_time\" content=\"2024-08-05T19:25:54+00:00\" \/>\n<meta property=\"og:image\" content=\"https:\/\/nivegy.com\/wp-content\/uploads\/2023\/09\/1-1-dscf9004-enhanced-nr-crop-650066c514815.webp\" \/>\n\t<meta property=\"og:image:width\" content=\"1000\" \/>\n\t<meta property=\"og:image:height\" content=\"1000\" \/>\n\t<meta property=\"og:image:type\" content=\"image\/webp\" \/>\n<meta name=\"twitter:card\" content=\"summary_large_image\" \/>\n<meta name=\"twitter:label1\" content=\"Est. reading time\" \/>\n\t<meta name=\"twitter:data1\" content=\"2 minutes\" \/>\n<script type=\"application\/ld+json\" class=\"yoast-schema-graph\">{\"@context\":\"https:\\\/\\\/schema.org\",\"@graph\":[{\"@type\":\"WebPage\",\"@id\":\"https:\\\/\\\/nivegy.com\\\/en\\\/termek\\\/alpaca-guesthouse\\\/\",\"url\":\"https:\\\/\\\/nivegy.com\\\/en\\\/termek\\\/alpaca-guesthouse\\\/\",\"name\":\"Alpaca Guesthouse - Nivegy.com\",\"isPartOf\":{\"@id\":\"https:\\\/\\\/nivegy.com\\\/#website\"},\"primaryImageOfPage\":{\"@id\":\"https:\\\/\\\/nivegy.com\\\/en\\\/termek\\\/alpaca-guesthouse\\\/#primaryimage\"},\"image\":{\"@id\":\"https:\\\/\\\/nivegy.com\\\/en\\\/termek\\\/alpaca-guesthouse\\\/#primaryimage\"},\"thumbnailUrl\":\"https:\\\/\\\/nivegy.com\\\/wp-content\\\/uploads\\\/2023\\\/09\\\/1-1-dscf9004-enhanced-nr-crop-650066c514815-e1730531144982.webp\",\"datePublished\":\"2023-09-29T10:19:47+00:00\",\"dateModified\":\"2024-08-05T19:25:54+00:00\",\"description\":\"Alpaca Guesthouse warmly welcomes those who enjoy active relaxation, as it offers numerous cultural program opportunities and gastronomic experiences.\",\"breadcrumb\":{\"@id\":\"https:\\\/\\\/nivegy.com\\\/en\\\/termek\\\/alpaca-guesthouse\\\/#breadcrumb\"},\"inLanguage\":\"en-US\",\"potentialAction\":[{\"@type\":\"ReadAction\",\"target\":[\"https:\\\/\\\/nivegy.com\\\/en\\\/termek\\\/alpaca-guesthouse\\\/\"]}]},{\"@type\":\"ImageObject\",\"inLanguage\":\"en-US\",\"@id\":\"https:\\\/\\\/nivegy.com\\\/en\\\/termek\\\/alpaca-guesthouse\\\/#primaryimage\",\"url\":\"https:\\\/\\\/nivegy.com\\\/wp-content\\\/uploads\\\/2023\\\/09\\\/1-1-dscf9004-enhanced-nr-crop-650066c514815-e1730531144982.webp\",\"contentUrl\":\"https:\\\/\\\/nivegy.com\\\/wp-content\\\/uploads\\\/2023\\\/09\\\/1-1-dscf9004-enhanced-nr-crop-650066c514815-e1730531144982.webp\",\"width\":990,\"height\":990,\"caption\":\"Alpaka Vend\u00e9gh\u00e1z Alpaca Guesthouse\"},{\"@type\":\"BreadcrumbList\",\"@id\":\"https:\\\/\\\/nivegy.com\\\/en\\\/termek\\\/alpaca-guesthouse\\\/#breadcrumb\",\"itemListElement\":[{\"@type\":\"ListItem\",\"position\":1,\"name\":\"Kezd\u0151lap\",\"item\":\"https:\\\/\\\/nivegy.com\\\/en\\\/\"},{\"@type\":\"ListItem\",\"position\":2,\"name\":\"Alpaca Guesthouse\"}]},{\"@type\":\"WebSite\",\"@id\":\"https:\\\/\\\/nivegy.com\\\/#website\",\"url\":\"https:\\\/\\\/nivegy.com\\\/\",\"name\":\"Nivegy.com\",\"description\":\"Egy v\u00f6lgy, \u00f6t falu, v\u00e9gtelen csoda\",\"potentialAction\":[{\"@type\":\"SearchAction\",\"target\":{\"@type\":\"EntryPoint\",\"urlTemplate\":\"https:\\\/\\\/nivegy.com\\\/?s={search_term_string}\"},\"query-input\":{\"@type\":\"PropertyValueSpecification\",\"valueRequired\":true,\"valueName\":\"search_term_string\"}}],\"inLanguage\":\"en-US\"}]}<\/script>\n<!-- \/ Yoast SEO plugin. -->","yoast_head_json":{"title":"Alpaca Guesthouse - Nivegy.com","description":"Alpaca Guesthouse warmly welcomes those who enjoy active relaxation, as it offers numerous cultural program opportunities and gastronomic experiences.","robots":{"index":"index","follow":"follow","max-snippet":"max-snippet:-1","max-image-preview":"max-image-preview:large","max-video-preview":"max-video-preview:-1"},"canonical":"https:\/\/nivegy.com\/en\/termek\/alpaca-guesthouse\/","og_locale":"en_US","og_type":"article","og_title":"Alpaca Guesthouse - Nivegy.com","og_description":"Alpaca Guesthouse warmly welcomes those who enjoy active relaxation, as it offers numerous cultural program opportunities and gastronomic experiences.","og_url":"https:\/\/nivegy.com\/en\/termek\/alpaca-guesthouse\/","og_site_name":"Nivegy.com","article_publisher":"https:\/\/www.facebook.com\/nivegy","article_modified_time":"2024-08-05T19:25:54+00:00","og_image":[{"width":1000,"height":1000,"url":"https:\/\/nivegy.com\/wp-content\/uploads\/2023\/09\/1-1-dscf9004-enhanced-nr-crop-650066c514815.webp","type":"image\/webp"}],"twitter_card":"summary_large_image","twitter_misc":{"Est. reading time":"2 minutes"},"schema":{"@context":"https:\/\/schema.org","@graph":[{"@type":"WebPage","@id":"https:\/\/nivegy.com\/en\/termek\/alpaca-guesthouse\/","url":"https:\/\/nivegy.com\/en\/termek\/alpaca-guesthouse\/","name":"Alpaca Guesthouse - Nivegy.com","isPartOf":{"@id":"https:\/\/nivegy.com\/#website"},"primaryImageOfPage":{"@id":"https:\/\/nivegy.com\/en\/termek\/alpaca-guesthouse\/#primaryimage"},"image":{"@id":"https:\/\/nivegy.com\/en\/termek\/alpaca-guesthouse\/#primaryimage"},"thumbnailUrl":"https:\/\/nivegy.com\/wp-content\/uploads\/2023\/09\/1-1-dscf9004-enhanced-nr-crop-650066c514815-e1730531144982.webp","datePublished":"2023-09-29T10:19:47+00:00","dateModified":"2024-08-05T19:25:54+00:00","description":"Alpaca Guesthouse warmly welcomes those who enjoy active relaxation, as it offers numerous cultural program opportunities and gastronomic experiences.","breadcrumb":{"@id":"https:\/\/nivegy.com\/en\/termek\/alpaca-guesthouse\/#breadcrumb"},"inLanguage":"en-US","potentialAction":[{"@type":"ReadAction","target":["https:\/\/nivegy.com\/en\/termek\/alpaca-guesthouse\/"]}]},{"@type":"ImageObject","inLanguage":"en-US","@id":"https:\/\/nivegy.com\/en\/termek\/alpaca-guesthouse\/#primaryimage","url":"https:\/\/nivegy.com\/wp-content\/uploads\/2023\/09\/1-1-dscf9004-enhanced-nr-crop-650066c514815-e1730531144982.webp","contentUrl":"https:\/\/nivegy.com\/wp-content\/uploads\/2023\/09\/1-1-dscf9004-enhanced-nr-crop-650066c514815-e1730531144982.webp","width":990,"height":990,"caption":"Alpaka Vend\u00e9gh\u00e1z Alpaca Guesthouse"},{"@type":"BreadcrumbList","@id":"https:\/\/nivegy.com\/en\/termek\/alpaca-guesthouse\/#breadcrumb","itemListElement":[{"@type":"ListItem","position":1,"name":"Kezd\u0151lap","item":"https:\/\/nivegy.com\/en\/"},{"@type":"ListItem","position":2,"name":"Alpaca Guesthouse"}]},{"@type":"WebSite","@id":"https:\/\/nivegy.com\/#website","url":"https:\/\/nivegy.com\/","name":"Nivegy.com","description":"Egy v\u00f6lgy, \u00f6t falu, v\u00e9gtelen csoda","potentialAction":[{"@type":"SearchAction","target":{"@type":"EntryPoint","urlTemplate":"https:\/\/nivegy.com\/?s={search_term_string}"},"query-input":{"@type":"PropertyValueSpecification","valueRequired":true,"valueName":"search_term_string"}}],"inLanguage":"en-US"}]}},"_links":{"self":[{"href":"https:\/\/nivegy.com\/en\/wp-json\/wp\/v2\/product\/3350","targetHints":{"allow":["GET"]}}],"collection":[{"href":"https:\/\/nivegy.com\/en\/wp-json\/wp\/v2\/product"}],"about":[{"href":"https:\/\/nivegy.com\/en\/wp-json\/wp\/v2\/types\/product"}],"replies":[{"embeddable":true,"href":"https:\/\/nivegy.com\/en\/wp-json\/wp\/v2\/comments?post=3350"}],"wp:featuredmedia":[{"embeddable":true,"href":"https:\/\/nivegy.com\/en\/wp-json\/wp\/v2\/media\/3341"}],"wp:attachment":[{"href":"https:\/\/nivegy.com\/en\/wp-json\/wp\/v2\/media?parent=3350"}],"wp:term":[{"taxonomy":"product_brand","embeddable":true,"href":"https:\/\/nivegy.com\/en\/wp-json\/wp\/v2\/product_brand?post=3350"},{"taxonomy":"product_cat","embeddable":true,"href":"https:\/\/nivegy.com\/en\/wp-json\/wp\/v2\/product_cat?post=3350"},{"taxonomy":"product_tag","embeddable":true,"href":"https:\/\/nivegy.com\/en\/wp-json\/wp\/v2\/product_tag?post=3350"}],"curies":[{"name":"wp","href":"https:\/\/api.w.org\/{rel}","templated":true}]}}