{"id":2951,"date":"2023-07-20T13:05:42","date_gmt":"2023-07-20T12:05:42","guid":{"rendered":"https:\/\/nivegy.com\/?post_type=product&#038;p=2951"},"modified":"2025-01-04T11:00:23","modified_gmt":"2025-01-04T11:00:23","slug":"dns-2","status":"publish","type":"product","link":"https:\/\/nivegy.com\/en\/termek\/dns-2\/","title":{"rendered":"DNS"},"content":{"rendered":"<p><strong>DNS (Day and Night at the Stars) has opened its doors in 2023 as a breakfast place and as the House of Nivegy Valley wines at the same time. Its location is unique: it is situated on the border of Tagyon and Szentantalfa.<\/strong><\/p>\n<p>Ricsi Csillag, the owner, welcomes guests both in the morning and evening! At dawn, the authentic Italian experience is guaranteed by freshly roasted Italian coffee, while in the afternoon, excellent quality Italian ham, salami, freshly baked focaccia, accompanied by a cold draft Peroni take the spotlight.<\/p>\n<p>The combination of the cozy venue and the flavors allows visitors to experience a little Tuscan magic with a distinct Nivegy Valley character. The finest wines of the region can be tasted all in one place!<\/p>\n<p>Day and Night at the Stars!<\/p>\n<h4>You can choose from the wines of the following\u00a0wineries:<\/h4>\n<p>Cseh Family Winery,\u00a0<a href=\"https:\/\/dobosi.com\/\">Dobosi Estate Centre<\/a>,\u00a0<a href=\"https:\/\/nivegy.com\/termek\/dombi-winery\/\">Dombi Winery<\/a>,\u00a0<a href=\"http:\/\/gergelyborhaz.hu\/en\/\">Gergely Winery<\/a>, Holl\u00f3 Winery,\u00a0<a href=\"https:\/\/nivegy.com\/termek\/horvath-wine-house\/\">Horv\u00e1th Wine House<\/a>,\u00a0<a href=\"https:\/\/kisspince.com\/\">kisswinery<\/a>, Martinus Wine House,\u00a0<a href=\"https:\/\/somaborpince.hu\/\">Soma Winery<\/a>,\u00a0<a href=\"https:\/\/szaboesfia.hu\/\">Szab\u00f3 and Son Winery<\/a>,\u00a0<a href=\"https:\/\/tanczospince.hu\/\">T\u00e1nczos Winery<\/a>, V\u00e9gh Brothers Winery,\u00a0<a href=\"https:\/\/nivegy.com\/termek\/zanka-and-its-surroundings-winery-cooperative\/\">Z\u00e1nka and Its Surroundings Winery Cooperative<\/a><\/p>\n","protected":false},"excerpt":{"rendered":"<p>DNS (Day and Night at the Stars) has opened its doors in 2023 as a breakfast place and as the House of Nivegy Valley wines at the same time. Its location is unique: it is situated on the border of Tagyon and Szentantalfa. Ricsi Csillag, the owner, welcomes guests both in the morning and evening! [&hellip;]<\/p>\n","protected":false},"featured_media":3309,"comment_status":"closed","ping_status":"closed","template":"","meta":{"_acf_changed":false},"product_brand":[],"product_cat":[323],"product_tag":[],"class_list":{"0":"post-2951","1":"product","2":"type-product","3":"status-publish","4":"has-post-thumbnail","6":"product_cat-gastro","8":"first","9":"instock","10":"shipping-taxable","11":"product-type-simple"},"acf":[],"yoast_head":"<!-- This site is optimized with the Yoast SEO plugin v27.6 - https:\/\/yoast.com\/product\/yoast-seo-wordpress\/ -->\n<title>DNS - Nivegy.com<\/title>\n<meta name=\"description\" content=\"DNS (Day and Night at the Stars) has opened its doors in 2023 as a breakfast place and as the House of Nivegy Valley wines at the same time.\" \/>\n<meta name=\"robots\" content=\"index, follow, max-snippet:-1, max-image-preview:large, max-video-preview:-1\" \/>\n<link rel=\"canonical\" href=\"https:\/\/nivegy.com\/en\/termek\/dns-2\/\" \/>\n<meta property=\"og:locale\" content=\"en_US\" \/>\n<meta property=\"og:type\" content=\"article\" \/>\n<meta property=\"og:title\" content=\"DNS - Nivegy.com\" \/>\n<meta property=\"og:description\" content=\"DNS (Day and Night at the Stars) has opened its doors in 2023 as a breakfast place and as the House of Nivegy Valley wines at the same time.\" \/>\n<meta property=\"og:url\" content=\"https:\/\/nivegy.com\/en\/termek\/dns-2\/\" \/>\n<meta property=\"og:site_name\" content=\"Nivegy.com\" \/>\n<meta property=\"article:publisher\" content=\"https:\/\/www.facebook.com\/nivegy\" \/>\n<meta property=\"article:modified_time\" content=\"2025-01-04T11:00:23+00:00\" \/>\n<meta property=\"og:image\" content=\"https:\/\/nivegy.com\/wp-content\/uploads\/2023\/07\/G-DNS-1.1.webp\" \/>\n\t<meta property=\"og:image:width\" content=\"1000\" \/>\n\t<meta property=\"og:image:height\" content=\"1000\" \/>\n\t<meta property=\"og:image:type\" content=\"image\/webp\" \/>\n<meta name=\"twitter:card\" content=\"summary_large_image\" \/>\n<meta name=\"twitter:label1\" content=\"Est. reading time\" \/>\n\t<meta name=\"twitter:data1\" content=\"2 minutes\" \/>\n<script type=\"application\/ld+json\" class=\"yoast-schema-graph\">{\"@context\":\"https:\\\/\\\/schema.org\",\"@graph\":[{\"@type\":\"WebPage\",\"@id\":\"https:\\\/\\\/nivegy.com\\\/en\\\/termek\\\/dns-2\\\/\",\"url\":\"https:\\\/\\\/nivegy.com\\\/en\\\/termek\\\/dns-2\\\/\",\"name\":\"DNS - Nivegy.com\",\"isPartOf\":{\"@id\":\"https:\\\/\\\/nivegy.com\\\/#website\"},\"primaryImageOfPage\":{\"@id\":\"https:\\\/\\\/nivegy.com\\\/en\\\/termek\\\/dns-2\\\/#primaryimage\"},\"image\":{\"@id\":\"https:\\\/\\\/nivegy.com\\\/en\\\/termek\\\/dns-2\\\/#primaryimage\"},\"thumbnailUrl\":\"https:\\\/\\\/nivegy.com\\\/wp-content\\\/uploads\\\/2023\\\/07\\\/G-DNS-1.1.webp\",\"datePublished\":\"2023-07-20T12:05:42+00:00\",\"dateModified\":\"2025-01-04T11:00:23+00:00\",\"description\":\"DNS (Day and Night at the Stars) has opened its doors in 2023 as a breakfast place and as the House of Nivegy Valley wines at the same time.\",\"breadcrumb\":{\"@id\":\"https:\\\/\\\/nivegy.com\\\/en\\\/termek\\\/dns-2\\\/#breadcrumb\"},\"inLanguage\":\"en-US\",\"potentialAction\":[{\"@type\":\"ReadAction\",\"target\":[\"https:\\\/\\\/nivegy.com\\\/en\\\/termek\\\/dns-2\\\/\"]}]},{\"@type\":\"ImageObject\",\"inLanguage\":\"en-US\",\"@id\":\"https:\\\/\\\/nivegy.com\\\/en\\\/termek\\\/dns-2\\\/#primaryimage\",\"url\":\"https:\\\/\\\/nivegy.com\\\/wp-content\\\/uploads\\\/2023\\\/07\\\/G-DNS-1.1.webp\",\"contentUrl\":\"https:\\\/\\\/nivegy.com\\\/wp-content\\\/uploads\\\/2023\\\/07\\\/G-DNS-1.1.webp\",\"width\":1000,\"height\":1000,\"caption\":\"DNS\"},{\"@type\":\"BreadcrumbList\",\"@id\":\"https:\\\/\\\/nivegy.com\\\/en\\\/termek\\\/dns-2\\\/#breadcrumb\",\"itemListElement\":[{\"@type\":\"ListItem\",\"position\":1,\"name\":\"Kezd\u0151lap\",\"item\":\"https:\\\/\\\/nivegy.com\\\/en\\\/\"},{\"@type\":\"ListItem\",\"position\":2,\"name\":\"DNS\"}]},{\"@type\":\"WebSite\",\"@id\":\"https:\\\/\\\/nivegy.com\\\/#website\",\"url\":\"https:\\\/\\\/nivegy.com\\\/\",\"name\":\"Nivegy.com\",\"description\":\"Egy v\u00f6lgy, \u00f6t falu, v\u00e9gtelen csoda\",\"potentialAction\":[{\"@type\":\"SearchAction\",\"target\":{\"@type\":\"EntryPoint\",\"urlTemplate\":\"https:\\\/\\\/nivegy.com\\\/?s={search_term_string}\"},\"query-input\":{\"@type\":\"PropertyValueSpecification\",\"valueRequired\":true,\"valueName\":\"search_term_string\"}}],\"inLanguage\":\"en-US\"}]}<\/script>\n<!-- \/ Yoast SEO plugin. -->","yoast_head_json":{"title":"DNS - Nivegy.com","description":"DNS (Day and Night at the Stars) has opened its doors in 2023 as a breakfast place and as the House of Nivegy Valley wines at the same time.","robots":{"index":"index","follow":"follow","max-snippet":"max-snippet:-1","max-image-preview":"max-image-preview:large","max-video-preview":"max-video-preview:-1"},"canonical":"https:\/\/nivegy.com\/en\/termek\/dns-2\/","og_locale":"en_US","og_type":"article","og_title":"DNS - Nivegy.com","og_description":"DNS (Day and Night at the Stars) has opened its doors in 2023 as a breakfast place and as the House of Nivegy Valley wines at the same time.","og_url":"https:\/\/nivegy.com\/en\/termek\/dns-2\/","og_site_name":"Nivegy.com","article_publisher":"https:\/\/www.facebook.com\/nivegy","article_modified_time":"2025-01-04T11:00:23+00:00","og_image":[{"width":1000,"height":1000,"url":"https:\/\/nivegy.com\/wp-content\/uploads\/2023\/07\/G-DNS-1.1.webp","type":"image\/webp"}],"twitter_card":"summary_large_image","twitter_misc":{"Est. reading time":"2 minutes"},"schema":{"@context":"https:\/\/schema.org","@graph":[{"@type":"WebPage","@id":"https:\/\/nivegy.com\/en\/termek\/dns-2\/","url":"https:\/\/nivegy.com\/en\/termek\/dns-2\/","name":"DNS - Nivegy.com","isPartOf":{"@id":"https:\/\/nivegy.com\/#website"},"primaryImageOfPage":{"@id":"https:\/\/nivegy.com\/en\/termek\/dns-2\/#primaryimage"},"image":{"@id":"https:\/\/nivegy.com\/en\/termek\/dns-2\/#primaryimage"},"thumbnailUrl":"https:\/\/nivegy.com\/wp-content\/uploads\/2023\/07\/G-DNS-1.1.webp","datePublished":"2023-07-20T12:05:42+00:00","dateModified":"2025-01-04T11:00:23+00:00","description":"DNS (Day and Night at the Stars) has opened its doors in 2023 as a breakfast place and as the House of Nivegy Valley wines at the same time.","breadcrumb":{"@id":"https:\/\/nivegy.com\/en\/termek\/dns-2\/#breadcrumb"},"inLanguage":"en-US","potentialAction":[{"@type":"ReadAction","target":["https:\/\/nivegy.com\/en\/termek\/dns-2\/"]}]},{"@type":"ImageObject","inLanguage":"en-US","@id":"https:\/\/nivegy.com\/en\/termek\/dns-2\/#primaryimage","url":"https:\/\/nivegy.com\/wp-content\/uploads\/2023\/07\/G-DNS-1.1.webp","contentUrl":"https:\/\/nivegy.com\/wp-content\/uploads\/2023\/07\/G-DNS-1.1.webp","width":1000,"height":1000,"caption":"DNS"},{"@type":"BreadcrumbList","@id":"https:\/\/nivegy.com\/en\/termek\/dns-2\/#breadcrumb","itemListElement":[{"@type":"ListItem","position":1,"name":"Kezd\u0151lap","item":"https:\/\/nivegy.com\/en\/"},{"@type":"ListItem","position":2,"name":"DNS"}]},{"@type":"WebSite","@id":"https:\/\/nivegy.com\/#website","url":"https:\/\/nivegy.com\/","name":"Nivegy.com","description":"Egy v\u00f6lgy, \u00f6t falu, v\u00e9gtelen csoda","potentialAction":[{"@type":"SearchAction","target":{"@type":"EntryPoint","urlTemplate":"https:\/\/nivegy.com\/?s={search_term_string}"},"query-input":{"@type":"PropertyValueSpecification","valueRequired":true,"valueName":"search_term_string"}}],"inLanguage":"en-US"}]}},"_links":{"self":[{"href":"https:\/\/nivegy.com\/en\/wp-json\/wp\/v2\/product\/2951","targetHints":{"allow":["GET"]}}],"collection":[{"href":"https:\/\/nivegy.com\/en\/wp-json\/wp\/v2\/product"}],"about":[{"href":"https:\/\/nivegy.com\/en\/wp-json\/wp\/v2\/types\/product"}],"replies":[{"embeddable":true,"href":"https:\/\/nivegy.com\/en\/wp-json\/wp\/v2\/comments?post=2951"}],"wp:featuredmedia":[{"embeddable":true,"href":"https:\/\/nivegy.com\/en\/wp-json\/wp\/v2\/media\/3309"}],"wp:attachment":[{"href":"https:\/\/nivegy.com\/en\/wp-json\/wp\/v2\/media?parent=2951"}],"wp:term":[{"taxonomy":"product_brand","embeddable":true,"href":"https:\/\/nivegy.com\/en\/wp-json\/wp\/v2\/product_brand?post=2951"},{"taxonomy":"product_cat","embeddable":true,"href":"https:\/\/nivegy.com\/en\/wp-json\/wp\/v2\/product_cat?post=2951"},{"taxonomy":"product_tag","embeddable":true,"href":"https:\/\/nivegy.com\/en\/wp-json\/wp\/v2\/product_tag?post=2951"}],"curies":[{"name":"wp","href":"https:\/\/api.w.org\/{rel}","templated":true}]}}