{"id":2814,"date":"2023-07-02T18:56:12","date_gmt":"2023-07-02T17:56:12","guid":{"rendered":"https:\/\/nivegy.com\/?post_type=product&#038;p=2814"},"modified":"2023-10-12T18:39:03","modified_gmt":"2023-10-12T18:39:03","slug":"zanka-and-its-surroundings-winery-cooperative","status":"publish","type":"product","link":"https:\/\/nivegy.com\/en\/termek\/zanka-and-its-surroundings-winery-cooperative\/","title":{"rendered":"Z\u00e1nka and its Surroundings Winery Cooperative"},"content":{"rendered":"<p><strong>Z\u00e1nka and Its Surroundings Winery Cooperative has been producing large-scale wine in Szentantalfa since 1964.<\/strong> Winemaking begins with viticulture, and many families in the area make a living from this activity as their main or sideline.<\/p>\n<p>Even today, the Winery Cooperative offers a reliable market for the harvested grapes, and sells wines made from typical grape varieties of the Nivegy Valley as wine by the glass and in bottles. We also provide the opportunity to purchase these products in our winery in Szentantalfa during opening hours.<\/p>\n<h4>Wine selection<\/h4>\n<p>Juhfark, Blaufr\u00e4nkisch, Welschriesling, M\u00fcller-Thurgau, Ros\u00e9, Pinot Grigio, Zweigelt<\/p>\n","protected":false},"excerpt":{"rendered":"<p>Z\u00e1nka and Its Surroundings Winery Cooperative has been producing large-scale wine in Szentantalfa since 1964. Winemaking begins with viticulture, and many families in the area make a living from this activity as their main or sideline. Even today, the Winery Cooperative offers a reliable market for the harvested grapes, and sells wines made from typical [&hellip;]<\/p>\n","protected":false},"featured_media":3303,"comment_status":"closed","ping_status":"closed","template":"","meta":{"_acf_changed":false},"product_brand":[],"product_cat":[324],"product_tag":[],"class_list":{"0":"post-2814","1":"product","2":"type-product","3":"status-publish","4":"has-post-thumbnail","6":"product_cat-winery","8":"first","9":"instock","10":"shipping-taxable","11":"product-type-simple"},"acf":[],"yoast_head":"<!-- This site is optimized with the Yoast SEO plugin v27.4 - https:\/\/yoast.com\/product\/yoast-seo-wordpress\/ -->\n<title>Z\u00e1nka and its Surroundings Winery Cooperative - Nivegy.com<\/title>\n<meta name=\"description\" content=\"Z\u00e1nka and Its Surroundings Winery Cooperative has been producing large-scale wine in Szentantalfa (Nivegy Valley) since 1964.\" \/>\n<meta name=\"robots\" content=\"index, follow, max-snippet:-1, max-image-preview:large, max-video-preview:-1\" \/>\n<link rel=\"canonical\" href=\"https:\/\/nivegy.com\/en\/termek\/zanka-and-its-surroundings-winery-cooperative\/\" \/>\n<meta property=\"og:locale\" content=\"en_US\" \/>\n<meta property=\"og:type\" content=\"article\" \/>\n<meta property=\"og:title\" content=\"Z\u00e1nka and its Surroundings Winery Cooperative - Nivegy.com\" \/>\n<meta property=\"og:description\" content=\"Z\u00e1nka and Its Surroundings Winery Cooperative has been producing large-scale wine in Szentantalfa (Nivegy Valley) since 1964.\" \/>\n<meta property=\"og:url\" content=\"https:\/\/nivegy.com\/en\/termek\/zanka-and-its-surroundings-winery-cooperative\/\" \/>\n<meta property=\"og:site_name\" content=\"Nivegy.com\" \/>\n<meta property=\"article:publisher\" content=\"https:\/\/www.facebook.com\/nivegy\" \/>\n<meta property=\"article:modified_time\" content=\"2023-10-12T18:39:03+00:00\" \/>\n<meta property=\"og:image\" content=\"https:\/\/nivegy.com\/wp-content\/uploads\/2023\/07\/P-Pinceszovetkezet.webp\" \/>\n\t<meta property=\"og:image:width\" content=\"1000\" \/>\n\t<meta property=\"og:image:height\" content=\"1000\" \/>\n\t<meta property=\"og:image:type\" content=\"image\/webp\" \/>\n<meta name=\"twitter:card\" content=\"summary_large_image\" \/>\n<meta name=\"twitter:label1\" content=\"Est. reading time\" \/>\n\t<meta name=\"twitter:data1\" content=\"1 minute\" \/>\n<script type=\"application\/ld+json\" class=\"yoast-schema-graph\">{\"@context\":\"https:\\\/\\\/schema.org\",\"@graph\":[{\"@type\":\"WebPage\",\"@id\":\"https:\\\/\\\/nivegy.com\\\/en\\\/termek\\\/zanka-and-its-surroundings-winery-cooperative\\\/\",\"url\":\"https:\\\/\\\/nivegy.com\\\/en\\\/termek\\\/zanka-and-its-surroundings-winery-cooperative\\\/\",\"name\":\"Z\u00e1nka and its Surroundings Winery Cooperative - Nivegy.com\",\"isPartOf\":{\"@id\":\"https:\\\/\\\/nivegy.com\\\/#website\"},\"primaryImageOfPage\":{\"@id\":\"https:\\\/\\\/nivegy.com\\\/en\\\/termek\\\/zanka-and-its-surroundings-winery-cooperative\\\/#primaryimage\"},\"image\":{\"@id\":\"https:\\\/\\\/nivegy.com\\\/en\\\/termek\\\/zanka-and-its-surroundings-winery-cooperative\\\/#primaryimage\"},\"thumbnailUrl\":\"https:\\\/\\\/nivegy.com\\\/wp-content\\\/uploads\\\/2023\\\/07\\\/P-Pinceszovetkezet.webp\",\"datePublished\":\"2023-07-02T17:56:12+00:00\",\"dateModified\":\"2023-10-12T18:39:03+00:00\",\"description\":\"Z\u00e1nka and Its Surroundings Winery Cooperative has been producing large-scale wine in Szentantalfa (Nivegy Valley) since 1964.\",\"breadcrumb\":{\"@id\":\"https:\\\/\\\/nivegy.com\\\/en\\\/termek\\\/zanka-and-its-surroundings-winery-cooperative\\\/#breadcrumb\"},\"inLanguage\":\"en-US\",\"potentialAction\":[{\"@type\":\"ReadAction\",\"target\":[\"https:\\\/\\\/nivegy.com\\\/en\\\/termek\\\/zanka-and-its-surroundings-winery-cooperative\\\/\"]}]},{\"@type\":\"ImageObject\",\"inLanguage\":\"en-US\",\"@id\":\"https:\\\/\\\/nivegy.com\\\/en\\\/termek\\\/zanka-and-its-surroundings-winery-cooperative\\\/#primaryimage\",\"url\":\"https:\\\/\\\/nivegy.com\\\/wp-content\\\/uploads\\\/2023\\\/07\\\/P-Pinceszovetkezet.webp\",\"contentUrl\":\"https:\\\/\\\/nivegy.com\\\/wp-content\\\/uploads\\\/2023\\\/07\\\/P-Pinceszovetkezet.webp\",\"width\":1000,\"height\":1000,\"caption\":\"\u00c9lelmiszeripari Pincesz\u00f6vetkezet Winery Cooperative\"},{\"@type\":\"BreadcrumbList\",\"@id\":\"https:\\\/\\\/nivegy.com\\\/en\\\/termek\\\/zanka-and-its-surroundings-winery-cooperative\\\/#breadcrumb\",\"itemListElement\":[{\"@type\":\"ListItem\",\"position\":1,\"name\":\"Kezd\u0151lap\",\"item\":\"https:\\\/\\\/nivegy.com\\\/en\\\/\"},{\"@type\":\"ListItem\",\"position\":2,\"name\":\"Z\u00e1nka and its Surroundings Winery Cooperative\"}]},{\"@type\":\"WebSite\",\"@id\":\"https:\\\/\\\/nivegy.com\\\/#website\",\"url\":\"https:\\\/\\\/nivegy.com\\\/\",\"name\":\"Nivegy.com\",\"description\":\"Egy v\u00f6lgy, \u00f6t falu, v\u00e9gtelen csoda\",\"potentialAction\":[{\"@type\":\"SearchAction\",\"target\":{\"@type\":\"EntryPoint\",\"urlTemplate\":\"https:\\\/\\\/nivegy.com\\\/?s={search_term_string}\"},\"query-input\":{\"@type\":\"PropertyValueSpecification\",\"valueRequired\":true,\"valueName\":\"search_term_string\"}}],\"inLanguage\":\"en-US\"}]}<\/script>\n<!-- \/ Yoast SEO plugin. -->","yoast_head_json":{"title":"Z\u00e1nka and its Surroundings Winery Cooperative - Nivegy.com","description":"Z\u00e1nka and Its Surroundings Winery Cooperative has been producing large-scale wine in Szentantalfa (Nivegy Valley) since 1964.","robots":{"index":"index","follow":"follow","max-snippet":"max-snippet:-1","max-image-preview":"max-image-preview:large","max-video-preview":"max-video-preview:-1"},"canonical":"https:\/\/nivegy.com\/en\/termek\/zanka-and-its-surroundings-winery-cooperative\/","og_locale":"en_US","og_type":"article","og_title":"Z\u00e1nka and its Surroundings Winery Cooperative - Nivegy.com","og_description":"Z\u00e1nka and Its Surroundings Winery Cooperative has been producing large-scale wine in Szentantalfa (Nivegy Valley) since 1964.","og_url":"https:\/\/nivegy.com\/en\/termek\/zanka-and-its-surroundings-winery-cooperative\/","og_site_name":"Nivegy.com","article_publisher":"https:\/\/www.facebook.com\/nivegy","article_modified_time":"2023-10-12T18:39:03+00:00","og_image":[{"width":1000,"height":1000,"url":"https:\/\/nivegy.com\/wp-content\/uploads\/2023\/07\/P-Pinceszovetkezet.webp","type":"image\/webp"}],"twitter_card":"summary_large_image","twitter_misc":{"Est. reading time":"1 minute"},"schema":{"@context":"https:\/\/schema.org","@graph":[{"@type":"WebPage","@id":"https:\/\/nivegy.com\/en\/termek\/zanka-and-its-surroundings-winery-cooperative\/","url":"https:\/\/nivegy.com\/en\/termek\/zanka-and-its-surroundings-winery-cooperative\/","name":"Z\u00e1nka and its Surroundings Winery Cooperative - Nivegy.com","isPartOf":{"@id":"https:\/\/nivegy.com\/#website"},"primaryImageOfPage":{"@id":"https:\/\/nivegy.com\/en\/termek\/zanka-and-its-surroundings-winery-cooperative\/#primaryimage"},"image":{"@id":"https:\/\/nivegy.com\/en\/termek\/zanka-and-its-surroundings-winery-cooperative\/#primaryimage"},"thumbnailUrl":"https:\/\/nivegy.com\/wp-content\/uploads\/2023\/07\/P-Pinceszovetkezet.webp","datePublished":"2023-07-02T17:56:12+00:00","dateModified":"2023-10-12T18:39:03+00:00","description":"Z\u00e1nka and Its Surroundings Winery Cooperative has been producing large-scale wine in Szentantalfa (Nivegy Valley) since 1964.","breadcrumb":{"@id":"https:\/\/nivegy.com\/en\/termek\/zanka-and-its-surroundings-winery-cooperative\/#breadcrumb"},"inLanguage":"en-US","potentialAction":[{"@type":"ReadAction","target":["https:\/\/nivegy.com\/en\/termek\/zanka-and-its-surroundings-winery-cooperative\/"]}]},{"@type":"ImageObject","inLanguage":"en-US","@id":"https:\/\/nivegy.com\/en\/termek\/zanka-and-its-surroundings-winery-cooperative\/#primaryimage","url":"https:\/\/nivegy.com\/wp-content\/uploads\/2023\/07\/P-Pinceszovetkezet.webp","contentUrl":"https:\/\/nivegy.com\/wp-content\/uploads\/2023\/07\/P-Pinceszovetkezet.webp","width":1000,"height":1000,"caption":"\u00c9lelmiszeripari Pincesz\u00f6vetkezet Winery Cooperative"},{"@type":"BreadcrumbList","@id":"https:\/\/nivegy.com\/en\/termek\/zanka-and-its-surroundings-winery-cooperative\/#breadcrumb","itemListElement":[{"@type":"ListItem","position":1,"name":"Kezd\u0151lap","item":"https:\/\/nivegy.com\/en\/"},{"@type":"ListItem","position":2,"name":"Z\u00e1nka and its Surroundings Winery Cooperative"}]},{"@type":"WebSite","@id":"https:\/\/nivegy.com\/#website","url":"https:\/\/nivegy.com\/","name":"Nivegy.com","description":"Egy v\u00f6lgy, \u00f6t falu, v\u00e9gtelen csoda","potentialAction":[{"@type":"SearchAction","target":{"@type":"EntryPoint","urlTemplate":"https:\/\/nivegy.com\/?s={search_term_string}"},"query-input":{"@type":"PropertyValueSpecification","valueRequired":true,"valueName":"search_term_string"}}],"inLanguage":"en-US"}]}},"_links":{"self":[{"href":"https:\/\/nivegy.com\/en\/wp-json\/wp\/v2\/product\/2814","targetHints":{"allow":["GET"]}}],"collection":[{"href":"https:\/\/nivegy.com\/en\/wp-json\/wp\/v2\/product"}],"about":[{"href":"https:\/\/nivegy.com\/en\/wp-json\/wp\/v2\/types\/product"}],"replies":[{"embeddable":true,"href":"https:\/\/nivegy.com\/en\/wp-json\/wp\/v2\/comments?post=2814"}],"wp:featuredmedia":[{"embeddable":true,"href":"https:\/\/nivegy.com\/en\/wp-json\/wp\/v2\/media\/3303"}],"wp:attachment":[{"href":"https:\/\/nivegy.com\/en\/wp-json\/wp\/v2\/media?parent=2814"}],"wp:term":[{"taxonomy":"product_brand","embeddable":true,"href":"https:\/\/nivegy.com\/en\/wp-json\/wp\/v2\/product_brand?post=2814"},{"taxonomy":"product_cat","embeddable":true,"href":"https:\/\/nivegy.com\/en\/wp-json\/wp\/v2\/product_cat?post=2814"},{"taxonomy":"product_tag","embeddable":true,"href":"https:\/\/nivegy.com\/en\/wp-json\/wp\/v2\/product_tag?post=2814"}],"curies":[{"name":"wp","href":"https:\/\/api.w.org\/{rel}","templated":true}]}}