{"id":2748,"date":"2023-06-27T16:22:54","date_gmt":"2023-06-27T15:22:54","guid":{"rendered":"https:\/\/nivegy.com\/?post_type=product&#038;p=2748"},"modified":"2023-11-22T14:22:38","modified_gmt":"2023-11-22T14:22:38","slug":"tagyon-estate-2","status":"publish","type":"product","link":"https:\/\/nivegy.com\/en\/termek\/tagyon-estate-2\/","title":{"rendered":"Tagyon Estate"},"content":{"rendered":"<p><strong>Tagyon Estate \u2019s accommodations offer a real relaxation to anyone who wants to get away from the hustle and bustle of everyday life. There are different types of accommodation in our estate, each of them has a unique atmosphere and guarantees a pleasant experience for those staying here.<\/strong><\/p>\n<p><a href=\"https:\/\/tagyonbirtok.hu\/szallas\/\">Tagyon Hill apartments<\/a>* are recommended for those who aspire after a romantic and quiet environment near Lake Balaton. For a complete peace of mind, the apartments are free of Wi-Fi so that our guests can fully relax and enjoy the tranquillity of the surrounding nature.<\/p>\n<p>*The facilities and sizes of our apartments are varying, so that everyone has the chance to find the accommodation that suits the best. Apartments that can be booked: Royal, Tonsil, Late Harvest, Panorama, Tulip, Barrel.<\/p>\n<p>Take a look at our offers and choose the accommodation that suits You the best on Tagyon Hill!<\/p>\n","protected":false},"excerpt":{"rendered":"<p>Tagyon Estate \u2019s accommodations offer a real relaxation to anyone who wants to get away from the hustle and bustle of everyday life. There are different types of accommodation in our estate, each of them has a unique atmosphere and guarantees a pleasant experience for those staying here. Tagyon Hill apartments* are recommended for those [&hellip;]<\/p>\n","protected":false},"featured_media":3332,"comment_status":"closed","ping_status":"closed","template":"","meta":{"_acf_changed":false},"product_brand":[],"product_cat":[325],"product_tag":[],"class_list":{"0":"post-2748","1":"product","2":"type-product","3":"status-publish","4":"has-post-thumbnail","6":"product_cat-accommodation","8":"first","9":"instock","10":"shipping-taxable","11":"product-type-simple"},"acf":[],"yoast_head":"<!-- This site is optimized with the Yoast SEO plugin v27.4 - https:\/\/yoast.com\/product\/yoast-seo-wordpress\/ -->\n<title>Tagyon Estate - Nivegy.com<\/title>\n<meta name=\"description\" content=\"Tagyon Estate \u2019s accommodations offer a real relaxation to anyone who wants to get away from the hustle and bustle of everyday life.\" \/>\n<meta name=\"robots\" content=\"index, follow, max-snippet:-1, max-image-preview:large, max-video-preview:-1\" \/>\n<link rel=\"canonical\" href=\"https:\/\/nivegy.com\/en\/termek\/tagyon-estate-2\/\" \/>\n<meta property=\"og:locale\" content=\"en_US\" \/>\n<meta property=\"og:type\" content=\"article\" \/>\n<meta property=\"og:title\" content=\"Tagyon Estate - Nivegy.com\" \/>\n<meta property=\"og:description\" content=\"Tagyon Estate \u2019s accommodations offer a real relaxation to anyone who wants to get away from the hustle and bustle of everyday life.\" \/>\n<meta property=\"og:url\" content=\"https:\/\/nivegy.com\/en\/termek\/tagyon-estate-2\/\" \/>\n<meta property=\"og:site_name\" content=\"Nivegy.com\" \/>\n<meta property=\"article:publisher\" content=\"https:\/\/www.facebook.com\/nivegy\" \/>\n<meta property=\"article:modified_time\" content=\"2023-11-22T14:22:38+00:00\" \/>\n<meta property=\"og:image\" content=\"https:\/\/nivegy.com\/wp-content\/uploads\/2023\/06\/Sz-tagyon-birtok.webp\" \/>\n\t<meta property=\"og:image:width\" content=\"883\" \/>\n\t<meta property=\"og:image:height\" content=\"883\" \/>\n\t<meta property=\"og:image:type\" content=\"image\/webp\" \/>\n<meta name=\"twitter:card\" content=\"summary_large_image\" \/>\n<meta name=\"twitter:label1\" content=\"Est. reading time\" \/>\n\t<meta name=\"twitter:data1\" content=\"1 minute\" \/>\n<script type=\"application\/ld+json\" class=\"yoast-schema-graph\">{\"@context\":\"https:\\\/\\\/schema.org\",\"@graph\":[{\"@type\":\"WebPage\",\"@id\":\"https:\\\/\\\/nivegy.com\\\/en\\\/termek\\\/tagyon-estate-2\\\/\",\"url\":\"https:\\\/\\\/nivegy.com\\\/en\\\/termek\\\/tagyon-estate-2\\\/\",\"name\":\"Tagyon Estate - Nivegy.com\",\"isPartOf\":{\"@id\":\"https:\\\/\\\/nivegy.com\\\/#website\"},\"primaryImageOfPage\":{\"@id\":\"https:\\\/\\\/nivegy.com\\\/en\\\/termek\\\/tagyon-estate-2\\\/#primaryimage\"},\"image\":{\"@id\":\"https:\\\/\\\/nivegy.com\\\/en\\\/termek\\\/tagyon-estate-2\\\/#primaryimage\"},\"thumbnailUrl\":\"https:\\\/\\\/nivegy.com\\\/wp-content\\\/uploads\\\/2023\\\/06\\\/Sz-tagyon-birtok.webp\",\"datePublished\":\"2023-06-27T15:22:54+00:00\",\"dateModified\":\"2023-11-22T14:22:38+00:00\",\"description\":\"Tagyon Estate \u2019s accommodations offer a real relaxation to anyone who wants to get away from the hustle and bustle of everyday life.\",\"breadcrumb\":{\"@id\":\"https:\\\/\\\/nivegy.com\\\/en\\\/termek\\\/tagyon-estate-2\\\/#breadcrumb\"},\"inLanguage\":\"en-US\",\"potentialAction\":[{\"@type\":\"ReadAction\",\"target\":[\"https:\\\/\\\/nivegy.com\\\/en\\\/termek\\\/tagyon-estate-2\\\/\"]}]},{\"@type\":\"ImageObject\",\"inLanguage\":\"en-US\",\"@id\":\"https:\\\/\\\/nivegy.com\\\/en\\\/termek\\\/tagyon-estate-2\\\/#primaryimage\",\"url\":\"https:\\\/\\\/nivegy.com\\\/wp-content\\\/uploads\\\/2023\\\/06\\\/Sz-tagyon-birtok.webp\",\"contentUrl\":\"https:\\\/\\\/nivegy.com\\\/wp-content\\\/uploads\\\/2023\\\/06\\\/Sz-tagyon-birtok.webp\",\"width\":883,\"height\":883,\"caption\":\"Tagyon Birtok Tagyon Estate\"},{\"@type\":\"BreadcrumbList\",\"@id\":\"https:\\\/\\\/nivegy.com\\\/en\\\/termek\\\/tagyon-estate-2\\\/#breadcrumb\",\"itemListElement\":[{\"@type\":\"ListItem\",\"position\":1,\"name\":\"Kezd\u0151lap\",\"item\":\"https:\\\/\\\/nivegy.com\\\/en\\\/\"},{\"@type\":\"ListItem\",\"position\":2,\"name\":\"Tagyon Estate\"}]},{\"@type\":\"WebSite\",\"@id\":\"https:\\\/\\\/nivegy.com\\\/#website\",\"url\":\"https:\\\/\\\/nivegy.com\\\/\",\"name\":\"Nivegy.com\",\"description\":\"Egy v\u00f6lgy, \u00f6t falu, v\u00e9gtelen csoda\",\"potentialAction\":[{\"@type\":\"SearchAction\",\"target\":{\"@type\":\"EntryPoint\",\"urlTemplate\":\"https:\\\/\\\/nivegy.com\\\/?s={search_term_string}\"},\"query-input\":{\"@type\":\"PropertyValueSpecification\",\"valueRequired\":true,\"valueName\":\"search_term_string\"}}],\"inLanguage\":\"en-US\"}]}<\/script>\n<!-- \/ Yoast SEO plugin. -->","yoast_head_json":{"title":"Tagyon Estate - Nivegy.com","description":"Tagyon Estate \u2019s accommodations offer a real relaxation to anyone who wants to get away from the hustle and bustle of everyday life.","robots":{"index":"index","follow":"follow","max-snippet":"max-snippet:-1","max-image-preview":"max-image-preview:large","max-video-preview":"max-video-preview:-1"},"canonical":"https:\/\/nivegy.com\/en\/termek\/tagyon-estate-2\/","og_locale":"en_US","og_type":"article","og_title":"Tagyon Estate - Nivegy.com","og_description":"Tagyon Estate \u2019s accommodations offer a real relaxation to anyone who wants to get away from the hustle and bustle of everyday life.","og_url":"https:\/\/nivegy.com\/en\/termek\/tagyon-estate-2\/","og_site_name":"Nivegy.com","article_publisher":"https:\/\/www.facebook.com\/nivegy","article_modified_time":"2023-11-22T14:22:38+00:00","og_image":[{"width":883,"height":883,"url":"https:\/\/nivegy.com\/wp-content\/uploads\/2023\/06\/Sz-tagyon-birtok.webp","type":"image\/webp"}],"twitter_card":"summary_large_image","twitter_misc":{"Est. reading time":"1 minute"},"schema":{"@context":"https:\/\/schema.org","@graph":[{"@type":"WebPage","@id":"https:\/\/nivegy.com\/en\/termek\/tagyon-estate-2\/","url":"https:\/\/nivegy.com\/en\/termek\/tagyon-estate-2\/","name":"Tagyon Estate - Nivegy.com","isPartOf":{"@id":"https:\/\/nivegy.com\/#website"},"primaryImageOfPage":{"@id":"https:\/\/nivegy.com\/en\/termek\/tagyon-estate-2\/#primaryimage"},"image":{"@id":"https:\/\/nivegy.com\/en\/termek\/tagyon-estate-2\/#primaryimage"},"thumbnailUrl":"https:\/\/nivegy.com\/wp-content\/uploads\/2023\/06\/Sz-tagyon-birtok.webp","datePublished":"2023-06-27T15:22:54+00:00","dateModified":"2023-11-22T14:22:38+00:00","description":"Tagyon Estate \u2019s accommodations offer a real relaxation to anyone who wants to get away from the hustle and bustle of everyday life.","breadcrumb":{"@id":"https:\/\/nivegy.com\/en\/termek\/tagyon-estate-2\/#breadcrumb"},"inLanguage":"en-US","potentialAction":[{"@type":"ReadAction","target":["https:\/\/nivegy.com\/en\/termek\/tagyon-estate-2\/"]}]},{"@type":"ImageObject","inLanguage":"en-US","@id":"https:\/\/nivegy.com\/en\/termek\/tagyon-estate-2\/#primaryimage","url":"https:\/\/nivegy.com\/wp-content\/uploads\/2023\/06\/Sz-tagyon-birtok.webp","contentUrl":"https:\/\/nivegy.com\/wp-content\/uploads\/2023\/06\/Sz-tagyon-birtok.webp","width":883,"height":883,"caption":"Tagyon Birtok Tagyon Estate"},{"@type":"BreadcrumbList","@id":"https:\/\/nivegy.com\/en\/termek\/tagyon-estate-2\/#breadcrumb","itemListElement":[{"@type":"ListItem","position":1,"name":"Kezd\u0151lap","item":"https:\/\/nivegy.com\/en\/"},{"@type":"ListItem","position":2,"name":"Tagyon Estate"}]},{"@type":"WebSite","@id":"https:\/\/nivegy.com\/#website","url":"https:\/\/nivegy.com\/","name":"Nivegy.com","description":"Egy v\u00f6lgy, \u00f6t falu, v\u00e9gtelen csoda","potentialAction":[{"@type":"SearchAction","target":{"@type":"EntryPoint","urlTemplate":"https:\/\/nivegy.com\/?s={search_term_string}"},"query-input":{"@type":"PropertyValueSpecification","valueRequired":true,"valueName":"search_term_string"}}],"inLanguage":"en-US"}]}},"_links":{"self":[{"href":"https:\/\/nivegy.com\/en\/wp-json\/wp\/v2\/product\/2748","targetHints":{"allow":["GET"]}}],"collection":[{"href":"https:\/\/nivegy.com\/en\/wp-json\/wp\/v2\/product"}],"about":[{"href":"https:\/\/nivegy.com\/en\/wp-json\/wp\/v2\/types\/product"}],"replies":[{"embeddable":true,"href":"https:\/\/nivegy.com\/en\/wp-json\/wp\/v2\/comments?post=2748"}],"wp:featuredmedia":[{"embeddable":true,"href":"https:\/\/nivegy.com\/en\/wp-json\/wp\/v2\/media\/3332"}],"wp:attachment":[{"href":"https:\/\/nivegy.com\/en\/wp-json\/wp\/v2\/media?parent=2748"}],"wp:term":[{"taxonomy":"product_brand","embeddable":true,"href":"https:\/\/nivegy.com\/en\/wp-json\/wp\/v2\/product_brand?post=2748"},{"taxonomy":"product_cat","embeddable":true,"href":"https:\/\/nivegy.com\/en\/wp-json\/wp\/v2\/product_cat?post=2748"},{"taxonomy":"product_tag","embeddable":true,"href":"https:\/\/nivegy.com\/en\/wp-json\/wp\/v2\/product_tag?post=2748"}],"curies":[{"name":"wp","href":"https:\/\/api.w.org\/{rel}","templated":true}]}}