{"id":2745,"date":"2023-06-27T12:39:33","date_gmt":"2023-06-27T11:39:33","guid":{"rendered":"https:\/\/nivegy.com\/?post_type=product&#038;p=2745"},"modified":"2025-07-19T11:54:16","modified_gmt":"2025-07-19T11:54:16","slug":"makra-artisanal-bakery","status":"publish","type":"product","link":"https:\/\/nivegy.com\/en\/termek\/makra-artisanal-bakery\/","title":{"rendered":"Makra Artisanal Bakery"},"content":{"rendered":"<p><strong>The Makra Artisan Bakery is the realisation of a 10-year dream, created through a family partnership. Located on S\u00f3si Road in Szentantalfa, the <a href=\"https:\/\/makrapekseg.hu\/\">bakery<\/a> opened its doors in August 2022.<\/strong><\/p>\n<p>Their popular sourdough products are made naturally, without artificial additives. The breads and other savoury delicacies in their bakery range are made with Parajdi salt and leaven. Their permanent range includes baguettes, hamburger buns, kornspitz, ciabatta, pretzels, scones and various breads.<\/p>\n<p>Besides savoury products, you can also find hand-formed crispy buns and sweet delicacies at Makra Artisan Bakery. Butter is an important ingredient in crescent rolls, which gives them a rich flavour and creamy texture. The range is constantly expanding and renewing, with pastries made from sourdough pastry, braided scones and apple pies. Cocoa and walnut snails, jam buktas and sponge cakes are the constant of the range.<\/p>\n<p>The full range of products can also be found in the markets in the surrounding areas of <a href=\"https:\/\/www.facebook.com\/people\/Lit%C3%A9ri-Piac-%C3%A9s-V%C3%A1s%C3%A1rt%C3%A9r\/100095367500086\/\">Lit\u00e9r<\/a>, R\u00e9vf\u00fcl\u00f6p and Nagyv\u00e1zsony, and in their shop located in <a href=\"https:\/\/maps.app.goo.gl\/YjF4SFow4qykKuSD7\">Lit\u00e9r<\/a>. They also sell their freshly baked products on Fridays between 17.00 and 20.00 at the Nivegy Liget market in Szentantalfa.<\/p>\n<p>The bakery&#8217;s artisan products can be found not only at the markets, but also in the local <a href=\"https:\/\/nivegy.com\/en\/termek\/dns-2\/\">breakfast place<\/a> and in <a href=\"https:\/\/nivegy.com\/en\/termek\/breakfast-delivery\/\">R\u00f3k\u00e1n\u00e9&#8217;s basket<\/a>. Makra Artisan Bakery takes pre-orders for weddings and small events!<\/p>\n","protected":false},"excerpt":{"rendered":"<p>The Makra Artisan Bakery is the realisation of a 10-year dream, created through a family partnership. Located on S\u00f3si Road in Szentantalfa, the bakery opened its doors in August 2022. Their popular sourdough products are made naturally, without artificial additives. The breads and other savoury delicacies in their bakery range are made with Parajdi salt [&hellip;]<\/p>\n","protected":false},"featured_media":5868,"comment_status":"closed","ping_status":"closed","template":"","meta":{"_acf_changed":false},"product_brand":[],"product_cat":[327],"product_tag":[],"class_list":{"0":"post-2745","1":"product","2":"type-product","3":"status-publish","4":"has-post-thumbnail","6":"product_cat-manufacturer","8":"first","9":"instock","10":"shipping-taxable","11":"product-type-simple"},"acf":[],"yoast_head":"<!-- This site is optimized with the Yoast SEO plugin v27.4 - https:\/\/yoast.com\/product\/yoast-seo-wordpress\/ -->\n<title>Makra Artisan Bakery - Nivegy.com<\/title>\n<meta name=\"description\" content=\"Breads and other baked goods available in Makra Artisan Bakery are made with Parajd salt and leaven which make them fresh and savour\" \/>\n<meta name=\"robots\" content=\"index, follow, max-snippet:-1, max-image-preview:large, max-video-preview:-1\" \/>\n<link rel=\"canonical\" href=\"https:\/\/nivegy.com\/en\/termek\/makra-artisanal-bakery\/\" \/>\n<meta property=\"og:locale\" content=\"en_US\" \/>\n<meta property=\"og:type\" content=\"article\" \/>\n<meta property=\"og:title\" content=\"Makra Artisan Bakery - Nivegy.com\" \/>\n<meta property=\"og:description\" content=\"Breads and other baked goods available in Makra Artisan Bakery are made with Parajd salt and leaven which make them fresh and savour\" \/>\n<meta property=\"og:url\" content=\"https:\/\/nivegy.com\/en\/termek\/makra-artisanal-bakery\/\" \/>\n<meta property=\"og:site_name\" content=\"Nivegy.com\" \/>\n<meta property=\"article:publisher\" content=\"https:\/\/www.facebook.com\/nivegy\" \/>\n<meta property=\"article:modified_time\" content=\"2025-07-19T11:54:16+00:00\" \/>\n<meta property=\"og:image\" content=\"https:\/\/nivegy.com\/wp-content\/uploads\/2023\/06\/Makra-Kezmuves-Pekseg.webp\" \/>\n\t<meta property=\"og:image:width\" content=\"850\" \/>\n\t<meta property=\"og:image:height\" content=\"850\" \/>\n\t<meta property=\"og:image:type\" content=\"image\/webp\" \/>\n<meta name=\"twitter:card\" content=\"summary_large_image\" \/>\n<meta name=\"twitter:label1\" content=\"Est. reading time\" \/>\n\t<meta name=\"twitter:data1\" content=\"2 minutes\" \/>\n<script type=\"application\/ld+json\" class=\"yoast-schema-graph\">{\"@context\":\"https:\\\/\\\/schema.org\",\"@graph\":[{\"@type\":\"WebPage\",\"@id\":\"https:\\\/\\\/nivegy.com\\\/en\\\/termek\\\/makra-artisanal-bakery\\\/\",\"url\":\"https:\\\/\\\/nivegy.com\\\/en\\\/termek\\\/makra-artisanal-bakery\\\/\",\"name\":\"Makra Artisan Bakery - Nivegy.com\",\"isPartOf\":{\"@id\":\"https:\\\/\\\/nivegy.com\\\/#website\"},\"primaryImageOfPage\":{\"@id\":\"https:\\\/\\\/nivegy.com\\\/en\\\/termek\\\/makra-artisanal-bakery\\\/#primaryimage\"},\"image\":{\"@id\":\"https:\\\/\\\/nivegy.com\\\/en\\\/termek\\\/makra-artisanal-bakery\\\/#primaryimage\"},\"thumbnailUrl\":\"https:\\\/\\\/nivegy.com\\\/wp-content\\\/uploads\\\/2023\\\/06\\\/Makra-Kezmuves-Pekseg.webp\",\"datePublished\":\"2023-06-27T11:39:33+00:00\",\"dateModified\":\"2025-07-19T11:54:16+00:00\",\"description\":\"Breads and other baked goods available in Makra Artisan Bakery are made with Parajd salt and leaven which make them fresh and savour\",\"breadcrumb\":{\"@id\":\"https:\\\/\\\/nivegy.com\\\/en\\\/termek\\\/makra-artisanal-bakery\\\/#breadcrumb\"},\"inLanguage\":\"en-US\",\"potentialAction\":[{\"@type\":\"ReadAction\",\"target\":[\"https:\\\/\\\/nivegy.com\\\/en\\\/termek\\\/makra-artisanal-bakery\\\/\"]}]},{\"@type\":\"ImageObject\",\"inLanguage\":\"en-US\",\"@id\":\"https:\\\/\\\/nivegy.com\\\/en\\\/termek\\\/makra-artisanal-bakery\\\/#primaryimage\",\"url\":\"https:\\\/\\\/nivegy.com\\\/wp-content\\\/uploads\\\/2023\\\/06\\\/Makra-Kezmuves-Pekseg.webp\",\"contentUrl\":\"https:\\\/\\\/nivegy.com\\\/wp-content\\\/uploads\\\/2023\\\/06\\\/Makra-Kezmuves-Pekseg.webp\",\"width\":850,\"height\":850,\"caption\":\"Makra K\u00e9zm\u0171ves P\u00e9ks\u00e9g Makra Artisanal Bakery\"},{\"@type\":\"BreadcrumbList\",\"@id\":\"https:\\\/\\\/nivegy.com\\\/en\\\/termek\\\/makra-artisanal-bakery\\\/#breadcrumb\",\"itemListElement\":[{\"@type\":\"ListItem\",\"position\":1,\"name\":\"Kezd\u0151lap\",\"item\":\"https:\\\/\\\/nivegy.com\\\/en\\\/\"},{\"@type\":\"ListItem\",\"position\":2,\"name\":\"Makra Artisanal Bakery\"}]},{\"@type\":\"WebSite\",\"@id\":\"https:\\\/\\\/nivegy.com\\\/#website\",\"url\":\"https:\\\/\\\/nivegy.com\\\/\",\"name\":\"Nivegy.com\",\"description\":\"Egy v\u00f6lgy, \u00f6t falu, v\u00e9gtelen csoda\",\"potentialAction\":[{\"@type\":\"SearchAction\",\"target\":{\"@type\":\"EntryPoint\",\"urlTemplate\":\"https:\\\/\\\/nivegy.com\\\/?s={search_term_string}\"},\"query-input\":{\"@type\":\"PropertyValueSpecification\",\"valueRequired\":true,\"valueName\":\"search_term_string\"}}],\"inLanguage\":\"en-US\"}]}<\/script>\n<!-- \/ Yoast SEO plugin. -->","yoast_head_json":{"title":"Makra Artisan Bakery - Nivegy.com","description":"Breads and other baked goods available in Makra Artisan Bakery are made with Parajd salt and leaven which make them fresh and savour","robots":{"index":"index","follow":"follow","max-snippet":"max-snippet:-1","max-image-preview":"max-image-preview:large","max-video-preview":"max-video-preview:-1"},"canonical":"https:\/\/nivegy.com\/en\/termek\/makra-artisanal-bakery\/","og_locale":"en_US","og_type":"article","og_title":"Makra Artisan Bakery - Nivegy.com","og_description":"Breads and other baked goods available in Makra Artisan Bakery are made with Parajd salt and leaven which make them fresh and savour","og_url":"https:\/\/nivegy.com\/en\/termek\/makra-artisanal-bakery\/","og_site_name":"Nivegy.com","article_publisher":"https:\/\/www.facebook.com\/nivegy","article_modified_time":"2025-07-19T11:54:16+00:00","og_image":[{"width":850,"height":850,"url":"https:\/\/nivegy.com\/wp-content\/uploads\/2023\/06\/Makra-Kezmuves-Pekseg.webp","type":"image\/webp"}],"twitter_card":"summary_large_image","twitter_misc":{"Est. reading time":"2 minutes"},"schema":{"@context":"https:\/\/schema.org","@graph":[{"@type":"WebPage","@id":"https:\/\/nivegy.com\/en\/termek\/makra-artisanal-bakery\/","url":"https:\/\/nivegy.com\/en\/termek\/makra-artisanal-bakery\/","name":"Makra Artisan Bakery - Nivegy.com","isPartOf":{"@id":"https:\/\/nivegy.com\/#website"},"primaryImageOfPage":{"@id":"https:\/\/nivegy.com\/en\/termek\/makra-artisanal-bakery\/#primaryimage"},"image":{"@id":"https:\/\/nivegy.com\/en\/termek\/makra-artisanal-bakery\/#primaryimage"},"thumbnailUrl":"https:\/\/nivegy.com\/wp-content\/uploads\/2023\/06\/Makra-Kezmuves-Pekseg.webp","datePublished":"2023-06-27T11:39:33+00:00","dateModified":"2025-07-19T11:54:16+00:00","description":"Breads and other baked goods available in Makra Artisan Bakery are made with Parajd salt and leaven which make them fresh and savour","breadcrumb":{"@id":"https:\/\/nivegy.com\/en\/termek\/makra-artisanal-bakery\/#breadcrumb"},"inLanguage":"en-US","potentialAction":[{"@type":"ReadAction","target":["https:\/\/nivegy.com\/en\/termek\/makra-artisanal-bakery\/"]}]},{"@type":"ImageObject","inLanguage":"en-US","@id":"https:\/\/nivegy.com\/en\/termek\/makra-artisanal-bakery\/#primaryimage","url":"https:\/\/nivegy.com\/wp-content\/uploads\/2023\/06\/Makra-Kezmuves-Pekseg.webp","contentUrl":"https:\/\/nivegy.com\/wp-content\/uploads\/2023\/06\/Makra-Kezmuves-Pekseg.webp","width":850,"height":850,"caption":"Makra K\u00e9zm\u0171ves P\u00e9ks\u00e9g Makra Artisanal Bakery"},{"@type":"BreadcrumbList","@id":"https:\/\/nivegy.com\/en\/termek\/makra-artisanal-bakery\/#breadcrumb","itemListElement":[{"@type":"ListItem","position":1,"name":"Kezd\u0151lap","item":"https:\/\/nivegy.com\/en\/"},{"@type":"ListItem","position":2,"name":"Makra Artisanal Bakery"}]},{"@type":"WebSite","@id":"https:\/\/nivegy.com\/#website","url":"https:\/\/nivegy.com\/","name":"Nivegy.com","description":"Egy v\u00f6lgy, \u00f6t falu, v\u00e9gtelen csoda","potentialAction":[{"@type":"SearchAction","target":{"@type":"EntryPoint","urlTemplate":"https:\/\/nivegy.com\/?s={search_term_string}"},"query-input":{"@type":"PropertyValueSpecification","valueRequired":true,"valueName":"search_term_string"}}],"inLanguage":"en-US"}]}},"_links":{"self":[{"href":"https:\/\/nivegy.com\/en\/wp-json\/wp\/v2\/product\/2745","targetHints":{"allow":["GET"]}}],"collection":[{"href":"https:\/\/nivegy.com\/en\/wp-json\/wp\/v2\/product"}],"about":[{"href":"https:\/\/nivegy.com\/en\/wp-json\/wp\/v2\/types\/product"}],"replies":[{"embeddable":true,"href":"https:\/\/nivegy.com\/en\/wp-json\/wp\/v2\/comments?post=2745"}],"wp:featuredmedia":[{"embeddable":true,"href":"https:\/\/nivegy.com\/en\/wp-json\/wp\/v2\/media\/5868"}],"wp:attachment":[{"href":"https:\/\/nivegy.com\/en\/wp-json\/wp\/v2\/media?parent=2745"}],"wp:term":[{"taxonomy":"product_brand","embeddable":true,"href":"https:\/\/nivegy.com\/en\/wp-json\/wp\/v2\/product_brand?post=2745"},{"taxonomy":"product_cat","embeddable":true,"href":"https:\/\/nivegy.com\/en\/wp-json\/wp\/v2\/product_cat?post=2745"},{"taxonomy":"product_tag","embeddable":true,"href":"https:\/\/nivegy.com\/en\/wp-json\/wp\/v2\/product_tag?post=2745"}],"curies":[{"name":"wp","href":"https:\/\/api.w.org\/{rel}","templated":true}]}}