{"id":2742,"date":"2023-06-27T08:31:15","date_gmt":"2023-06-27T07:31:15","guid":{"rendered":"https:\/\/nivegy.com\/?post_type=product&#038;p=2742"},"modified":"2025-07-20T09:29:38","modified_gmt":"2025-07-20T09:29:38","slug":"tagyons-secret-pantry","status":"publish","type":"product","link":"https:\/\/nivegy.com\/en\/termek\/tagyons-secret-pantry\/","title":{"rendered":"Tagyon\u2019s Secret Pantry"},"content":{"rendered":"<p><strong>Tagyon\u2019s Secret Pantry has been a family-run business making homemade syrups and jams since 2014.<\/strong><\/p>\n<p>Truly good syrup or jam can only be made from natural ingredients. That\u2019s why their goal is to offer the highest-quality, sustainable products at affordable prices. In addition to using fruits and vegetables grown on their own land, they also pay great attention to incorporating wild herbs found in the <a href=\"https:\/\/nivegy.com\/en\/termek\/nivegy-valley\/\">Nivegy Valley<\/a>. For their handcrafted products, they select the best and most beautiful seasonal ingredients in harmony with nature&#8217;s rhythm.<\/p>\n<p>In addition to syrups and jams, one of the most unique products of Tagyon\u2019s Secret Pantry is their Jerusalem Artichoke Chips, made from dried Jerusalem artichoke tubers.<br \/>\nBecause this root vegetable is rich in fiber, vitamins, and minerals, it offers a much healthier alternative to traditional potato chips.<\/p>\n<p>Their products are available not only in Tagyon but also in Tihany. Jutka\u2019s artisan jams can also be found in <a href=\"https:\/\/rokanekosara.hu\/\">R\u00f3k\u00e1n\u00e9\u2019s Basket<\/a> (breakfast delivery).<\/p>\n<h4>Syrup selection:<\/h4>\n<p>Quince, elderflower, lemon balm, rosehip, strawberry, thyme, lavender, raspberry, sour cherry, mint, sage<\/p>\n<h4>Jam selection:<\/h4>\n<p>Rosehip, strawberry, raspberry, sour cherry, apricot, plum<\/p>\n<p>Please note: the product selection may vary by season!<\/p>\n","protected":false},"excerpt":{"rendered":"<p>Tagyon\u2019s Secret Pantry has been a family-run business making homemade syrups and jams since 2014. Truly good syrup or jam can only be made from natural ingredients. That\u2019s why their goal is to offer the highest-quality, sustainable products at affordable prices. In addition to using fruits and vegetables grown on their own land, they also [&hellip;]<\/p>\n","protected":false},"featured_media":4252,"comment_status":"closed","ping_status":"closed","template":"","meta":{"_acf_changed":false},"product_brand":[],"product_cat":[327],"product_tag":[],"class_list":{"0":"post-2742","1":"product","2":"type-product","3":"status-publish","4":"has-post-thumbnail","6":"product_cat-manufacturer","8":"first","9":"instock","10":"shipping-taxable","11":"product-type-simple"},"acf":[],"yoast_head":"<!-- This site is optimized with the Yoast SEO plugin v27.4 - https:\/\/yoast.com\/product\/yoast-seo-wordpress\/ -->\n<title>Tagyon\u2019s Secret Pantry - Nivegy.com<\/title>\n<meta name=\"description\" content=\"Tagyon\u2019s Secret Pantry a family business has been making homemade syrups and marmalades since 2014. Another special product: Jerusalem Artichoke Chips.\" \/>\n<meta name=\"robots\" content=\"index, follow, max-snippet:-1, max-image-preview:large, max-video-preview:-1\" \/>\n<link rel=\"canonical\" href=\"https:\/\/nivegy.com\/en\/termek\/tagyons-secret-pantry\/\" \/>\n<meta property=\"og:locale\" content=\"en_US\" \/>\n<meta property=\"og:type\" content=\"article\" \/>\n<meta property=\"og:title\" content=\"Tagyon\u2019s Secret Pantry - Nivegy.com\" \/>\n<meta property=\"og:description\" content=\"Tagyon\u2019s Secret Pantry a family business has been making homemade syrups and marmalades since 2014. Another special product: Jerusalem Artichoke Chips.\" \/>\n<meta property=\"og:url\" content=\"https:\/\/nivegy.com\/en\/termek\/tagyons-secret-pantry\/\" \/>\n<meta property=\"og:site_name\" content=\"Nivegy.com\" \/>\n<meta property=\"article:publisher\" content=\"https:\/\/www.facebook.com\/nivegy\" \/>\n<meta property=\"article:modified_time\" content=\"2025-07-20T09:29:38+00:00\" \/>\n<meta property=\"og:image\" content=\"https:\/\/nivegy.com\/wp-content\/uploads\/2023\/06\/T-Tagyon-titkos-kamraja.webp\" \/>\n\t<meta property=\"og:image:width\" content=\"1000\" \/>\n\t<meta property=\"og:image:height\" content=\"1000\" \/>\n\t<meta property=\"og:image:type\" content=\"image\/webp\" \/>\n<meta name=\"twitter:card\" content=\"summary_large_image\" \/>\n<meta name=\"twitter:label1\" content=\"Est. reading time\" \/>\n\t<meta name=\"twitter:data1\" content=\"2 minutes\" \/>\n<script type=\"application\/ld+json\" class=\"yoast-schema-graph\">{\"@context\":\"https:\\\/\\\/schema.org\",\"@graph\":[{\"@type\":\"WebPage\",\"@id\":\"https:\\\/\\\/nivegy.com\\\/en\\\/termek\\\/tagyons-secret-pantry\\\/\",\"url\":\"https:\\\/\\\/nivegy.com\\\/en\\\/termek\\\/tagyons-secret-pantry\\\/\",\"name\":\"Tagyon\u2019s Secret Pantry - Nivegy.com\",\"isPartOf\":{\"@id\":\"https:\\\/\\\/nivegy.com\\\/#website\"},\"primaryImageOfPage\":{\"@id\":\"https:\\\/\\\/nivegy.com\\\/en\\\/termek\\\/tagyons-secret-pantry\\\/#primaryimage\"},\"image\":{\"@id\":\"https:\\\/\\\/nivegy.com\\\/en\\\/termek\\\/tagyons-secret-pantry\\\/#primaryimage\"},\"thumbnailUrl\":\"https:\\\/\\\/nivegy.com\\\/wp-content\\\/uploads\\\/2023\\\/06\\\/T-Tagyon-titkos-kamraja.webp\",\"datePublished\":\"2023-06-27T07:31:15+00:00\",\"dateModified\":\"2025-07-20T09:29:38+00:00\",\"description\":\"Tagyon\u2019s Secret Pantry a family business has been making homemade syrups and marmalades since 2014. Another special product: Jerusalem Artichoke Chips.\",\"breadcrumb\":{\"@id\":\"https:\\\/\\\/nivegy.com\\\/en\\\/termek\\\/tagyons-secret-pantry\\\/#breadcrumb\"},\"inLanguage\":\"en-US\",\"potentialAction\":[{\"@type\":\"ReadAction\",\"target\":[\"https:\\\/\\\/nivegy.com\\\/en\\\/termek\\\/tagyons-secret-pantry\\\/\"]}]},{\"@type\":\"ImageObject\",\"inLanguage\":\"en-US\",\"@id\":\"https:\\\/\\\/nivegy.com\\\/en\\\/termek\\\/tagyons-secret-pantry\\\/#primaryimage\",\"url\":\"https:\\\/\\\/nivegy.com\\\/wp-content\\\/uploads\\\/2023\\\/06\\\/T-Tagyon-titkos-kamraja.webp\",\"contentUrl\":\"https:\\\/\\\/nivegy.com\\\/wp-content\\\/uploads\\\/2023\\\/06\\\/T-Tagyon-titkos-kamraja.webp\",\"width\":1000,\"height\":1000,\"caption\":\"Tagyon\u2019s Secret Pantry\"},{\"@type\":\"BreadcrumbList\",\"@id\":\"https:\\\/\\\/nivegy.com\\\/en\\\/termek\\\/tagyons-secret-pantry\\\/#breadcrumb\",\"itemListElement\":[{\"@type\":\"ListItem\",\"position\":1,\"name\":\"Kezd\u0151lap\",\"item\":\"https:\\\/\\\/nivegy.com\\\/en\\\/\"},{\"@type\":\"ListItem\",\"position\":2,\"name\":\"Tagyon\u2019s Secret Pantry\"}]},{\"@type\":\"WebSite\",\"@id\":\"https:\\\/\\\/nivegy.com\\\/#website\",\"url\":\"https:\\\/\\\/nivegy.com\\\/\",\"name\":\"Nivegy.com\",\"description\":\"Egy v\u00f6lgy, \u00f6t falu, v\u00e9gtelen csoda\",\"potentialAction\":[{\"@type\":\"SearchAction\",\"target\":{\"@type\":\"EntryPoint\",\"urlTemplate\":\"https:\\\/\\\/nivegy.com\\\/?s={search_term_string}\"},\"query-input\":{\"@type\":\"PropertyValueSpecification\",\"valueRequired\":true,\"valueName\":\"search_term_string\"}}],\"inLanguage\":\"en-US\"}]}<\/script>\n<!-- \/ Yoast SEO plugin. -->","yoast_head_json":{"title":"Tagyon\u2019s Secret Pantry - Nivegy.com","description":"Tagyon\u2019s Secret Pantry a family business has been making homemade syrups and marmalades since 2014. Another special product: Jerusalem Artichoke Chips.","robots":{"index":"index","follow":"follow","max-snippet":"max-snippet:-1","max-image-preview":"max-image-preview:large","max-video-preview":"max-video-preview:-1"},"canonical":"https:\/\/nivegy.com\/en\/termek\/tagyons-secret-pantry\/","og_locale":"en_US","og_type":"article","og_title":"Tagyon\u2019s Secret Pantry - Nivegy.com","og_description":"Tagyon\u2019s Secret Pantry a family business has been making homemade syrups and marmalades since 2014. Another special product: Jerusalem Artichoke Chips.","og_url":"https:\/\/nivegy.com\/en\/termek\/tagyons-secret-pantry\/","og_site_name":"Nivegy.com","article_publisher":"https:\/\/www.facebook.com\/nivegy","article_modified_time":"2025-07-20T09:29:38+00:00","og_image":[{"width":1000,"height":1000,"url":"https:\/\/nivegy.com\/wp-content\/uploads\/2023\/06\/T-Tagyon-titkos-kamraja.webp","type":"image\/webp"}],"twitter_card":"summary_large_image","twitter_misc":{"Est. reading time":"2 minutes"},"schema":{"@context":"https:\/\/schema.org","@graph":[{"@type":"WebPage","@id":"https:\/\/nivegy.com\/en\/termek\/tagyons-secret-pantry\/","url":"https:\/\/nivegy.com\/en\/termek\/tagyons-secret-pantry\/","name":"Tagyon\u2019s Secret Pantry - Nivegy.com","isPartOf":{"@id":"https:\/\/nivegy.com\/#website"},"primaryImageOfPage":{"@id":"https:\/\/nivegy.com\/en\/termek\/tagyons-secret-pantry\/#primaryimage"},"image":{"@id":"https:\/\/nivegy.com\/en\/termek\/tagyons-secret-pantry\/#primaryimage"},"thumbnailUrl":"https:\/\/nivegy.com\/wp-content\/uploads\/2023\/06\/T-Tagyon-titkos-kamraja.webp","datePublished":"2023-06-27T07:31:15+00:00","dateModified":"2025-07-20T09:29:38+00:00","description":"Tagyon\u2019s Secret Pantry a family business has been making homemade syrups and marmalades since 2014. Another special product: Jerusalem Artichoke Chips.","breadcrumb":{"@id":"https:\/\/nivegy.com\/en\/termek\/tagyons-secret-pantry\/#breadcrumb"},"inLanguage":"en-US","potentialAction":[{"@type":"ReadAction","target":["https:\/\/nivegy.com\/en\/termek\/tagyons-secret-pantry\/"]}]},{"@type":"ImageObject","inLanguage":"en-US","@id":"https:\/\/nivegy.com\/en\/termek\/tagyons-secret-pantry\/#primaryimage","url":"https:\/\/nivegy.com\/wp-content\/uploads\/2023\/06\/T-Tagyon-titkos-kamraja.webp","contentUrl":"https:\/\/nivegy.com\/wp-content\/uploads\/2023\/06\/T-Tagyon-titkos-kamraja.webp","width":1000,"height":1000,"caption":"Tagyon\u2019s Secret Pantry"},{"@type":"BreadcrumbList","@id":"https:\/\/nivegy.com\/en\/termek\/tagyons-secret-pantry\/#breadcrumb","itemListElement":[{"@type":"ListItem","position":1,"name":"Kezd\u0151lap","item":"https:\/\/nivegy.com\/en\/"},{"@type":"ListItem","position":2,"name":"Tagyon\u2019s Secret Pantry"}]},{"@type":"WebSite","@id":"https:\/\/nivegy.com\/#website","url":"https:\/\/nivegy.com\/","name":"Nivegy.com","description":"Egy v\u00f6lgy, \u00f6t falu, v\u00e9gtelen csoda","potentialAction":[{"@type":"SearchAction","target":{"@type":"EntryPoint","urlTemplate":"https:\/\/nivegy.com\/?s={search_term_string}"},"query-input":{"@type":"PropertyValueSpecification","valueRequired":true,"valueName":"search_term_string"}}],"inLanguage":"en-US"}]}},"_links":{"self":[{"href":"https:\/\/nivegy.com\/en\/wp-json\/wp\/v2\/product\/2742","targetHints":{"allow":["GET"]}}],"collection":[{"href":"https:\/\/nivegy.com\/en\/wp-json\/wp\/v2\/product"}],"about":[{"href":"https:\/\/nivegy.com\/en\/wp-json\/wp\/v2\/types\/product"}],"replies":[{"embeddable":true,"href":"https:\/\/nivegy.com\/en\/wp-json\/wp\/v2\/comments?post=2742"}],"wp:featuredmedia":[{"embeddable":true,"href":"https:\/\/nivegy.com\/en\/wp-json\/wp\/v2\/media\/4252"}],"wp:attachment":[{"href":"https:\/\/nivegy.com\/en\/wp-json\/wp\/v2\/media?parent=2742"}],"wp:term":[{"taxonomy":"product_brand","embeddable":true,"href":"https:\/\/nivegy.com\/en\/wp-json\/wp\/v2\/product_brand?post=2742"},{"taxonomy":"product_cat","embeddable":true,"href":"https:\/\/nivegy.com\/en\/wp-json\/wp\/v2\/product_cat?post=2742"},{"taxonomy":"product_tag","embeddable":true,"href":"https:\/\/nivegy.com\/en\/wp-json\/wp\/v2\/product_tag?post=2742"}],"curies":[{"name":"wp","href":"https:\/\/api.w.org\/{rel}","templated":true}]}}