{"id":2741,"date":"2023-06-28T16:06:20","date_gmt":"2023-06-28T16:06:20","guid":{"rendered":"https:\/\/nivegy.com\/?post_type=product&#038;p=2741"},"modified":"2025-07-18T13:58:55","modified_gmt":"2025-07-18T13:58:55","slug":"csicso-ceramics","status":"publish","type":"product","link":"https:\/\/nivegy.com\/en\/termek\/csicso-ceramics\/","title":{"rendered":"Csics\u00f3 Ceramics"},"content":{"rendered":"<p><strong>It is a rare privilege to be born, live and work in a place where people live in harmony with the world around them. <a href=\"https:\/\/nivegy.com\/en\/termek\/nivegy-valley\/\">Nivegy Valley<\/a> in the Balaton Highlands \u2013 our home \u2013 is such a region. Csics\u00f3 Ceramics, our pottery workshop has been operating in Balatoncsics\u00f3 as a handicraft and family manufactory for 30 years now.<\/strong><\/p>\n<p>Our artistic and creative director is ceramicist Ferenc Schmidt, known as Csics\u00f3. He is constantly searching for the secrets of clay \u2014 the harmony hidden in the unity of colors, shapes, and firing techniques. Our ceramic flowers and figurines are also born in the spirit of this playful creative process!<\/p>\n<p>In our workshop, we shape, paint and sear by hand every day. Aesthetics and quality work are both important to us. We believe that the ceramics we produce bring joy not only to us!<\/p>\n<p>You can meet us in person at the Lily Garden Market (<a href=\"https:\/\/www.facebook.com\/p\/Liliomkert-Piac-100064543005883\/?locale=hu_HU\">Liliomkert Piac<\/a>) in K\u00e1ptalant\u00f3ti. You can also order from our <a href=\"https:\/\/www.csicsokeramia.hu\/\">webshop<\/a>.<\/p>\n<p>Decorate with Csics\u00f3 Ceramics and brighten up your home!<\/p>\n","protected":false},"excerpt":{"rendered":"<p>It is a rare privilege to be born, live and work in a place where people live in harmony with the world around them. Nivegy Valley in the Balaton Highlands \u2013 our home \u2013 is such a region. Csics\u00f3 Ceramics, our pottery workshop has been operating in Balatoncsics\u00f3 as a handicraft and family manufactory for [&hellip;]<\/p>\n","protected":false},"featured_media":4244,"comment_status":"closed","ping_status":"closed","template":"","meta":{"_acf_changed":false},"product_brand":[],"product_cat":[327],"product_tag":[],"class_list":{"0":"post-2741","1":"product","2":"type-product","3":"status-publish","4":"has-post-thumbnail","6":"product_cat-manufacturer","8":"first","9":"instock","10":"shipping-taxable","11":"product-type-simple"},"acf":[],"yoast_head":"<!-- This site is optimized with the Yoast SEO plugin v27.4 - https:\/\/yoast.com\/product\/yoast-seo-wordpress\/ -->\n<title>Csics\u00f3 Ceramics - Nivegy.com<\/title>\n<meta name=\"description\" content=\"Csics\u00f3 Ceramics has been operating in Balatoncsics\u00f3 (Nivegy Valley) as a handicraft and family manufactory for 30 years now.\" \/>\n<meta name=\"robots\" content=\"index, follow, max-snippet:-1, max-image-preview:large, max-video-preview:-1\" \/>\n<link rel=\"canonical\" href=\"https:\/\/nivegy.com\/en\/termek\/csicso-ceramics\/\" \/>\n<meta property=\"og:locale\" content=\"en_US\" \/>\n<meta property=\"og:type\" content=\"article\" \/>\n<meta property=\"og:title\" content=\"Csics\u00f3 Ceramics - Nivegy.com\" \/>\n<meta property=\"og:description\" content=\"Csics\u00f3 Ceramics has been operating in Balatoncsics\u00f3 (Nivegy Valley) as a handicraft and family manufactory for 30 years now.\" \/>\n<meta property=\"og:url\" content=\"https:\/\/nivegy.com\/en\/termek\/csicso-ceramics\/\" \/>\n<meta property=\"og:site_name\" content=\"Nivegy.com\" \/>\n<meta property=\"article:publisher\" content=\"https:\/\/www.facebook.com\/nivegy\" \/>\n<meta property=\"article:modified_time\" content=\"2025-07-18T13:58:55+00:00\" \/>\n<meta property=\"og:image\" content=\"https:\/\/nivegy.com\/wp-content\/uploads\/2023\/06\/T-csicsokeramia.webp\" \/>\n\t<meta property=\"og:image:width\" content=\"1000\" \/>\n\t<meta property=\"og:image:height\" content=\"1000\" \/>\n\t<meta property=\"og:image:type\" content=\"image\/webp\" \/>\n<meta name=\"twitter:card\" content=\"summary_large_image\" \/>\n<meta name=\"twitter:label1\" content=\"Est. reading time\" \/>\n\t<meta name=\"twitter:data1\" content=\"2 minutes\" \/>\n<script type=\"application\/ld+json\" class=\"yoast-schema-graph\">{\"@context\":\"https:\\\/\\\/schema.org\",\"@graph\":[{\"@type\":\"WebPage\",\"@id\":\"https:\\\/\\\/nivegy.com\\\/en\\\/termek\\\/csicso-ceramics\\\/\",\"url\":\"https:\\\/\\\/nivegy.com\\\/en\\\/termek\\\/csicso-ceramics\\\/\",\"name\":\"Csics\u00f3 Ceramics - Nivegy.com\",\"isPartOf\":{\"@id\":\"https:\\\/\\\/nivegy.com\\\/#website\"},\"primaryImageOfPage\":{\"@id\":\"https:\\\/\\\/nivegy.com\\\/en\\\/termek\\\/csicso-ceramics\\\/#primaryimage\"},\"image\":{\"@id\":\"https:\\\/\\\/nivegy.com\\\/en\\\/termek\\\/csicso-ceramics\\\/#primaryimage\"},\"thumbnailUrl\":\"https:\\\/\\\/nivegy.com\\\/wp-content\\\/uploads\\\/2023\\\/06\\\/T-csicsokeramia.webp\",\"datePublished\":\"2023-06-28T16:06:20+00:00\",\"dateModified\":\"2025-07-18T13:58:55+00:00\",\"description\":\"Csics\u00f3 Ceramics has been operating in Balatoncsics\u00f3 (Nivegy Valley) as a handicraft and family manufactory for 30 years now.\",\"breadcrumb\":{\"@id\":\"https:\\\/\\\/nivegy.com\\\/en\\\/termek\\\/csicso-ceramics\\\/#breadcrumb\"},\"inLanguage\":\"en-US\",\"potentialAction\":[{\"@type\":\"ReadAction\",\"target\":[\"https:\\\/\\\/nivegy.com\\\/en\\\/termek\\\/csicso-ceramics\\\/\"]}]},{\"@type\":\"ImageObject\",\"inLanguage\":\"en-US\",\"@id\":\"https:\\\/\\\/nivegy.com\\\/en\\\/termek\\\/csicso-ceramics\\\/#primaryimage\",\"url\":\"https:\\\/\\\/nivegy.com\\\/wp-content\\\/uploads\\\/2023\\\/06\\\/T-csicsokeramia.webp\",\"contentUrl\":\"https:\\\/\\\/nivegy.com\\\/wp-content\\\/uploads\\\/2023\\\/06\\\/T-csicsokeramia.webp\",\"width\":1000,\"height\":1000,\"caption\":\"Csics\u00f3 Ceramics\"},{\"@type\":\"BreadcrumbList\",\"@id\":\"https:\\\/\\\/nivegy.com\\\/en\\\/termek\\\/csicso-ceramics\\\/#breadcrumb\",\"itemListElement\":[{\"@type\":\"ListItem\",\"position\":1,\"name\":\"Kezd\u0151lap\",\"item\":\"https:\\\/\\\/nivegy.com\\\/en\\\/\"},{\"@type\":\"ListItem\",\"position\":2,\"name\":\"Csics\u00f3 Ceramics\"}]},{\"@type\":\"WebSite\",\"@id\":\"https:\\\/\\\/nivegy.com\\\/#website\",\"url\":\"https:\\\/\\\/nivegy.com\\\/\",\"name\":\"Nivegy.com\",\"description\":\"Egy v\u00f6lgy, \u00f6t falu, v\u00e9gtelen csoda\",\"potentialAction\":[{\"@type\":\"SearchAction\",\"target\":{\"@type\":\"EntryPoint\",\"urlTemplate\":\"https:\\\/\\\/nivegy.com\\\/?s={search_term_string}\"},\"query-input\":{\"@type\":\"PropertyValueSpecification\",\"valueRequired\":true,\"valueName\":\"search_term_string\"}}],\"inLanguage\":\"en-US\"}]}<\/script>\n<!-- \/ Yoast SEO plugin. -->","yoast_head_json":{"title":"Csics\u00f3 Ceramics - Nivegy.com","description":"Csics\u00f3 Ceramics has been operating in Balatoncsics\u00f3 (Nivegy Valley) as a handicraft and family manufactory for 30 years now.","robots":{"index":"index","follow":"follow","max-snippet":"max-snippet:-1","max-image-preview":"max-image-preview:large","max-video-preview":"max-video-preview:-1"},"canonical":"https:\/\/nivegy.com\/en\/termek\/csicso-ceramics\/","og_locale":"en_US","og_type":"article","og_title":"Csics\u00f3 Ceramics - Nivegy.com","og_description":"Csics\u00f3 Ceramics has been operating in Balatoncsics\u00f3 (Nivegy Valley) as a handicraft and family manufactory for 30 years now.","og_url":"https:\/\/nivegy.com\/en\/termek\/csicso-ceramics\/","og_site_name":"Nivegy.com","article_publisher":"https:\/\/www.facebook.com\/nivegy","article_modified_time":"2025-07-18T13:58:55+00:00","og_image":[{"width":1000,"height":1000,"url":"https:\/\/nivegy.com\/wp-content\/uploads\/2023\/06\/T-csicsokeramia.webp","type":"image\/webp"}],"twitter_card":"summary_large_image","twitter_misc":{"Est. reading time":"2 minutes"},"schema":{"@context":"https:\/\/schema.org","@graph":[{"@type":"WebPage","@id":"https:\/\/nivegy.com\/en\/termek\/csicso-ceramics\/","url":"https:\/\/nivegy.com\/en\/termek\/csicso-ceramics\/","name":"Csics\u00f3 Ceramics - Nivegy.com","isPartOf":{"@id":"https:\/\/nivegy.com\/#website"},"primaryImageOfPage":{"@id":"https:\/\/nivegy.com\/en\/termek\/csicso-ceramics\/#primaryimage"},"image":{"@id":"https:\/\/nivegy.com\/en\/termek\/csicso-ceramics\/#primaryimage"},"thumbnailUrl":"https:\/\/nivegy.com\/wp-content\/uploads\/2023\/06\/T-csicsokeramia.webp","datePublished":"2023-06-28T16:06:20+00:00","dateModified":"2025-07-18T13:58:55+00:00","description":"Csics\u00f3 Ceramics has been operating in Balatoncsics\u00f3 (Nivegy Valley) as a handicraft and family manufactory for 30 years now.","breadcrumb":{"@id":"https:\/\/nivegy.com\/en\/termek\/csicso-ceramics\/#breadcrumb"},"inLanguage":"en-US","potentialAction":[{"@type":"ReadAction","target":["https:\/\/nivegy.com\/en\/termek\/csicso-ceramics\/"]}]},{"@type":"ImageObject","inLanguage":"en-US","@id":"https:\/\/nivegy.com\/en\/termek\/csicso-ceramics\/#primaryimage","url":"https:\/\/nivegy.com\/wp-content\/uploads\/2023\/06\/T-csicsokeramia.webp","contentUrl":"https:\/\/nivegy.com\/wp-content\/uploads\/2023\/06\/T-csicsokeramia.webp","width":1000,"height":1000,"caption":"Csics\u00f3 Ceramics"},{"@type":"BreadcrumbList","@id":"https:\/\/nivegy.com\/en\/termek\/csicso-ceramics\/#breadcrumb","itemListElement":[{"@type":"ListItem","position":1,"name":"Kezd\u0151lap","item":"https:\/\/nivegy.com\/en\/"},{"@type":"ListItem","position":2,"name":"Csics\u00f3 Ceramics"}]},{"@type":"WebSite","@id":"https:\/\/nivegy.com\/#website","url":"https:\/\/nivegy.com\/","name":"Nivegy.com","description":"Egy v\u00f6lgy, \u00f6t falu, v\u00e9gtelen csoda","potentialAction":[{"@type":"SearchAction","target":{"@type":"EntryPoint","urlTemplate":"https:\/\/nivegy.com\/?s={search_term_string}"},"query-input":{"@type":"PropertyValueSpecification","valueRequired":true,"valueName":"search_term_string"}}],"inLanguage":"en-US"}]}},"_links":{"self":[{"href":"https:\/\/nivegy.com\/en\/wp-json\/wp\/v2\/product\/2741","targetHints":{"allow":["GET"]}}],"collection":[{"href":"https:\/\/nivegy.com\/en\/wp-json\/wp\/v2\/product"}],"about":[{"href":"https:\/\/nivegy.com\/en\/wp-json\/wp\/v2\/types\/product"}],"replies":[{"embeddable":true,"href":"https:\/\/nivegy.com\/en\/wp-json\/wp\/v2\/comments?post=2741"}],"wp:featuredmedia":[{"embeddable":true,"href":"https:\/\/nivegy.com\/en\/wp-json\/wp\/v2\/media\/4244"}],"wp:attachment":[{"href":"https:\/\/nivegy.com\/en\/wp-json\/wp\/v2\/media?parent=2741"}],"wp:term":[{"taxonomy":"product_brand","embeddable":true,"href":"https:\/\/nivegy.com\/en\/wp-json\/wp\/v2\/product_brand?post=2741"},{"taxonomy":"product_cat","embeddable":true,"href":"https:\/\/nivegy.com\/en\/wp-json\/wp\/v2\/product_cat?post=2741"},{"taxonomy":"product_tag","embeddable":true,"href":"https:\/\/nivegy.com\/en\/wp-json\/wp\/v2\/product_tag?post=2741"}],"curies":[{"name":"wp","href":"https:\/\/api.w.org\/{rel}","templated":true}]}}