{"id":2708,"date":"2023-06-25T16:21:36","date_gmt":"2023-06-25T15:21:36","guid":{"rendered":"https:\/\/nivegy.com\/?post_type=product&#038;p=2708"},"modified":"2025-04-15T07:12:37","modified_gmt":"2025-04-15T07:12:37","slug":"nivegy-valley-club-hostel","status":"publish","type":"product","link":"https:\/\/nivegy.com\/en\/termek\/nivegy-valley-club-hostel\/","title":{"rendered":"Nivegy Valley Club \u2013 hostel"},"content":{"rendered":"<p><strong>Our accommodation is located in <a href=\"https:\/\/szentantalfa.hu\/\">Szentantalfa<\/a>, on the banks of Cserk\u00fati stream, in Nivegy Valley. The operator is Nivegy Valley Club of Szentantalfa, so every guest night spent here is facilitated by the maintenance and operation of the largest civic organization in the area. The accommodation in the attic of the club\u2019s dressing room is primarily recommended for students, groups, sports organizations and camps.<\/strong><\/p>\n<p>With the arrival of summer, we offer teams a team building place instead of a training camp, as during this period we try to protect and maintain our pitch for the next season.<br \/>\nOur guests can also contact us regarding the organization of minibus transportation, catering or program opportunities in the area.<\/p>\n<p>Up-to-date information can be reached on different social media platforms regarding the current or upcoming football matches and our everyday life.<\/p>\n","protected":false},"excerpt":{"rendered":"<p>Our accommodation is located in Szentantalfa, on the banks of Cserk\u00fati stream, in Nivegy Valley. The operator is Nivegy Valley Club of Szentantalfa, so every guest night spent here is facilitated by the maintenance and operation of the largest civic organization in the area. The accommodation in the attic of the club\u2019s dressing room is [&hellip;]<\/p>\n","protected":false},"featured_media":3323,"comment_status":"closed","ping_status":"closed","template":"","meta":{"_acf_changed":false},"product_brand":[],"product_cat":[325],"product_tag":[],"class_list":{"0":"post-2708","1":"product","2":"type-product","3":"status-publish","4":"has-post-thumbnail","6":"product_cat-accommodation","8":"first","9":"instock","10":"shipping-taxable","11":"product-type-simple"},"acf":[],"yoast_head":"<!-- This site is optimized with the Yoast SEO plugin v27.4 - https:\/\/yoast.com\/product\/yoast-seo-wordpress\/ -->\n<title>Nivegy Valley Club \u2013 hostel - Nivegy.com<\/title>\n<meta name=\"description\" content=\"Nivegy Valley Club \u2013 hostel is located in Szentantalfa, on the banks of Cserk\u00fati stream, in Nivegy Valley. The operator is soccer club of Szentantalfa.\" \/>\n<meta name=\"robots\" content=\"index, follow, max-snippet:-1, max-image-preview:large, max-video-preview:-1\" \/>\n<link rel=\"canonical\" href=\"https:\/\/nivegy.com\/en\/termek\/nivegy-valley-club-hostel\/\" \/>\n<meta property=\"og:locale\" content=\"en_US\" \/>\n<meta property=\"og:type\" content=\"article\" \/>\n<meta property=\"og:title\" content=\"Nivegy Valley Club \u2013 hostel - Nivegy.com\" \/>\n<meta property=\"og:description\" content=\"Nivegy Valley Club \u2013 hostel is located in Szentantalfa, on the banks of Cserk\u00fati stream, in Nivegy Valley. The operator is soccer club of Szentantalfa.\" \/>\n<meta property=\"og:url\" content=\"https:\/\/nivegy.com\/en\/termek\/nivegy-valley-club-hostel\/\" \/>\n<meta property=\"og:site_name\" content=\"Nivegy.com\" \/>\n<meta property=\"article:publisher\" content=\"https:\/\/www.facebook.com\/nivegy\" \/>\n<meta property=\"article:modified_time\" content=\"2025-04-15T07:12:37+00:00\" \/>\n<meta property=\"og:image\" content=\"https:\/\/nivegy.com\/wp-content\/uploads\/2023\/06\/Sz-NVSE.webp\" \/>\n\t<meta property=\"og:image:width\" content=\"1000\" \/>\n\t<meta property=\"og:image:height\" content=\"1000\" \/>\n\t<meta property=\"og:image:type\" content=\"image\/webp\" \/>\n<meta name=\"twitter:card\" content=\"summary_large_image\" \/>\n<meta name=\"twitter:label1\" content=\"Est. reading time\" \/>\n\t<meta name=\"twitter:data1\" content=\"1 minute\" \/>\n<script type=\"application\/ld+json\" class=\"yoast-schema-graph\">{\"@context\":\"https:\\\/\\\/schema.org\",\"@graph\":[{\"@type\":\"WebPage\",\"@id\":\"https:\\\/\\\/nivegy.com\\\/en\\\/termek\\\/nivegy-valley-club-hostel\\\/\",\"url\":\"https:\\\/\\\/nivegy.com\\\/en\\\/termek\\\/nivegy-valley-club-hostel\\\/\",\"name\":\"Nivegy Valley Club \u2013 hostel - Nivegy.com\",\"isPartOf\":{\"@id\":\"https:\\\/\\\/nivegy.com\\\/#website\"},\"primaryImageOfPage\":{\"@id\":\"https:\\\/\\\/nivegy.com\\\/en\\\/termek\\\/nivegy-valley-club-hostel\\\/#primaryimage\"},\"image\":{\"@id\":\"https:\\\/\\\/nivegy.com\\\/en\\\/termek\\\/nivegy-valley-club-hostel\\\/#primaryimage\"},\"thumbnailUrl\":\"https:\\\/\\\/nivegy.com\\\/wp-content\\\/uploads\\\/2023\\\/06\\\/Sz-NVSE.webp\",\"datePublished\":\"2023-06-25T15:21:36+00:00\",\"dateModified\":\"2025-04-15T07:12:37+00:00\",\"description\":\"Nivegy Valley Club \u2013 hostel is located in Szentantalfa, on the banks of Cserk\u00fati stream, in Nivegy Valley. The operator is soccer club of Szentantalfa.\",\"breadcrumb\":{\"@id\":\"https:\\\/\\\/nivegy.com\\\/en\\\/termek\\\/nivegy-valley-club-hostel\\\/#breadcrumb\"},\"inLanguage\":\"en-US\",\"potentialAction\":[{\"@type\":\"ReadAction\",\"target\":[\"https:\\\/\\\/nivegy.com\\\/en\\\/termek\\\/nivegy-valley-club-hostel\\\/\"]}]},{\"@type\":\"ImageObject\",\"inLanguage\":\"en-US\",\"@id\":\"https:\\\/\\\/nivegy.com\\\/en\\\/termek\\\/nivegy-valley-club-hostel\\\/#primaryimage\",\"url\":\"https:\\\/\\\/nivegy.com\\\/wp-content\\\/uploads\\\/2023\\\/06\\\/Sz-NVSE.webp\",\"contentUrl\":\"https:\\\/\\\/nivegy.com\\\/wp-content\\\/uploads\\\/2023\\\/06\\\/Sz-NVSE.webp\",\"width\":1000,\"height\":1000,\"caption\":\"NVSE \u2013 sz\u00e1ll\u00f3 Nivegy Valley Club \u2013 hostel\"},{\"@type\":\"BreadcrumbList\",\"@id\":\"https:\\\/\\\/nivegy.com\\\/en\\\/termek\\\/nivegy-valley-club-hostel\\\/#breadcrumb\",\"itemListElement\":[{\"@type\":\"ListItem\",\"position\":1,\"name\":\"Kezd\u0151lap\",\"item\":\"https:\\\/\\\/nivegy.com\\\/en\\\/\"},{\"@type\":\"ListItem\",\"position\":2,\"name\":\"Nivegy Valley Club \u2013 hostel\"}]},{\"@type\":\"WebSite\",\"@id\":\"https:\\\/\\\/nivegy.com\\\/#website\",\"url\":\"https:\\\/\\\/nivegy.com\\\/\",\"name\":\"Nivegy.com\",\"description\":\"Egy v\u00f6lgy, \u00f6t falu, v\u00e9gtelen csoda\",\"potentialAction\":[{\"@type\":\"SearchAction\",\"target\":{\"@type\":\"EntryPoint\",\"urlTemplate\":\"https:\\\/\\\/nivegy.com\\\/?s={search_term_string}\"},\"query-input\":{\"@type\":\"PropertyValueSpecification\",\"valueRequired\":true,\"valueName\":\"search_term_string\"}}],\"inLanguage\":\"en-US\"}]}<\/script>\n<!-- \/ Yoast SEO plugin. -->","yoast_head_json":{"title":"Nivegy Valley Club \u2013 hostel - Nivegy.com","description":"Nivegy Valley Club \u2013 hostel is located in Szentantalfa, on the banks of Cserk\u00fati stream, in Nivegy Valley. The operator is soccer club of Szentantalfa.","robots":{"index":"index","follow":"follow","max-snippet":"max-snippet:-1","max-image-preview":"max-image-preview:large","max-video-preview":"max-video-preview:-1"},"canonical":"https:\/\/nivegy.com\/en\/termek\/nivegy-valley-club-hostel\/","og_locale":"en_US","og_type":"article","og_title":"Nivegy Valley Club \u2013 hostel - Nivegy.com","og_description":"Nivegy Valley Club \u2013 hostel is located in Szentantalfa, on the banks of Cserk\u00fati stream, in Nivegy Valley. The operator is soccer club of Szentantalfa.","og_url":"https:\/\/nivegy.com\/en\/termek\/nivegy-valley-club-hostel\/","og_site_name":"Nivegy.com","article_publisher":"https:\/\/www.facebook.com\/nivegy","article_modified_time":"2025-04-15T07:12:37+00:00","og_image":[{"width":1000,"height":1000,"url":"https:\/\/nivegy.com\/wp-content\/uploads\/2023\/06\/Sz-NVSE.webp","type":"image\/webp"}],"twitter_card":"summary_large_image","twitter_misc":{"Est. reading time":"1 minute"},"schema":{"@context":"https:\/\/schema.org","@graph":[{"@type":"WebPage","@id":"https:\/\/nivegy.com\/en\/termek\/nivegy-valley-club-hostel\/","url":"https:\/\/nivegy.com\/en\/termek\/nivegy-valley-club-hostel\/","name":"Nivegy Valley Club \u2013 hostel - Nivegy.com","isPartOf":{"@id":"https:\/\/nivegy.com\/#website"},"primaryImageOfPage":{"@id":"https:\/\/nivegy.com\/en\/termek\/nivegy-valley-club-hostel\/#primaryimage"},"image":{"@id":"https:\/\/nivegy.com\/en\/termek\/nivegy-valley-club-hostel\/#primaryimage"},"thumbnailUrl":"https:\/\/nivegy.com\/wp-content\/uploads\/2023\/06\/Sz-NVSE.webp","datePublished":"2023-06-25T15:21:36+00:00","dateModified":"2025-04-15T07:12:37+00:00","description":"Nivegy Valley Club \u2013 hostel is located in Szentantalfa, on the banks of Cserk\u00fati stream, in Nivegy Valley. The operator is soccer club of Szentantalfa.","breadcrumb":{"@id":"https:\/\/nivegy.com\/en\/termek\/nivegy-valley-club-hostel\/#breadcrumb"},"inLanguage":"en-US","potentialAction":[{"@type":"ReadAction","target":["https:\/\/nivegy.com\/en\/termek\/nivegy-valley-club-hostel\/"]}]},{"@type":"ImageObject","inLanguage":"en-US","@id":"https:\/\/nivegy.com\/en\/termek\/nivegy-valley-club-hostel\/#primaryimage","url":"https:\/\/nivegy.com\/wp-content\/uploads\/2023\/06\/Sz-NVSE.webp","contentUrl":"https:\/\/nivegy.com\/wp-content\/uploads\/2023\/06\/Sz-NVSE.webp","width":1000,"height":1000,"caption":"NVSE \u2013 sz\u00e1ll\u00f3 Nivegy Valley Club \u2013 hostel"},{"@type":"BreadcrumbList","@id":"https:\/\/nivegy.com\/en\/termek\/nivegy-valley-club-hostel\/#breadcrumb","itemListElement":[{"@type":"ListItem","position":1,"name":"Kezd\u0151lap","item":"https:\/\/nivegy.com\/en\/"},{"@type":"ListItem","position":2,"name":"Nivegy Valley Club \u2013 hostel"}]},{"@type":"WebSite","@id":"https:\/\/nivegy.com\/#website","url":"https:\/\/nivegy.com\/","name":"Nivegy.com","description":"Egy v\u00f6lgy, \u00f6t falu, v\u00e9gtelen csoda","potentialAction":[{"@type":"SearchAction","target":{"@type":"EntryPoint","urlTemplate":"https:\/\/nivegy.com\/?s={search_term_string}"},"query-input":{"@type":"PropertyValueSpecification","valueRequired":true,"valueName":"search_term_string"}}],"inLanguage":"en-US"}]}},"_links":{"self":[{"href":"https:\/\/nivegy.com\/en\/wp-json\/wp\/v2\/product\/2708","targetHints":{"allow":["GET"]}}],"collection":[{"href":"https:\/\/nivegy.com\/en\/wp-json\/wp\/v2\/product"}],"about":[{"href":"https:\/\/nivegy.com\/en\/wp-json\/wp\/v2\/types\/product"}],"replies":[{"embeddable":true,"href":"https:\/\/nivegy.com\/en\/wp-json\/wp\/v2\/comments?post=2708"}],"wp:featuredmedia":[{"embeddable":true,"href":"https:\/\/nivegy.com\/en\/wp-json\/wp\/v2\/media\/3323"}],"wp:attachment":[{"href":"https:\/\/nivegy.com\/en\/wp-json\/wp\/v2\/media?parent=2708"}],"wp:term":[{"taxonomy":"product_brand","embeddable":true,"href":"https:\/\/nivegy.com\/en\/wp-json\/wp\/v2\/product_brand?post=2708"},{"taxonomy":"product_cat","embeddable":true,"href":"https:\/\/nivegy.com\/en\/wp-json\/wp\/v2\/product_cat?post=2708"},{"taxonomy":"product_tag","embeddable":true,"href":"https:\/\/nivegy.com\/en\/wp-json\/wp\/v2\/product_tag?post=2708"}],"curies":[{"name":"wp","href":"https:\/\/api.w.org\/{rel}","templated":true}]}}