{"id":2673,"date":"2023-06-24T11:37:28","date_gmt":"2023-06-24T10:37:28","guid":{"rendered":"https:\/\/nivegy.com\/?post_type=product&#038;p=2673"},"modified":"2023-11-19T09:07:14","modified_gmt":"2023-11-19T09:07:14","slug":"pomagranat-guest-house","status":"publish","type":"product","link":"https:\/\/nivegy.com\/en\/termek\/pomagranat-guest-house\/","title":{"rendered":"Pomagr\u00e1n\u00e1t Guest House"},"content":{"rendered":"<p><strong>Pomagr\u00e1n\u00e1t guest house is a Swabian farmhouse in the heart of <a href=\"https:\/\/balatoncsicso.hu\/\">Balatoncsics\u00f3<\/a> furnished with unique historic furniture which results in a special atmosphere. It is suitable for families with small children as well: cot, baby bath, highchair, etc. can be requested.<\/strong><\/p>\n<p>The most important rooms are located on the ground floor: a living room with a sofa bed, a kitchen, a bedroom and a bathroom with a shower while there is a spacious bedroom with a double bed in the attic. The herb garden \u2013 where you will find fresh lavender, rosemary, thyme, sage and peppercorns- along with the covered terrace invites you to have a barbecue. You can park your car in the garden while bicycles can be stored on the covered terrace.<\/p>\n<p>One interesting thing about the house is the kitchen: it once had an open chimney, like the other kitchens in the village back in time, where cooking was done over an open fire and the smoke left through a funnel-shaped opening. The rest of the houses in the village had already been rebuilt, but in Pomagr\u00e1n\u00e1t guest house, the chimney can still be seen on the ceiling of the kitchen. Thick rubble keeps the house cool all summer long.<\/p>\n<p>Some of the rooms open from the stolen porch, which can be tricky in the winter. Thanks to its special atmosphere, the house is recommended mostly to lovers of history and lovers of the Balaton Highlands.<\/p>\n","protected":false},"excerpt":{"rendered":"<p>Pomagr\u00e1n\u00e1t guest house is a Swabian farmhouse in the heart of Balatoncsics\u00f3 furnished with unique historic furniture which results in a special atmosphere. It is suitable for families with small children as well: cot, baby bath, highchair, etc. can be requested. The most important rooms are located on the ground floor: a living room with [&hellip;]<\/p>\n","protected":false},"featured_media":3329,"comment_status":"closed","ping_status":"closed","template":"","meta":{"_acf_changed":false},"product_brand":[],"product_cat":[325],"product_tag":[],"class_list":{"0":"post-2673","1":"product","2":"type-product","3":"status-publish","4":"has-post-thumbnail","6":"product_cat-accommodation","8":"first","9":"instock","10":"shipping-taxable","11":"product-type-simple"},"acf":[],"yoast_head":"<!-- This site is optimized with the Yoast SEO plugin v27.4 - https:\/\/yoast.com\/product\/yoast-seo-wordpress\/ -->\n<title>Pomagr\u00e1n\u00e1t Guest House - Nivegy.com<\/title>\n<meta name=\"description\" content=\"Pomagr\u00e1n\u00e1t guest house is a Swabian farmhouse in the heart of Balatoncsics\u00f3 furnished with unique historic furniture which results in a special atmosphere.\" \/>\n<meta name=\"robots\" content=\"index, follow, max-snippet:-1, max-image-preview:large, max-video-preview:-1\" \/>\n<link rel=\"canonical\" href=\"https:\/\/nivegy.com\/en\/termek\/pomagranat-guest-house\/\" \/>\n<meta property=\"og:locale\" content=\"en_US\" \/>\n<meta property=\"og:type\" content=\"article\" \/>\n<meta property=\"og:title\" content=\"Pomagr\u00e1n\u00e1t Guest House - Nivegy.com\" \/>\n<meta property=\"og:description\" content=\"Pomagr\u00e1n\u00e1t guest house is a Swabian farmhouse in the heart of Balatoncsics\u00f3 furnished with unique historic furniture which results in a special atmosphere.\" \/>\n<meta property=\"og:url\" content=\"https:\/\/nivegy.com\/en\/termek\/pomagranat-guest-house\/\" \/>\n<meta property=\"og:site_name\" content=\"Nivegy.com\" \/>\n<meta property=\"article:publisher\" content=\"https:\/\/www.facebook.com\/nivegy\" \/>\n<meta property=\"article:modified_time\" content=\"2023-11-19T09:07:14+00:00\" \/>\n<meta property=\"og:image\" content=\"https:\/\/nivegy.com\/wp-content\/uploads\/2023\/06\/Sz-pomogranat.webp\" \/>\n\t<meta property=\"og:image:width\" content=\"1000\" \/>\n\t<meta property=\"og:image:height\" content=\"1000\" \/>\n\t<meta property=\"og:image:type\" content=\"image\/webp\" \/>\n<meta name=\"twitter:card\" content=\"summary_large_image\" \/>\n<meta name=\"twitter:label1\" content=\"Est. reading time\" \/>\n\t<meta name=\"twitter:data1\" content=\"2 minutes\" \/>\n<script type=\"application\/ld+json\" class=\"yoast-schema-graph\">{\"@context\":\"https:\\\/\\\/schema.org\",\"@graph\":[{\"@type\":\"WebPage\",\"@id\":\"https:\\\/\\\/nivegy.com\\\/en\\\/termek\\\/pomagranat-guest-house\\\/\",\"url\":\"https:\\\/\\\/nivegy.com\\\/en\\\/termek\\\/pomagranat-guest-house\\\/\",\"name\":\"Pomagr\u00e1n\u00e1t Guest House - Nivegy.com\",\"isPartOf\":{\"@id\":\"https:\\\/\\\/nivegy.com\\\/#website\"},\"primaryImageOfPage\":{\"@id\":\"https:\\\/\\\/nivegy.com\\\/en\\\/termek\\\/pomagranat-guest-house\\\/#primaryimage\"},\"image\":{\"@id\":\"https:\\\/\\\/nivegy.com\\\/en\\\/termek\\\/pomagranat-guest-house\\\/#primaryimage\"},\"thumbnailUrl\":\"https:\\\/\\\/nivegy.com\\\/wp-content\\\/uploads\\\/2023\\\/06\\\/Sz-pomogranat.webp\",\"datePublished\":\"2023-06-24T10:37:28+00:00\",\"dateModified\":\"2023-11-19T09:07:14+00:00\",\"description\":\"Pomagr\u00e1n\u00e1t guest house is a Swabian farmhouse in the heart of Balatoncsics\u00f3 furnished with unique historic furniture which results in a special atmosphere.\",\"breadcrumb\":{\"@id\":\"https:\\\/\\\/nivegy.com\\\/en\\\/termek\\\/pomagranat-guest-house\\\/#breadcrumb\"},\"inLanguage\":\"en-US\",\"potentialAction\":[{\"@type\":\"ReadAction\",\"target\":[\"https:\\\/\\\/nivegy.com\\\/en\\\/termek\\\/pomagranat-guest-house\\\/\"]}]},{\"@type\":\"ImageObject\",\"inLanguage\":\"en-US\",\"@id\":\"https:\\\/\\\/nivegy.com\\\/en\\\/termek\\\/pomagranat-guest-house\\\/#primaryimage\",\"url\":\"https:\\\/\\\/nivegy.com\\\/wp-content\\\/uploads\\\/2023\\\/06\\\/Sz-pomogranat.webp\",\"contentUrl\":\"https:\\\/\\\/nivegy.com\\\/wp-content\\\/uploads\\\/2023\\\/06\\\/Sz-pomogranat.webp\",\"width\":1000,\"height\":1000,\"caption\":\"Pomagr\u00e1n\u00e1t Vend\u00e9gh\u00e1z Pomagr\u00e1n\u00e1t Guest House\"},{\"@type\":\"BreadcrumbList\",\"@id\":\"https:\\\/\\\/nivegy.com\\\/en\\\/termek\\\/pomagranat-guest-house\\\/#breadcrumb\",\"itemListElement\":[{\"@type\":\"ListItem\",\"position\":1,\"name\":\"Kezd\u0151lap\",\"item\":\"https:\\\/\\\/nivegy.com\\\/en\\\/\"},{\"@type\":\"ListItem\",\"position\":2,\"name\":\"Pomagr\u00e1n\u00e1t Guest House\"}]},{\"@type\":\"WebSite\",\"@id\":\"https:\\\/\\\/nivegy.com\\\/#website\",\"url\":\"https:\\\/\\\/nivegy.com\\\/\",\"name\":\"Nivegy.com\",\"description\":\"Egy v\u00f6lgy, \u00f6t falu, v\u00e9gtelen csoda\",\"potentialAction\":[{\"@type\":\"SearchAction\",\"target\":{\"@type\":\"EntryPoint\",\"urlTemplate\":\"https:\\\/\\\/nivegy.com\\\/?s={search_term_string}\"},\"query-input\":{\"@type\":\"PropertyValueSpecification\",\"valueRequired\":true,\"valueName\":\"search_term_string\"}}],\"inLanguage\":\"en-US\"}]}<\/script>\n<!-- \/ Yoast SEO plugin. -->","yoast_head_json":{"title":"Pomagr\u00e1n\u00e1t Guest House - Nivegy.com","description":"Pomagr\u00e1n\u00e1t guest house is a Swabian farmhouse in the heart of Balatoncsics\u00f3 furnished with unique historic furniture which results in a special atmosphere.","robots":{"index":"index","follow":"follow","max-snippet":"max-snippet:-1","max-image-preview":"max-image-preview:large","max-video-preview":"max-video-preview:-1"},"canonical":"https:\/\/nivegy.com\/en\/termek\/pomagranat-guest-house\/","og_locale":"en_US","og_type":"article","og_title":"Pomagr\u00e1n\u00e1t Guest House - Nivegy.com","og_description":"Pomagr\u00e1n\u00e1t guest house is a Swabian farmhouse in the heart of Balatoncsics\u00f3 furnished with unique historic furniture which results in a special atmosphere.","og_url":"https:\/\/nivegy.com\/en\/termek\/pomagranat-guest-house\/","og_site_name":"Nivegy.com","article_publisher":"https:\/\/www.facebook.com\/nivegy","article_modified_time":"2023-11-19T09:07:14+00:00","og_image":[{"width":1000,"height":1000,"url":"https:\/\/nivegy.com\/wp-content\/uploads\/2023\/06\/Sz-pomogranat.webp","type":"image\/webp"}],"twitter_card":"summary_large_image","twitter_misc":{"Est. reading time":"2 minutes"},"schema":{"@context":"https:\/\/schema.org","@graph":[{"@type":"WebPage","@id":"https:\/\/nivegy.com\/en\/termek\/pomagranat-guest-house\/","url":"https:\/\/nivegy.com\/en\/termek\/pomagranat-guest-house\/","name":"Pomagr\u00e1n\u00e1t Guest House - Nivegy.com","isPartOf":{"@id":"https:\/\/nivegy.com\/#website"},"primaryImageOfPage":{"@id":"https:\/\/nivegy.com\/en\/termek\/pomagranat-guest-house\/#primaryimage"},"image":{"@id":"https:\/\/nivegy.com\/en\/termek\/pomagranat-guest-house\/#primaryimage"},"thumbnailUrl":"https:\/\/nivegy.com\/wp-content\/uploads\/2023\/06\/Sz-pomogranat.webp","datePublished":"2023-06-24T10:37:28+00:00","dateModified":"2023-11-19T09:07:14+00:00","description":"Pomagr\u00e1n\u00e1t guest house is a Swabian farmhouse in the heart of Balatoncsics\u00f3 furnished with unique historic furniture which results in a special atmosphere.","breadcrumb":{"@id":"https:\/\/nivegy.com\/en\/termek\/pomagranat-guest-house\/#breadcrumb"},"inLanguage":"en-US","potentialAction":[{"@type":"ReadAction","target":["https:\/\/nivegy.com\/en\/termek\/pomagranat-guest-house\/"]}]},{"@type":"ImageObject","inLanguage":"en-US","@id":"https:\/\/nivegy.com\/en\/termek\/pomagranat-guest-house\/#primaryimage","url":"https:\/\/nivegy.com\/wp-content\/uploads\/2023\/06\/Sz-pomogranat.webp","contentUrl":"https:\/\/nivegy.com\/wp-content\/uploads\/2023\/06\/Sz-pomogranat.webp","width":1000,"height":1000,"caption":"Pomagr\u00e1n\u00e1t Vend\u00e9gh\u00e1z Pomagr\u00e1n\u00e1t Guest House"},{"@type":"BreadcrumbList","@id":"https:\/\/nivegy.com\/en\/termek\/pomagranat-guest-house\/#breadcrumb","itemListElement":[{"@type":"ListItem","position":1,"name":"Kezd\u0151lap","item":"https:\/\/nivegy.com\/en\/"},{"@type":"ListItem","position":2,"name":"Pomagr\u00e1n\u00e1t Guest House"}]},{"@type":"WebSite","@id":"https:\/\/nivegy.com\/#website","url":"https:\/\/nivegy.com\/","name":"Nivegy.com","description":"Egy v\u00f6lgy, \u00f6t falu, v\u00e9gtelen csoda","potentialAction":[{"@type":"SearchAction","target":{"@type":"EntryPoint","urlTemplate":"https:\/\/nivegy.com\/?s={search_term_string}"},"query-input":{"@type":"PropertyValueSpecification","valueRequired":true,"valueName":"search_term_string"}}],"inLanguage":"en-US"}]}},"_links":{"self":[{"href":"https:\/\/nivegy.com\/en\/wp-json\/wp\/v2\/product\/2673","targetHints":{"allow":["GET"]}}],"collection":[{"href":"https:\/\/nivegy.com\/en\/wp-json\/wp\/v2\/product"}],"about":[{"href":"https:\/\/nivegy.com\/en\/wp-json\/wp\/v2\/types\/product"}],"replies":[{"embeddable":true,"href":"https:\/\/nivegy.com\/en\/wp-json\/wp\/v2\/comments?post=2673"}],"wp:featuredmedia":[{"embeddable":true,"href":"https:\/\/nivegy.com\/en\/wp-json\/wp\/v2\/media\/3329"}],"wp:attachment":[{"href":"https:\/\/nivegy.com\/en\/wp-json\/wp\/v2\/media?parent=2673"}],"wp:term":[{"taxonomy":"product_brand","embeddable":true,"href":"https:\/\/nivegy.com\/en\/wp-json\/wp\/v2\/product_brand?post=2673"},{"taxonomy":"product_cat","embeddable":true,"href":"https:\/\/nivegy.com\/en\/wp-json\/wp\/v2\/product_cat?post=2673"},{"taxonomy":"product_tag","embeddable":true,"href":"https:\/\/nivegy.com\/en\/wp-json\/wp\/v2\/product_tag?post=2673"}],"curies":[{"name":"wp","href":"https:\/\/api.w.org\/{rel}","templated":true}]}}