{"id":2672,"date":"2023-06-24T11:20:57","date_gmt":"2023-06-24T10:20:57","guid":{"rendered":"https:\/\/nivegy.com\/?post_type=product&#038;p=2672"},"modified":"2023-11-21T15:14:31","modified_gmt":"2023-11-21T15:14:31","slug":"szabo-and-son-winery-inn","status":"publish","type":"product","link":"https:\/\/nivegy.com\/en\/termek\/szabo-and-son-winery-inn\/","title":{"rendered":"Szab\u00f3 and Son Winery"},"content":{"rendered":"<p><strong><a href=\"https:\/\/szaboesfia.hu\/\">With us<\/a>, you can have time for quality rest on Fenyves Hill estate surrounded by vineyards and forest. Thus, in addition to collecting memories, travelling and relaxing can bring physical and mental rejuvenation for our guests.<\/strong><\/p>\n<p><strong>Balatoncsics\u00f3 Wine House<\/strong>\u00a0(Accommodation 1.)<br \/>\n<a href=\"https:\/\/nivegy.com\/en\/termek\/szabo-and-son-winery\/\">Our wine house<\/a> can accommodate 8 people. On the ground floor, there are two bedrooms with double beds, which have a shared bathroom with a shower; and there is a dining room with a kitchenette as well. The upper floor is built as a gallery with two guest rooms, which have a bathroom with a bathtub opening from a common space.<\/p>\n<p><strong>Juhfark Inn<\/strong>\u00a0(Accomodation 2.)<br \/>\n3 double and 1 triple bedrooms are available for our guests, with the possibility of an extra bed. The windows of the rooms offer a panoramic view of Lake Balaton and Nivegy Valley. The large garden is ideal for relaxing in the immediate vicinity of the winery.<\/p>\n","protected":false},"excerpt":{"rendered":"<p>With us, you can have time for quality rest on Fenyves Hill estate surrounded by vineyards and forest. Thus, in addition to collecting memories, travelling and relaxing can bring physical and mental rejuvenation for our guests. Balatoncsics\u00f3 Wine House\u00a0(Accommodation 1.) Our wine house can accommodate 8 people. On the ground floor, there are two bedrooms [&hellip;]<\/p>\n","protected":false},"featured_media":3331,"comment_status":"closed","ping_status":"closed","template":"","meta":{"_acf_changed":false},"product_brand":[],"product_cat":[325],"product_tag":[],"class_list":{"0":"post-2672","1":"product","2":"type-product","3":"status-publish","4":"has-post-thumbnail","6":"product_cat-accommodation","8":"first","9":"instock","10":"shipping-taxable","11":"product-type-simple"},"acf":[],"yoast_head":"<!-- This site is optimized with the Yoast SEO plugin v27.6 - https:\/\/yoast.com\/product\/yoast-seo-wordpress\/ -->\n<title>Szab\u00f3 and Son Winery - Nivegy.com<\/title>\n<meta name=\"description\" content=\"Two accommodation options can be booked at Szab\u00f3 and Son Winery: the Balatoncsics\u00f3 Wine House for 8 persons and the Juhfark Inn for 9 persons.\" \/>\n<meta name=\"robots\" content=\"index, follow, max-snippet:-1, max-image-preview:large, max-video-preview:-1\" \/>\n<link rel=\"canonical\" href=\"https:\/\/nivegy.com\/en\/termek\/szabo-and-son-winery-inn\/\" \/>\n<meta property=\"og:locale\" content=\"en_US\" \/>\n<meta property=\"og:type\" content=\"article\" \/>\n<meta property=\"og:title\" content=\"Szab\u00f3 and Son Winery - Nivegy.com\" \/>\n<meta property=\"og:description\" content=\"Two accommodation options can be booked at Szab\u00f3 and Son Winery: the Balatoncsics\u00f3 Wine House for 8 persons and the Juhfark Inn for 9 persons.\" \/>\n<meta property=\"og:url\" content=\"https:\/\/nivegy.com\/en\/termek\/szabo-and-son-winery-inn\/\" \/>\n<meta property=\"og:site_name\" content=\"Nivegy.com\" \/>\n<meta property=\"article:publisher\" content=\"https:\/\/www.facebook.com\/nivegy\" \/>\n<meta property=\"article:modified_time\" content=\"2023-11-21T15:14:31+00:00\" \/>\n<meta property=\"og:image\" content=\"https:\/\/nivegy.com\/wp-content\/uploads\/2023\/06\/Sz-Szabo-es-Fia.webp\" \/>\n\t<meta property=\"og:image:width\" content=\"1000\" \/>\n\t<meta property=\"og:image:height\" content=\"1000\" \/>\n\t<meta property=\"og:image:type\" content=\"image\/webp\" \/>\n<meta name=\"twitter:card\" content=\"summary_large_image\" \/>\n<meta name=\"twitter:label1\" content=\"Est. reading time\" \/>\n\t<meta name=\"twitter:data1\" content=\"1 minute\" \/>\n<script type=\"application\/ld+json\" class=\"yoast-schema-graph\">{\"@context\":\"https:\\\/\\\/schema.org\",\"@graph\":[{\"@type\":\"WebPage\",\"@id\":\"https:\\\/\\\/nivegy.com\\\/en\\\/termek\\\/szabo-and-son-winery-inn\\\/\",\"url\":\"https:\\\/\\\/nivegy.com\\\/en\\\/termek\\\/szabo-and-son-winery-inn\\\/\",\"name\":\"Szab\u00f3 and Son Winery - Nivegy.com\",\"isPartOf\":{\"@id\":\"https:\\\/\\\/nivegy.com\\\/#website\"},\"primaryImageOfPage\":{\"@id\":\"https:\\\/\\\/nivegy.com\\\/en\\\/termek\\\/szabo-and-son-winery-inn\\\/#primaryimage\"},\"image\":{\"@id\":\"https:\\\/\\\/nivegy.com\\\/en\\\/termek\\\/szabo-and-son-winery-inn\\\/#primaryimage\"},\"thumbnailUrl\":\"https:\\\/\\\/nivegy.com\\\/wp-content\\\/uploads\\\/2023\\\/06\\\/Sz-Szabo-es-Fia.webp\",\"datePublished\":\"2023-06-24T10:20:57+00:00\",\"dateModified\":\"2023-11-21T15:14:31+00:00\",\"description\":\"Two accommodation options can be booked at Szab\u00f3 and Son Winery: the Balatoncsics\u00f3 Wine House for 8 persons and the Juhfark Inn for 9 persons.\",\"breadcrumb\":{\"@id\":\"https:\\\/\\\/nivegy.com\\\/en\\\/termek\\\/szabo-and-son-winery-inn\\\/#breadcrumb\"},\"inLanguage\":\"en-US\",\"potentialAction\":[{\"@type\":\"ReadAction\",\"target\":[\"https:\\\/\\\/nivegy.com\\\/en\\\/termek\\\/szabo-and-son-winery-inn\\\/\"]}]},{\"@type\":\"ImageObject\",\"inLanguage\":\"en-US\",\"@id\":\"https:\\\/\\\/nivegy.com\\\/en\\\/termek\\\/szabo-and-son-winery-inn\\\/#primaryimage\",\"url\":\"https:\\\/\\\/nivegy.com\\\/wp-content\\\/uploads\\\/2023\\\/06\\\/Sz-Szabo-es-Fia.webp\",\"contentUrl\":\"https:\\\/\\\/nivegy.com\\\/wp-content\\\/uploads\\\/2023\\\/06\\\/Sz-Szabo-es-Fia.webp\",\"width\":1000,\"height\":1000,\"caption\":\"Fogad\u00f3 Inn\"},{\"@type\":\"BreadcrumbList\",\"@id\":\"https:\\\/\\\/nivegy.com\\\/en\\\/termek\\\/szabo-and-son-winery-inn\\\/#breadcrumb\",\"itemListElement\":[{\"@type\":\"ListItem\",\"position\":1,\"name\":\"Kezd\u0151lap\",\"item\":\"https:\\\/\\\/nivegy.com\\\/en\\\/\"},{\"@type\":\"ListItem\",\"position\":2,\"name\":\"Szab\u00f3 and Son Winery\"}]},{\"@type\":\"WebSite\",\"@id\":\"https:\\\/\\\/nivegy.com\\\/#website\",\"url\":\"https:\\\/\\\/nivegy.com\\\/\",\"name\":\"Nivegy.com\",\"description\":\"Egy v\u00f6lgy, \u00f6t falu, v\u00e9gtelen csoda\",\"potentialAction\":[{\"@type\":\"SearchAction\",\"target\":{\"@type\":\"EntryPoint\",\"urlTemplate\":\"https:\\\/\\\/nivegy.com\\\/?s={search_term_string}\"},\"query-input\":{\"@type\":\"PropertyValueSpecification\",\"valueRequired\":true,\"valueName\":\"search_term_string\"}}],\"inLanguage\":\"en-US\"}]}<\/script>\n<!-- \/ Yoast SEO plugin. -->","yoast_head_json":{"title":"Szab\u00f3 and Son Winery - Nivegy.com","description":"Two accommodation options can be booked at Szab\u00f3 and Son Winery: the Balatoncsics\u00f3 Wine House for 8 persons and the Juhfark Inn for 9 persons.","robots":{"index":"index","follow":"follow","max-snippet":"max-snippet:-1","max-image-preview":"max-image-preview:large","max-video-preview":"max-video-preview:-1"},"canonical":"https:\/\/nivegy.com\/en\/termek\/szabo-and-son-winery-inn\/","og_locale":"en_US","og_type":"article","og_title":"Szab\u00f3 and Son Winery - Nivegy.com","og_description":"Two accommodation options can be booked at Szab\u00f3 and Son Winery: the Balatoncsics\u00f3 Wine House for 8 persons and the Juhfark Inn for 9 persons.","og_url":"https:\/\/nivegy.com\/en\/termek\/szabo-and-son-winery-inn\/","og_site_name":"Nivegy.com","article_publisher":"https:\/\/www.facebook.com\/nivegy","article_modified_time":"2023-11-21T15:14:31+00:00","og_image":[{"width":1000,"height":1000,"url":"https:\/\/nivegy.com\/wp-content\/uploads\/2023\/06\/Sz-Szabo-es-Fia.webp","type":"image\/webp"}],"twitter_card":"summary_large_image","twitter_misc":{"Est. reading time":"1 minute"},"schema":{"@context":"https:\/\/schema.org","@graph":[{"@type":"WebPage","@id":"https:\/\/nivegy.com\/en\/termek\/szabo-and-son-winery-inn\/","url":"https:\/\/nivegy.com\/en\/termek\/szabo-and-son-winery-inn\/","name":"Szab\u00f3 and Son Winery - Nivegy.com","isPartOf":{"@id":"https:\/\/nivegy.com\/#website"},"primaryImageOfPage":{"@id":"https:\/\/nivegy.com\/en\/termek\/szabo-and-son-winery-inn\/#primaryimage"},"image":{"@id":"https:\/\/nivegy.com\/en\/termek\/szabo-and-son-winery-inn\/#primaryimage"},"thumbnailUrl":"https:\/\/nivegy.com\/wp-content\/uploads\/2023\/06\/Sz-Szabo-es-Fia.webp","datePublished":"2023-06-24T10:20:57+00:00","dateModified":"2023-11-21T15:14:31+00:00","description":"Two accommodation options can be booked at Szab\u00f3 and Son Winery: the Balatoncsics\u00f3 Wine House for 8 persons and the Juhfark Inn for 9 persons.","breadcrumb":{"@id":"https:\/\/nivegy.com\/en\/termek\/szabo-and-son-winery-inn\/#breadcrumb"},"inLanguage":"en-US","potentialAction":[{"@type":"ReadAction","target":["https:\/\/nivegy.com\/en\/termek\/szabo-and-son-winery-inn\/"]}]},{"@type":"ImageObject","inLanguage":"en-US","@id":"https:\/\/nivegy.com\/en\/termek\/szabo-and-son-winery-inn\/#primaryimage","url":"https:\/\/nivegy.com\/wp-content\/uploads\/2023\/06\/Sz-Szabo-es-Fia.webp","contentUrl":"https:\/\/nivegy.com\/wp-content\/uploads\/2023\/06\/Sz-Szabo-es-Fia.webp","width":1000,"height":1000,"caption":"Fogad\u00f3 Inn"},{"@type":"BreadcrumbList","@id":"https:\/\/nivegy.com\/en\/termek\/szabo-and-son-winery-inn\/#breadcrumb","itemListElement":[{"@type":"ListItem","position":1,"name":"Kezd\u0151lap","item":"https:\/\/nivegy.com\/en\/"},{"@type":"ListItem","position":2,"name":"Szab\u00f3 and Son Winery"}]},{"@type":"WebSite","@id":"https:\/\/nivegy.com\/#website","url":"https:\/\/nivegy.com\/","name":"Nivegy.com","description":"Egy v\u00f6lgy, \u00f6t falu, v\u00e9gtelen csoda","potentialAction":[{"@type":"SearchAction","target":{"@type":"EntryPoint","urlTemplate":"https:\/\/nivegy.com\/?s={search_term_string}"},"query-input":{"@type":"PropertyValueSpecification","valueRequired":true,"valueName":"search_term_string"}}],"inLanguage":"en-US"}]}},"_links":{"self":[{"href":"https:\/\/nivegy.com\/en\/wp-json\/wp\/v2\/product\/2672","targetHints":{"allow":["GET"]}}],"collection":[{"href":"https:\/\/nivegy.com\/en\/wp-json\/wp\/v2\/product"}],"about":[{"href":"https:\/\/nivegy.com\/en\/wp-json\/wp\/v2\/types\/product"}],"replies":[{"embeddable":true,"href":"https:\/\/nivegy.com\/en\/wp-json\/wp\/v2\/comments?post=2672"}],"wp:featuredmedia":[{"embeddable":true,"href":"https:\/\/nivegy.com\/en\/wp-json\/wp\/v2\/media\/3331"}],"wp:attachment":[{"href":"https:\/\/nivegy.com\/en\/wp-json\/wp\/v2\/media?parent=2672"}],"wp:term":[{"taxonomy":"product_brand","embeddable":true,"href":"https:\/\/nivegy.com\/en\/wp-json\/wp\/v2\/product_brand?post=2672"},{"taxonomy":"product_cat","embeddable":true,"href":"https:\/\/nivegy.com\/en\/wp-json\/wp\/v2\/product_cat?post=2672"},{"taxonomy":"product_tag","embeddable":true,"href":"https:\/\/nivegy.com\/en\/wp-json\/wp\/v2\/product_tag?post=2672"}],"curies":[{"name":"wp","href":"https:\/\/api.w.org\/{rel}","templated":true}]}}