{"id":2671,"date":"2023-06-19T23:23:46","date_gmt":"2023-06-19T22:23:46","guid":{"rendered":"https:\/\/nivegy.com\/?post_type=product&#038;p=2671"},"modified":"2024-08-06T17:15:09","modified_gmt":"2024-08-06T17:15:09","slug":"bocskay-winery","status":"publish","type":"product","link":"https:\/\/nivegy.com\/en\/termek\/bocskay-winery\/","title":{"rendered":"Bocskay Winery"},"content":{"rendered":"<p><strong>Bocskay Winery is hidden in an <a href=\"https:\/\/maps.app.goo.gl\/Wi8dxAah8VFNqsdF9\">area<\/a> of 1,000 sq m at the top of St. Bal\u00e1zs Hill. It is accompanied by a vineyard of nearly 7,000 sq m. <\/strong>It\u2019s a truly hidden gem as there is no traffic.\u00a0Cars and hikers do not cross the territory, making this one of the quietest wineries and accommodation on the mountain.<\/p>\n<p>Thanks to this tranquility, we can catch a glimpse of deer and rabbits, and closely observe the sunbathing green lizards or butterflies. The alarm clock can be easily replaced with the chirping of birds while in the evening we can enjoy the chirping of crickets. The good news for those who sleep poorly is that the light pollution is minimal, and without clouds, the sky can be seen in its most amazing depth. Resting on the hill can be an excellent \u201emedicine\u201d for stressful weekdays.<\/p>\n<p>The upper level of the winery functions as accommodation. It is an ideal choice for families, friends, and couples. The accommodation includes two bedrooms (with double beds), a living room with an American kitchen, a bathroom, and an anteroom.<\/p>\n<p>The panorama of the Bocskay Winery is breathtaking as most of the <a href=\"https:\/\/nivegy.com\/en\/termek\/nivegy-valley\/\">Nivegy Valley<\/a> lies at our feet.<\/p>\n","protected":false},"excerpt":{"rendered":"<p>Bocskay Winery is hidden in an area of 1,000 sq m at the top of St. Bal\u00e1zs Hill. It is accompanied by a vineyard of nearly 7,000 sq m. It\u2019s a truly hidden gem as there is no traffic.\u00a0Cars and hikers do not cross the territory, making this one of the quietest wineries and accommodation [&hellip;]<\/p>\n","protected":false},"featured_media":5621,"comment_status":"closed","ping_status":"closed","template":"","meta":{"_acf_changed":false},"product_brand":[],"product_cat":[325],"product_tag":[],"class_list":{"0":"post-2671","1":"product","2":"type-product","3":"status-publish","4":"has-post-thumbnail","6":"product_cat-accommodation","8":"first","9":"instock","10":"shipping-taxable","11":"product-type-simple"},"acf":[],"yoast_head":"<!-- This site is optimized with the Yoast SEO plugin v27.4 - https:\/\/yoast.com\/product\/yoast-seo-wordpress\/ -->\n<title>Bocskay Winery - Nivegy.com<\/title>\n<meta name=\"description\" content=\"Bocskay Winery is hidden in an area of 1.000 sq m at the top of St. Bal\u00e1zs Hill, together with its vineyard of nearly 7.000 sq m.\" \/>\n<meta name=\"robots\" content=\"index, follow, max-snippet:-1, max-image-preview:large, max-video-preview:-1\" \/>\n<link rel=\"canonical\" href=\"https:\/\/nivegy.com\/en\/termek\/bocskay-winery\/\" \/>\n<meta property=\"og:locale\" content=\"en_US\" \/>\n<meta property=\"og:type\" content=\"article\" \/>\n<meta property=\"og:title\" content=\"Bocskay Winery - Nivegy.com\" \/>\n<meta property=\"og:description\" content=\"Bocskay Winery is hidden in an area of 1.000 sq m at the top of St. Bal\u00e1zs Hill, together with its vineyard of nearly 7.000 sq m.\" \/>\n<meta property=\"og:url\" content=\"https:\/\/nivegy.com\/en\/termek\/bocskay-winery\/\" \/>\n<meta property=\"og:site_name\" content=\"Nivegy.com\" \/>\n<meta property=\"article:publisher\" content=\"https:\/\/www.facebook.com\/nivegy\" \/>\n<meta property=\"article:modified_time\" content=\"2024-08-06T17:15:09+00:00\" \/>\n<meta property=\"og:image\" content=\"https:\/\/nivegy.com\/wp-content\/uploads\/2023\/06\/Bocskay.webp\" \/>\n\t<meta property=\"og:image:width\" content=\"1000\" \/>\n\t<meta property=\"og:image:height\" content=\"1000\" \/>\n\t<meta property=\"og:image:type\" content=\"image\/webp\" \/>\n<meta name=\"twitter:card\" content=\"summary_large_image\" \/>\n<meta name=\"twitter:label1\" content=\"Est. reading time\" \/>\n\t<meta name=\"twitter:data1\" content=\"2 minutes\" \/>\n<script type=\"application\/ld+json\" class=\"yoast-schema-graph\">{\"@context\":\"https:\\\/\\\/schema.org\",\"@graph\":[{\"@type\":\"WebPage\",\"@id\":\"https:\\\/\\\/nivegy.com\\\/en\\\/termek\\\/bocskay-winery\\\/\",\"url\":\"https:\\\/\\\/nivegy.com\\\/en\\\/termek\\\/bocskay-winery\\\/\",\"name\":\"Bocskay Winery - Nivegy.com\",\"isPartOf\":{\"@id\":\"https:\\\/\\\/nivegy.com\\\/#website\"},\"primaryImageOfPage\":{\"@id\":\"https:\\\/\\\/nivegy.com\\\/en\\\/termek\\\/bocskay-winery\\\/#primaryimage\"},\"image\":{\"@id\":\"https:\\\/\\\/nivegy.com\\\/en\\\/termek\\\/bocskay-winery\\\/#primaryimage\"},\"thumbnailUrl\":\"https:\\\/\\\/nivegy.com\\\/wp-content\\\/uploads\\\/2023\\\/06\\\/Bocskay.webp\",\"datePublished\":\"2023-06-19T22:23:46+00:00\",\"dateModified\":\"2024-08-06T17:15:09+00:00\",\"description\":\"Bocskay Winery is hidden in an area of 1.000 sq m at the top of St. Bal\u00e1zs Hill, together with its vineyard of nearly 7.000 sq m.\",\"breadcrumb\":{\"@id\":\"https:\\\/\\\/nivegy.com\\\/en\\\/termek\\\/bocskay-winery\\\/#breadcrumb\"},\"inLanguage\":\"en-US\",\"potentialAction\":[{\"@type\":\"ReadAction\",\"target\":[\"https:\\\/\\\/nivegy.com\\\/en\\\/termek\\\/bocskay-winery\\\/\"]}]},{\"@type\":\"ImageObject\",\"inLanguage\":\"en-US\",\"@id\":\"https:\\\/\\\/nivegy.com\\\/en\\\/termek\\\/bocskay-winery\\\/#primaryimage\",\"url\":\"https:\\\/\\\/nivegy.com\\\/wp-content\\\/uploads\\\/2023\\\/06\\\/Bocskay.webp\",\"contentUrl\":\"https:\\\/\\\/nivegy.com\\\/wp-content\\\/uploads\\\/2023\\\/06\\\/Bocskay.webp\",\"width\":1000,\"height\":1000,\"caption\":\"Bocskay pince\"},{\"@type\":\"BreadcrumbList\",\"@id\":\"https:\\\/\\\/nivegy.com\\\/en\\\/termek\\\/bocskay-winery\\\/#breadcrumb\",\"itemListElement\":[{\"@type\":\"ListItem\",\"position\":1,\"name\":\"Kezd\u0151lap\",\"item\":\"https:\\\/\\\/nivegy.com\\\/en\\\/\"},{\"@type\":\"ListItem\",\"position\":2,\"name\":\"Bocskay Winery\"}]},{\"@type\":\"WebSite\",\"@id\":\"https:\\\/\\\/nivegy.com\\\/#website\",\"url\":\"https:\\\/\\\/nivegy.com\\\/\",\"name\":\"Nivegy.com\",\"description\":\"Egy v\u00f6lgy, \u00f6t falu, v\u00e9gtelen csoda\",\"potentialAction\":[{\"@type\":\"SearchAction\",\"target\":{\"@type\":\"EntryPoint\",\"urlTemplate\":\"https:\\\/\\\/nivegy.com\\\/?s={search_term_string}\"},\"query-input\":{\"@type\":\"PropertyValueSpecification\",\"valueRequired\":true,\"valueName\":\"search_term_string\"}}],\"inLanguage\":\"en-US\"}]}<\/script>\n<!-- \/ Yoast SEO plugin. -->","yoast_head_json":{"title":"Bocskay Winery - Nivegy.com","description":"Bocskay Winery is hidden in an area of 1.000 sq m at the top of St. Bal\u00e1zs Hill, together with its vineyard of nearly 7.000 sq m.","robots":{"index":"index","follow":"follow","max-snippet":"max-snippet:-1","max-image-preview":"max-image-preview:large","max-video-preview":"max-video-preview:-1"},"canonical":"https:\/\/nivegy.com\/en\/termek\/bocskay-winery\/","og_locale":"en_US","og_type":"article","og_title":"Bocskay Winery - Nivegy.com","og_description":"Bocskay Winery is hidden in an area of 1.000 sq m at the top of St. Bal\u00e1zs Hill, together with its vineyard of nearly 7.000 sq m.","og_url":"https:\/\/nivegy.com\/en\/termek\/bocskay-winery\/","og_site_name":"Nivegy.com","article_publisher":"https:\/\/www.facebook.com\/nivegy","article_modified_time":"2024-08-06T17:15:09+00:00","og_image":[{"width":1000,"height":1000,"url":"https:\/\/nivegy.com\/wp-content\/uploads\/2023\/06\/Bocskay.webp","type":"image\/webp"}],"twitter_card":"summary_large_image","twitter_misc":{"Est. reading time":"2 minutes"},"schema":{"@context":"https:\/\/schema.org","@graph":[{"@type":"WebPage","@id":"https:\/\/nivegy.com\/en\/termek\/bocskay-winery\/","url":"https:\/\/nivegy.com\/en\/termek\/bocskay-winery\/","name":"Bocskay Winery - Nivegy.com","isPartOf":{"@id":"https:\/\/nivegy.com\/#website"},"primaryImageOfPage":{"@id":"https:\/\/nivegy.com\/en\/termek\/bocskay-winery\/#primaryimage"},"image":{"@id":"https:\/\/nivegy.com\/en\/termek\/bocskay-winery\/#primaryimage"},"thumbnailUrl":"https:\/\/nivegy.com\/wp-content\/uploads\/2023\/06\/Bocskay.webp","datePublished":"2023-06-19T22:23:46+00:00","dateModified":"2024-08-06T17:15:09+00:00","description":"Bocskay Winery is hidden in an area of 1.000 sq m at the top of St. Bal\u00e1zs Hill, together with its vineyard of nearly 7.000 sq m.","breadcrumb":{"@id":"https:\/\/nivegy.com\/en\/termek\/bocskay-winery\/#breadcrumb"},"inLanguage":"en-US","potentialAction":[{"@type":"ReadAction","target":["https:\/\/nivegy.com\/en\/termek\/bocskay-winery\/"]}]},{"@type":"ImageObject","inLanguage":"en-US","@id":"https:\/\/nivegy.com\/en\/termek\/bocskay-winery\/#primaryimage","url":"https:\/\/nivegy.com\/wp-content\/uploads\/2023\/06\/Bocskay.webp","contentUrl":"https:\/\/nivegy.com\/wp-content\/uploads\/2023\/06\/Bocskay.webp","width":1000,"height":1000,"caption":"Bocskay pince"},{"@type":"BreadcrumbList","@id":"https:\/\/nivegy.com\/en\/termek\/bocskay-winery\/#breadcrumb","itemListElement":[{"@type":"ListItem","position":1,"name":"Kezd\u0151lap","item":"https:\/\/nivegy.com\/en\/"},{"@type":"ListItem","position":2,"name":"Bocskay Winery"}]},{"@type":"WebSite","@id":"https:\/\/nivegy.com\/#website","url":"https:\/\/nivegy.com\/","name":"Nivegy.com","description":"Egy v\u00f6lgy, \u00f6t falu, v\u00e9gtelen csoda","potentialAction":[{"@type":"SearchAction","target":{"@type":"EntryPoint","urlTemplate":"https:\/\/nivegy.com\/?s={search_term_string}"},"query-input":{"@type":"PropertyValueSpecification","valueRequired":true,"valueName":"search_term_string"}}],"inLanguage":"en-US"}]}},"_links":{"self":[{"href":"https:\/\/nivegy.com\/en\/wp-json\/wp\/v2\/product\/2671","targetHints":{"allow":["GET"]}}],"collection":[{"href":"https:\/\/nivegy.com\/en\/wp-json\/wp\/v2\/product"}],"about":[{"href":"https:\/\/nivegy.com\/en\/wp-json\/wp\/v2\/types\/product"}],"replies":[{"embeddable":true,"href":"https:\/\/nivegy.com\/en\/wp-json\/wp\/v2\/comments?post=2671"}],"wp:featuredmedia":[{"embeddable":true,"href":"https:\/\/nivegy.com\/en\/wp-json\/wp\/v2\/media\/5621"}],"wp:attachment":[{"href":"https:\/\/nivegy.com\/en\/wp-json\/wp\/v2\/media?parent=2671"}],"wp:term":[{"taxonomy":"product_brand","embeddable":true,"href":"https:\/\/nivegy.com\/en\/wp-json\/wp\/v2\/product_brand?post=2671"},{"taxonomy":"product_cat","embeddable":true,"href":"https:\/\/nivegy.com\/en\/wp-json\/wp\/v2\/product_cat?post=2671"},{"taxonomy":"product_tag","embeddable":true,"href":"https:\/\/nivegy.com\/en\/wp-json\/wp\/v2\/product_tag?post=2671"}],"curies":[{"name":"wp","href":"https:\/\/api.w.org\/{rel}","templated":true}]}}