{"id":2670,"date":"2023-06-19T23:08:16","date_gmt":"2023-06-19T22:08:16","guid":{"rendered":"https:\/\/nivegy.com\/?post_type=product&#038;p=2670"},"modified":"2025-02-22T09:21:58","modified_gmt":"2025-02-22T09:21:58","slug":"scher-guest-house","status":"publish","type":"product","link":"https:\/\/nivegy.com\/en\/termek\/scher-guest-house\/","title":{"rendered":"Scher Guest House"},"content":{"rendered":"<p><strong>Our guest house is located 8 km from Lake Balaton, in the center of <a href=\"https:\/\/balatoncsicso.hu\/\">Balatoncsics\u00f3<\/a>. It consists of two apartments with separate entrances, which can comfortably accommodate 6 people each (12 people in total).<\/strong><\/p>\n<p>Both apartments consist of 3 separate bedrooms, one of which has a double bed, while the other two bedrooms have 2 single beds. If required, the apartment upstairs can be equipped with a truckle-bed.<\/p>\n<p><strong>Our prices:<\/strong><\/p>\n<ul>\n<li>8.000 HUF\/person\/night (10.000 HUF\/person\/night in case of a one- or two-night reservation),<\/li>\n<li>The minimum price of the apartments is 16.000 HUF (smaller) and HUF 24.000 (larger).<\/li>\n<li>+400 HUF\/person\/night tourist tax (payable for guests over 18)<\/li>\n<\/ul>\n<p>Our holiday home is equipped with air conditioning, for which the usage fee is 2.000 HUF\/night. Pets are also welcomed at all times of the year, for which there is an additional charge of 2.000 HUF\/pet\/night.<\/p>\n","protected":false},"excerpt":{"rendered":"<p>Our guest house is located 8 km from Lake Balaton, in the center of Balatoncsics\u00f3. It consists of two apartments with separate entrances, which can comfortably accommodate 6 people each (12 people in total). Both apartments consist of 3 separate bedrooms, one of which has a double bed, while the other two bedrooms have 2 [&hellip;]<\/p>\n","protected":false},"featured_media":3330,"comment_status":"closed","ping_status":"closed","template":"","meta":{"_acf_changed":false},"product_brand":[],"product_cat":[325],"product_tag":[],"class_list":{"0":"post-2670","1":"product","2":"type-product","3":"status-publish","4":"has-post-thumbnail","6":"product_cat-accommodation","8":"first","9":"instock","10":"shipping-taxable","11":"product-type-simple"},"acf":[],"yoast_head":"<!-- This site is optimized with the Yoast SEO plugin v27.4 - https:\/\/yoast.com\/product\/yoast-seo-wordpress\/ -->\n<title>Scher Guest House - Nivegy.com<\/title>\n<meta name=\"description\" content=\"Scher Guest House is located 8 km from Lake Balaton, in the center of Balatoncsics\u00f3. It consists of two apartments with separate entrances.\" \/>\n<meta name=\"robots\" content=\"index, follow, max-snippet:-1, max-image-preview:large, max-video-preview:-1\" \/>\n<link rel=\"canonical\" href=\"https:\/\/nivegy.com\/en\/termek\/scher-guest-house\/\" \/>\n<meta property=\"og:locale\" content=\"en_US\" \/>\n<meta property=\"og:type\" content=\"article\" \/>\n<meta property=\"og:title\" content=\"Scher Guest House - Nivegy.com\" \/>\n<meta property=\"og:description\" content=\"Scher Guest House is located 8 km from Lake Balaton, in the center of Balatoncsics\u00f3. It consists of two apartments with separate entrances.\" \/>\n<meta property=\"og:url\" content=\"https:\/\/nivegy.com\/en\/termek\/scher-guest-house\/\" \/>\n<meta property=\"og:site_name\" content=\"Nivegy.com\" \/>\n<meta property=\"article:publisher\" content=\"https:\/\/www.facebook.com\/nivegy\" \/>\n<meta property=\"article:modified_time\" content=\"2025-02-22T09:21:58+00:00\" \/>\n<meta property=\"og:image\" content=\"https:\/\/nivegy.com\/wp-content\/uploads\/2023\/06\/Sz-Scher-vendeghaz.webp\" \/>\n\t<meta property=\"og:image:width\" content=\"1000\" \/>\n\t<meta property=\"og:image:height\" content=\"1000\" \/>\n\t<meta property=\"og:image:type\" content=\"image\/webp\" \/>\n<meta name=\"twitter:card\" content=\"summary_large_image\" \/>\n<meta name=\"twitter:label1\" content=\"Est. reading time\" \/>\n\t<meta name=\"twitter:data1\" content=\"1 minute\" \/>\n<script type=\"application\/ld+json\" class=\"yoast-schema-graph\">{\"@context\":\"https:\\\/\\\/schema.org\",\"@graph\":[{\"@type\":\"WebPage\",\"@id\":\"https:\\\/\\\/nivegy.com\\\/en\\\/termek\\\/scher-guest-house\\\/\",\"url\":\"https:\\\/\\\/nivegy.com\\\/en\\\/termek\\\/scher-guest-house\\\/\",\"name\":\"Scher Guest House - Nivegy.com\",\"isPartOf\":{\"@id\":\"https:\\\/\\\/nivegy.com\\\/#website\"},\"primaryImageOfPage\":{\"@id\":\"https:\\\/\\\/nivegy.com\\\/en\\\/termek\\\/scher-guest-house\\\/#primaryimage\"},\"image\":{\"@id\":\"https:\\\/\\\/nivegy.com\\\/en\\\/termek\\\/scher-guest-house\\\/#primaryimage\"},\"thumbnailUrl\":\"https:\\\/\\\/nivegy.com\\\/wp-content\\\/uploads\\\/2023\\\/06\\\/Sz-Scher-vendeghaz.webp\",\"datePublished\":\"2023-06-19T22:08:16+00:00\",\"dateModified\":\"2025-02-22T09:21:58+00:00\",\"description\":\"Scher Guest House is located 8 km from Lake Balaton, in the center of Balatoncsics\u00f3. It consists of two apartments with separate entrances.\",\"breadcrumb\":{\"@id\":\"https:\\\/\\\/nivegy.com\\\/en\\\/termek\\\/scher-guest-house\\\/#breadcrumb\"},\"inLanguage\":\"en-US\",\"potentialAction\":[{\"@type\":\"ReadAction\",\"target\":[\"https:\\\/\\\/nivegy.com\\\/en\\\/termek\\\/scher-guest-house\\\/\"]}]},{\"@type\":\"ImageObject\",\"inLanguage\":\"en-US\",\"@id\":\"https:\\\/\\\/nivegy.com\\\/en\\\/termek\\\/scher-guest-house\\\/#primaryimage\",\"url\":\"https:\\\/\\\/nivegy.com\\\/wp-content\\\/uploads\\\/2023\\\/06\\\/Sz-Scher-vendeghaz.webp\",\"contentUrl\":\"https:\\\/\\\/nivegy.com\\\/wp-content\\\/uploads\\\/2023\\\/06\\\/Sz-Scher-vendeghaz.webp\",\"width\":1000,\"height\":1000,\"caption\":\"Scher Vend\u00e9gh\u00e1z Guest House\"},{\"@type\":\"BreadcrumbList\",\"@id\":\"https:\\\/\\\/nivegy.com\\\/en\\\/termek\\\/scher-guest-house\\\/#breadcrumb\",\"itemListElement\":[{\"@type\":\"ListItem\",\"position\":1,\"name\":\"Kezd\u0151lap\",\"item\":\"https:\\\/\\\/nivegy.com\\\/en\\\/\"},{\"@type\":\"ListItem\",\"position\":2,\"name\":\"Scher Guest House\"}]},{\"@type\":\"WebSite\",\"@id\":\"https:\\\/\\\/nivegy.com\\\/#website\",\"url\":\"https:\\\/\\\/nivegy.com\\\/\",\"name\":\"Nivegy.com\",\"description\":\"Egy v\u00f6lgy, \u00f6t falu, v\u00e9gtelen csoda\",\"potentialAction\":[{\"@type\":\"SearchAction\",\"target\":{\"@type\":\"EntryPoint\",\"urlTemplate\":\"https:\\\/\\\/nivegy.com\\\/?s={search_term_string}\"},\"query-input\":{\"@type\":\"PropertyValueSpecification\",\"valueRequired\":true,\"valueName\":\"search_term_string\"}}],\"inLanguage\":\"en-US\"}]}<\/script>\n<!-- \/ Yoast SEO plugin. -->","yoast_head_json":{"title":"Scher Guest House - Nivegy.com","description":"Scher Guest House is located 8 km from Lake Balaton, in the center of Balatoncsics\u00f3. It consists of two apartments with separate entrances.","robots":{"index":"index","follow":"follow","max-snippet":"max-snippet:-1","max-image-preview":"max-image-preview:large","max-video-preview":"max-video-preview:-1"},"canonical":"https:\/\/nivegy.com\/en\/termek\/scher-guest-house\/","og_locale":"en_US","og_type":"article","og_title":"Scher Guest House - Nivegy.com","og_description":"Scher Guest House is located 8 km from Lake Balaton, in the center of Balatoncsics\u00f3. It consists of two apartments with separate entrances.","og_url":"https:\/\/nivegy.com\/en\/termek\/scher-guest-house\/","og_site_name":"Nivegy.com","article_publisher":"https:\/\/www.facebook.com\/nivegy","article_modified_time":"2025-02-22T09:21:58+00:00","og_image":[{"width":1000,"height":1000,"url":"https:\/\/nivegy.com\/wp-content\/uploads\/2023\/06\/Sz-Scher-vendeghaz.webp","type":"image\/webp"}],"twitter_card":"summary_large_image","twitter_misc":{"Est. reading time":"1 minute"},"schema":{"@context":"https:\/\/schema.org","@graph":[{"@type":"WebPage","@id":"https:\/\/nivegy.com\/en\/termek\/scher-guest-house\/","url":"https:\/\/nivegy.com\/en\/termek\/scher-guest-house\/","name":"Scher Guest House - Nivegy.com","isPartOf":{"@id":"https:\/\/nivegy.com\/#website"},"primaryImageOfPage":{"@id":"https:\/\/nivegy.com\/en\/termek\/scher-guest-house\/#primaryimage"},"image":{"@id":"https:\/\/nivegy.com\/en\/termek\/scher-guest-house\/#primaryimage"},"thumbnailUrl":"https:\/\/nivegy.com\/wp-content\/uploads\/2023\/06\/Sz-Scher-vendeghaz.webp","datePublished":"2023-06-19T22:08:16+00:00","dateModified":"2025-02-22T09:21:58+00:00","description":"Scher Guest House is located 8 km from Lake Balaton, in the center of Balatoncsics\u00f3. It consists of two apartments with separate entrances.","breadcrumb":{"@id":"https:\/\/nivegy.com\/en\/termek\/scher-guest-house\/#breadcrumb"},"inLanguage":"en-US","potentialAction":[{"@type":"ReadAction","target":["https:\/\/nivegy.com\/en\/termek\/scher-guest-house\/"]}]},{"@type":"ImageObject","inLanguage":"en-US","@id":"https:\/\/nivegy.com\/en\/termek\/scher-guest-house\/#primaryimage","url":"https:\/\/nivegy.com\/wp-content\/uploads\/2023\/06\/Sz-Scher-vendeghaz.webp","contentUrl":"https:\/\/nivegy.com\/wp-content\/uploads\/2023\/06\/Sz-Scher-vendeghaz.webp","width":1000,"height":1000,"caption":"Scher Vend\u00e9gh\u00e1z Guest House"},{"@type":"BreadcrumbList","@id":"https:\/\/nivegy.com\/en\/termek\/scher-guest-house\/#breadcrumb","itemListElement":[{"@type":"ListItem","position":1,"name":"Kezd\u0151lap","item":"https:\/\/nivegy.com\/en\/"},{"@type":"ListItem","position":2,"name":"Scher Guest House"}]},{"@type":"WebSite","@id":"https:\/\/nivegy.com\/#website","url":"https:\/\/nivegy.com\/","name":"Nivegy.com","description":"Egy v\u00f6lgy, \u00f6t falu, v\u00e9gtelen csoda","potentialAction":[{"@type":"SearchAction","target":{"@type":"EntryPoint","urlTemplate":"https:\/\/nivegy.com\/?s={search_term_string}"},"query-input":{"@type":"PropertyValueSpecification","valueRequired":true,"valueName":"search_term_string"}}],"inLanguage":"en-US"}]}},"_links":{"self":[{"href":"https:\/\/nivegy.com\/en\/wp-json\/wp\/v2\/product\/2670","targetHints":{"allow":["GET"]}}],"collection":[{"href":"https:\/\/nivegy.com\/en\/wp-json\/wp\/v2\/product"}],"about":[{"href":"https:\/\/nivegy.com\/en\/wp-json\/wp\/v2\/types\/product"}],"replies":[{"embeddable":true,"href":"https:\/\/nivegy.com\/en\/wp-json\/wp\/v2\/comments?post=2670"}],"wp:featuredmedia":[{"embeddable":true,"href":"https:\/\/nivegy.com\/en\/wp-json\/wp\/v2\/media\/3330"}],"wp:attachment":[{"href":"https:\/\/nivegy.com\/en\/wp-json\/wp\/v2\/media?parent=2670"}],"wp:term":[{"taxonomy":"product_brand","embeddable":true,"href":"https:\/\/nivegy.com\/en\/wp-json\/wp\/v2\/product_brand?post=2670"},{"taxonomy":"product_cat","embeddable":true,"href":"https:\/\/nivegy.com\/en\/wp-json\/wp\/v2\/product_cat?post=2670"},{"taxonomy":"product_tag","embeddable":true,"href":"https:\/\/nivegy.com\/en\/wp-json\/wp\/v2\/product_tag?post=2670"}],"curies":[{"name":"wp","href":"https:\/\/api.w.org\/{rel}","templated":true}]}}