{"id":2669,"date":"2023-06-19T22:51:36","date_gmt":"2023-06-19T21:51:36","guid":{"rendered":"https:\/\/nivegy.com\/?post_type=product&#038;p=2669"},"modified":"2026-04-26T17:36:59","modified_gmt":"2026-04-26T17:36:59","slug":"erzsebet-holiday-home","status":"publish","type":"product","link":"https:\/\/nivegy.com\/en\/termek\/erzsebet-holiday-home\/","title":{"rendered":"Erzs\u00e9bet Holiday Home"},"content":{"rendered":"<p><strong>Erzs\u00e9bet Holiday Home is located 8 km from Lake Balaton, in one of the quietest parts of Balatoncsics\u00f3, on St. Bal\u00e1zs\u2019s Hill and can be used by our guests independently. <\/strong>There is a possibility to enjoy the beautiful Balaton panorama from the two terraces of the house. The garden offers opportunities for outdoor barbecues or sports activities.<\/p>\n<p>As for the accommodation, there is a sofa bed in the living room on the ground floor, while the two separate bedrooms upstairs have a double bed and two single beds.<\/p>\n<p><strong>Our prices:<\/strong><\/p>\n<ul>\n<li>For 2 people: 40.000 HUF \/ night<\/li>\n<li>For 3 people: 50,000 HUF \/ night<\/li>\n<li>For 4 people: 60,000 HUF \/ night<\/li>\n<li>For 5 people: 70,000 HUF \/ night<\/li>\n<li>For 6 people: 80,000 HUF \/ night<\/li>\n<li>For 7 people: 90,000 HUF \/ night<\/li>\n<li>+400 HUF\/person\/night tourist tax (payable for guests over 18)<\/li>\n<li>Children under 3 years stay free of charge. A baby cot is available on request.<\/li>\n<\/ul>\n<p>Pets are also welcomed at all times of the year, for which there is an additional charge of 10.000 HUF.<\/p>\n<p>The Ruins of <a href=\"https:\/\/nivegy.com\/en\/termek\/st-balazs-church-ruin\/\">St. Bal\u00e1zs Church<\/a> -one of the landmarks of Nivegy Valley- along with the winery and restaurant of <a href=\"http:\/\/gergelyborhaz.hu\/\">Gergely Wine House<\/a> are within walking distance from Erzs\u00e9bet\u00a0Holiday\u00a0Home.<\/p>\n","protected":false},"excerpt":{"rendered":"<p>Erzs\u00e9bet Holiday Home is located 8 km from Lake Balaton, in one of the quietest parts of Balatoncsics\u00f3, on St. Bal\u00e1zs\u2019s Hill and can be used by our guests independently. There is a possibility to enjoy the beautiful Balaton panorama from the two terraces of the house. The garden offers opportunities for outdoor barbecues or [&hellip;]<\/p>\n","protected":false},"featured_media":3321,"comment_status":"closed","ping_status":"closed","template":"","meta":{"_acf_changed":false},"product_brand":[],"product_cat":[325],"product_tag":[],"class_list":{"0":"post-2669","1":"product","2":"type-product","3":"status-publish","4":"has-post-thumbnail","6":"product_cat-accommodation","8":"first","9":"instock","10":"shipping-taxable","11":"product-type-simple"},"acf":[],"yoast_head":"<!-- This site is optimized with the Yoast SEO plugin v27.6 - https:\/\/yoast.com\/product\/yoast-seo-wordpress\/ -->\n<title>Erzs\u00e9bet Holiday Home - Nivegy.com<\/title>\n<meta name=\"description\" content=\"Erzs\u00e9bet Holiday Home is located 8 km from Lake Balaton, in one of the quietest parts of Balatoncsics\u00f3, on St. Bal\u00e1zs\u2019s Hill.\" \/>\n<meta name=\"robots\" content=\"index, follow, max-snippet:-1, max-image-preview:large, max-video-preview:-1\" \/>\n<link rel=\"canonical\" href=\"https:\/\/nivegy.com\/en\/termek\/erzsebet-holiday-home\/\" \/>\n<meta property=\"og:locale\" content=\"en_US\" \/>\n<meta property=\"og:type\" content=\"article\" \/>\n<meta property=\"og:title\" content=\"Erzs\u00e9bet Holiday Home - Nivegy.com\" \/>\n<meta property=\"og:description\" content=\"Erzs\u00e9bet Holiday Home is located 8 km from Lake Balaton, in one of the quietest parts of Balatoncsics\u00f3, on St. Bal\u00e1zs\u2019s Hill.\" \/>\n<meta property=\"og:url\" content=\"https:\/\/nivegy.com\/en\/termek\/erzsebet-holiday-home\/\" \/>\n<meta property=\"og:site_name\" content=\"Nivegy.com\" \/>\n<meta property=\"article:publisher\" content=\"https:\/\/www.facebook.com\/nivegy\" \/>\n<meta property=\"article:modified_time\" content=\"2026-04-26T17:36:59+00:00\" \/>\n<meta property=\"og:image\" content=\"https:\/\/nivegy.com\/wp-content\/uploads\/2023\/06\/Sz-Erzsebet-nyarlo.webp\" \/>\n\t<meta property=\"og:image:width\" content=\"1000\" \/>\n\t<meta property=\"og:image:height\" content=\"1000\" \/>\n\t<meta property=\"og:image:type\" content=\"image\/webp\" \/>\n<meta name=\"twitter:card\" content=\"summary_large_image\" \/>\n<meta name=\"twitter:label1\" content=\"Est. reading time\" \/>\n\t<meta name=\"twitter:data1\" content=\"2 minutes\" \/>\n<script type=\"application\/ld+json\" class=\"yoast-schema-graph\">{\"@context\":\"https:\\\/\\\/schema.org\",\"@graph\":[{\"@type\":\"WebPage\",\"@id\":\"https:\\\/\\\/nivegy.com\\\/en\\\/termek\\\/erzsebet-holiday-home\\\/\",\"url\":\"https:\\\/\\\/nivegy.com\\\/en\\\/termek\\\/erzsebet-holiday-home\\\/\",\"name\":\"Erzs\u00e9bet Holiday Home - Nivegy.com\",\"isPartOf\":{\"@id\":\"https:\\\/\\\/nivegy.com\\\/#website\"},\"primaryImageOfPage\":{\"@id\":\"https:\\\/\\\/nivegy.com\\\/en\\\/termek\\\/erzsebet-holiday-home\\\/#primaryimage\"},\"image\":{\"@id\":\"https:\\\/\\\/nivegy.com\\\/en\\\/termek\\\/erzsebet-holiday-home\\\/#primaryimage\"},\"thumbnailUrl\":\"https:\\\/\\\/nivegy.com\\\/wp-content\\\/uploads\\\/2023\\\/06\\\/Sz-Erzsebet-nyarlo.webp\",\"datePublished\":\"2023-06-19T21:51:36+00:00\",\"dateModified\":\"2026-04-26T17:36:59+00:00\",\"description\":\"Erzs\u00e9bet Holiday Home is located 8 km from Lake Balaton, in one of the quietest parts of Balatoncsics\u00f3, on St. Bal\u00e1zs\u2019s Hill.\",\"breadcrumb\":{\"@id\":\"https:\\\/\\\/nivegy.com\\\/en\\\/termek\\\/erzsebet-holiday-home\\\/#breadcrumb\"},\"inLanguage\":\"en-US\",\"potentialAction\":[{\"@type\":\"ReadAction\",\"target\":[\"https:\\\/\\\/nivegy.com\\\/en\\\/termek\\\/erzsebet-holiday-home\\\/\"]}]},{\"@type\":\"ImageObject\",\"inLanguage\":\"en-US\",\"@id\":\"https:\\\/\\\/nivegy.com\\\/en\\\/termek\\\/erzsebet-holiday-home\\\/#primaryimage\",\"url\":\"https:\\\/\\\/nivegy.com\\\/wp-content\\\/uploads\\\/2023\\\/06\\\/Sz-Erzsebet-nyarlo.webp\",\"contentUrl\":\"https:\\\/\\\/nivegy.com\\\/wp-content\\\/uploads\\\/2023\\\/06\\\/Sz-Erzsebet-nyarlo.webp\",\"width\":1000,\"height\":1000,\"caption\":\"Erzs\u00e9bet Nyaral\u00f3h\u00e1z Holiday Home\"},{\"@type\":\"BreadcrumbList\",\"@id\":\"https:\\\/\\\/nivegy.com\\\/en\\\/termek\\\/erzsebet-holiday-home\\\/#breadcrumb\",\"itemListElement\":[{\"@type\":\"ListItem\",\"position\":1,\"name\":\"Kezd\u0151lap\",\"item\":\"https:\\\/\\\/nivegy.com\\\/en\\\/\"},{\"@type\":\"ListItem\",\"position\":2,\"name\":\"Erzs\u00e9bet Holiday Home\"}]},{\"@type\":\"WebSite\",\"@id\":\"https:\\\/\\\/nivegy.com\\\/#website\",\"url\":\"https:\\\/\\\/nivegy.com\\\/\",\"name\":\"Nivegy.com\",\"description\":\"Egy v\u00f6lgy, \u00f6t falu, v\u00e9gtelen csoda\",\"potentialAction\":[{\"@type\":\"SearchAction\",\"target\":{\"@type\":\"EntryPoint\",\"urlTemplate\":\"https:\\\/\\\/nivegy.com\\\/?s={search_term_string}\"},\"query-input\":{\"@type\":\"PropertyValueSpecification\",\"valueRequired\":true,\"valueName\":\"search_term_string\"}}],\"inLanguage\":\"en-US\"}]}<\/script>\n<!-- \/ Yoast SEO plugin. -->","yoast_head_json":{"title":"Erzs\u00e9bet Holiday Home - Nivegy.com","description":"Erzs\u00e9bet Holiday Home is located 8 km from Lake Balaton, in one of the quietest parts of Balatoncsics\u00f3, on St. Bal\u00e1zs\u2019s Hill.","robots":{"index":"index","follow":"follow","max-snippet":"max-snippet:-1","max-image-preview":"max-image-preview:large","max-video-preview":"max-video-preview:-1"},"canonical":"https:\/\/nivegy.com\/en\/termek\/erzsebet-holiday-home\/","og_locale":"en_US","og_type":"article","og_title":"Erzs\u00e9bet Holiday Home - Nivegy.com","og_description":"Erzs\u00e9bet Holiday Home is located 8 km from Lake Balaton, in one of the quietest parts of Balatoncsics\u00f3, on St. Bal\u00e1zs\u2019s Hill.","og_url":"https:\/\/nivegy.com\/en\/termek\/erzsebet-holiday-home\/","og_site_name":"Nivegy.com","article_publisher":"https:\/\/www.facebook.com\/nivegy","article_modified_time":"2026-04-26T17:36:59+00:00","og_image":[{"width":1000,"height":1000,"url":"https:\/\/nivegy.com\/wp-content\/uploads\/2023\/06\/Sz-Erzsebet-nyarlo.webp","type":"image\/webp"}],"twitter_card":"summary_large_image","twitter_misc":{"Est. reading time":"2 minutes"},"schema":{"@context":"https:\/\/schema.org","@graph":[{"@type":"WebPage","@id":"https:\/\/nivegy.com\/en\/termek\/erzsebet-holiday-home\/","url":"https:\/\/nivegy.com\/en\/termek\/erzsebet-holiday-home\/","name":"Erzs\u00e9bet Holiday Home - Nivegy.com","isPartOf":{"@id":"https:\/\/nivegy.com\/#website"},"primaryImageOfPage":{"@id":"https:\/\/nivegy.com\/en\/termek\/erzsebet-holiday-home\/#primaryimage"},"image":{"@id":"https:\/\/nivegy.com\/en\/termek\/erzsebet-holiday-home\/#primaryimage"},"thumbnailUrl":"https:\/\/nivegy.com\/wp-content\/uploads\/2023\/06\/Sz-Erzsebet-nyarlo.webp","datePublished":"2023-06-19T21:51:36+00:00","dateModified":"2026-04-26T17:36:59+00:00","description":"Erzs\u00e9bet Holiday Home is located 8 km from Lake Balaton, in one of the quietest parts of Balatoncsics\u00f3, on St. Bal\u00e1zs\u2019s Hill.","breadcrumb":{"@id":"https:\/\/nivegy.com\/en\/termek\/erzsebet-holiday-home\/#breadcrumb"},"inLanguage":"en-US","potentialAction":[{"@type":"ReadAction","target":["https:\/\/nivegy.com\/en\/termek\/erzsebet-holiday-home\/"]}]},{"@type":"ImageObject","inLanguage":"en-US","@id":"https:\/\/nivegy.com\/en\/termek\/erzsebet-holiday-home\/#primaryimage","url":"https:\/\/nivegy.com\/wp-content\/uploads\/2023\/06\/Sz-Erzsebet-nyarlo.webp","contentUrl":"https:\/\/nivegy.com\/wp-content\/uploads\/2023\/06\/Sz-Erzsebet-nyarlo.webp","width":1000,"height":1000,"caption":"Erzs\u00e9bet Nyaral\u00f3h\u00e1z Holiday Home"},{"@type":"BreadcrumbList","@id":"https:\/\/nivegy.com\/en\/termek\/erzsebet-holiday-home\/#breadcrumb","itemListElement":[{"@type":"ListItem","position":1,"name":"Kezd\u0151lap","item":"https:\/\/nivegy.com\/en\/"},{"@type":"ListItem","position":2,"name":"Erzs\u00e9bet Holiday Home"}]},{"@type":"WebSite","@id":"https:\/\/nivegy.com\/#website","url":"https:\/\/nivegy.com\/","name":"Nivegy.com","description":"Egy v\u00f6lgy, \u00f6t falu, v\u00e9gtelen csoda","potentialAction":[{"@type":"SearchAction","target":{"@type":"EntryPoint","urlTemplate":"https:\/\/nivegy.com\/?s={search_term_string}"},"query-input":{"@type":"PropertyValueSpecification","valueRequired":true,"valueName":"search_term_string"}}],"inLanguage":"en-US"}]}},"_links":{"self":[{"href":"https:\/\/nivegy.com\/en\/wp-json\/wp\/v2\/product\/2669","targetHints":{"allow":["GET"]}}],"collection":[{"href":"https:\/\/nivegy.com\/en\/wp-json\/wp\/v2\/product"}],"about":[{"href":"https:\/\/nivegy.com\/en\/wp-json\/wp\/v2\/types\/product"}],"replies":[{"embeddable":true,"href":"https:\/\/nivegy.com\/en\/wp-json\/wp\/v2\/comments?post=2669"}],"wp:featuredmedia":[{"embeddable":true,"href":"https:\/\/nivegy.com\/en\/wp-json\/wp\/v2\/media\/3321"}],"wp:attachment":[{"href":"https:\/\/nivegy.com\/en\/wp-json\/wp\/v2\/media?parent=2669"}],"wp:term":[{"taxonomy":"product_brand","embeddable":true,"href":"https:\/\/nivegy.com\/en\/wp-json\/wp\/v2\/product_brand?post=2669"},{"taxonomy":"product_cat","embeddable":true,"href":"https:\/\/nivegy.com\/en\/wp-json\/wp\/v2\/product_cat?post=2669"},{"taxonomy":"product_tag","embeddable":true,"href":"https:\/\/nivegy.com\/en\/wp-json\/wp\/v2\/product_tag?post=2669"}],"curies":[{"name":"wp","href":"https:\/\/api.w.org\/{rel}","templated":true}]}}