{"id":2668,"date":"2023-06-19T22:33:42","date_gmt":"2023-06-19T21:33:42","guid":{"rendered":"https:\/\/nivegy.com\/?post_type=product&#038;p=2668"},"modified":"2023-11-21T13:15:23","modified_gmt":"2023-11-21T13:15:23","slug":"nivegy-valley-youth-hostel","status":"publish","type":"product","link":"https:\/\/nivegy.com\/en\/termek\/nivegy-valley-youth-hostel\/","title":{"rendered":"Nivegy Valley Youth Hostel"},"content":{"rendered":"<p><strong>Nivegy Valley Youth Hostel is located in a quiet and peaceful landscaped environment, awaits its guests from April to November with 3-4 bed accommodation in the heart of the valley, in Balatoncsics\u00f3.<\/strong><\/p>\n<p>Thanks to its 50-seat capacity, it can be an excellent home for class trips, summer camps, freshman camps, and training camps. We also welcome family and friends, wedding guests, pilgrimage participants and hikers of the <a href=\"https:\/\/www.kektura.hu\/okt-szakasz\/okt-06\">National Blue Trail<\/a> route and the <a href=\"https:\/\/nivegy.com\/en\/termek\/bike-trail\/\">Panoramic Bicycle Tour<\/a>, both located on the border of the village. The Youth hostel has an equipped self-catering kitchen and a dining room, which can also serve as a venue for some fun activities. It is also possible to have a cookout or a barbecue in the adjacent playground.<\/p>\n","protected":false},"excerpt":{"rendered":"<p>Nivegy Valley Youth Hostel is located in a quiet and peaceful landscaped environment, awaits its guests from April to November with 3-4 bed accommodation in the heart of the valley, in Balatoncsics\u00f3. Thanks to its 50-seat capacity, it can be an excellent home for class trips, summer camps, freshman camps, and training camps. We also [&hellip;]<\/p>\n","protected":false},"featured_media":3326,"comment_status":"closed","ping_status":"closed","template":"","meta":{"_acf_changed":false},"product_brand":[],"product_cat":[325],"product_tag":[],"class_list":{"0":"post-2668","1":"product","2":"type-product","3":"status-publish","4":"has-post-thumbnail","6":"product_cat-accommodation","8":"first","9":"instock","10":"shipping-taxable","11":"product-type-simple"},"acf":[],"yoast_head":"<!-- This site is optimized with the Yoast SEO plugin v27.4 - https:\/\/yoast.com\/product\/yoast-seo-wordpress\/ -->\n<title>Nivegy Valley Youth Hostel - Nivegy.com<\/title>\n<meta name=\"description\" content=\"Youth Hostel is located in a quiet and peaceful landscaped environment, awaits its guests from April to November with 3-4 bed accommodation.\" \/>\n<meta name=\"robots\" content=\"index, follow, max-snippet:-1, max-image-preview:large, max-video-preview:-1\" \/>\n<link rel=\"canonical\" href=\"https:\/\/nivegy.com\/en\/termek\/nivegy-valley-youth-hostel\/\" \/>\n<meta property=\"og:locale\" content=\"en_US\" \/>\n<meta property=\"og:type\" content=\"article\" \/>\n<meta property=\"og:title\" content=\"Nivegy Valley Youth Hostel - Nivegy.com\" \/>\n<meta property=\"og:description\" content=\"Youth Hostel is located in a quiet and peaceful landscaped environment, awaits its guests from April to November with 3-4 bed accommodation.\" \/>\n<meta property=\"og:url\" content=\"https:\/\/nivegy.com\/en\/termek\/nivegy-valley-youth-hostel\/\" \/>\n<meta property=\"og:site_name\" content=\"Nivegy.com\" \/>\n<meta property=\"article:publisher\" content=\"https:\/\/www.facebook.com\/nivegy\" \/>\n<meta property=\"article:modified_time\" content=\"2023-11-21T13:15:23+00:00\" \/>\n<meta property=\"og:image\" content=\"https:\/\/nivegy.com\/wp-content\/uploads\/2023\/06\/Sz-Nivegy-ifi-szallo.webp\" \/>\n\t<meta property=\"og:image:width\" content=\"1000\" \/>\n\t<meta property=\"og:image:height\" content=\"1000\" \/>\n\t<meta property=\"og:image:type\" content=\"image\/webp\" \/>\n<meta name=\"twitter:card\" content=\"summary_large_image\" \/>\n<meta name=\"twitter:label1\" content=\"Est. reading time\" \/>\n\t<meta name=\"twitter:data1\" content=\"1 minute\" \/>\n<script type=\"application\/ld+json\" class=\"yoast-schema-graph\">{\"@context\":\"https:\\\/\\\/schema.org\",\"@graph\":[{\"@type\":\"WebPage\",\"@id\":\"https:\\\/\\\/nivegy.com\\\/en\\\/termek\\\/nivegy-valley-youth-hostel\\\/\",\"url\":\"https:\\\/\\\/nivegy.com\\\/en\\\/termek\\\/nivegy-valley-youth-hostel\\\/\",\"name\":\"Nivegy Valley Youth Hostel - Nivegy.com\",\"isPartOf\":{\"@id\":\"https:\\\/\\\/nivegy.com\\\/#website\"},\"primaryImageOfPage\":{\"@id\":\"https:\\\/\\\/nivegy.com\\\/en\\\/termek\\\/nivegy-valley-youth-hostel\\\/#primaryimage\"},\"image\":{\"@id\":\"https:\\\/\\\/nivegy.com\\\/en\\\/termek\\\/nivegy-valley-youth-hostel\\\/#primaryimage\"},\"thumbnailUrl\":\"https:\\\/\\\/nivegy.com\\\/wp-content\\\/uploads\\\/2023\\\/06\\\/Sz-Nivegy-ifi-szallo.webp\",\"datePublished\":\"2023-06-19T21:33:42+00:00\",\"dateModified\":\"2023-11-21T13:15:23+00:00\",\"description\":\"Youth Hostel is located in a quiet and peaceful landscaped environment, awaits its guests from April to November with 3-4 bed accommodation.\",\"breadcrumb\":{\"@id\":\"https:\\\/\\\/nivegy.com\\\/en\\\/termek\\\/nivegy-valley-youth-hostel\\\/#breadcrumb\"},\"inLanguage\":\"en-US\",\"potentialAction\":[{\"@type\":\"ReadAction\",\"target\":[\"https:\\\/\\\/nivegy.com\\\/en\\\/termek\\\/nivegy-valley-youth-hostel\\\/\"]}]},{\"@type\":\"ImageObject\",\"inLanguage\":\"en-US\",\"@id\":\"https:\\\/\\\/nivegy.com\\\/en\\\/termek\\\/nivegy-valley-youth-hostel\\\/#primaryimage\",\"url\":\"https:\\\/\\\/nivegy.com\\\/wp-content\\\/uploads\\\/2023\\\/06\\\/Sz-Nivegy-ifi-szallo.webp\",\"contentUrl\":\"https:\\\/\\\/nivegy.com\\\/wp-content\\\/uploads\\\/2023\\\/06\\\/Sz-Nivegy-ifi-szallo.webp\",\"width\":1000,\"height\":1000,\"caption\":\"Nivegy-v\u00f6lgyi Ifj\u00fas\u00e1gi Sz\u00e1ll\u00f3 Nivegy Valley Youth Hostel\"},{\"@type\":\"BreadcrumbList\",\"@id\":\"https:\\\/\\\/nivegy.com\\\/en\\\/termek\\\/nivegy-valley-youth-hostel\\\/#breadcrumb\",\"itemListElement\":[{\"@type\":\"ListItem\",\"position\":1,\"name\":\"Kezd\u0151lap\",\"item\":\"https:\\\/\\\/nivegy.com\\\/en\\\/\"},{\"@type\":\"ListItem\",\"position\":2,\"name\":\"Nivegy Valley Youth Hostel\"}]},{\"@type\":\"WebSite\",\"@id\":\"https:\\\/\\\/nivegy.com\\\/#website\",\"url\":\"https:\\\/\\\/nivegy.com\\\/\",\"name\":\"Nivegy.com\",\"description\":\"Egy v\u00f6lgy, \u00f6t falu, v\u00e9gtelen csoda\",\"potentialAction\":[{\"@type\":\"SearchAction\",\"target\":{\"@type\":\"EntryPoint\",\"urlTemplate\":\"https:\\\/\\\/nivegy.com\\\/?s={search_term_string}\"},\"query-input\":{\"@type\":\"PropertyValueSpecification\",\"valueRequired\":true,\"valueName\":\"search_term_string\"}}],\"inLanguage\":\"en-US\"}]}<\/script>\n<!-- \/ Yoast SEO plugin. -->","yoast_head_json":{"title":"Nivegy Valley Youth Hostel - Nivegy.com","description":"Youth Hostel is located in a quiet and peaceful landscaped environment, awaits its guests from April to November with 3-4 bed accommodation.","robots":{"index":"index","follow":"follow","max-snippet":"max-snippet:-1","max-image-preview":"max-image-preview:large","max-video-preview":"max-video-preview:-1"},"canonical":"https:\/\/nivegy.com\/en\/termek\/nivegy-valley-youth-hostel\/","og_locale":"en_US","og_type":"article","og_title":"Nivegy Valley Youth Hostel - Nivegy.com","og_description":"Youth Hostel is located in a quiet and peaceful landscaped environment, awaits its guests from April to November with 3-4 bed accommodation.","og_url":"https:\/\/nivegy.com\/en\/termek\/nivegy-valley-youth-hostel\/","og_site_name":"Nivegy.com","article_publisher":"https:\/\/www.facebook.com\/nivegy","article_modified_time":"2023-11-21T13:15:23+00:00","og_image":[{"width":1000,"height":1000,"url":"https:\/\/nivegy.com\/wp-content\/uploads\/2023\/06\/Sz-Nivegy-ifi-szallo.webp","type":"image\/webp"}],"twitter_card":"summary_large_image","twitter_misc":{"Est. reading time":"1 minute"},"schema":{"@context":"https:\/\/schema.org","@graph":[{"@type":"WebPage","@id":"https:\/\/nivegy.com\/en\/termek\/nivegy-valley-youth-hostel\/","url":"https:\/\/nivegy.com\/en\/termek\/nivegy-valley-youth-hostel\/","name":"Nivegy Valley Youth Hostel - Nivegy.com","isPartOf":{"@id":"https:\/\/nivegy.com\/#website"},"primaryImageOfPage":{"@id":"https:\/\/nivegy.com\/en\/termek\/nivegy-valley-youth-hostel\/#primaryimage"},"image":{"@id":"https:\/\/nivegy.com\/en\/termek\/nivegy-valley-youth-hostel\/#primaryimage"},"thumbnailUrl":"https:\/\/nivegy.com\/wp-content\/uploads\/2023\/06\/Sz-Nivegy-ifi-szallo.webp","datePublished":"2023-06-19T21:33:42+00:00","dateModified":"2023-11-21T13:15:23+00:00","description":"Youth Hostel is located in a quiet and peaceful landscaped environment, awaits its guests from April to November with 3-4 bed accommodation.","breadcrumb":{"@id":"https:\/\/nivegy.com\/en\/termek\/nivegy-valley-youth-hostel\/#breadcrumb"},"inLanguage":"en-US","potentialAction":[{"@type":"ReadAction","target":["https:\/\/nivegy.com\/en\/termek\/nivegy-valley-youth-hostel\/"]}]},{"@type":"ImageObject","inLanguage":"en-US","@id":"https:\/\/nivegy.com\/en\/termek\/nivegy-valley-youth-hostel\/#primaryimage","url":"https:\/\/nivegy.com\/wp-content\/uploads\/2023\/06\/Sz-Nivegy-ifi-szallo.webp","contentUrl":"https:\/\/nivegy.com\/wp-content\/uploads\/2023\/06\/Sz-Nivegy-ifi-szallo.webp","width":1000,"height":1000,"caption":"Nivegy-v\u00f6lgyi Ifj\u00fas\u00e1gi Sz\u00e1ll\u00f3 Nivegy Valley Youth Hostel"},{"@type":"BreadcrumbList","@id":"https:\/\/nivegy.com\/en\/termek\/nivegy-valley-youth-hostel\/#breadcrumb","itemListElement":[{"@type":"ListItem","position":1,"name":"Kezd\u0151lap","item":"https:\/\/nivegy.com\/en\/"},{"@type":"ListItem","position":2,"name":"Nivegy Valley Youth Hostel"}]},{"@type":"WebSite","@id":"https:\/\/nivegy.com\/#website","url":"https:\/\/nivegy.com\/","name":"Nivegy.com","description":"Egy v\u00f6lgy, \u00f6t falu, v\u00e9gtelen csoda","potentialAction":[{"@type":"SearchAction","target":{"@type":"EntryPoint","urlTemplate":"https:\/\/nivegy.com\/?s={search_term_string}"},"query-input":{"@type":"PropertyValueSpecification","valueRequired":true,"valueName":"search_term_string"}}],"inLanguage":"en-US"}]}},"_links":{"self":[{"href":"https:\/\/nivegy.com\/en\/wp-json\/wp\/v2\/product\/2668","targetHints":{"allow":["GET"]}}],"collection":[{"href":"https:\/\/nivegy.com\/en\/wp-json\/wp\/v2\/product"}],"about":[{"href":"https:\/\/nivegy.com\/en\/wp-json\/wp\/v2\/types\/product"}],"replies":[{"embeddable":true,"href":"https:\/\/nivegy.com\/en\/wp-json\/wp\/v2\/comments?post=2668"}],"wp:featuredmedia":[{"embeddable":true,"href":"https:\/\/nivegy.com\/en\/wp-json\/wp\/v2\/media\/3326"}],"wp:attachment":[{"href":"https:\/\/nivegy.com\/en\/wp-json\/wp\/v2\/media?parent=2668"}],"wp:term":[{"taxonomy":"product_brand","embeddable":true,"href":"https:\/\/nivegy.com\/en\/wp-json\/wp\/v2\/product_brand?post=2668"},{"taxonomy":"product_cat","embeddable":true,"href":"https:\/\/nivegy.com\/en\/wp-json\/wp\/v2\/product_cat?post=2668"},{"taxonomy":"product_tag","embeddable":true,"href":"https:\/\/nivegy.com\/en\/wp-json\/wp\/v2\/product_tag?post=2668"}],"curies":[{"name":"wp","href":"https:\/\/api.w.org\/{rel}","templated":true}]}}