{"id":2558,"date":"2023-06-14T15:34:31","date_gmt":"2023-06-14T14:34:31","guid":{"rendered":"https:\/\/nivegy.com\/?post_type=product&#038;p=2558"},"modified":"2023-12-05T11:52:07","modified_gmt":"2023-12-05T11:52:07","slug":"soma-winery","status":"publish","type":"product","link":"https:\/\/nivegy.com\/en\/termek\/soma-winery\/","title":{"rendered":"Soma Winery"},"content":{"rendered":"<p>Our family&#8217;s winemaking history goes back to the time of King Matthias. For us, the most important thing is to find the taste of our guests. <a href=\"https:\/\/somaborpince.hu\/\">Our winer<\/a>y not only makes wine from a variety of grapes, but our guests can also choose between their vintages and flavor harmonies! We make our wines in a traditional way, the knowledge of which is passed down from father to son. Our sweet wines are only sweetened with stum, as we consider the preservation of any remaining sugar content to be our greatest skill.<\/p>\n<h4>Estate<\/h4>\n<p>From dry wine to sweet wine, you can find almost all grape varieties, dating back to several vintages in our winery. Those who like sweet wines can enjoy several dessert wines and wine specialties as well!<\/p>\n<p>Our winery is located in <a href=\"https:\/\/nivegy.com\/en\/\">Nivegy Valley<\/a>, just above Szentantalfa on the Wash vineyard, where it dazzles visitors with its wonderful, intimate view of Lake Balaton. The winery is very easily accessible for guests.<\/p>\n<h4>Wine selection<\/h4>\n<p>Blaufr\u00e4nkisch, Cabernet Sauvignon, Cserszeg Spicy, Juhfark, Muscat, Orange flavored, Ottonel Rieslingsylvani, Pinot Grigio, St. Lawrence, Syrah, Thousand Clusters, Welschriesling, Zenit, Zeus, Zweigelt<\/p>\n","protected":false},"excerpt":{"rendered":"<p>Our family&#8217;s winemaking history goes back to the time of King Matthias. For us, the most important thing is to find the taste of our guests. Our winery not only makes wine from a variety of grapes, but our guests can also choose between their vintages and flavor harmonies! We make our wines in a [&hellip;]<\/p>\n","protected":false},"featured_media":3300,"comment_status":"closed","ping_status":"closed","template":"","meta":{"_acf_changed":false},"product_brand":[],"product_cat":[324],"product_tag":[],"class_list":{"0":"post-2558","1":"product","2":"type-product","3":"status-publish","4":"has-post-thumbnail","6":"product_cat-winery","8":"first","9":"instock","10":"shipping-taxable","11":"product-type-simple"},"acf":[],"yoast_head":"<!-- This site is optimized with the Yoast SEO plugin v27.6 - https:\/\/yoast.com\/product\/yoast-seo-wordpress\/ -->\n<title>Soma Winery - Nivegy.com<\/title>\n<meta name=\"description\" content=\"Soma Winery not only makes wine from a variety of grapes, but our guests can also choose between their vintages and flavor harmonies!\" \/>\n<meta name=\"robots\" content=\"index, follow, max-snippet:-1, max-image-preview:large, max-video-preview:-1\" \/>\n<link rel=\"canonical\" href=\"https:\/\/nivegy.com\/en\/termek\/soma-winery\/\" \/>\n<meta property=\"og:locale\" content=\"en_US\" \/>\n<meta property=\"og:type\" content=\"article\" \/>\n<meta property=\"og:title\" content=\"Soma Winery - Nivegy.com\" \/>\n<meta property=\"og:description\" content=\"Soma Winery not only makes wine from a variety of grapes, but our guests can also choose between their vintages and flavor harmonies!\" \/>\n<meta property=\"og:url\" content=\"https:\/\/nivegy.com\/en\/termek\/soma-winery\/\" \/>\n<meta property=\"og:site_name\" content=\"Nivegy.com\" \/>\n<meta property=\"article:publisher\" content=\"https:\/\/www.facebook.com\/nivegy\" \/>\n<meta property=\"article:modified_time\" content=\"2023-12-05T11:52:07+00:00\" \/>\n<meta property=\"og:image\" content=\"https:\/\/nivegy.com\/wp-content\/uploads\/2023\/06\/P-Soma-Borpince.webp\" \/>\n\t<meta property=\"og:image:width\" content=\"1000\" \/>\n\t<meta property=\"og:image:height\" content=\"1000\" \/>\n\t<meta property=\"og:image:type\" content=\"image\/webp\" \/>\n<meta name=\"twitter:card\" content=\"summary_large_image\" \/>\n<meta name=\"twitter:label1\" content=\"Est. reading time\" \/>\n\t<meta name=\"twitter:data1\" content=\"2 minutes\" \/>\n<script type=\"application\/ld+json\" class=\"yoast-schema-graph\">{\"@context\":\"https:\\\/\\\/schema.org\",\"@graph\":[{\"@type\":\"WebPage\",\"@id\":\"https:\\\/\\\/nivegy.com\\\/en\\\/termek\\\/soma-winery\\\/\",\"url\":\"https:\\\/\\\/nivegy.com\\\/en\\\/termek\\\/soma-winery\\\/\",\"name\":\"Soma Winery - Nivegy.com\",\"isPartOf\":{\"@id\":\"https:\\\/\\\/nivegy.com\\\/#website\"},\"primaryImageOfPage\":{\"@id\":\"https:\\\/\\\/nivegy.com\\\/en\\\/termek\\\/soma-winery\\\/#primaryimage\"},\"image\":{\"@id\":\"https:\\\/\\\/nivegy.com\\\/en\\\/termek\\\/soma-winery\\\/#primaryimage\"},\"thumbnailUrl\":\"https:\\\/\\\/nivegy.com\\\/wp-content\\\/uploads\\\/2023\\\/06\\\/P-Soma-Borpince.webp\",\"datePublished\":\"2023-06-14T14:34:31+00:00\",\"dateModified\":\"2023-12-05T11:52:07+00:00\",\"description\":\"Soma Winery not only makes wine from a variety of grapes, but our guests can also choose between their vintages and flavor harmonies!\",\"breadcrumb\":{\"@id\":\"https:\\\/\\\/nivegy.com\\\/en\\\/termek\\\/soma-winery\\\/#breadcrumb\"},\"inLanguage\":\"en-US\",\"potentialAction\":[{\"@type\":\"ReadAction\",\"target\":[\"https:\\\/\\\/nivegy.com\\\/en\\\/termek\\\/soma-winery\\\/\"]}]},{\"@type\":\"ImageObject\",\"inLanguage\":\"en-US\",\"@id\":\"https:\\\/\\\/nivegy.com\\\/en\\\/termek\\\/soma-winery\\\/#primaryimage\",\"url\":\"https:\\\/\\\/nivegy.com\\\/wp-content\\\/uploads\\\/2023\\\/06\\\/P-Soma-Borpince.webp\",\"contentUrl\":\"https:\\\/\\\/nivegy.com\\\/wp-content\\\/uploads\\\/2023\\\/06\\\/P-Soma-Borpince.webp\",\"width\":1000,\"height\":1000,\"caption\":\"Soma Borpince\"},{\"@type\":\"BreadcrumbList\",\"@id\":\"https:\\\/\\\/nivegy.com\\\/en\\\/termek\\\/soma-winery\\\/#breadcrumb\",\"itemListElement\":[{\"@type\":\"ListItem\",\"position\":1,\"name\":\"Kezd\u0151lap\",\"item\":\"https:\\\/\\\/nivegy.com\\\/en\\\/\"},{\"@type\":\"ListItem\",\"position\":2,\"name\":\"Soma Winery\"}]},{\"@type\":\"WebSite\",\"@id\":\"https:\\\/\\\/nivegy.com\\\/#website\",\"url\":\"https:\\\/\\\/nivegy.com\\\/\",\"name\":\"Nivegy.com\",\"description\":\"Egy v\u00f6lgy, \u00f6t falu, v\u00e9gtelen csoda\",\"potentialAction\":[{\"@type\":\"SearchAction\",\"target\":{\"@type\":\"EntryPoint\",\"urlTemplate\":\"https:\\\/\\\/nivegy.com\\\/?s={search_term_string}\"},\"query-input\":{\"@type\":\"PropertyValueSpecification\",\"valueRequired\":true,\"valueName\":\"search_term_string\"}}],\"inLanguage\":\"en-US\"}]}<\/script>\n<!-- \/ Yoast SEO plugin. -->","yoast_head_json":{"title":"Soma Winery - Nivegy.com","description":"Soma Winery not only makes wine from a variety of grapes, but our guests can also choose between their vintages and flavor harmonies!","robots":{"index":"index","follow":"follow","max-snippet":"max-snippet:-1","max-image-preview":"max-image-preview:large","max-video-preview":"max-video-preview:-1"},"canonical":"https:\/\/nivegy.com\/en\/termek\/soma-winery\/","og_locale":"en_US","og_type":"article","og_title":"Soma Winery - Nivegy.com","og_description":"Soma Winery not only makes wine from a variety of grapes, but our guests can also choose between their vintages and flavor harmonies!","og_url":"https:\/\/nivegy.com\/en\/termek\/soma-winery\/","og_site_name":"Nivegy.com","article_publisher":"https:\/\/www.facebook.com\/nivegy","article_modified_time":"2023-12-05T11:52:07+00:00","og_image":[{"width":1000,"height":1000,"url":"https:\/\/nivegy.com\/wp-content\/uploads\/2023\/06\/P-Soma-Borpince.webp","type":"image\/webp"}],"twitter_card":"summary_large_image","twitter_misc":{"Est. reading time":"2 minutes"},"schema":{"@context":"https:\/\/schema.org","@graph":[{"@type":"WebPage","@id":"https:\/\/nivegy.com\/en\/termek\/soma-winery\/","url":"https:\/\/nivegy.com\/en\/termek\/soma-winery\/","name":"Soma Winery - Nivegy.com","isPartOf":{"@id":"https:\/\/nivegy.com\/#website"},"primaryImageOfPage":{"@id":"https:\/\/nivegy.com\/en\/termek\/soma-winery\/#primaryimage"},"image":{"@id":"https:\/\/nivegy.com\/en\/termek\/soma-winery\/#primaryimage"},"thumbnailUrl":"https:\/\/nivegy.com\/wp-content\/uploads\/2023\/06\/P-Soma-Borpince.webp","datePublished":"2023-06-14T14:34:31+00:00","dateModified":"2023-12-05T11:52:07+00:00","description":"Soma Winery not only makes wine from a variety of grapes, but our guests can also choose between their vintages and flavor harmonies!","breadcrumb":{"@id":"https:\/\/nivegy.com\/en\/termek\/soma-winery\/#breadcrumb"},"inLanguage":"en-US","potentialAction":[{"@type":"ReadAction","target":["https:\/\/nivegy.com\/en\/termek\/soma-winery\/"]}]},{"@type":"ImageObject","inLanguage":"en-US","@id":"https:\/\/nivegy.com\/en\/termek\/soma-winery\/#primaryimage","url":"https:\/\/nivegy.com\/wp-content\/uploads\/2023\/06\/P-Soma-Borpince.webp","contentUrl":"https:\/\/nivegy.com\/wp-content\/uploads\/2023\/06\/P-Soma-Borpince.webp","width":1000,"height":1000,"caption":"Soma Borpince"},{"@type":"BreadcrumbList","@id":"https:\/\/nivegy.com\/en\/termek\/soma-winery\/#breadcrumb","itemListElement":[{"@type":"ListItem","position":1,"name":"Kezd\u0151lap","item":"https:\/\/nivegy.com\/en\/"},{"@type":"ListItem","position":2,"name":"Soma Winery"}]},{"@type":"WebSite","@id":"https:\/\/nivegy.com\/#website","url":"https:\/\/nivegy.com\/","name":"Nivegy.com","description":"Egy v\u00f6lgy, \u00f6t falu, v\u00e9gtelen csoda","potentialAction":[{"@type":"SearchAction","target":{"@type":"EntryPoint","urlTemplate":"https:\/\/nivegy.com\/?s={search_term_string}"},"query-input":{"@type":"PropertyValueSpecification","valueRequired":true,"valueName":"search_term_string"}}],"inLanguage":"en-US"}]}},"_links":{"self":[{"href":"https:\/\/nivegy.com\/en\/wp-json\/wp\/v2\/product\/2558","targetHints":{"allow":["GET"]}}],"collection":[{"href":"https:\/\/nivegy.com\/en\/wp-json\/wp\/v2\/product"}],"about":[{"href":"https:\/\/nivegy.com\/en\/wp-json\/wp\/v2\/types\/product"}],"replies":[{"embeddable":true,"href":"https:\/\/nivegy.com\/en\/wp-json\/wp\/v2\/comments?post=2558"}],"wp:featuredmedia":[{"embeddable":true,"href":"https:\/\/nivegy.com\/en\/wp-json\/wp\/v2\/media\/3300"}],"wp:attachment":[{"href":"https:\/\/nivegy.com\/en\/wp-json\/wp\/v2\/media?parent=2558"}],"wp:term":[{"taxonomy":"product_brand","embeddable":true,"href":"https:\/\/nivegy.com\/en\/wp-json\/wp\/v2\/product_brand?post=2558"},{"taxonomy":"product_cat","embeddable":true,"href":"https:\/\/nivegy.com\/en\/wp-json\/wp\/v2\/product_cat?post=2558"},{"taxonomy":"product_tag","embeddable":true,"href":"https:\/\/nivegy.com\/en\/wp-json\/wp\/v2\/product_tag?post=2558"}],"curies":[{"name":"wp","href":"https:\/\/api.w.org\/{rel}","templated":true}]}}