{"id":2557,"date":"2023-06-14T14:49:48","date_gmt":"2023-06-14T13:49:48","guid":{"rendered":"https:\/\/nivegy.com\/?post_type=product&#038;p=2557"},"modified":"2025-07-20T13:59:16","modified_gmt":"2025-07-20T13:59:16","slug":"royesfarm","status":"publish","type":"product","link":"https:\/\/nivegy.com\/en\/termek\/royesfarm\/","title":{"rendered":"Royesfarm Milk &#038; Cheese"},"content":{"rendered":"<p><strong>ROYESFARM Milk &amp; Cheese is a one-man enterprise that started in the summer of 2014 with a few milking cows in the small village of Szentantalfa, located in the <a href=\"https:\/\/nivegy.com\/en\/termek\/nivegy-valley\/\">Nivegy Valley<\/a>, just 5 km from Lake Balaton<\/strong>. The primary producer, Royes, achieved his childhood dream and built his present farm with a lot of perseverance, patience and hard work. Currently, more than 20 free-range dairy cattles provide the primary commodity for various cheeses and other dairy products.<\/p>\n<h4>Handmade products<\/h4>\n<p>We only distribute products produced and manufactured by ourselves. Each type of our artisanal cheese has been developed and refined by us, so you can taste completely unique compositions that are only partially similar to other cheeses.<\/p>\n<h4>Tastes like home<\/h4>\n<p>Our <a href=\"https:\/\/farm.royes.hu\/webshop\/\">products<\/a> do not contain any dyes, preservatives or artificial additives. Ingredients: raw cow\u2019s milk, natural lactic acid bacteria culture, immunizing enzyme of animal origin, Austrian iodized rock salt, spices.\u00a0Our products will be unique only as a result of mixing technology and ingredients in different proportions.<\/p>\n","protected":false},"excerpt":{"rendered":"<p>ROYESFARM Milk &amp; Cheese is a one-man enterprise that started in the summer of 2014 with a few milking cows in the small village of Szentantalfa, located in the Nivegy Valley, just 5 km from Lake Balaton. The primary producer, Royes, achieved his childhood dream and built his present farm with a lot of perseverance, [&hellip;]<\/p>\n","protected":false},"featured_media":3307,"comment_status":"closed","ping_status":"closed","template":"","meta":{"_acf_changed":false},"product_brand":[],"product_cat":[327],"product_tag":[],"class_list":{"0":"post-2557","1":"product","2":"type-product","3":"status-publish","4":"has-post-thumbnail","6":"product_cat-manufacturer","8":"first","9":"instock","10":"shipping-taxable","11":"product-type-simple"},"acf":[],"yoast_head":"<!-- This site is optimized with the Yoast SEO plugin v27.6 - https:\/\/yoast.com\/product\/yoast-seo-wordpress\/ -->\n<title>Cheese Royesfarm - Nivegy.com<\/title>\n<meta name=\"description\" content=\"ROYESFARM Milk &amp; Cheese is a one-man enterprise which started in the summer of 2014 with a few milking cows in the small village of Szentantalfa.\" \/>\n<meta name=\"robots\" content=\"index, follow, max-snippet:-1, max-image-preview:large, max-video-preview:-1\" \/>\n<link rel=\"canonical\" href=\"https:\/\/nivegy.com\/en\/termek\/royesfarm\/\" \/>\n<meta property=\"og:locale\" content=\"en_US\" \/>\n<meta property=\"og:type\" content=\"article\" \/>\n<meta property=\"og:title\" content=\"Cheese Royesfarm - Nivegy.com\" \/>\n<meta property=\"og:description\" content=\"ROYESFARM Milk &amp; Cheese is a one-man enterprise which started in the summer of 2014 with a few milking cows in the small village of Szentantalfa.\" \/>\n<meta property=\"og:url\" content=\"https:\/\/nivegy.com\/en\/termek\/royesfarm\/\" \/>\n<meta property=\"og:site_name\" content=\"Nivegy.com\" \/>\n<meta property=\"article:publisher\" content=\"https:\/\/www.facebook.com\/nivegy\" \/>\n<meta property=\"article:modified_time\" content=\"2025-07-20T13:59:16+00:00\" \/>\n<meta property=\"og:image\" content=\"https:\/\/nivegy.com\/wp-content\/uploads\/2023\/06\/T-Royesfarm.webp\" \/>\n\t<meta property=\"og:image:width\" content=\"1000\" \/>\n\t<meta property=\"og:image:height\" content=\"1000\" \/>\n\t<meta property=\"og:image:type\" content=\"image\/webp\" \/>\n<meta name=\"twitter:card\" content=\"summary_large_image\" \/>\n<meta name=\"twitter:label1\" content=\"Est. reading time\" \/>\n\t<meta name=\"twitter:data1\" content=\"2 minutes\" \/>\n<script type=\"application\/ld+json\" class=\"yoast-schema-graph\">{\"@context\":\"https:\\\/\\\/schema.org\",\"@graph\":[{\"@type\":\"WebPage\",\"@id\":\"https:\\\/\\\/nivegy.com\\\/en\\\/termek\\\/royesfarm\\\/\",\"url\":\"https:\\\/\\\/nivegy.com\\\/en\\\/termek\\\/royesfarm\\\/\",\"name\":\"Cheese Royesfarm - Nivegy.com\",\"isPartOf\":{\"@id\":\"https:\\\/\\\/nivegy.com\\\/#website\"},\"primaryImageOfPage\":{\"@id\":\"https:\\\/\\\/nivegy.com\\\/en\\\/termek\\\/royesfarm\\\/#primaryimage\"},\"image\":{\"@id\":\"https:\\\/\\\/nivegy.com\\\/en\\\/termek\\\/royesfarm\\\/#primaryimage\"},\"thumbnailUrl\":\"https:\\\/\\\/nivegy.com\\\/wp-content\\\/uploads\\\/2023\\\/06\\\/T-Royesfarm.webp\",\"datePublished\":\"2023-06-14T13:49:48+00:00\",\"dateModified\":\"2025-07-20T13:59:16+00:00\",\"description\":\"ROYESFARM Milk & Cheese is a one-man enterprise which started in the summer of 2014 with a few milking cows in the small village of Szentantalfa.\",\"breadcrumb\":{\"@id\":\"https:\\\/\\\/nivegy.com\\\/en\\\/termek\\\/royesfarm\\\/#breadcrumb\"},\"inLanguage\":\"en-US\",\"potentialAction\":[{\"@type\":\"ReadAction\",\"target\":[\"https:\\\/\\\/nivegy.com\\\/en\\\/termek\\\/royesfarm\\\/\"]}]},{\"@type\":\"ImageObject\",\"inLanguage\":\"en-US\",\"@id\":\"https:\\\/\\\/nivegy.com\\\/en\\\/termek\\\/royesfarm\\\/#primaryimage\",\"url\":\"https:\\\/\\\/nivegy.com\\\/wp-content\\\/uploads\\\/2023\\\/06\\\/T-Royesfarm.webp\",\"contentUrl\":\"https:\\\/\\\/nivegy.com\\\/wp-content\\\/uploads\\\/2023\\\/06\\\/T-Royesfarm.webp\",\"width\":1000,\"height\":1000,\"caption\":\"Royesfarm Cheese\"},{\"@type\":\"BreadcrumbList\",\"@id\":\"https:\\\/\\\/nivegy.com\\\/en\\\/termek\\\/royesfarm\\\/#breadcrumb\",\"itemListElement\":[{\"@type\":\"ListItem\",\"position\":1,\"name\":\"Kezd\u0151lap\",\"item\":\"https:\\\/\\\/nivegy.com\\\/en\\\/\"},{\"@type\":\"ListItem\",\"position\":2,\"name\":\"Royesfarm Milk &#038; Cheese\"}]},{\"@type\":\"WebSite\",\"@id\":\"https:\\\/\\\/nivegy.com\\\/#website\",\"url\":\"https:\\\/\\\/nivegy.com\\\/\",\"name\":\"Nivegy.com\",\"description\":\"Egy v\u00f6lgy, \u00f6t falu, v\u00e9gtelen csoda\",\"potentialAction\":[{\"@type\":\"SearchAction\",\"target\":{\"@type\":\"EntryPoint\",\"urlTemplate\":\"https:\\\/\\\/nivegy.com\\\/?s={search_term_string}\"},\"query-input\":{\"@type\":\"PropertyValueSpecification\",\"valueRequired\":true,\"valueName\":\"search_term_string\"}}],\"inLanguage\":\"en-US\"}]}<\/script>\n<!-- \/ Yoast SEO plugin. -->","yoast_head_json":{"title":"Cheese Royesfarm - Nivegy.com","description":"ROYESFARM Milk & Cheese is a one-man enterprise which started in the summer of 2014 with a few milking cows in the small village of Szentantalfa.","robots":{"index":"index","follow":"follow","max-snippet":"max-snippet:-1","max-image-preview":"max-image-preview:large","max-video-preview":"max-video-preview:-1"},"canonical":"https:\/\/nivegy.com\/en\/termek\/royesfarm\/","og_locale":"en_US","og_type":"article","og_title":"Cheese Royesfarm - Nivegy.com","og_description":"ROYESFARM Milk & Cheese is a one-man enterprise which started in the summer of 2014 with a few milking cows in the small village of Szentantalfa.","og_url":"https:\/\/nivegy.com\/en\/termek\/royesfarm\/","og_site_name":"Nivegy.com","article_publisher":"https:\/\/www.facebook.com\/nivegy","article_modified_time":"2025-07-20T13:59:16+00:00","og_image":[{"width":1000,"height":1000,"url":"https:\/\/nivegy.com\/wp-content\/uploads\/2023\/06\/T-Royesfarm.webp","type":"image\/webp"}],"twitter_card":"summary_large_image","twitter_misc":{"Est. reading time":"2 minutes"},"schema":{"@context":"https:\/\/schema.org","@graph":[{"@type":"WebPage","@id":"https:\/\/nivegy.com\/en\/termek\/royesfarm\/","url":"https:\/\/nivegy.com\/en\/termek\/royesfarm\/","name":"Cheese Royesfarm - Nivegy.com","isPartOf":{"@id":"https:\/\/nivegy.com\/#website"},"primaryImageOfPage":{"@id":"https:\/\/nivegy.com\/en\/termek\/royesfarm\/#primaryimage"},"image":{"@id":"https:\/\/nivegy.com\/en\/termek\/royesfarm\/#primaryimage"},"thumbnailUrl":"https:\/\/nivegy.com\/wp-content\/uploads\/2023\/06\/T-Royesfarm.webp","datePublished":"2023-06-14T13:49:48+00:00","dateModified":"2025-07-20T13:59:16+00:00","description":"ROYESFARM Milk & Cheese is a one-man enterprise which started in the summer of 2014 with a few milking cows in the small village of Szentantalfa.","breadcrumb":{"@id":"https:\/\/nivegy.com\/en\/termek\/royesfarm\/#breadcrumb"},"inLanguage":"en-US","potentialAction":[{"@type":"ReadAction","target":["https:\/\/nivegy.com\/en\/termek\/royesfarm\/"]}]},{"@type":"ImageObject","inLanguage":"en-US","@id":"https:\/\/nivegy.com\/en\/termek\/royesfarm\/#primaryimage","url":"https:\/\/nivegy.com\/wp-content\/uploads\/2023\/06\/T-Royesfarm.webp","contentUrl":"https:\/\/nivegy.com\/wp-content\/uploads\/2023\/06\/T-Royesfarm.webp","width":1000,"height":1000,"caption":"Royesfarm Cheese"},{"@type":"BreadcrumbList","@id":"https:\/\/nivegy.com\/en\/termek\/royesfarm\/#breadcrumb","itemListElement":[{"@type":"ListItem","position":1,"name":"Kezd\u0151lap","item":"https:\/\/nivegy.com\/en\/"},{"@type":"ListItem","position":2,"name":"Royesfarm Milk &#038; Cheese"}]},{"@type":"WebSite","@id":"https:\/\/nivegy.com\/#website","url":"https:\/\/nivegy.com\/","name":"Nivegy.com","description":"Egy v\u00f6lgy, \u00f6t falu, v\u00e9gtelen csoda","potentialAction":[{"@type":"SearchAction","target":{"@type":"EntryPoint","urlTemplate":"https:\/\/nivegy.com\/?s={search_term_string}"},"query-input":{"@type":"PropertyValueSpecification","valueRequired":true,"valueName":"search_term_string"}}],"inLanguage":"en-US"}]}},"_links":{"self":[{"href":"https:\/\/nivegy.com\/en\/wp-json\/wp\/v2\/product\/2557","targetHints":{"allow":["GET"]}}],"collection":[{"href":"https:\/\/nivegy.com\/en\/wp-json\/wp\/v2\/product"}],"about":[{"href":"https:\/\/nivegy.com\/en\/wp-json\/wp\/v2\/types\/product"}],"replies":[{"embeddable":true,"href":"https:\/\/nivegy.com\/en\/wp-json\/wp\/v2\/comments?post=2557"}],"wp:featuredmedia":[{"embeddable":true,"href":"https:\/\/nivegy.com\/en\/wp-json\/wp\/v2\/media\/3307"}],"wp:attachment":[{"href":"https:\/\/nivegy.com\/en\/wp-json\/wp\/v2\/media?parent=2557"}],"wp:term":[{"taxonomy":"product_brand","embeddable":true,"href":"https:\/\/nivegy.com\/en\/wp-json\/wp\/v2\/product_brand?post=2557"},{"taxonomy":"product_cat","embeddable":true,"href":"https:\/\/nivegy.com\/en\/wp-json\/wp\/v2\/product_cat?post=2557"},{"taxonomy":"product_tag","embeddable":true,"href":"https:\/\/nivegy.com\/en\/wp-json\/wp\/v2\/product_tag?post=2557"}],"curies":[{"name":"wp","href":"https:\/\/api.w.org\/{rel}","templated":true}]}}