{"id":2556,"date":"2023-06-14T14:33:31","date_gmt":"2023-06-14T13:33:31","guid":{"rendered":"https:\/\/nivegy.com\/?post_type=product&#038;p=2556"},"modified":"2025-07-20T15:13:56","modified_gmt":"2025-07-20T15:13:56","slug":"kisswinery","status":"publish","type":"product","link":"https:\/\/nivegy.com\/en\/termek\/kisswinery\/","title":{"rendered":"kisswinery"},"content":{"rendered":"<p><strong>kisswinery is a small, family-run estate cultivating just 4 hectares of land. Their vineyards are located in one of the most beautiful areas of the Balaton Uplands, in the picturesque <a href=\"https:\/\/nivegy.com\/en\/termek\/nivegy-valley\/\">Nivegy Valley<\/a>.<\/strong><\/p>\n<p>Both the winery and the family home are situated right in the heart of the valley, in the village of Szentantalfa.<\/p>\n<p>Winemaking is a long-standing family tradition here \u2013 just like for many others in the region. For Csabi Kiss, the owner, wine and grapes have always been a central part of life. His winery still operates in his grandparents\u2019 old cellar. Today, however, the wines are crafted using modern technology, including reductive methods and barrel aging.<\/p>\n<p>Since 2019 our wine selection has been broadened with bottle-fermented, premium-quality Furmint and Rose <a href=\"https:\/\/www.kisspince.com\/pezsgok-177\">champagnes<\/a>, which are made from grapes from the Balatonf\u00fcred-Csopak wine region!<\/p>\n<p>The kisswinery is also an active participant in the <a href=\"https:\/\/www.kobortura.hu\/informaciok\/\">K\u00f3Bor<\/a> Tour. This initiative was launched by three family wineries in the Balaton Uplands. The tour gives visitors a taste of the Mediterranean atmosphere of the Nivegy Valley. It also offers the chance to try high-quality local wines and enjoy traditional Hungarian dishes with regional flair.<\/p>\n<h4>Wine selection<\/h4>\n<p>Blaufr\u00e4nkisch, Cabernet Sauvignon, Merlot, Rhine Riesling, Welschriesling<\/p>\n","protected":false},"excerpt":{"rendered":"<p>kisswinery is a small, family-run estate cultivating just 4 hectares of land. Their vineyards are located in one of the most beautiful areas of the Balaton Uplands, in the picturesque Nivegy Valley. Both the winery and the family home are situated right in the heart of the valley, in the village of Szentantalfa. Winemaking is [&hellip;]<\/p>\n","protected":false},"featured_media":5959,"comment_status":"closed","ping_status":"closed","template":"","meta":{"_acf_changed":false},"product_brand":[],"product_cat":[324],"product_tag":[],"class_list":{"0":"post-2556","1":"product","2":"type-product","3":"status-publish","4":"has-post-thumbnail","6":"product_cat-winery","8":"first","9":"instock","10":"shipping-taxable","11":"product-type-simple"},"acf":[],"yoast_head":"<!-- This site is optimized with the Yoast SEO plugin v27.6 - https:\/\/yoast.com\/product\/yoast-seo-wordpress\/ -->\n<title>kisswinery - Nivegy.com<\/title>\n<meta name=\"description\" content=\"The kisswinery a small family winery farming on 4 hectares. Our vineyards are located in one of the most beautiful parts of the Balaton Highlands.\" \/>\n<meta name=\"robots\" content=\"index, follow, max-snippet:-1, max-image-preview:large, max-video-preview:-1\" \/>\n<link rel=\"canonical\" href=\"https:\/\/nivegy.com\/en\/termek\/kisswinery\/\" \/>\n<meta property=\"og:locale\" content=\"en_US\" \/>\n<meta property=\"og:type\" content=\"article\" \/>\n<meta property=\"og:title\" content=\"kisswinery - Nivegy.com\" \/>\n<meta property=\"og:description\" content=\"The kisswinery a small family winery farming on 4 hectares. Our vineyards are located in one of the most beautiful parts of the Balaton Highlands.\" \/>\n<meta property=\"og:url\" content=\"https:\/\/nivegy.com\/en\/termek\/kisswinery\/\" \/>\n<meta property=\"og:site_name\" content=\"Nivegy.com\" \/>\n<meta property=\"article:publisher\" content=\"https:\/\/www.facebook.com\/nivegy\" \/>\n<meta property=\"article:modified_time\" content=\"2025-07-20T15:13:56+00:00\" \/>\n<meta property=\"og:image\" content=\"https:\/\/nivegy.com\/wp-content\/uploads\/2023\/06\/kisspince-kisswinery-1.webp\" \/>\n\t<meta property=\"og:image:width\" content=\"800\" \/>\n\t<meta property=\"og:image:height\" content=\"800\" \/>\n\t<meta property=\"og:image:type\" content=\"image\/webp\" \/>\n<meta name=\"twitter:card\" content=\"summary_large_image\" \/>\n<meta name=\"twitter:label1\" content=\"Est. reading time\" \/>\n\t<meta name=\"twitter:data1\" content=\"2 minutes\" \/>\n<script type=\"application\/ld+json\" class=\"yoast-schema-graph\">{\"@context\":\"https:\\\/\\\/schema.org\",\"@graph\":[{\"@type\":\"WebPage\",\"@id\":\"https:\\\/\\\/nivegy.com\\\/en\\\/termek\\\/kisswinery\\\/\",\"url\":\"https:\\\/\\\/nivegy.com\\\/en\\\/termek\\\/kisswinery\\\/\",\"name\":\"kisswinery - Nivegy.com\",\"isPartOf\":{\"@id\":\"https:\\\/\\\/nivegy.com\\\/#website\"},\"primaryImageOfPage\":{\"@id\":\"https:\\\/\\\/nivegy.com\\\/en\\\/termek\\\/kisswinery\\\/#primaryimage\"},\"image\":{\"@id\":\"https:\\\/\\\/nivegy.com\\\/en\\\/termek\\\/kisswinery\\\/#primaryimage\"},\"thumbnailUrl\":\"https:\\\/\\\/nivegy.com\\\/wp-content\\\/uploads\\\/2023\\\/06\\\/kisspince-kisswinery-1.webp\",\"datePublished\":\"2023-06-14T13:33:31+00:00\",\"dateModified\":\"2025-07-20T15:13:56+00:00\",\"description\":\"The kisswinery a small family winery farming on 4 hectares. Our vineyards are located in one of the most beautiful parts of the Balaton Highlands.\",\"breadcrumb\":{\"@id\":\"https:\\\/\\\/nivegy.com\\\/en\\\/termek\\\/kisswinery\\\/#breadcrumb\"},\"inLanguage\":\"en-US\",\"potentialAction\":[{\"@type\":\"ReadAction\",\"target\":[\"https:\\\/\\\/nivegy.com\\\/en\\\/termek\\\/kisswinery\\\/\"]}]},{\"@type\":\"ImageObject\",\"inLanguage\":\"en-US\",\"@id\":\"https:\\\/\\\/nivegy.com\\\/en\\\/termek\\\/kisswinery\\\/#primaryimage\",\"url\":\"https:\\\/\\\/nivegy.com\\\/wp-content\\\/uploads\\\/2023\\\/06\\\/kisspince-kisswinery-1.webp\",\"contentUrl\":\"https:\\\/\\\/nivegy.com\\\/wp-content\\\/uploads\\\/2023\\\/06\\\/kisspince-kisswinery-1.webp\",\"width\":800,\"height\":800,\"caption\":\"kisspince kisswiner\"},{\"@type\":\"BreadcrumbList\",\"@id\":\"https:\\\/\\\/nivegy.com\\\/en\\\/termek\\\/kisswinery\\\/#breadcrumb\",\"itemListElement\":[{\"@type\":\"ListItem\",\"position\":1,\"name\":\"Kezd\u0151lap\",\"item\":\"https:\\\/\\\/nivegy.com\\\/en\\\/\"},{\"@type\":\"ListItem\",\"position\":2,\"name\":\"kisswinery\"}]},{\"@type\":\"WebSite\",\"@id\":\"https:\\\/\\\/nivegy.com\\\/#website\",\"url\":\"https:\\\/\\\/nivegy.com\\\/\",\"name\":\"Nivegy.com\",\"description\":\"Egy v\u00f6lgy, \u00f6t falu, v\u00e9gtelen csoda\",\"potentialAction\":[{\"@type\":\"SearchAction\",\"target\":{\"@type\":\"EntryPoint\",\"urlTemplate\":\"https:\\\/\\\/nivegy.com\\\/?s={search_term_string}\"},\"query-input\":{\"@type\":\"PropertyValueSpecification\",\"valueRequired\":true,\"valueName\":\"search_term_string\"}}],\"inLanguage\":\"en-US\"}]}<\/script>\n<!-- \/ Yoast SEO plugin. -->","yoast_head_json":{"title":"kisswinery - Nivegy.com","description":"The kisswinery a small family winery farming on 4 hectares. Our vineyards are located in one of the most beautiful parts of the Balaton Highlands.","robots":{"index":"index","follow":"follow","max-snippet":"max-snippet:-1","max-image-preview":"max-image-preview:large","max-video-preview":"max-video-preview:-1"},"canonical":"https:\/\/nivegy.com\/en\/termek\/kisswinery\/","og_locale":"en_US","og_type":"article","og_title":"kisswinery - Nivegy.com","og_description":"The kisswinery a small family winery farming on 4 hectares. Our vineyards are located in one of the most beautiful parts of the Balaton Highlands.","og_url":"https:\/\/nivegy.com\/en\/termek\/kisswinery\/","og_site_name":"Nivegy.com","article_publisher":"https:\/\/www.facebook.com\/nivegy","article_modified_time":"2025-07-20T15:13:56+00:00","og_image":[{"width":800,"height":800,"url":"https:\/\/nivegy.com\/wp-content\/uploads\/2023\/06\/kisspince-kisswinery-1.webp","type":"image\/webp"}],"twitter_card":"summary_large_image","twitter_misc":{"Est. reading time":"2 minutes"},"schema":{"@context":"https:\/\/schema.org","@graph":[{"@type":"WebPage","@id":"https:\/\/nivegy.com\/en\/termek\/kisswinery\/","url":"https:\/\/nivegy.com\/en\/termek\/kisswinery\/","name":"kisswinery - Nivegy.com","isPartOf":{"@id":"https:\/\/nivegy.com\/#website"},"primaryImageOfPage":{"@id":"https:\/\/nivegy.com\/en\/termek\/kisswinery\/#primaryimage"},"image":{"@id":"https:\/\/nivegy.com\/en\/termek\/kisswinery\/#primaryimage"},"thumbnailUrl":"https:\/\/nivegy.com\/wp-content\/uploads\/2023\/06\/kisspince-kisswinery-1.webp","datePublished":"2023-06-14T13:33:31+00:00","dateModified":"2025-07-20T15:13:56+00:00","description":"The kisswinery a small family winery farming on 4 hectares. Our vineyards are located in one of the most beautiful parts of the Balaton Highlands.","breadcrumb":{"@id":"https:\/\/nivegy.com\/en\/termek\/kisswinery\/#breadcrumb"},"inLanguage":"en-US","potentialAction":[{"@type":"ReadAction","target":["https:\/\/nivegy.com\/en\/termek\/kisswinery\/"]}]},{"@type":"ImageObject","inLanguage":"en-US","@id":"https:\/\/nivegy.com\/en\/termek\/kisswinery\/#primaryimage","url":"https:\/\/nivegy.com\/wp-content\/uploads\/2023\/06\/kisspince-kisswinery-1.webp","contentUrl":"https:\/\/nivegy.com\/wp-content\/uploads\/2023\/06\/kisspince-kisswinery-1.webp","width":800,"height":800,"caption":"kisspince kisswiner"},{"@type":"BreadcrumbList","@id":"https:\/\/nivegy.com\/en\/termek\/kisswinery\/#breadcrumb","itemListElement":[{"@type":"ListItem","position":1,"name":"Kezd\u0151lap","item":"https:\/\/nivegy.com\/en\/"},{"@type":"ListItem","position":2,"name":"kisswinery"}]},{"@type":"WebSite","@id":"https:\/\/nivegy.com\/#website","url":"https:\/\/nivegy.com\/","name":"Nivegy.com","description":"Egy v\u00f6lgy, \u00f6t falu, v\u00e9gtelen csoda","potentialAction":[{"@type":"SearchAction","target":{"@type":"EntryPoint","urlTemplate":"https:\/\/nivegy.com\/?s={search_term_string}"},"query-input":{"@type":"PropertyValueSpecification","valueRequired":true,"valueName":"search_term_string"}}],"inLanguage":"en-US"}]}},"_links":{"self":[{"href":"https:\/\/nivegy.com\/en\/wp-json\/wp\/v2\/product\/2556","targetHints":{"allow":["GET"]}}],"collection":[{"href":"https:\/\/nivegy.com\/en\/wp-json\/wp\/v2\/product"}],"about":[{"href":"https:\/\/nivegy.com\/en\/wp-json\/wp\/v2\/types\/product"}],"replies":[{"embeddable":true,"href":"https:\/\/nivegy.com\/en\/wp-json\/wp\/v2\/comments?post=2556"}],"wp:featuredmedia":[{"embeddable":true,"href":"https:\/\/nivegy.com\/en\/wp-json\/wp\/v2\/media\/5959"}],"wp:attachment":[{"href":"https:\/\/nivegy.com\/en\/wp-json\/wp\/v2\/media?parent=2556"}],"wp:term":[{"taxonomy":"product_brand","embeddable":true,"href":"https:\/\/nivegy.com\/en\/wp-json\/wp\/v2\/product_brand?post=2556"},{"taxonomy":"product_cat","embeddable":true,"href":"https:\/\/nivegy.com\/en\/wp-json\/wp\/v2\/product_cat?post=2556"},{"taxonomy":"product_tag","embeddable":true,"href":"https:\/\/nivegy.com\/en\/wp-json\/wp\/v2\/product_tag?post=2556"}],"curies":[{"name":"wp","href":"https:\/\/api.w.org\/{rel}","templated":true}]}}