{"id":2555,"date":"2023-06-14T14:16:33","date_gmt":"2023-06-14T13:16:33","guid":{"rendered":"https:\/\/nivegy.com\/?post_type=product&#038;p=2555"},"modified":"2023-12-05T11:14:57","modified_gmt":"2023-12-05T11:14:57","slug":"dobosi-estate-centre-2","status":"publish","type":"product","link":"https:\/\/nivegy.com\/en\/termek\/dobosi-estate-centre-2\/","title":{"rendered":"Dobosi Estate Centre"},"content":{"rendered":"<p><strong>It is difficult to put into words what the Balaton Uplands mean to us. Therefore, since 1721, we prefer to pour it into a glass. Wine has everything.<\/strong><\/p>\n<p><strong>About us:<\/strong>\u00a0Taste becomes an experience when it speaks to the heart through the senses. Therefore, the basis of our organic farming is that it is not enough to drink wine, it must also be appreciated. It is not enough to use nature; it is also necessary to appreciate it. We believe that wine has two paths. One lasts until the bottom of the bottle. The other starts when we let it out of the bottle. Therefore, our vineyards and expertise in wine production, our hospitality and our <a href=\"https:\/\/nivegy.com\/en\/termek\/dobosi-estate-centre\/\">Estate Center<\/a> represent the highest quality in wine consumption.<\/p>\n<p><strong>Our history:<\/strong>\u00a0Our wine-producing ancestors planted the idea in 1721, which finally became reality in 1988, after so many harvests, to build a <a href=\"https:\/\/dobosi.com\/\">winery<\/a> based on the knowledge of generations, with 1 hectare of vineyard area. Since then, we have expanded our territory to 25 hectares, which provides space not only for our excellent wines, but also for our hospitality.<\/p>\n<h4>Wine selection<\/h4>\n<p>Blaufr\u00e4nkisch, Cabernet Sauvignon, Chardonnay, Juhfark, K\u00e9knyel\u0171, Rhine Riesling, Welschriesling<\/p>\n","protected":false},"excerpt":{"rendered":"<p>It is difficult to put into words what the Balaton Uplands mean to us. Therefore, since 1721, we prefer to pour it into a glass. Wine has everything. About us:\u00a0Taste becomes an experience when it speaks to the heart through the senses. Therefore, the basis of our organic farming is that it is not enough [&hellip;]<\/p>\n","protected":false},"featured_media":3294,"comment_status":"closed","ping_status":"closed","template":"","meta":{"_acf_changed":false},"product_brand":[],"product_cat":[324],"product_tag":[],"class_list":{"0":"post-2555","1":"product","2":"type-product","3":"status-publish","4":"has-post-thumbnail","6":"product_cat-winery","8":"first","9":"instock","10":"shipping-taxable","11":"product-type-simple"},"acf":[],"yoast_head":"<!-- This site is optimized with the Yoast SEO plugin v27.5 - https:\/\/yoast.com\/product\/yoast-seo-wordpress\/ -->\n<title>Dobosi Estate Centre - Nivegy.com<\/title>\n<meta name=\"description\" content=\"Dobosi Estate Centre according to official family sources, Dobosi 1721 has been active in the village and the local vine and wine culture since the 1700s.\" \/>\n<meta name=\"robots\" content=\"index, follow, max-snippet:-1, max-image-preview:large, max-video-preview:-1\" \/>\n<link rel=\"canonical\" href=\"https:\/\/nivegy.com\/en\/termek\/dobosi-estate-centre-2\/\" \/>\n<meta property=\"og:locale\" content=\"en_US\" \/>\n<meta property=\"og:type\" content=\"article\" \/>\n<meta property=\"og:title\" content=\"Dobosi Estate Centre - Nivegy.com\" \/>\n<meta property=\"og:description\" content=\"Dobosi Estate Centre according to official family sources, Dobosi 1721 has been active in the village and the local vine and wine culture since the 1700s.\" \/>\n<meta property=\"og:url\" content=\"https:\/\/nivegy.com\/en\/termek\/dobosi-estate-centre-2\/\" \/>\n<meta property=\"og:site_name\" content=\"Nivegy.com\" \/>\n<meta property=\"article:publisher\" content=\"https:\/\/www.facebook.com\/nivegy\" \/>\n<meta property=\"article:modified_time\" content=\"2023-12-05T11:14:57+00:00\" \/>\n<meta property=\"og:image\" content=\"https:\/\/nivegy.com\/wp-content\/uploads\/2023\/06\/P-Dobosi-1.1.webp\" \/>\n\t<meta property=\"og:image:width\" content=\"1000\" \/>\n\t<meta property=\"og:image:height\" content=\"1000\" \/>\n\t<meta property=\"og:image:type\" content=\"image\/webp\" \/>\n<meta name=\"twitter:card\" content=\"summary_large_image\" \/>\n<meta name=\"twitter:label1\" content=\"Est. reading time\" \/>\n\t<meta name=\"twitter:data1\" content=\"2 minutes\" \/>\n<script type=\"application\/ld+json\" class=\"yoast-schema-graph\">{\"@context\":\"https:\\\/\\\/schema.org\",\"@graph\":[{\"@type\":\"WebPage\",\"@id\":\"https:\\\/\\\/nivegy.com\\\/en\\\/termek\\\/dobosi-estate-centre-2\\\/\",\"url\":\"https:\\\/\\\/nivegy.com\\\/en\\\/termek\\\/dobosi-estate-centre-2\\\/\",\"name\":\"Dobosi Estate Centre - Nivegy.com\",\"isPartOf\":{\"@id\":\"https:\\\/\\\/nivegy.com\\\/#website\"},\"primaryImageOfPage\":{\"@id\":\"https:\\\/\\\/nivegy.com\\\/en\\\/termek\\\/dobosi-estate-centre-2\\\/#primaryimage\"},\"image\":{\"@id\":\"https:\\\/\\\/nivegy.com\\\/en\\\/termek\\\/dobosi-estate-centre-2\\\/#primaryimage\"},\"thumbnailUrl\":\"https:\\\/\\\/nivegy.com\\\/wp-content\\\/uploads\\\/2023\\\/06\\\/P-Dobosi-1.1.webp\",\"datePublished\":\"2023-06-14T13:16:33+00:00\",\"dateModified\":\"2023-12-05T11:14:57+00:00\",\"description\":\"Dobosi Estate Centre according to official family sources, Dobosi 1721 has been active in the village and the local vine and wine culture since the 1700s.\",\"breadcrumb\":{\"@id\":\"https:\\\/\\\/nivegy.com\\\/en\\\/termek\\\/dobosi-estate-centre-2\\\/#breadcrumb\"},\"inLanguage\":\"en-US\",\"potentialAction\":[{\"@type\":\"ReadAction\",\"target\":[\"https:\\\/\\\/nivegy.com\\\/en\\\/termek\\\/dobosi-estate-centre-2\\\/\"]}]},{\"@type\":\"ImageObject\",\"inLanguage\":\"en-US\",\"@id\":\"https:\\\/\\\/nivegy.com\\\/en\\\/termek\\\/dobosi-estate-centre-2\\\/#primaryimage\",\"url\":\"https:\\\/\\\/nivegy.com\\\/wp-content\\\/uploads\\\/2023\\\/06\\\/P-Dobosi-1.1.webp\",\"contentUrl\":\"https:\\\/\\\/nivegy.com\\\/wp-content\\\/uploads\\\/2023\\\/06\\\/P-Dobosi-1.1.webp\",\"width\":1000,\"height\":1000,\"caption\":\"Dobosi 1721 Property Centre\"},{\"@type\":\"BreadcrumbList\",\"@id\":\"https:\\\/\\\/nivegy.com\\\/en\\\/termek\\\/dobosi-estate-centre-2\\\/#breadcrumb\",\"itemListElement\":[{\"@type\":\"ListItem\",\"position\":1,\"name\":\"Kezd\u0151lap\",\"item\":\"https:\\\/\\\/nivegy.com\\\/en\\\/\"},{\"@type\":\"ListItem\",\"position\":2,\"name\":\"Dobosi Estate Centre\"}]},{\"@type\":\"WebSite\",\"@id\":\"https:\\\/\\\/nivegy.com\\\/#website\",\"url\":\"https:\\\/\\\/nivegy.com\\\/\",\"name\":\"Nivegy.com\",\"description\":\"Egy v\u00f6lgy, \u00f6t falu, v\u00e9gtelen csoda\",\"potentialAction\":[{\"@type\":\"SearchAction\",\"target\":{\"@type\":\"EntryPoint\",\"urlTemplate\":\"https:\\\/\\\/nivegy.com\\\/?s={search_term_string}\"},\"query-input\":{\"@type\":\"PropertyValueSpecification\",\"valueRequired\":true,\"valueName\":\"search_term_string\"}}],\"inLanguage\":\"en-US\"}]}<\/script>\n<!-- \/ Yoast SEO plugin. -->","yoast_head_json":{"title":"Dobosi Estate Centre - Nivegy.com","description":"Dobosi Estate Centre according to official family sources, Dobosi 1721 has been active in the village and the local vine and wine culture since the 1700s.","robots":{"index":"index","follow":"follow","max-snippet":"max-snippet:-1","max-image-preview":"max-image-preview:large","max-video-preview":"max-video-preview:-1"},"canonical":"https:\/\/nivegy.com\/en\/termek\/dobosi-estate-centre-2\/","og_locale":"en_US","og_type":"article","og_title":"Dobosi Estate Centre - Nivegy.com","og_description":"Dobosi Estate Centre according to official family sources, Dobosi 1721 has been active in the village and the local vine and wine culture since the 1700s.","og_url":"https:\/\/nivegy.com\/en\/termek\/dobosi-estate-centre-2\/","og_site_name":"Nivegy.com","article_publisher":"https:\/\/www.facebook.com\/nivegy","article_modified_time":"2023-12-05T11:14:57+00:00","og_image":[{"width":1000,"height":1000,"url":"https:\/\/nivegy.com\/wp-content\/uploads\/2023\/06\/P-Dobosi-1.1.webp","type":"image\/webp"}],"twitter_card":"summary_large_image","twitter_misc":{"Est. reading time":"2 minutes"},"schema":{"@context":"https:\/\/schema.org","@graph":[{"@type":"WebPage","@id":"https:\/\/nivegy.com\/en\/termek\/dobosi-estate-centre-2\/","url":"https:\/\/nivegy.com\/en\/termek\/dobosi-estate-centre-2\/","name":"Dobosi Estate Centre - Nivegy.com","isPartOf":{"@id":"https:\/\/nivegy.com\/#website"},"primaryImageOfPage":{"@id":"https:\/\/nivegy.com\/en\/termek\/dobosi-estate-centre-2\/#primaryimage"},"image":{"@id":"https:\/\/nivegy.com\/en\/termek\/dobosi-estate-centre-2\/#primaryimage"},"thumbnailUrl":"https:\/\/nivegy.com\/wp-content\/uploads\/2023\/06\/P-Dobosi-1.1.webp","datePublished":"2023-06-14T13:16:33+00:00","dateModified":"2023-12-05T11:14:57+00:00","description":"Dobosi Estate Centre according to official family sources, Dobosi 1721 has been active in the village and the local vine and wine culture since the 1700s.","breadcrumb":{"@id":"https:\/\/nivegy.com\/en\/termek\/dobosi-estate-centre-2\/#breadcrumb"},"inLanguage":"en-US","potentialAction":[{"@type":"ReadAction","target":["https:\/\/nivegy.com\/en\/termek\/dobosi-estate-centre-2\/"]}]},{"@type":"ImageObject","inLanguage":"en-US","@id":"https:\/\/nivegy.com\/en\/termek\/dobosi-estate-centre-2\/#primaryimage","url":"https:\/\/nivegy.com\/wp-content\/uploads\/2023\/06\/P-Dobosi-1.1.webp","contentUrl":"https:\/\/nivegy.com\/wp-content\/uploads\/2023\/06\/P-Dobosi-1.1.webp","width":1000,"height":1000,"caption":"Dobosi 1721 Property Centre"},{"@type":"BreadcrumbList","@id":"https:\/\/nivegy.com\/en\/termek\/dobosi-estate-centre-2\/#breadcrumb","itemListElement":[{"@type":"ListItem","position":1,"name":"Kezd\u0151lap","item":"https:\/\/nivegy.com\/en\/"},{"@type":"ListItem","position":2,"name":"Dobosi Estate Centre"}]},{"@type":"WebSite","@id":"https:\/\/nivegy.com\/#website","url":"https:\/\/nivegy.com\/","name":"Nivegy.com","description":"Egy v\u00f6lgy, \u00f6t falu, v\u00e9gtelen csoda","potentialAction":[{"@type":"SearchAction","target":{"@type":"EntryPoint","urlTemplate":"https:\/\/nivegy.com\/?s={search_term_string}"},"query-input":{"@type":"PropertyValueSpecification","valueRequired":true,"valueName":"search_term_string"}}],"inLanguage":"en-US"}]}},"_links":{"self":[{"href":"https:\/\/nivegy.com\/en\/wp-json\/wp\/v2\/product\/2555","targetHints":{"allow":["GET"]}}],"collection":[{"href":"https:\/\/nivegy.com\/en\/wp-json\/wp\/v2\/product"}],"about":[{"href":"https:\/\/nivegy.com\/en\/wp-json\/wp\/v2\/types\/product"}],"replies":[{"embeddable":true,"href":"https:\/\/nivegy.com\/en\/wp-json\/wp\/v2\/comments?post=2555"}],"wp:featuredmedia":[{"embeddable":true,"href":"https:\/\/nivegy.com\/en\/wp-json\/wp\/v2\/media\/3294"}],"wp:attachment":[{"href":"https:\/\/nivegy.com\/en\/wp-json\/wp\/v2\/media?parent=2555"}],"wp:term":[{"taxonomy":"product_brand","embeddable":true,"href":"https:\/\/nivegy.com\/en\/wp-json\/wp\/v2\/product_brand?post=2555"},{"taxonomy":"product_cat","embeddable":true,"href":"https:\/\/nivegy.com\/en\/wp-json\/wp\/v2\/product_cat?post=2555"},{"taxonomy":"product_tag","embeddable":true,"href":"https:\/\/nivegy.com\/en\/wp-json\/wp\/v2\/product_tag?post=2555"}],"curies":[{"name":"wp","href":"https:\/\/api.w.org\/{rel}","templated":true}]}}