{"id":2553,"date":"2023-06-14T13:44:41","date_gmt":"2023-06-14T12:44:41","guid":{"rendered":"https:\/\/nivegy.com\/?post_type=product&#038;p=2553"},"modified":"2023-10-12T18:51:00","modified_gmt":"2023-10-12T18:51:00","slug":"szabo-and-son-winery","status":"publish","type":"product","link":"https:\/\/nivegy.com\/en\/termek\/szabo-and-son-winery\/","title":{"rendered":"Szab\u00f3 and Son Winery"},"content":{"rendered":"<p><strong>Juhfark, a native grape variety of Nivegy Valley, the flagship wine of our winery is the most significant type of the Balatonf\u00fcred-Csopak wine region, along with Welschriesling.<\/strong><\/p>\n<p><a href=\"https:\/\/szaboesfia.hu\/tortenetunk\/\">Our family<\/a> has been living in Nivegy Valley since the 1800s, and since then we have been engaged in viticulture and winemaking. From the very beginning, wine production was the most important means of livelihood in the family\u2019s life. We currently farm on 18 hectares.<\/p>\n<p>Our winery was built in 1986 on the top of Fenyves Hill on the family estate, in Balatoncsics\u00f3, which was initially a small, 50 hectolitres wooden barrel winery. Soon, in 1997 it expanded with another arched wooden barrel section and a steel tank fermentation winery as well. Year after year, we increased our areas and the capacity of our property.<\/p>\n<p>Our winery has already hosted many family celebrations, small weddings and corporate events. We can host 80 people on our terrace at the same time.<\/p>\n<h4>Wine selection<\/h4>\n<p>Blaufr\u00e4nkisch, Cabernet Franc, Chardonnay, Juhfark, Merlot,Muscat Ottonel, Pinot Grigio, Welschriesling<\/p>\n","protected":false},"excerpt":{"rendered":"<p>Juhfark, a native grape variety of Nivegy Valley, the flagship wine of our winery is the most significant type of the Balatonf\u00fcred-Csopak wine region, along with Welschriesling. Our family has been living in Nivegy Valley since the 1800s, and since then we have been engaged in viticulture and winemaking. From the very beginning, wine production [&hellip;]<\/p>\n","protected":false},"featured_media":3301,"comment_status":"closed","ping_status":"closed","template":"","meta":{"_acf_changed":false},"product_brand":[],"product_cat":[324],"product_tag":[],"class_list":{"0":"post-2553","1":"product","2":"type-product","3":"status-publish","4":"has-post-thumbnail","6":"product_cat-winery","8":"first","9":"instock","10":"shipping-taxable","11":"product-type-simple"},"acf":[],"yoast_head":"<!-- This site is optimized with the Yoast SEO plugin v27.4 - https:\/\/yoast.com\/product\/yoast-seo-wordpress\/ -->\n<title>Szab\u00f3 and Son Winery - Nivegy.com<\/title>\n<meta name=\"description\" content=\"Szab\u00f3 and Son Winery &#039;s family has been living in Nivegy Valley since the 1800s, and since then we have been engaged in viticulture and winemaking.\" \/>\n<meta name=\"robots\" content=\"index, follow, max-snippet:-1, max-image-preview:large, max-video-preview:-1\" \/>\n<link rel=\"canonical\" href=\"https:\/\/nivegy.com\/en\/termek\/szabo-and-son-winery\/\" \/>\n<meta property=\"og:locale\" content=\"en_US\" \/>\n<meta property=\"og:type\" content=\"article\" \/>\n<meta property=\"og:title\" content=\"Szab\u00f3 and Son Winery - Nivegy.com\" \/>\n<meta property=\"og:description\" content=\"Szab\u00f3 and Son Winery &#039;s family has been living in Nivegy Valley since the 1800s, and since then we have been engaged in viticulture and winemaking.\" \/>\n<meta property=\"og:url\" content=\"https:\/\/nivegy.com\/en\/termek\/szabo-and-son-winery\/\" \/>\n<meta property=\"og:site_name\" content=\"Nivegy.com\" \/>\n<meta property=\"article:publisher\" content=\"https:\/\/www.facebook.com\/nivegy\" \/>\n<meta property=\"article:modified_time\" content=\"2023-10-12T18:51:00+00:00\" \/>\n<meta property=\"og:image\" content=\"https:\/\/nivegy.com\/wp-content\/uploads\/2023\/06\/P-Szabo-es-Fia.webp\" \/>\n\t<meta property=\"og:image:width\" content=\"1000\" \/>\n\t<meta property=\"og:image:height\" content=\"1000\" \/>\n\t<meta property=\"og:image:type\" content=\"image\/webp\" \/>\n<meta name=\"twitter:card\" content=\"summary_large_image\" \/>\n<meta name=\"twitter:label1\" content=\"Est. reading time\" \/>\n\t<meta name=\"twitter:data1\" content=\"1 minute\" \/>\n<script type=\"application\/ld+json\" class=\"yoast-schema-graph\">{\"@context\":\"https:\\\/\\\/schema.org\",\"@graph\":[{\"@type\":\"WebPage\",\"@id\":\"https:\\\/\\\/nivegy.com\\\/en\\\/termek\\\/szabo-and-son-winery\\\/\",\"url\":\"https:\\\/\\\/nivegy.com\\\/en\\\/termek\\\/szabo-and-son-winery\\\/\",\"name\":\"Szab\u00f3 and Son Winery - Nivegy.com\",\"isPartOf\":{\"@id\":\"https:\\\/\\\/nivegy.com\\\/#website\"},\"primaryImageOfPage\":{\"@id\":\"https:\\\/\\\/nivegy.com\\\/en\\\/termek\\\/szabo-and-son-winery\\\/#primaryimage\"},\"image\":{\"@id\":\"https:\\\/\\\/nivegy.com\\\/en\\\/termek\\\/szabo-and-son-winery\\\/#primaryimage\"},\"thumbnailUrl\":\"https:\\\/\\\/nivegy.com\\\/wp-content\\\/uploads\\\/2023\\\/06\\\/P-Szabo-es-Fia.webp\",\"datePublished\":\"2023-06-14T12:44:41+00:00\",\"dateModified\":\"2023-10-12T18:51:00+00:00\",\"description\":\"Szab\u00f3 and Son Winery 's family has been living in Nivegy Valley since the 1800s, and since then we have been engaged in viticulture and winemaking.\",\"breadcrumb\":{\"@id\":\"https:\\\/\\\/nivegy.com\\\/en\\\/termek\\\/szabo-and-son-winery\\\/#breadcrumb\"},\"inLanguage\":\"en-US\",\"potentialAction\":[{\"@type\":\"ReadAction\",\"target\":[\"https:\\\/\\\/nivegy.com\\\/en\\\/termek\\\/szabo-and-son-winery\\\/\"]}]},{\"@type\":\"ImageObject\",\"inLanguage\":\"en-US\",\"@id\":\"https:\\\/\\\/nivegy.com\\\/en\\\/termek\\\/szabo-and-son-winery\\\/#primaryimage\",\"url\":\"https:\\\/\\\/nivegy.com\\\/wp-content\\\/uploads\\\/2023\\\/06\\\/P-Szabo-es-Fia.webp\",\"contentUrl\":\"https:\\\/\\\/nivegy.com\\\/wp-content\\\/uploads\\\/2023\\\/06\\\/P-Szabo-es-Fia.webp\",\"width\":1000,\"height\":1000,\"caption\":\"Szab\u00f3 \u00e9s Fia Borpince Szab\u00f3 and Son Winery\"},{\"@type\":\"BreadcrumbList\",\"@id\":\"https:\\\/\\\/nivegy.com\\\/en\\\/termek\\\/szabo-and-son-winery\\\/#breadcrumb\",\"itemListElement\":[{\"@type\":\"ListItem\",\"position\":1,\"name\":\"Kezd\u0151lap\",\"item\":\"https:\\\/\\\/nivegy.com\\\/en\\\/\"},{\"@type\":\"ListItem\",\"position\":2,\"name\":\"Szab\u00f3 and Son Winery\"}]},{\"@type\":\"WebSite\",\"@id\":\"https:\\\/\\\/nivegy.com\\\/#website\",\"url\":\"https:\\\/\\\/nivegy.com\\\/\",\"name\":\"Nivegy.com\",\"description\":\"Egy v\u00f6lgy, \u00f6t falu, v\u00e9gtelen csoda\",\"potentialAction\":[{\"@type\":\"SearchAction\",\"target\":{\"@type\":\"EntryPoint\",\"urlTemplate\":\"https:\\\/\\\/nivegy.com\\\/?s={search_term_string}\"},\"query-input\":{\"@type\":\"PropertyValueSpecification\",\"valueRequired\":true,\"valueName\":\"search_term_string\"}}],\"inLanguage\":\"en-US\"}]}<\/script>\n<!-- \/ Yoast SEO plugin. -->","yoast_head_json":{"title":"Szab\u00f3 and Son Winery - Nivegy.com","description":"Szab\u00f3 and Son Winery 's family has been living in Nivegy Valley since the 1800s, and since then we have been engaged in viticulture and winemaking.","robots":{"index":"index","follow":"follow","max-snippet":"max-snippet:-1","max-image-preview":"max-image-preview:large","max-video-preview":"max-video-preview:-1"},"canonical":"https:\/\/nivegy.com\/en\/termek\/szabo-and-son-winery\/","og_locale":"en_US","og_type":"article","og_title":"Szab\u00f3 and Son Winery - Nivegy.com","og_description":"Szab\u00f3 and Son Winery 's family has been living in Nivegy Valley since the 1800s, and since then we have been engaged in viticulture and winemaking.","og_url":"https:\/\/nivegy.com\/en\/termek\/szabo-and-son-winery\/","og_site_name":"Nivegy.com","article_publisher":"https:\/\/www.facebook.com\/nivegy","article_modified_time":"2023-10-12T18:51:00+00:00","og_image":[{"width":1000,"height":1000,"url":"https:\/\/nivegy.com\/wp-content\/uploads\/2023\/06\/P-Szabo-es-Fia.webp","type":"image\/webp"}],"twitter_card":"summary_large_image","twitter_misc":{"Est. reading time":"1 minute"},"schema":{"@context":"https:\/\/schema.org","@graph":[{"@type":"WebPage","@id":"https:\/\/nivegy.com\/en\/termek\/szabo-and-son-winery\/","url":"https:\/\/nivegy.com\/en\/termek\/szabo-and-son-winery\/","name":"Szab\u00f3 and Son Winery - Nivegy.com","isPartOf":{"@id":"https:\/\/nivegy.com\/#website"},"primaryImageOfPage":{"@id":"https:\/\/nivegy.com\/en\/termek\/szabo-and-son-winery\/#primaryimage"},"image":{"@id":"https:\/\/nivegy.com\/en\/termek\/szabo-and-son-winery\/#primaryimage"},"thumbnailUrl":"https:\/\/nivegy.com\/wp-content\/uploads\/2023\/06\/P-Szabo-es-Fia.webp","datePublished":"2023-06-14T12:44:41+00:00","dateModified":"2023-10-12T18:51:00+00:00","description":"Szab\u00f3 and Son Winery 's family has been living in Nivegy Valley since the 1800s, and since then we have been engaged in viticulture and winemaking.","breadcrumb":{"@id":"https:\/\/nivegy.com\/en\/termek\/szabo-and-son-winery\/#breadcrumb"},"inLanguage":"en-US","potentialAction":[{"@type":"ReadAction","target":["https:\/\/nivegy.com\/en\/termek\/szabo-and-son-winery\/"]}]},{"@type":"ImageObject","inLanguage":"en-US","@id":"https:\/\/nivegy.com\/en\/termek\/szabo-and-son-winery\/#primaryimage","url":"https:\/\/nivegy.com\/wp-content\/uploads\/2023\/06\/P-Szabo-es-Fia.webp","contentUrl":"https:\/\/nivegy.com\/wp-content\/uploads\/2023\/06\/P-Szabo-es-Fia.webp","width":1000,"height":1000,"caption":"Szab\u00f3 \u00e9s Fia Borpince Szab\u00f3 and Son Winery"},{"@type":"BreadcrumbList","@id":"https:\/\/nivegy.com\/en\/termek\/szabo-and-son-winery\/#breadcrumb","itemListElement":[{"@type":"ListItem","position":1,"name":"Kezd\u0151lap","item":"https:\/\/nivegy.com\/en\/"},{"@type":"ListItem","position":2,"name":"Szab\u00f3 and Son Winery"}]},{"@type":"WebSite","@id":"https:\/\/nivegy.com\/#website","url":"https:\/\/nivegy.com\/","name":"Nivegy.com","description":"Egy v\u00f6lgy, \u00f6t falu, v\u00e9gtelen csoda","potentialAction":[{"@type":"SearchAction","target":{"@type":"EntryPoint","urlTemplate":"https:\/\/nivegy.com\/?s={search_term_string}"},"query-input":{"@type":"PropertyValueSpecification","valueRequired":true,"valueName":"search_term_string"}}],"inLanguage":"en-US"}]}},"_links":{"self":[{"href":"https:\/\/nivegy.com\/en\/wp-json\/wp\/v2\/product\/2553","targetHints":{"allow":["GET"]}}],"collection":[{"href":"https:\/\/nivegy.com\/en\/wp-json\/wp\/v2\/product"}],"about":[{"href":"https:\/\/nivegy.com\/en\/wp-json\/wp\/v2\/types\/product"}],"replies":[{"embeddable":true,"href":"https:\/\/nivegy.com\/en\/wp-json\/wp\/v2\/comments?post=2553"}],"wp:featuredmedia":[{"embeddable":true,"href":"https:\/\/nivegy.com\/en\/wp-json\/wp\/v2\/media\/3301"}],"wp:attachment":[{"href":"https:\/\/nivegy.com\/en\/wp-json\/wp\/v2\/media?parent=2553"}],"wp:term":[{"taxonomy":"product_brand","embeddable":true,"href":"https:\/\/nivegy.com\/en\/wp-json\/wp\/v2\/product_brand?post=2553"},{"taxonomy":"product_cat","embeddable":true,"href":"https:\/\/nivegy.com\/en\/wp-json\/wp\/v2\/product_cat?post=2553"},{"taxonomy":"product_tag","embeddable":true,"href":"https:\/\/nivegy.com\/en\/wp-json\/wp\/v2\/product_tag?post=2553"}],"curies":[{"name":"wp","href":"https:\/\/api.w.org\/{rel}","templated":true}]}}