{"id":2552,"date":"2023-06-14T13:27:27","date_gmt":"2023-06-14T12:27:27","guid":{"rendered":"https:\/\/nivegy.com\/?post_type=product&#038;p=2552"},"modified":"2023-12-05T09:37:57","modified_gmt":"2023-12-05T09:37:57","slug":"tanczos-winery","status":"publish","type":"product","link":"https:\/\/nivegy.com\/en\/termek\/tanczos-winery\/","title":{"rendered":"T\u00e1nczos Winery"},"content":{"rendered":"<p><strong>As an enthusiastic family winery, our philosophy is that there is nothing better than real, there is nothing more beautiful than natural. Accordingly, we consider the production of high-quality, chemical-free grapes to be our most important task, and we work with the grapes\u2019 own yeasts.<\/strong><\/p>\n<p>We consider our <a href=\"https:\/\/tanczospince.hu\/online-bolt\/\">wines<\/a> as creations that are already decided at the time of harvest but not yet evolved, and it is our task to show their most beautiful face. We would like to improve in this kind of work year by year by learning and by using modern technology that is in line with our philosophy. We currently farm on 5 hectares in the Balatonf\u00fcred-Csopak wine region, in the excellently endowed and picturesque <a href=\"https:\/\/nivegy.com\/en\/\">Nivegy Valley<\/a> between Z\u00e1nka and Nagyv\u00e1zsony.<\/p>\n<p>Our goal is to build and beautify a sustainably developing winery that consciously assumes responsibility for our natural values and consumers, and to produce high-quality wines for the pleasure of all of us.<\/p>\n<h4>Wine selection<\/h4>\n<p>Blaufr\u00e4nkisch, Cabernet Franc, Furmint, Resonant, Rhine Riesling, Welschriesling, Zenit<\/p>\n","protected":false},"excerpt":{"rendered":"<p>As an enthusiastic family winery, our philosophy is that there is nothing better than real, there is nothing more beautiful than natural. Accordingly, we consider the production of high-quality, chemical-free grapes to be our most important task, and we work with the grapes\u2019 own yeasts. We consider our wines as creations that are already decided [&hellip;]<\/p>\n","protected":false},"featured_media":3302,"comment_status":"closed","ping_status":"closed","template":"","meta":{"_acf_changed":false},"product_brand":[],"product_cat":[324],"product_tag":[],"class_list":{"0":"post-2552","1":"product","2":"type-product","3":"status-publish","4":"has-post-thumbnail","6":"product_cat-winery","8":"first","9":"instock","10":"shipping-taxable","11":"product-type-simple"},"acf":[],"yoast_head":"<!-- This site is optimized with the Yoast SEO plugin v27.4 - https:\/\/yoast.com\/product\/yoast-seo-wordpress\/ -->\n<title>T\u00e1nczos Winery - Nivegy.com<\/title>\n<meta name=\"description\" content=\"T\u00e1nczos Winery consider the production of high-quality, chemical-free grapes to be our most important task, and we work with the grapes\u2019 own yeasts.\" \/>\n<meta name=\"robots\" content=\"index, follow, max-snippet:-1, max-image-preview:large, max-video-preview:-1\" \/>\n<link rel=\"canonical\" href=\"https:\/\/nivegy.com\/en\/termek\/tanczos-winery\/\" \/>\n<meta property=\"og:locale\" content=\"en_US\" \/>\n<meta property=\"og:type\" content=\"article\" \/>\n<meta property=\"og:title\" content=\"T\u00e1nczos Winery - Nivegy.com\" \/>\n<meta property=\"og:description\" content=\"T\u00e1nczos Winery consider the production of high-quality, chemical-free grapes to be our most important task, and we work with the grapes\u2019 own yeasts.\" \/>\n<meta property=\"og:url\" content=\"https:\/\/nivegy.com\/en\/termek\/tanczos-winery\/\" \/>\n<meta property=\"og:site_name\" content=\"Nivegy.com\" \/>\n<meta property=\"article:publisher\" content=\"https:\/\/www.facebook.com\/nivegy\" \/>\n<meta property=\"article:modified_time\" content=\"2023-12-05T09:37:57+00:00\" \/>\n<meta property=\"og:image\" content=\"https:\/\/nivegy.com\/wp-content\/uploads\/2023\/06\/P-Tanczos.webp\" \/>\n\t<meta property=\"og:image:width\" content=\"1000\" \/>\n\t<meta property=\"og:image:height\" content=\"1000\" \/>\n\t<meta property=\"og:image:type\" content=\"image\/webp\" \/>\n<meta name=\"twitter:card\" content=\"summary_large_image\" \/>\n<meta name=\"twitter:label1\" content=\"Est. reading time\" \/>\n\t<meta name=\"twitter:data1\" content=\"1 minute\" \/>\n<script type=\"application\/ld+json\" class=\"yoast-schema-graph\">{\"@context\":\"https:\\\/\\\/schema.org\",\"@graph\":[{\"@type\":\"WebPage\",\"@id\":\"https:\\\/\\\/nivegy.com\\\/en\\\/termek\\\/tanczos-winery\\\/\",\"url\":\"https:\\\/\\\/nivegy.com\\\/en\\\/termek\\\/tanczos-winery\\\/\",\"name\":\"T\u00e1nczos Winery - Nivegy.com\",\"isPartOf\":{\"@id\":\"https:\\\/\\\/nivegy.com\\\/#website\"},\"primaryImageOfPage\":{\"@id\":\"https:\\\/\\\/nivegy.com\\\/en\\\/termek\\\/tanczos-winery\\\/#primaryimage\"},\"image\":{\"@id\":\"https:\\\/\\\/nivegy.com\\\/en\\\/termek\\\/tanczos-winery\\\/#primaryimage\"},\"thumbnailUrl\":\"https:\\\/\\\/nivegy.com\\\/wp-content\\\/uploads\\\/2023\\\/06\\\/P-Tanczos.webp\",\"datePublished\":\"2023-06-14T12:27:27+00:00\",\"dateModified\":\"2023-12-05T09:37:57+00:00\",\"description\":\"T\u00e1nczos Winery consider the production of high-quality, chemical-free grapes to be our most important task, and we work with the grapes\u2019 own yeasts.\",\"breadcrumb\":{\"@id\":\"https:\\\/\\\/nivegy.com\\\/en\\\/termek\\\/tanczos-winery\\\/#breadcrumb\"},\"inLanguage\":\"en-US\",\"potentialAction\":[{\"@type\":\"ReadAction\",\"target\":[\"https:\\\/\\\/nivegy.com\\\/en\\\/termek\\\/tanczos-winery\\\/\"]}]},{\"@type\":\"ImageObject\",\"inLanguage\":\"en-US\",\"@id\":\"https:\\\/\\\/nivegy.com\\\/en\\\/termek\\\/tanczos-winery\\\/#primaryimage\",\"url\":\"https:\\\/\\\/nivegy.com\\\/wp-content\\\/uploads\\\/2023\\\/06\\\/P-Tanczos.webp\",\"contentUrl\":\"https:\\\/\\\/nivegy.com\\\/wp-content\\\/uploads\\\/2023\\\/06\\\/P-Tanczos.webp\",\"width\":1000,\"height\":1000,\"caption\":\"T\u00e1nczos Pince T\u00e1nczos Winery\"},{\"@type\":\"BreadcrumbList\",\"@id\":\"https:\\\/\\\/nivegy.com\\\/en\\\/termek\\\/tanczos-winery\\\/#breadcrumb\",\"itemListElement\":[{\"@type\":\"ListItem\",\"position\":1,\"name\":\"Kezd\u0151lap\",\"item\":\"https:\\\/\\\/nivegy.com\\\/en\\\/\"},{\"@type\":\"ListItem\",\"position\":2,\"name\":\"T\u00e1nczos Winery\"}]},{\"@type\":\"WebSite\",\"@id\":\"https:\\\/\\\/nivegy.com\\\/#website\",\"url\":\"https:\\\/\\\/nivegy.com\\\/\",\"name\":\"Nivegy.com\",\"description\":\"Egy v\u00f6lgy, \u00f6t falu, v\u00e9gtelen csoda\",\"potentialAction\":[{\"@type\":\"SearchAction\",\"target\":{\"@type\":\"EntryPoint\",\"urlTemplate\":\"https:\\\/\\\/nivegy.com\\\/?s={search_term_string}\"},\"query-input\":{\"@type\":\"PropertyValueSpecification\",\"valueRequired\":true,\"valueName\":\"search_term_string\"}}],\"inLanguage\":\"en-US\"}]}<\/script>\n<!-- \/ Yoast SEO plugin. -->","yoast_head_json":{"title":"T\u00e1nczos Winery - Nivegy.com","description":"T\u00e1nczos Winery consider the production of high-quality, chemical-free grapes to be our most important task, and we work with the grapes\u2019 own yeasts.","robots":{"index":"index","follow":"follow","max-snippet":"max-snippet:-1","max-image-preview":"max-image-preview:large","max-video-preview":"max-video-preview:-1"},"canonical":"https:\/\/nivegy.com\/en\/termek\/tanczos-winery\/","og_locale":"en_US","og_type":"article","og_title":"T\u00e1nczos Winery - Nivegy.com","og_description":"T\u00e1nczos Winery consider the production of high-quality, chemical-free grapes to be our most important task, and we work with the grapes\u2019 own yeasts.","og_url":"https:\/\/nivegy.com\/en\/termek\/tanczos-winery\/","og_site_name":"Nivegy.com","article_publisher":"https:\/\/www.facebook.com\/nivegy","article_modified_time":"2023-12-05T09:37:57+00:00","og_image":[{"width":1000,"height":1000,"url":"https:\/\/nivegy.com\/wp-content\/uploads\/2023\/06\/P-Tanczos.webp","type":"image\/webp"}],"twitter_card":"summary_large_image","twitter_misc":{"Est. reading time":"1 minute"},"schema":{"@context":"https:\/\/schema.org","@graph":[{"@type":"WebPage","@id":"https:\/\/nivegy.com\/en\/termek\/tanczos-winery\/","url":"https:\/\/nivegy.com\/en\/termek\/tanczos-winery\/","name":"T\u00e1nczos Winery - Nivegy.com","isPartOf":{"@id":"https:\/\/nivegy.com\/#website"},"primaryImageOfPage":{"@id":"https:\/\/nivegy.com\/en\/termek\/tanczos-winery\/#primaryimage"},"image":{"@id":"https:\/\/nivegy.com\/en\/termek\/tanczos-winery\/#primaryimage"},"thumbnailUrl":"https:\/\/nivegy.com\/wp-content\/uploads\/2023\/06\/P-Tanczos.webp","datePublished":"2023-06-14T12:27:27+00:00","dateModified":"2023-12-05T09:37:57+00:00","description":"T\u00e1nczos Winery consider the production of high-quality, chemical-free grapes to be our most important task, and we work with the grapes\u2019 own yeasts.","breadcrumb":{"@id":"https:\/\/nivegy.com\/en\/termek\/tanczos-winery\/#breadcrumb"},"inLanguage":"en-US","potentialAction":[{"@type":"ReadAction","target":["https:\/\/nivegy.com\/en\/termek\/tanczos-winery\/"]}]},{"@type":"ImageObject","inLanguage":"en-US","@id":"https:\/\/nivegy.com\/en\/termek\/tanczos-winery\/#primaryimage","url":"https:\/\/nivegy.com\/wp-content\/uploads\/2023\/06\/P-Tanczos.webp","contentUrl":"https:\/\/nivegy.com\/wp-content\/uploads\/2023\/06\/P-Tanczos.webp","width":1000,"height":1000,"caption":"T\u00e1nczos Pince T\u00e1nczos Winery"},{"@type":"BreadcrumbList","@id":"https:\/\/nivegy.com\/en\/termek\/tanczos-winery\/#breadcrumb","itemListElement":[{"@type":"ListItem","position":1,"name":"Kezd\u0151lap","item":"https:\/\/nivegy.com\/en\/"},{"@type":"ListItem","position":2,"name":"T\u00e1nczos Winery"}]},{"@type":"WebSite","@id":"https:\/\/nivegy.com\/#website","url":"https:\/\/nivegy.com\/","name":"Nivegy.com","description":"Egy v\u00f6lgy, \u00f6t falu, v\u00e9gtelen csoda","potentialAction":[{"@type":"SearchAction","target":{"@type":"EntryPoint","urlTemplate":"https:\/\/nivegy.com\/?s={search_term_string}"},"query-input":{"@type":"PropertyValueSpecification","valueRequired":true,"valueName":"search_term_string"}}],"inLanguage":"en-US"}]}},"_links":{"self":[{"href":"https:\/\/nivegy.com\/en\/wp-json\/wp\/v2\/product\/2552","targetHints":{"allow":["GET"]}}],"collection":[{"href":"https:\/\/nivegy.com\/en\/wp-json\/wp\/v2\/product"}],"about":[{"href":"https:\/\/nivegy.com\/en\/wp-json\/wp\/v2\/types\/product"}],"replies":[{"embeddable":true,"href":"https:\/\/nivegy.com\/en\/wp-json\/wp\/v2\/comments?post=2552"}],"wp:featuredmedia":[{"embeddable":true,"href":"https:\/\/nivegy.com\/en\/wp-json\/wp\/v2\/media\/3302"}],"wp:attachment":[{"href":"https:\/\/nivegy.com\/en\/wp-json\/wp\/v2\/media?parent=2552"}],"wp:term":[{"taxonomy":"product_brand","embeddable":true,"href":"https:\/\/nivegy.com\/en\/wp-json\/wp\/v2\/product_brand?post=2552"},{"taxonomy":"product_cat","embeddable":true,"href":"https:\/\/nivegy.com\/en\/wp-json\/wp\/v2\/product_cat?post=2552"},{"taxonomy":"product_tag","embeddable":true,"href":"https:\/\/nivegy.com\/en\/wp-json\/wp\/v2\/product_tag?post=2552"}],"curies":[{"name":"wp","href":"https:\/\/api.w.org\/{rel}","templated":true}]}}