{"id":2551,"date":"2023-06-14T13:19:56","date_gmt":"2023-06-14T12:19:56","guid":{"rendered":"https:\/\/nivegy.com\/?post_type=product&#038;p=2551"},"modified":"2023-11-28T12:06:35","modified_gmt":"2023-11-28T12:06:35","slug":"dombi-winery","status":"publish","type":"product","link":"https:\/\/nivegy.com\/en\/termek\/dombi-winery\/","title":{"rendered":"Dombi Winery"},"content":{"rendered":"<p><strong>We have been living and farming in the wonderful Balaton Highlands for generations, as our ancestors were born in the villages of <a href=\"https:\/\/szentantalfa.hu\/\">Szentantalfa<\/a> and Mencshely. Our intention is to keep and pass on the value that our Parents and Ancestors represented, be it family, community, friendship, farming, viticulture or even winemaking.<\/strong><\/p>\n<p>Besides enjoying our delicious wines, you can find the desired quiet environment or the louder, joyful shindig of friendly gatherings. The driving force behind our winery is Family and close Friends. We strive to experience the work as a shared experience subordinated to the unique character of quality winemaking, so our wines are only available in limited numbers.<\/p>\n<p>We farm on six hectares of vineyards which stretch from Hegyest\u0171 through the <a href=\"https:\/\/nivegy.com\/en\/termek\/st-balazs-church-ruin\/\">ruins of St. Balazs church<\/a>, all the way to the top of the valley, to Pirkanci in Balatoncsics\u00f3, which you can even visit in the afternoon by bike.<\/p>\n<p>We cannot decide in which season our winery is the most beautiful, so we welcome you all year round.<\/p>\n<h4>Wine selection<\/h4>\n<p>Welschriesling, Blaufr\u00e4nkisch Ros\u00e9, Blaufr\u00e4nkisch Red, Tramini<\/p>\n<p><strong>Other:<\/strong> Stum, jam made from the winery\u2019s fruits<\/p>\n","protected":false},"excerpt":{"rendered":"<p>We have been living and farming in the wonderful Balaton Highlands for generations, as our ancestors were born in the villages of Szentantalfa and Mencshely. Our intention is to keep and pass on the value that our Parents and Ancestors represented, be it family, community, friendship, farming, viticulture or even winemaking. Besides enjoying our delicious [&hellip;]<\/p>\n","protected":false},"featured_media":3295,"comment_status":"closed","ping_status":"closed","template":"","meta":{"_acf_changed":false},"product_brand":[],"product_cat":[324],"product_tag":[],"class_list":{"0":"post-2551","1":"product","2":"type-product","3":"status-publish","4":"has-post-thumbnail","6":"product_cat-winery","8":"first","9":"instock","10":"shipping-taxable","11":"product-type-simple"},"acf":[],"yoast_head":"<!-- This site is optimized with the Yoast SEO plugin v27.4 - https:\/\/yoast.com\/product\/yoast-seo-wordpress\/ -->\n<title>Dombi Winery - Nivegy.com<\/title>\n<meta name=\"description\" content=\"Besides enjoying Dombi Winery &#039;s delicious wines, you can find the desired quiet environment or the louder, joyful shindig of friendly gatherings.\" \/>\n<meta name=\"robots\" content=\"index, follow, max-snippet:-1, max-image-preview:large, max-video-preview:-1\" \/>\n<link rel=\"canonical\" href=\"https:\/\/nivegy.com\/en\/termek\/dombi-winery\/\" \/>\n<meta property=\"og:locale\" content=\"en_US\" \/>\n<meta property=\"og:type\" content=\"article\" \/>\n<meta property=\"og:title\" content=\"Dombi Winery - Nivegy.com\" \/>\n<meta property=\"og:description\" content=\"Besides enjoying Dombi Winery &#039;s delicious wines, you can find the desired quiet environment or the louder, joyful shindig of friendly gatherings.\" \/>\n<meta property=\"og:url\" content=\"https:\/\/nivegy.com\/en\/termek\/dombi-winery\/\" \/>\n<meta property=\"og:site_name\" content=\"Nivegy.com\" \/>\n<meta property=\"article:publisher\" content=\"https:\/\/www.facebook.com\/nivegy\" \/>\n<meta property=\"article:modified_time\" content=\"2023-11-28T12:06:35+00:00\" \/>\n<meta property=\"og:image\" content=\"https:\/\/nivegy.com\/wp-content\/uploads\/2023\/06\/P-Dombi-1.1.webp\" \/>\n\t<meta property=\"og:image:width\" content=\"1000\" \/>\n\t<meta property=\"og:image:height\" content=\"1000\" \/>\n\t<meta property=\"og:image:type\" content=\"image\/webp\" \/>\n<meta name=\"twitter:card\" content=\"summary_large_image\" \/>\n<meta name=\"twitter:label1\" content=\"Est. reading time\" \/>\n\t<meta name=\"twitter:data1\" content=\"2 minutes\" \/>\n<script type=\"application\/ld+json\" class=\"yoast-schema-graph\">{\"@context\":\"https:\\\/\\\/schema.org\",\"@graph\":[{\"@type\":\"WebPage\",\"@id\":\"https:\\\/\\\/nivegy.com\\\/en\\\/termek\\\/dombi-winery\\\/\",\"url\":\"https:\\\/\\\/nivegy.com\\\/en\\\/termek\\\/dombi-winery\\\/\",\"name\":\"Dombi Winery - Nivegy.com\",\"isPartOf\":{\"@id\":\"https:\\\/\\\/nivegy.com\\\/#website\"},\"primaryImageOfPage\":{\"@id\":\"https:\\\/\\\/nivegy.com\\\/en\\\/termek\\\/dombi-winery\\\/#primaryimage\"},\"image\":{\"@id\":\"https:\\\/\\\/nivegy.com\\\/en\\\/termek\\\/dombi-winery\\\/#primaryimage\"},\"thumbnailUrl\":\"https:\\\/\\\/nivegy.com\\\/wp-content\\\/uploads\\\/2023\\\/06\\\/P-Dombi-1.1.webp\",\"datePublished\":\"2023-06-14T12:19:56+00:00\",\"dateModified\":\"2023-11-28T12:06:35+00:00\",\"description\":\"Besides enjoying Dombi Winery 's delicious wines, you can find the desired quiet environment or the louder, joyful shindig of friendly gatherings.\",\"breadcrumb\":{\"@id\":\"https:\\\/\\\/nivegy.com\\\/en\\\/termek\\\/dombi-winery\\\/#breadcrumb\"},\"inLanguage\":\"en-US\",\"potentialAction\":[{\"@type\":\"ReadAction\",\"target\":[\"https:\\\/\\\/nivegy.com\\\/en\\\/termek\\\/dombi-winery\\\/\"]}]},{\"@type\":\"ImageObject\",\"inLanguage\":\"en-US\",\"@id\":\"https:\\\/\\\/nivegy.com\\\/en\\\/termek\\\/dombi-winery\\\/#primaryimage\",\"url\":\"https:\\\/\\\/nivegy.com\\\/wp-content\\\/uploads\\\/2023\\\/06\\\/P-Dombi-1.1.webp\",\"contentUrl\":\"https:\\\/\\\/nivegy.com\\\/wp-content\\\/uploads\\\/2023\\\/06\\\/P-Dombi-1.1.webp\",\"width\":1000,\"height\":1000,\"caption\":\"Dombi Pince\"},{\"@type\":\"BreadcrumbList\",\"@id\":\"https:\\\/\\\/nivegy.com\\\/en\\\/termek\\\/dombi-winery\\\/#breadcrumb\",\"itemListElement\":[{\"@type\":\"ListItem\",\"position\":1,\"name\":\"Kezd\u0151lap\",\"item\":\"https:\\\/\\\/nivegy.com\\\/en\\\/\"},{\"@type\":\"ListItem\",\"position\":2,\"name\":\"Dombi Winery\"}]},{\"@type\":\"WebSite\",\"@id\":\"https:\\\/\\\/nivegy.com\\\/#website\",\"url\":\"https:\\\/\\\/nivegy.com\\\/\",\"name\":\"Nivegy.com\",\"description\":\"Egy v\u00f6lgy, \u00f6t falu, v\u00e9gtelen csoda\",\"potentialAction\":[{\"@type\":\"SearchAction\",\"target\":{\"@type\":\"EntryPoint\",\"urlTemplate\":\"https:\\\/\\\/nivegy.com\\\/?s={search_term_string}\"},\"query-input\":{\"@type\":\"PropertyValueSpecification\",\"valueRequired\":true,\"valueName\":\"search_term_string\"}}],\"inLanguage\":\"en-US\"}]}<\/script>\n<!-- \/ Yoast SEO plugin. -->","yoast_head_json":{"title":"Dombi Winery - Nivegy.com","description":"Besides enjoying Dombi Winery 's delicious wines, you can find the desired quiet environment or the louder, joyful shindig of friendly gatherings.","robots":{"index":"index","follow":"follow","max-snippet":"max-snippet:-1","max-image-preview":"max-image-preview:large","max-video-preview":"max-video-preview:-1"},"canonical":"https:\/\/nivegy.com\/en\/termek\/dombi-winery\/","og_locale":"en_US","og_type":"article","og_title":"Dombi Winery - Nivegy.com","og_description":"Besides enjoying Dombi Winery 's delicious wines, you can find the desired quiet environment or the louder, joyful shindig of friendly gatherings.","og_url":"https:\/\/nivegy.com\/en\/termek\/dombi-winery\/","og_site_name":"Nivegy.com","article_publisher":"https:\/\/www.facebook.com\/nivegy","article_modified_time":"2023-11-28T12:06:35+00:00","og_image":[{"width":1000,"height":1000,"url":"https:\/\/nivegy.com\/wp-content\/uploads\/2023\/06\/P-Dombi-1.1.webp","type":"image\/webp"}],"twitter_card":"summary_large_image","twitter_misc":{"Est. reading time":"2 minutes"},"schema":{"@context":"https:\/\/schema.org","@graph":[{"@type":"WebPage","@id":"https:\/\/nivegy.com\/en\/termek\/dombi-winery\/","url":"https:\/\/nivegy.com\/en\/termek\/dombi-winery\/","name":"Dombi Winery - Nivegy.com","isPartOf":{"@id":"https:\/\/nivegy.com\/#website"},"primaryImageOfPage":{"@id":"https:\/\/nivegy.com\/en\/termek\/dombi-winery\/#primaryimage"},"image":{"@id":"https:\/\/nivegy.com\/en\/termek\/dombi-winery\/#primaryimage"},"thumbnailUrl":"https:\/\/nivegy.com\/wp-content\/uploads\/2023\/06\/P-Dombi-1.1.webp","datePublished":"2023-06-14T12:19:56+00:00","dateModified":"2023-11-28T12:06:35+00:00","description":"Besides enjoying Dombi Winery 's delicious wines, you can find the desired quiet environment or the louder, joyful shindig of friendly gatherings.","breadcrumb":{"@id":"https:\/\/nivegy.com\/en\/termek\/dombi-winery\/#breadcrumb"},"inLanguage":"en-US","potentialAction":[{"@type":"ReadAction","target":["https:\/\/nivegy.com\/en\/termek\/dombi-winery\/"]}]},{"@type":"ImageObject","inLanguage":"en-US","@id":"https:\/\/nivegy.com\/en\/termek\/dombi-winery\/#primaryimage","url":"https:\/\/nivegy.com\/wp-content\/uploads\/2023\/06\/P-Dombi-1.1.webp","contentUrl":"https:\/\/nivegy.com\/wp-content\/uploads\/2023\/06\/P-Dombi-1.1.webp","width":1000,"height":1000,"caption":"Dombi Pince"},{"@type":"BreadcrumbList","@id":"https:\/\/nivegy.com\/en\/termek\/dombi-winery\/#breadcrumb","itemListElement":[{"@type":"ListItem","position":1,"name":"Kezd\u0151lap","item":"https:\/\/nivegy.com\/en\/"},{"@type":"ListItem","position":2,"name":"Dombi Winery"}]},{"@type":"WebSite","@id":"https:\/\/nivegy.com\/#website","url":"https:\/\/nivegy.com\/","name":"Nivegy.com","description":"Egy v\u00f6lgy, \u00f6t falu, v\u00e9gtelen csoda","potentialAction":[{"@type":"SearchAction","target":{"@type":"EntryPoint","urlTemplate":"https:\/\/nivegy.com\/?s={search_term_string}"},"query-input":{"@type":"PropertyValueSpecification","valueRequired":true,"valueName":"search_term_string"}}],"inLanguage":"en-US"}]}},"_links":{"self":[{"href":"https:\/\/nivegy.com\/en\/wp-json\/wp\/v2\/product\/2551","targetHints":{"allow":["GET"]}}],"collection":[{"href":"https:\/\/nivegy.com\/en\/wp-json\/wp\/v2\/product"}],"about":[{"href":"https:\/\/nivegy.com\/en\/wp-json\/wp\/v2\/types\/product"}],"replies":[{"embeddable":true,"href":"https:\/\/nivegy.com\/en\/wp-json\/wp\/v2\/comments?post=2551"}],"wp:featuredmedia":[{"embeddable":true,"href":"https:\/\/nivegy.com\/en\/wp-json\/wp\/v2\/media\/3295"}],"wp:attachment":[{"href":"https:\/\/nivegy.com\/en\/wp-json\/wp\/v2\/media?parent=2551"}],"wp:term":[{"taxonomy":"product_brand","embeddable":true,"href":"https:\/\/nivegy.com\/en\/wp-json\/wp\/v2\/product_brand?post=2551"},{"taxonomy":"product_cat","embeddable":true,"href":"https:\/\/nivegy.com\/en\/wp-json\/wp\/v2\/product_cat?post=2551"},{"taxonomy":"product_tag","embeddable":true,"href":"https:\/\/nivegy.com\/en\/wp-json\/wp\/v2\/product_tag?post=2551"}],"curies":[{"name":"wp","href":"https:\/\/api.w.org\/{rel}","templated":true}]}}