{"id":2550,"date":"2023-06-14T12:58:50","date_gmt":"2023-06-14T11:58:50","guid":{"rendered":"https:\/\/nivegy.com\/?post_type=product&#038;p=2550"},"modified":"2023-10-12T18:24:46","modified_gmt":"2023-10-12T18:24:46","slug":"gergely-winery","status":"publish","type":"product","link":"https:\/\/nivegy.com\/en\/termek\/gergely-winery\/","title":{"rendered":"Gergely Winery"},"content":{"rendered":"<p><strong>Gergely Winery is located near the Balaton coast, 7 km from Z\u00e1nka, on St. Balazs Hill, in the heart of the Nivegy Valley. The family winery was founded by our father, L\u00e1szl\u00f3 Szab\u00f3, more than 30 years ago and the tradition goes back even further, as our father\u2019s grandfather was already engaged in viticulture.<\/strong><\/p>\n<p>We cultivate 25 hectares of grapes; our plantations are located in the best vineyards and their average age is 10 years. In accordance with the tradition of our wine region, we mainly grow white grapes, but there are some blue ones in smaller quantities as well. From viticulture through winemaking to sales, all work processes are carried out by our family.<\/p>\n<p>In addition to the fine <a href=\"http:\/\/gergelyborhaz.hu\/boraszat\/boraink\/\">wines<\/a>, our guests can also enjoy the panorama of Lake Balaton that opens in front of them.<\/p>\n<h4>Wine selection<\/h4>\n<p>Blaufr\u00e4nkisch, Cabernet Sauvignon, Chardonnay, Furmint, Irsai Oliver, Merlot, Muscat, Pino Blanc, Pinot Grigio, Rieslingsylvani, Sauvignon Blanc, Welschriesling, Zweigelt<\/p>\n","protected":false},"excerpt":{"rendered":"<p>Gergely Winery is located near the Balaton coast, 7 km from Z\u00e1nka, on St. Balazs Hill, in the heart of the Nivegy Valley. The family winery was founded by our father, L\u00e1szl\u00f3 Szab\u00f3, more than 30 years ago and the tradition goes back even further, as our father\u2019s grandfather was already engaged in viticulture. We [&hellip;]<\/p>\n","protected":false},"featured_media":3296,"comment_status":"closed","ping_status":"closed","template":"","meta":{"_acf_changed":false},"product_brand":[],"product_cat":[324],"product_tag":[],"class_list":{"0":"post-2550","1":"product","2":"type-product","3":"status-publish","4":"has-post-thumbnail","6":"product_cat-winery","8":"first","9":"instock","10":"shipping-taxable","11":"product-type-simple"},"acf":[],"yoast_head":"<!-- This site is optimized with the Yoast SEO plugin v27.4 - https:\/\/yoast.com\/product\/yoast-seo-wordpress\/ -->\n<title>Gergely Winery - Nivegy.com<\/title>\n<meta name=\"description\" content=\"Gergely Winery is located near the Balaton coast, on St. Balazs Hill, in the heart of the Nivegy Valley. We cultivate 25 hectares of grapes.\" \/>\n<meta name=\"robots\" content=\"index, follow, max-snippet:-1, max-image-preview:large, max-video-preview:-1\" \/>\n<link rel=\"canonical\" href=\"https:\/\/nivegy.com\/en\/termek\/gergely-winery\/\" \/>\n<meta property=\"og:locale\" content=\"en_US\" \/>\n<meta property=\"og:type\" content=\"article\" \/>\n<meta property=\"og:title\" content=\"Gergely Winery - Nivegy.com\" \/>\n<meta property=\"og:description\" content=\"Gergely Winery is located near the Balaton coast, on St. Balazs Hill, in the heart of the Nivegy Valley. We cultivate 25 hectares of grapes.\" \/>\n<meta property=\"og:url\" content=\"https:\/\/nivegy.com\/en\/termek\/gergely-winery\/\" \/>\n<meta property=\"og:site_name\" content=\"Nivegy.com\" \/>\n<meta property=\"article:publisher\" content=\"https:\/\/www.facebook.com\/nivegy\" \/>\n<meta property=\"article:modified_time\" content=\"2023-10-12T18:24:46+00:00\" \/>\n<meta property=\"og:image\" content=\"https:\/\/nivegy.com\/wp-content\/uploads\/2023\/06\/P-Gergely-Borhaz-1.1.webp\" \/>\n\t<meta property=\"og:image:width\" content=\"1000\" \/>\n\t<meta property=\"og:image:height\" content=\"1000\" \/>\n\t<meta property=\"og:image:type\" content=\"image\/webp\" \/>\n<meta name=\"twitter:card\" content=\"summary_large_image\" \/>\n<meta name=\"twitter:label1\" content=\"Est. reading time\" \/>\n\t<meta name=\"twitter:data1\" content=\"1 minute\" \/>\n<script type=\"application\/ld+json\" class=\"yoast-schema-graph\">{\"@context\":\"https:\\\/\\\/schema.org\",\"@graph\":[{\"@type\":\"WebPage\",\"@id\":\"https:\\\/\\\/nivegy.com\\\/en\\\/termek\\\/gergely-winery\\\/\",\"url\":\"https:\\\/\\\/nivegy.com\\\/en\\\/termek\\\/gergely-winery\\\/\",\"name\":\"Gergely Winery - Nivegy.com\",\"isPartOf\":{\"@id\":\"https:\\\/\\\/nivegy.com\\\/#website\"},\"primaryImageOfPage\":{\"@id\":\"https:\\\/\\\/nivegy.com\\\/en\\\/termek\\\/gergely-winery\\\/#primaryimage\"},\"image\":{\"@id\":\"https:\\\/\\\/nivegy.com\\\/en\\\/termek\\\/gergely-winery\\\/#primaryimage\"},\"thumbnailUrl\":\"https:\\\/\\\/nivegy.com\\\/wp-content\\\/uploads\\\/2023\\\/06\\\/P-Gergely-Borhaz-1.1.webp\",\"datePublished\":\"2023-06-14T11:58:50+00:00\",\"dateModified\":\"2023-10-12T18:24:46+00:00\",\"description\":\"Gergely Winery is located near the Balaton coast, on St. Balazs Hill, in the heart of the Nivegy Valley. We cultivate 25 hectares of grapes.\",\"breadcrumb\":{\"@id\":\"https:\\\/\\\/nivegy.com\\\/en\\\/termek\\\/gergely-winery\\\/#breadcrumb\"},\"inLanguage\":\"en-US\",\"potentialAction\":[{\"@type\":\"ReadAction\",\"target\":[\"https:\\\/\\\/nivegy.com\\\/en\\\/termek\\\/gergely-winery\\\/\"]}]},{\"@type\":\"ImageObject\",\"inLanguage\":\"en-US\",\"@id\":\"https:\\\/\\\/nivegy.com\\\/en\\\/termek\\\/gergely-winery\\\/#primaryimage\",\"url\":\"https:\\\/\\\/nivegy.com\\\/wp-content\\\/uploads\\\/2023\\\/06\\\/P-Gergely-Borhaz-1.1.webp\",\"contentUrl\":\"https:\\\/\\\/nivegy.com\\\/wp-content\\\/uploads\\\/2023\\\/06\\\/P-Gergely-Borhaz-1.1.webp\",\"width\":1000,\"height\":1000,\"caption\":\"Gergely Borh\u00e1z\"},{\"@type\":\"BreadcrumbList\",\"@id\":\"https:\\\/\\\/nivegy.com\\\/en\\\/termek\\\/gergely-winery\\\/#breadcrumb\",\"itemListElement\":[{\"@type\":\"ListItem\",\"position\":1,\"name\":\"Kezd\u0151lap\",\"item\":\"https:\\\/\\\/nivegy.com\\\/en\\\/\"},{\"@type\":\"ListItem\",\"position\":2,\"name\":\"Gergely Winery\"}]},{\"@type\":\"WebSite\",\"@id\":\"https:\\\/\\\/nivegy.com\\\/#website\",\"url\":\"https:\\\/\\\/nivegy.com\\\/\",\"name\":\"Nivegy.com\",\"description\":\"Egy v\u00f6lgy, \u00f6t falu, v\u00e9gtelen csoda\",\"potentialAction\":[{\"@type\":\"SearchAction\",\"target\":{\"@type\":\"EntryPoint\",\"urlTemplate\":\"https:\\\/\\\/nivegy.com\\\/?s={search_term_string}\"},\"query-input\":{\"@type\":\"PropertyValueSpecification\",\"valueRequired\":true,\"valueName\":\"search_term_string\"}}],\"inLanguage\":\"en-US\"}]}<\/script>\n<!-- \/ Yoast SEO plugin. -->","yoast_head_json":{"title":"Gergely Winery - Nivegy.com","description":"Gergely Winery is located near the Balaton coast, on St. Balazs Hill, in the heart of the Nivegy Valley. We cultivate 25 hectares of grapes.","robots":{"index":"index","follow":"follow","max-snippet":"max-snippet:-1","max-image-preview":"max-image-preview:large","max-video-preview":"max-video-preview:-1"},"canonical":"https:\/\/nivegy.com\/en\/termek\/gergely-winery\/","og_locale":"en_US","og_type":"article","og_title":"Gergely Winery - Nivegy.com","og_description":"Gergely Winery is located near the Balaton coast, on St. Balazs Hill, in the heart of the Nivegy Valley. We cultivate 25 hectares of grapes.","og_url":"https:\/\/nivegy.com\/en\/termek\/gergely-winery\/","og_site_name":"Nivegy.com","article_publisher":"https:\/\/www.facebook.com\/nivegy","article_modified_time":"2023-10-12T18:24:46+00:00","og_image":[{"width":1000,"height":1000,"url":"https:\/\/nivegy.com\/wp-content\/uploads\/2023\/06\/P-Gergely-Borhaz-1.1.webp","type":"image\/webp"}],"twitter_card":"summary_large_image","twitter_misc":{"Est. reading time":"1 minute"},"schema":{"@context":"https:\/\/schema.org","@graph":[{"@type":"WebPage","@id":"https:\/\/nivegy.com\/en\/termek\/gergely-winery\/","url":"https:\/\/nivegy.com\/en\/termek\/gergely-winery\/","name":"Gergely Winery - Nivegy.com","isPartOf":{"@id":"https:\/\/nivegy.com\/#website"},"primaryImageOfPage":{"@id":"https:\/\/nivegy.com\/en\/termek\/gergely-winery\/#primaryimage"},"image":{"@id":"https:\/\/nivegy.com\/en\/termek\/gergely-winery\/#primaryimage"},"thumbnailUrl":"https:\/\/nivegy.com\/wp-content\/uploads\/2023\/06\/P-Gergely-Borhaz-1.1.webp","datePublished":"2023-06-14T11:58:50+00:00","dateModified":"2023-10-12T18:24:46+00:00","description":"Gergely Winery is located near the Balaton coast, on St. Balazs Hill, in the heart of the Nivegy Valley. We cultivate 25 hectares of grapes.","breadcrumb":{"@id":"https:\/\/nivegy.com\/en\/termek\/gergely-winery\/#breadcrumb"},"inLanguage":"en-US","potentialAction":[{"@type":"ReadAction","target":["https:\/\/nivegy.com\/en\/termek\/gergely-winery\/"]}]},{"@type":"ImageObject","inLanguage":"en-US","@id":"https:\/\/nivegy.com\/en\/termek\/gergely-winery\/#primaryimage","url":"https:\/\/nivegy.com\/wp-content\/uploads\/2023\/06\/P-Gergely-Borhaz-1.1.webp","contentUrl":"https:\/\/nivegy.com\/wp-content\/uploads\/2023\/06\/P-Gergely-Borhaz-1.1.webp","width":1000,"height":1000,"caption":"Gergely Borh\u00e1z"},{"@type":"BreadcrumbList","@id":"https:\/\/nivegy.com\/en\/termek\/gergely-winery\/#breadcrumb","itemListElement":[{"@type":"ListItem","position":1,"name":"Kezd\u0151lap","item":"https:\/\/nivegy.com\/en\/"},{"@type":"ListItem","position":2,"name":"Gergely Winery"}]},{"@type":"WebSite","@id":"https:\/\/nivegy.com\/#website","url":"https:\/\/nivegy.com\/","name":"Nivegy.com","description":"Egy v\u00f6lgy, \u00f6t falu, v\u00e9gtelen csoda","potentialAction":[{"@type":"SearchAction","target":{"@type":"EntryPoint","urlTemplate":"https:\/\/nivegy.com\/?s={search_term_string}"},"query-input":{"@type":"PropertyValueSpecification","valueRequired":true,"valueName":"search_term_string"}}],"inLanguage":"en-US"}]}},"_links":{"self":[{"href":"https:\/\/nivegy.com\/en\/wp-json\/wp\/v2\/product\/2550","targetHints":{"allow":["GET"]}}],"collection":[{"href":"https:\/\/nivegy.com\/en\/wp-json\/wp\/v2\/product"}],"about":[{"href":"https:\/\/nivegy.com\/en\/wp-json\/wp\/v2\/types\/product"}],"replies":[{"embeddable":true,"href":"https:\/\/nivegy.com\/en\/wp-json\/wp\/v2\/comments?post=2550"}],"wp:featuredmedia":[{"embeddable":true,"href":"https:\/\/nivegy.com\/en\/wp-json\/wp\/v2\/media\/3296"}],"wp:attachment":[{"href":"https:\/\/nivegy.com\/en\/wp-json\/wp\/v2\/media?parent=2550"}],"wp:term":[{"taxonomy":"product_brand","embeddable":true,"href":"https:\/\/nivegy.com\/en\/wp-json\/wp\/v2\/product_brand?post=2550"},{"taxonomy":"product_cat","embeddable":true,"href":"https:\/\/nivegy.com\/en\/wp-json\/wp\/v2\/product_cat?post=2550"},{"taxonomy":"product_tag","embeddable":true,"href":"https:\/\/nivegy.com\/en\/wp-json\/wp\/v2\/product_tag?post=2550"}],"curies":[{"name":"wp","href":"https:\/\/api.w.org\/{rel}","templated":true}]}}