{"id":2549,"date":"2023-06-14T12:47:22","date_gmt":"2023-06-14T11:47:22","guid":{"rendered":"https:\/\/nivegy.com\/?post_type=product&#038;p=2549"},"modified":"2023-10-12T18:26:29","modified_gmt":"2023-10-12T18:26:29","slug":"horvath-wine-house","status":"publish","type":"product","link":"https:\/\/nivegy.com\/en\/termek\/horvath-wine-house\/","title":{"rendered":"Horv\u00e1th Wine House"},"content":{"rendered":"<p><strong>The world of viticulture and winemaking was a defining element of our family\u2019s life, even our grandparents were engaged in this profession. Horv\u00e1th Wine House (Horv\u00e1th Borh\u00e1z) is a family business founded in the winter of 1999.<\/strong><\/p>\n<p>Our plantations are spread over nearly 18 hectares, mainly on the southern slopes of Tagyon Hill, on a first-class volcanic soil, in the middle of the Nivegy Valley with its excellent microclimate.<\/p>\n<p>Our wines are made using traditional wooden barrels and reductive technology as well. In our winery -which follows modern and gentle technological principles- we produce wines which meet the high-quality requirements typical of this wine region by controlled fermentation and cooling.<\/p>\n<p>Buying wine is a matter of trust \u2013 so we try to gain this trust by doing everything from the cultivation of the fruit to the sale of the wine in an artisanal way.<\/p>\n<p>Our goal is to retain the old traditions of our family, that is why we consider it as our philosophy, to preserve the naturalness of wine: instead of using chemical substances, we prefer physical wine treatment.<\/p>\n<h4>Wine selection<\/h4>\n<p>Blue Frankish Ros\u00e9, Cabernet Sauvignon, Furmint, Muscatel Cuve\u00e9, Pinot Grigio, Pinot Noir, Rhine Riesling, Tramini, Welschriesling<\/p>\n","protected":false},"excerpt":{"rendered":"<p>The world of viticulture and winemaking was a defining element of our family\u2019s life, even our grandparents were engaged in this profession. Horv\u00e1th Wine House (Horv\u00e1th Borh\u00e1z) is a family business founded in the winter of 1999. Our plantations are spread over nearly 18 hectares, mainly on the southern slopes of Tagyon Hill, on a [&hellip;]<\/p>\n","protected":false},"featured_media":3297,"comment_status":"closed","ping_status":"closed","template":"","meta":{"_acf_changed":false},"product_brand":[],"product_cat":[324],"product_tag":[],"class_list":{"0":"post-2549","1":"product","2":"type-product","3":"status-publish","4":"has-post-thumbnail","6":"product_cat-winery","8":"first","9":"instock","10":"shipping-taxable","11":"product-type-simple"},"acf":[],"yoast_head":"<!-- This site is optimized with the Yoast SEO plugin v27.4 - https:\/\/yoast.com\/product\/yoast-seo-wordpress\/ -->\n<title>Horv\u00e1th Wine House - Nivegy.com<\/title>\n<meta name=\"description\" content=\"Horv\u00e1th Wine House is a family business founded in the winter of 1999. The world of viticulture and winemaking was a defining element of our family\u2019s life.\" \/>\n<meta name=\"robots\" content=\"index, follow, max-snippet:-1, max-image-preview:large, max-video-preview:-1\" \/>\n<link rel=\"canonical\" href=\"https:\/\/nivegy.com\/en\/termek\/horvath-wine-house\/\" \/>\n<meta property=\"og:locale\" content=\"en_US\" \/>\n<meta property=\"og:type\" content=\"article\" \/>\n<meta property=\"og:title\" content=\"Horv\u00e1th Wine House - Nivegy.com\" \/>\n<meta property=\"og:description\" content=\"Horv\u00e1th Wine House is a family business founded in the winter of 1999. The world of viticulture and winemaking was a defining element of our family\u2019s life.\" \/>\n<meta property=\"og:url\" content=\"https:\/\/nivegy.com\/en\/termek\/horvath-wine-house\/\" \/>\n<meta property=\"og:site_name\" content=\"Nivegy.com\" \/>\n<meta property=\"article:publisher\" content=\"https:\/\/www.facebook.com\/nivegy\" \/>\n<meta property=\"article:modified_time\" content=\"2023-10-12T18:26:29+00:00\" \/>\n<meta property=\"og:image\" content=\"https:\/\/nivegy.com\/wp-content\/uploads\/2023\/06\/P-Horvath-borhaz.webp\" \/>\n\t<meta property=\"og:image:width\" content=\"1000\" \/>\n\t<meta property=\"og:image:height\" content=\"1000\" \/>\n\t<meta property=\"og:image:type\" content=\"image\/webp\" \/>\n<meta name=\"twitter:card\" content=\"summary_large_image\" \/>\n<meta name=\"twitter:label1\" content=\"Est. reading time\" \/>\n\t<meta name=\"twitter:data1\" content=\"2 minutes\" \/>\n<script type=\"application\/ld+json\" class=\"yoast-schema-graph\">{\"@context\":\"https:\\\/\\\/schema.org\",\"@graph\":[{\"@type\":\"WebPage\",\"@id\":\"https:\\\/\\\/nivegy.com\\\/en\\\/termek\\\/horvath-wine-house\\\/\",\"url\":\"https:\\\/\\\/nivegy.com\\\/en\\\/termek\\\/horvath-wine-house\\\/\",\"name\":\"Horv\u00e1th Wine House - Nivegy.com\",\"isPartOf\":{\"@id\":\"https:\\\/\\\/nivegy.com\\\/#website\"},\"primaryImageOfPage\":{\"@id\":\"https:\\\/\\\/nivegy.com\\\/en\\\/termek\\\/horvath-wine-house\\\/#primaryimage\"},\"image\":{\"@id\":\"https:\\\/\\\/nivegy.com\\\/en\\\/termek\\\/horvath-wine-house\\\/#primaryimage\"},\"thumbnailUrl\":\"https:\\\/\\\/nivegy.com\\\/wp-content\\\/uploads\\\/2023\\\/06\\\/P-Horvath-borhaz.webp\",\"datePublished\":\"2023-06-14T11:47:22+00:00\",\"dateModified\":\"2023-10-12T18:26:29+00:00\",\"description\":\"Horv\u00e1th Wine House is a family business founded in the winter of 1999. The world of viticulture and winemaking was a defining element of our family\u2019s life.\",\"breadcrumb\":{\"@id\":\"https:\\\/\\\/nivegy.com\\\/en\\\/termek\\\/horvath-wine-house\\\/#breadcrumb\"},\"inLanguage\":\"en-US\",\"potentialAction\":[{\"@type\":\"ReadAction\",\"target\":[\"https:\\\/\\\/nivegy.com\\\/en\\\/termek\\\/horvath-wine-house\\\/\"]}]},{\"@type\":\"ImageObject\",\"inLanguage\":\"en-US\",\"@id\":\"https:\\\/\\\/nivegy.com\\\/en\\\/termek\\\/horvath-wine-house\\\/#primaryimage\",\"url\":\"https:\\\/\\\/nivegy.com\\\/wp-content\\\/uploads\\\/2023\\\/06\\\/P-Horvath-borhaz.webp\",\"contentUrl\":\"https:\\\/\\\/nivegy.com\\\/wp-content\\\/uploads\\\/2023\\\/06\\\/P-Horvath-borhaz.webp\",\"width\":1000,\"height\":1000,\"caption\":\"Horv\u00e1th Borh\u00e1z Wine House\"},{\"@type\":\"BreadcrumbList\",\"@id\":\"https:\\\/\\\/nivegy.com\\\/en\\\/termek\\\/horvath-wine-house\\\/#breadcrumb\",\"itemListElement\":[{\"@type\":\"ListItem\",\"position\":1,\"name\":\"Kezd\u0151lap\",\"item\":\"https:\\\/\\\/nivegy.com\\\/en\\\/\"},{\"@type\":\"ListItem\",\"position\":2,\"name\":\"Horv\u00e1th Wine House\"}]},{\"@type\":\"WebSite\",\"@id\":\"https:\\\/\\\/nivegy.com\\\/#website\",\"url\":\"https:\\\/\\\/nivegy.com\\\/\",\"name\":\"Nivegy.com\",\"description\":\"Egy v\u00f6lgy, \u00f6t falu, v\u00e9gtelen csoda\",\"potentialAction\":[{\"@type\":\"SearchAction\",\"target\":{\"@type\":\"EntryPoint\",\"urlTemplate\":\"https:\\\/\\\/nivegy.com\\\/?s={search_term_string}\"},\"query-input\":{\"@type\":\"PropertyValueSpecification\",\"valueRequired\":true,\"valueName\":\"search_term_string\"}}],\"inLanguage\":\"en-US\"}]}<\/script>\n<!-- \/ Yoast SEO plugin. -->","yoast_head_json":{"title":"Horv\u00e1th Wine House - Nivegy.com","description":"Horv\u00e1th Wine House is a family business founded in the winter of 1999. The world of viticulture and winemaking was a defining element of our family\u2019s life.","robots":{"index":"index","follow":"follow","max-snippet":"max-snippet:-1","max-image-preview":"max-image-preview:large","max-video-preview":"max-video-preview:-1"},"canonical":"https:\/\/nivegy.com\/en\/termek\/horvath-wine-house\/","og_locale":"en_US","og_type":"article","og_title":"Horv\u00e1th Wine House - Nivegy.com","og_description":"Horv\u00e1th Wine House is a family business founded in the winter of 1999. The world of viticulture and winemaking was a defining element of our family\u2019s life.","og_url":"https:\/\/nivegy.com\/en\/termek\/horvath-wine-house\/","og_site_name":"Nivegy.com","article_publisher":"https:\/\/www.facebook.com\/nivegy","article_modified_time":"2023-10-12T18:26:29+00:00","og_image":[{"width":1000,"height":1000,"url":"https:\/\/nivegy.com\/wp-content\/uploads\/2023\/06\/P-Horvath-borhaz.webp","type":"image\/webp"}],"twitter_card":"summary_large_image","twitter_misc":{"Est. reading time":"2 minutes"},"schema":{"@context":"https:\/\/schema.org","@graph":[{"@type":"WebPage","@id":"https:\/\/nivegy.com\/en\/termek\/horvath-wine-house\/","url":"https:\/\/nivegy.com\/en\/termek\/horvath-wine-house\/","name":"Horv\u00e1th Wine House - Nivegy.com","isPartOf":{"@id":"https:\/\/nivegy.com\/#website"},"primaryImageOfPage":{"@id":"https:\/\/nivegy.com\/en\/termek\/horvath-wine-house\/#primaryimage"},"image":{"@id":"https:\/\/nivegy.com\/en\/termek\/horvath-wine-house\/#primaryimage"},"thumbnailUrl":"https:\/\/nivegy.com\/wp-content\/uploads\/2023\/06\/P-Horvath-borhaz.webp","datePublished":"2023-06-14T11:47:22+00:00","dateModified":"2023-10-12T18:26:29+00:00","description":"Horv\u00e1th Wine House is a family business founded in the winter of 1999. The world of viticulture and winemaking was a defining element of our family\u2019s life.","breadcrumb":{"@id":"https:\/\/nivegy.com\/en\/termek\/horvath-wine-house\/#breadcrumb"},"inLanguage":"en-US","potentialAction":[{"@type":"ReadAction","target":["https:\/\/nivegy.com\/en\/termek\/horvath-wine-house\/"]}]},{"@type":"ImageObject","inLanguage":"en-US","@id":"https:\/\/nivegy.com\/en\/termek\/horvath-wine-house\/#primaryimage","url":"https:\/\/nivegy.com\/wp-content\/uploads\/2023\/06\/P-Horvath-borhaz.webp","contentUrl":"https:\/\/nivegy.com\/wp-content\/uploads\/2023\/06\/P-Horvath-borhaz.webp","width":1000,"height":1000,"caption":"Horv\u00e1th Borh\u00e1z Wine House"},{"@type":"BreadcrumbList","@id":"https:\/\/nivegy.com\/en\/termek\/horvath-wine-house\/#breadcrumb","itemListElement":[{"@type":"ListItem","position":1,"name":"Kezd\u0151lap","item":"https:\/\/nivegy.com\/en\/"},{"@type":"ListItem","position":2,"name":"Horv\u00e1th Wine House"}]},{"@type":"WebSite","@id":"https:\/\/nivegy.com\/#website","url":"https:\/\/nivegy.com\/","name":"Nivegy.com","description":"Egy v\u00f6lgy, \u00f6t falu, v\u00e9gtelen csoda","potentialAction":[{"@type":"SearchAction","target":{"@type":"EntryPoint","urlTemplate":"https:\/\/nivegy.com\/?s={search_term_string}"},"query-input":{"@type":"PropertyValueSpecification","valueRequired":true,"valueName":"search_term_string"}}],"inLanguage":"en-US"}]}},"_links":{"self":[{"href":"https:\/\/nivegy.com\/en\/wp-json\/wp\/v2\/product\/2549","targetHints":{"allow":["GET"]}}],"collection":[{"href":"https:\/\/nivegy.com\/en\/wp-json\/wp\/v2\/product"}],"about":[{"href":"https:\/\/nivegy.com\/en\/wp-json\/wp\/v2\/types\/product"}],"replies":[{"embeddable":true,"href":"https:\/\/nivegy.com\/en\/wp-json\/wp\/v2\/comments?post=2549"}],"wp:featuredmedia":[{"embeddable":true,"href":"https:\/\/nivegy.com\/en\/wp-json\/wp\/v2\/media\/3297"}],"wp:attachment":[{"href":"https:\/\/nivegy.com\/en\/wp-json\/wp\/v2\/media?parent=2549"}],"wp:term":[{"taxonomy":"product_brand","embeddable":true,"href":"https:\/\/nivegy.com\/en\/wp-json\/wp\/v2\/product_brand?post=2549"},{"taxonomy":"product_cat","embeddable":true,"href":"https:\/\/nivegy.com\/en\/wp-json\/wp\/v2\/product_cat?post=2549"},{"taxonomy":"product_tag","embeddable":true,"href":"https:\/\/nivegy.com\/en\/wp-json\/wp\/v2\/product_tag?post=2549"}],"curies":[{"name":"wp","href":"https:\/\/api.w.org\/{rel}","templated":true}]}}