{"id":2548,"date":"2023-06-14T12:34:25","date_gmt":"2023-06-14T11:34:25","guid":{"rendered":"https:\/\/nivegy.com\/?post_type=product&#038;p=2548"},"modified":"2024-06-14T15:43:06","modified_gmt":"2024-06-14T15:43:06","slug":"antmann-winery","status":"publish","type":"product","link":"https:\/\/nivegy.com\/en\/termek\/antmann-winery\/","title":{"rendered":"Antmann Winery"},"content":{"rendered":"<p><strong>Antmann Winery is a family business that has been operating since the &#8217;90s. However, their grandparents have been engaged in viticulture and winemaking since the beginning of the last century.<\/strong><\/p>\n<p>Currently, they cultivate 5 hectares of vineyards. They believe that only healthy raw materials can produce high-quality wine. They process all the harvested grapes themselves, guaranteeing excellent quality. In winemaking, they cherish traditions while also employing new reductive technology.<\/p>\n<p>In addition to their fresh, youthful K\u00e9kfrankos Ros\u00e9 and muscat-flavored Irsai Oliv\u00e9r, all their wines receive some degree of oak barrel aging. Therefore, alongside the plastic and stainless steel tanks ensuring reductivity, their cellar also features 5-12 hectoliter wooden barrels for maturation.<\/p>\n<p>Wines from Antmann Winery are handcrafted. Their goal is to bring out the flavors, aromas, and bouquet that are characteristic of the grape variety, the terroir, and the vintage.<\/p>\n<h4>Wine selection<\/h4>\n<p>Blaufr\u00e4nkisch Red, Blaufr\u00e4nkisch Ros\u00e9,Irsai Oliver, Jasmine, Juhfark, Late harvest Zenit, Pinor Grigio, Rieslingsylvania, Welschriesling<\/p>\n","protected":false},"excerpt":{"rendered":"<p>Antmann Winery is a family business that has been operating since the &#8217;90s. However, their grandparents have been engaged in viticulture and winemaking since the beginning of the last century. Currently, they cultivate 5 hectares of vineyards. They believe that only healthy raw materials can produce high-quality wine. They process all the harvested grapes themselves, [&hellip;]<\/p>\n","protected":false},"featured_media":5465,"comment_status":"closed","ping_status":"closed","template":"","meta":{"_acf_changed":false},"product_brand":[],"product_cat":[324],"product_tag":[],"class_list":{"0":"post-2548","1":"product","2":"type-product","3":"status-publish","4":"has-post-thumbnail","6":"product_cat-winery","8":"first","9":"instock","10":"shipping-taxable","11":"product-type-simple"},"acf":[],"yoast_head":"<!-- This site is optimized with the Yoast SEO plugin v27.4 - https:\/\/yoast.com\/product\/yoast-seo-wordpress\/ -->\n<title>Antmann Winery - Nivegy.com<\/title>\n<meta name=\"description\" content=\"Antmann Winery is a family business that has been operating since the \u201890s. We currently farm on 5 hectares, all our wines are artisanal wine.\" \/>\n<meta name=\"robots\" content=\"index, follow, max-snippet:-1, max-image-preview:large, max-video-preview:-1\" \/>\n<link rel=\"canonical\" href=\"https:\/\/nivegy.com\/en\/termek\/antmann-winery\/\" \/>\n<meta property=\"og:locale\" content=\"en_US\" \/>\n<meta property=\"og:type\" content=\"article\" \/>\n<meta property=\"og:title\" content=\"Antmann Winery - Nivegy.com\" \/>\n<meta property=\"og:description\" content=\"Antmann Winery is a family business that has been operating since the \u201890s. We currently farm on 5 hectares, all our wines are artisanal wine.\" \/>\n<meta property=\"og:url\" content=\"https:\/\/nivegy.com\/en\/termek\/antmann-winery\/\" \/>\n<meta property=\"og:site_name\" content=\"Nivegy.com\" \/>\n<meta property=\"article:publisher\" content=\"https:\/\/www.facebook.com\/nivegy\" \/>\n<meta property=\"article:modified_time\" content=\"2024-06-14T15:43:06+00:00\" \/>\n<meta property=\"og:image\" content=\"https:\/\/nivegy.com\/wp-content\/uploads\/2023\/06\/Antmann-Pince.webp\" \/>\n\t<meta property=\"og:image:width\" content=\"1000\" \/>\n\t<meta property=\"og:image:height\" content=\"1000\" \/>\n\t<meta property=\"og:image:type\" content=\"image\/webp\" \/>\n<meta name=\"twitter:card\" content=\"summary_large_image\" \/>\n<meta name=\"twitter:label1\" content=\"Est. reading time\" \/>\n\t<meta name=\"twitter:data1\" content=\"2 minutes\" \/>\n<script type=\"application\/ld+json\" class=\"yoast-schema-graph\">{\"@context\":\"https:\\\/\\\/schema.org\",\"@graph\":[{\"@type\":\"WebPage\",\"@id\":\"https:\\\/\\\/nivegy.com\\\/en\\\/termek\\\/antmann-winery\\\/\",\"url\":\"https:\\\/\\\/nivegy.com\\\/en\\\/termek\\\/antmann-winery\\\/\",\"name\":\"Antmann Winery - Nivegy.com\",\"isPartOf\":{\"@id\":\"https:\\\/\\\/nivegy.com\\\/#website\"},\"primaryImageOfPage\":{\"@id\":\"https:\\\/\\\/nivegy.com\\\/en\\\/termek\\\/antmann-winery\\\/#primaryimage\"},\"image\":{\"@id\":\"https:\\\/\\\/nivegy.com\\\/en\\\/termek\\\/antmann-winery\\\/#primaryimage\"},\"thumbnailUrl\":\"https:\\\/\\\/nivegy.com\\\/wp-content\\\/uploads\\\/2023\\\/06\\\/Antmann-Pince.webp\",\"datePublished\":\"2023-06-14T11:34:25+00:00\",\"dateModified\":\"2024-06-14T15:43:06+00:00\",\"description\":\"Antmann Winery is a family business that has been operating since the \u201890s. We currently farm on 5 hectares, all our wines are artisanal wine.\",\"breadcrumb\":{\"@id\":\"https:\\\/\\\/nivegy.com\\\/en\\\/termek\\\/antmann-winery\\\/#breadcrumb\"},\"inLanguage\":\"en-US\",\"potentialAction\":[{\"@type\":\"ReadAction\",\"target\":[\"https:\\\/\\\/nivegy.com\\\/en\\\/termek\\\/antmann-winery\\\/\"]}]},{\"@type\":\"ImageObject\",\"inLanguage\":\"en-US\",\"@id\":\"https:\\\/\\\/nivegy.com\\\/en\\\/termek\\\/antmann-winery\\\/#primaryimage\",\"url\":\"https:\\\/\\\/nivegy.com\\\/wp-content\\\/uploads\\\/2023\\\/06\\\/Antmann-Pince.webp\",\"contentUrl\":\"https:\\\/\\\/nivegy.com\\\/wp-content\\\/uploads\\\/2023\\\/06\\\/Antmann-Pince.webp\",\"width\":1000,\"height\":1000,\"caption\":\"Antmann Pince\"},{\"@type\":\"BreadcrumbList\",\"@id\":\"https:\\\/\\\/nivegy.com\\\/en\\\/termek\\\/antmann-winery\\\/#breadcrumb\",\"itemListElement\":[{\"@type\":\"ListItem\",\"position\":1,\"name\":\"Kezd\u0151lap\",\"item\":\"https:\\\/\\\/nivegy.com\\\/en\\\/\"},{\"@type\":\"ListItem\",\"position\":2,\"name\":\"Antmann Winery\"}]},{\"@type\":\"WebSite\",\"@id\":\"https:\\\/\\\/nivegy.com\\\/#website\",\"url\":\"https:\\\/\\\/nivegy.com\\\/\",\"name\":\"Nivegy.com\",\"description\":\"Egy v\u00f6lgy, \u00f6t falu, v\u00e9gtelen csoda\",\"potentialAction\":[{\"@type\":\"SearchAction\",\"target\":{\"@type\":\"EntryPoint\",\"urlTemplate\":\"https:\\\/\\\/nivegy.com\\\/?s={search_term_string}\"},\"query-input\":{\"@type\":\"PropertyValueSpecification\",\"valueRequired\":true,\"valueName\":\"search_term_string\"}}],\"inLanguage\":\"en-US\"}]}<\/script>\n<!-- \/ Yoast SEO plugin. -->","yoast_head_json":{"title":"Antmann Winery - Nivegy.com","description":"Antmann Winery is a family business that has been operating since the \u201890s. We currently farm on 5 hectares, all our wines are artisanal wine.","robots":{"index":"index","follow":"follow","max-snippet":"max-snippet:-1","max-image-preview":"max-image-preview:large","max-video-preview":"max-video-preview:-1"},"canonical":"https:\/\/nivegy.com\/en\/termek\/antmann-winery\/","og_locale":"en_US","og_type":"article","og_title":"Antmann Winery - Nivegy.com","og_description":"Antmann Winery is a family business that has been operating since the \u201890s. We currently farm on 5 hectares, all our wines are artisanal wine.","og_url":"https:\/\/nivegy.com\/en\/termek\/antmann-winery\/","og_site_name":"Nivegy.com","article_publisher":"https:\/\/www.facebook.com\/nivegy","article_modified_time":"2024-06-14T15:43:06+00:00","og_image":[{"width":1000,"height":1000,"url":"https:\/\/nivegy.com\/wp-content\/uploads\/2023\/06\/Antmann-Pince.webp","type":"image\/webp"}],"twitter_card":"summary_large_image","twitter_misc":{"Est. reading time":"2 minutes"},"schema":{"@context":"https:\/\/schema.org","@graph":[{"@type":"WebPage","@id":"https:\/\/nivegy.com\/en\/termek\/antmann-winery\/","url":"https:\/\/nivegy.com\/en\/termek\/antmann-winery\/","name":"Antmann Winery - Nivegy.com","isPartOf":{"@id":"https:\/\/nivegy.com\/#website"},"primaryImageOfPage":{"@id":"https:\/\/nivegy.com\/en\/termek\/antmann-winery\/#primaryimage"},"image":{"@id":"https:\/\/nivegy.com\/en\/termek\/antmann-winery\/#primaryimage"},"thumbnailUrl":"https:\/\/nivegy.com\/wp-content\/uploads\/2023\/06\/Antmann-Pince.webp","datePublished":"2023-06-14T11:34:25+00:00","dateModified":"2024-06-14T15:43:06+00:00","description":"Antmann Winery is a family business that has been operating since the \u201890s. We currently farm on 5 hectares, all our wines are artisanal wine.","breadcrumb":{"@id":"https:\/\/nivegy.com\/en\/termek\/antmann-winery\/#breadcrumb"},"inLanguage":"en-US","potentialAction":[{"@type":"ReadAction","target":["https:\/\/nivegy.com\/en\/termek\/antmann-winery\/"]}]},{"@type":"ImageObject","inLanguage":"en-US","@id":"https:\/\/nivegy.com\/en\/termek\/antmann-winery\/#primaryimage","url":"https:\/\/nivegy.com\/wp-content\/uploads\/2023\/06\/Antmann-Pince.webp","contentUrl":"https:\/\/nivegy.com\/wp-content\/uploads\/2023\/06\/Antmann-Pince.webp","width":1000,"height":1000,"caption":"Antmann Pince"},{"@type":"BreadcrumbList","@id":"https:\/\/nivegy.com\/en\/termek\/antmann-winery\/#breadcrumb","itemListElement":[{"@type":"ListItem","position":1,"name":"Kezd\u0151lap","item":"https:\/\/nivegy.com\/en\/"},{"@type":"ListItem","position":2,"name":"Antmann Winery"}]},{"@type":"WebSite","@id":"https:\/\/nivegy.com\/#website","url":"https:\/\/nivegy.com\/","name":"Nivegy.com","description":"Egy v\u00f6lgy, \u00f6t falu, v\u00e9gtelen csoda","potentialAction":[{"@type":"SearchAction","target":{"@type":"EntryPoint","urlTemplate":"https:\/\/nivegy.com\/?s={search_term_string}"},"query-input":{"@type":"PropertyValueSpecification","valueRequired":true,"valueName":"search_term_string"}}],"inLanguage":"en-US"}]}},"_links":{"self":[{"href":"https:\/\/nivegy.com\/en\/wp-json\/wp\/v2\/product\/2548","targetHints":{"allow":["GET"]}}],"collection":[{"href":"https:\/\/nivegy.com\/en\/wp-json\/wp\/v2\/product"}],"about":[{"href":"https:\/\/nivegy.com\/en\/wp-json\/wp\/v2\/types\/product"}],"replies":[{"embeddable":true,"href":"https:\/\/nivegy.com\/en\/wp-json\/wp\/v2\/comments?post=2548"}],"wp:featuredmedia":[{"embeddable":true,"href":"https:\/\/nivegy.com\/en\/wp-json\/wp\/v2\/media\/5465"}],"wp:attachment":[{"href":"https:\/\/nivegy.com\/en\/wp-json\/wp\/v2\/media?parent=2548"}],"wp:term":[{"taxonomy":"product_brand","embeddable":true,"href":"https:\/\/nivegy.com\/en\/wp-json\/wp\/v2\/product_brand?post=2548"},{"taxonomy":"product_cat","embeddable":true,"href":"https:\/\/nivegy.com\/en\/wp-json\/wp\/v2\/product_cat?post=2548"},{"taxonomy":"product_tag","embeddable":true,"href":"https:\/\/nivegy.com\/en\/wp-json\/wp\/v2\/product_tag?post=2548"}],"curies":[{"name":"wp","href":"https:\/\/api.w.org\/{rel}","templated":true}]}}