{"id":2547,"date":"2023-06-14T12:22:35","date_gmt":"2023-06-14T11:22:35","guid":{"rendered":"https:\/\/nivegy.com\/?post_type=product&#038;p=2547"},"modified":"2024-09-14T11:43:09","modified_gmt":"2024-09-14T11:43:09","slug":"gergely-wine-house","status":"publish","type":"product","link":"https:\/\/nivegy.com\/en\/termek\/gergely-wine-house\/","title":{"rendered":"Gergely Wine House"},"content":{"rendered":"<p><strong>In June 2022, we opened our \u00e0 la carte restaurant at the Gergely <a href=\"https:\/\/nivegy.com\/en\/termek\/gergely-winery\/\">Wine House<\/a>, as there was a great demand for delicious food to be served on the tables alongside the wines<\/strong>.<\/p>\n<p>Our guests can thus not only enjoy the wonderful panorama of Lake Balaton from the terrace, but also indulge themselves with superb <a href=\"http:\/\/gergelyborhaz.hu\/boraszat\/boraink\/\">wines<\/a> and food. Our newly designed kitchen is equipped with modern technology, meaning that the restaurant offers Hungarian dishes in a modern guise. The menu is constantly updated and refreshed, so there is always something new for the returning guests.<\/p>\n<p>With our frequently renewed menu, we always strive to offer seasonal dishes made from local ingredients.<\/p>\n<p><em>* Pets are welcomed only in the terrace area!<\/em><\/p>\n","protected":false},"excerpt":{"rendered":"<p>In June 2022, we opened our \u00e0 la carte restaurant at the Gergely Wine House, as there was a great demand for delicious food to be served on the tables alongside the wines. Our guests can thus not only enjoy the wonderful panorama of Lake Balaton from the terrace, but also indulge themselves with superb [&hellip;]<\/p>\n","protected":false},"featured_media":3311,"comment_status":"closed","ping_status":"closed","template":"","meta":{"_acf_changed":false},"product_brand":[],"product_cat":[323],"product_tag":[],"class_list":{"0":"post-2547","1":"product","2":"type-product","3":"status-publish","4":"has-post-thumbnail","6":"product_cat-gastro","8":"first","9":"instock","10":"shipping-taxable","11":"product-type-simple"},"acf":[],"yoast_head":"<!-- This site is optimized with the Yoast SEO plugin v27.4 - https:\/\/yoast.com\/product\/yoast-seo-wordpress\/ -->\n<title>Gergely Wine House - Nivegy.com<\/title>\n<meta name=\"description\" content=\"\u00c1 la carte restaurant on the terrace of the Gergely Wine House. Our guests can indulge themselves with delicious wines and food in the beautiful panorama.\" \/>\n<meta name=\"robots\" content=\"index, follow, max-snippet:-1, max-image-preview:large, max-video-preview:-1\" \/>\n<link rel=\"canonical\" href=\"https:\/\/nivegy.com\/en\/termek\/gergely-wine-house\/\" \/>\n<meta property=\"og:locale\" content=\"en_US\" \/>\n<meta property=\"og:type\" content=\"article\" \/>\n<meta property=\"og:title\" content=\"Gergely Wine House - Nivegy.com\" \/>\n<meta property=\"og:description\" content=\"\u00c1 la carte restaurant on the terrace of the Gergely Wine House. Our guests can indulge themselves with delicious wines and food in the beautiful panorama.\" \/>\n<meta property=\"og:url\" content=\"https:\/\/nivegy.com\/en\/termek\/gergely-wine-house\/\" \/>\n<meta property=\"og:site_name\" content=\"Nivegy.com\" \/>\n<meta property=\"article:publisher\" content=\"https:\/\/www.facebook.com\/nivegy\" \/>\n<meta property=\"article:modified_time\" content=\"2024-09-14T11:43:09+00:00\" \/>\n<meta property=\"og:image\" content=\"https:\/\/nivegy.com\/wp-content\/uploads\/2023\/06\/G-Gergely-1.1.webp\" \/>\n\t<meta property=\"og:image:width\" content=\"1000\" \/>\n\t<meta property=\"og:image:height\" content=\"1000\" \/>\n\t<meta property=\"og:image:type\" content=\"image\/webp\" \/>\n<meta name=\"twitter:card\" content=\"summary_large_image\" \/>\n<meta name=\"twitter:label1\" content=\"Est. reading time\" \/>\n\t<meta name=\"twitter:data1\" content=\"1 minute\" \/>\n<script type=\"application\/ld+json\" class=\"yoast-schema-graph\">{\"@context\":\"https:\\\/\\\/schema.org\",\"@graph\":[{\"@type\":\"WebPage\",\"@id\":\"https:\\\/\\\/nivegy.com\\\/en\\\/termek\\\/gergely-wine-house\\\/\",\"url\":\"https:\\\/\\\/nivegy.com\\\/en\\\/termek\\\/gergely-wine-house\\\/\",\"name\":\"Gergely Wine House - Nivegy.com\",\"isPartOf\":{\"@id\":\"https:\\\/\\\/nivegy.com\\\/#website\"},\"primaryImageOfPage\":{\"@id\":\"https:\\\/\\\/nivegy.com\\\/en\\\/termek\\\/gergely-wine-house\\\/#primaryimage\"},\"image\":{\"@id\":\"https:\\\/\\\/nivegy.com\\\/en\\\/termek\\\/gergely-wine-house\\\/#primaryimage\"},\"thumbnailUrl\":\"https:\\\/\\\/nivegy.com\\\/wp-content\\\/uploads\\\/2023\\\/06\\\/G-Gergely-1.1.webp\",\"datePublished\":\"2023-06-14T11:22:35+00:00\",\"dateModified\":\"2024-09-14T11:43:09+00:00\",\"description\":\"\u00c1 la carte restaurant on the terrace of the Gergely Wine House. Our guests can indulge themselves with delicious wines and food in the beautiful panorama.\",\"breadcrumb\":{\"@id\":\"https:\\\/\\\/nivegy.com\\\/en\\\/termek\\\/gergely-wine-house\\\/#breadcrumb\"},\"inLanguage\":\"en-US\",\"potentialAction\":[{\"@type\":\"ReadAction\",\"target\":[\"https:\\\/\\\/nivegy.com\\\/en\\\/termek\\\/gergely-wine-house\\\/\"]}]},{\"@type\":\"ImageObject\",\"inLanguage\":\"en-US\",\"@id\":\"https:\\\/\\\/nivegy.com\\\/en\\\/termek\\\/gergely-wine-house\\\/#primaryimage\",\"url\":\"https:\\\/\\\/nivegy.com\\\/wp-content\\\/uploads\\\/2023\\\/06\\\/G-Gergely-1.1.webp\",\"contentUrl\":\"https:\\\/\\\/nivegy.com\\\/wp-content\\\/uploads\\\/2023\\\/06\\\/G-Gergely-1.1.webp\",\"width\":1000,\"height\":1000,\"caption\":\"Gergely Borh\u00e1z Gergely Wine House\"},{\"@type\":\"BreadcrumbList\",\"@id\":\"https:\\\/\\\/nivegy.com\\\/en\\\/termek\\\/gergely-wine-house\\\/#breadcrumb\",\"itemListElement\":[{\"@type\":\"ListItem\",\"position\":1,\"name\":\"Kezd\u0151lap\",\"item\":\"https:\\\/\\\/nivegy.com\\\/en\\\/\"},{\"@type\":\"ListItem\",\"position\":2,\"name\":\"Gergely Wine House\"}]},{\"@type\":\"WebSite\",\"@id\":\"https:\\\/\\\/nivegy.com\\\/#website\",\"url\":\"https:\\\/\\\/nivegy.com\\\/\",\"name\":\"Nivegy.com\",\"description\":\"Egy v\u00f6lgy, \u00f6t falu, v\u00e9gtelen csoda\",\"potentialAction\":[{\"@type\":\"SearchAction\",\"target\":{\"@type\":\"EntryPoint\",\"urlTemplate\":\"https:\\\/\\\/nivegy.com\\\/?s={search_term_string}\"},\"query-input\":{\"@type\":\"PropertyValueSpecification\",\"valueRequired\":true,\"valueName\":\"search_term_string\"}}],\"inLanguage\":\"en-US\"}]}<\/script>\n<!-- \/ Yoast SEO plugin. -->","yoast_head_json":{"title":"Gergely Wine House - Nivegy.com","description":"\u00c1 la carte restaurant on the terrace of the Gergely Wine House. Our guests can indulge themselves with delicious wines and food in the beautiful panorama.","robots":{"index":"index","follow":"follow","max-snippet":"max-snippet:-1","max-image-preview":"max-image-preview:large","max-video-preview":"max-video-preview:-1"},"canonical":"https:\/\/nivegy.com\/en\/termek\/gergely-wine-house\/","og_locale":"en_US","og_type":"article","og_title":"Gergely Wine House - Nivegy.com","og_description":"\u00c1 la carte restaurant on the terrace of the Gergely Wine House. Our guests can indulge themselves with delicious wines and food in the beautiful panorama.","og_url":"https:\/\/nivegy.com\/en\/termek\/gergely-wine-house\/","og_site_name":"Nivegy.com","article_publisher":"https:\/\/www.facebook.com\/nivegy","article_modified_time":"2024-09-14T11:43:09+00:00","og_image":[{"width":1000,"height":1000,"url":"https:\/\/nivegy.com\/wp-content\/uploads\/2023\/06\/G-Gergely-1.1.webp","type":"image\/webp"}],"twitter_card":"summary_large_image","twitter_misc":{"Est. reading time":"1 minute"},"schema":{"@context":"https:\/\/schema.org","@graph":[{"@type":"WebPage","@id":"https:\/\/nivegy.com\/en\/termek\/gergely-wine-house\/","url":"https:\/\/nivegy.com\/en\/termek\/gergely-wine-house\/","name":"Gergely Wine House - Nivegy.com","isPartOf":{"@id":"https:\/\/nivegy.com\/#website"},"primaryImageOfPage":{"@id":"https:\/\/nivegy.com\/en\/termek\/gergely-wine-house\/#primaryimage"},"image":{"@id":"https:\/\/nivegy.com\/en\/termek\/gergely-wine-house\/#primaryimage"},"thumbnailUrl":"https:\/\/nivegy.com\/wp-content\/uploads\/2023\/06\/G-Gergely-1.1.webp","datePublished":"2023-06-14T11:22:35+00:00","dateModified":"2024-09-14T11:43:09+00:00","description":"\u00c1 la carte restaurant on the terrace of the Gergely Wine House. Our guests can indulge themselves with delicious wines and food in the beautiful panorama.","breadcrumb":{"@id":"https:\/\/nivegy.com\/en\/termek\/gergely-wine-house\/#breadcrumb"},"inLanguage":"en-US","potentialAction":[{"@type":"ReadAction","target":["https:\/\/nivegy.com\/en\/termek\/gergely-wine-house\/"]}]},{"@type":"ImageObject","inLanguage":"en-US","@id":"https:\/\/nivegy.com\/en\/termek\/gergely-wine-house\/#primaryimage","url":"https:\/\/nivegy.com\/wp-content\/uploads\/2023\/06\/G-Gergely-1.1.webp","contentUrl":"https:\/\/nivegy.com\/wp-content\/uploads\/2023\/06\/G-Gergely-1.1.webp","width":1000,"height":1000,"caption":"Gergely Borh\u00e1z Gergely Wine House"},{"@type":"BreadcrumbList","@id":"https:\/\/nivegy.com\/en\/termek\/gergely-wine-house\/#breadcrumb","itemListElement":[{"@type":"ListItem","position":1,"name":"Kezd\u0151lap","item":"https:\/\/nivegy.com\/en\/"},{"@type":"ListItem","position":2,"name":"Gergely Wine House"}]},{"@type":"WebSite","@id":"https:\/\/nivegy.com\/#website","url":"https:\/\/nivegy.com\/","name":"Nivegy.com","description":"Egy v\u00f6lgy, \u00f6t falu, v\u00e9gtelen csoda","potentialAction":[{"@type":"SearchAction","target":{"@type":"EntryPoint","urlTemplate":"https:\/\/nivegy.com\/?s={search_term_string}"},"query-input":{"@type":"PropertyValueSpecification","valueRequired":true,"valueName":"search_term_string"}}],"inLanguage":"en-US"}]}},"_links":{"self":[{"href":"https:\/\/nivegy.com\/en\/wp-json\/wp\/v2\/product\/2547","targetHints":{"allow":["GET"]}}],"collection":[{"href":"https:\/\/nivegy.com\/en\/wp-json\/wp\/v2\/product"}],"about":[{"href":"https:\/\/nivegy.com\/en\/wp-json\/wp\/v2\/types\/product"}],"replies":[{"embeddable":true,"href":"https:\/\/nivegy.com\/en\/wp-json\/wp\/v2\/comments?post=2547"}],"wp:featuredmedia":[{"embeddable":true,"href":"https:\/\/nivegy.com\/en\/wp-json\/wp\/v2\/media\/3311"}],"wp:attachment":[{"href":"https:\/\/nivegy.com\/en\/wp-json\/wp\/v2\/media?parent=2547"}],"wp:term":[{"taxonomy":"product_brand","embeddable":true,"href":"https:\/\/nivegy.com\/en\/wp-json\/wp\/v2\/product_brand?post=2547"},{"taxonomy":"product_cat","embeddable":true,"href":"https:\/\/nivegy.com\/en\/wp-json\/wp\/v2\/product_cat?post=2547"},{"taxonomy":"product_tag","embeddable":true,"href":"https:\/\/nivegy.com\/en\/wp-json\/wp\/v2\/product_tag?post=2547"}],"curies":[{"name":"wp","href":"https:\/\/api.w.org\/{rel}","templated":true}]}}