{"id":2545,"date":"2023-06-14T11:14:27","date_gmt":"2023-06-14T10:14:27","guid":{"rendered":"https:\/\/nivegy.com\/?post_type=product&#038;p=2545"},"modified":"2023-12-13T08:41:06","modified_gmt":"2023-12-13T08:41:06","slug":"dobosi-estate-centre","status":"publish","type":"product","link":"https:\/\/nivegy.com\/en\/termek\/dobosi-estate-centre\/","title":{"rendered":"Dobosi Estate Centre"},"content":{"rendered":"<p><strong>For us, gastronomy is the art of balance.<\/strong> It begins in the vineyards, where we strive to maintain the natural balance, and continues in the creation of harmonious flavors . Our excellent <a href=\"https:\/\/dobosi.com\/collections\/termekeink\">wines<\/a>, dishes made from ingredients from local producers, the peaceful environment, the good company and the soft music all strengthen each other and yet, all of them can prevail harmoniously. For us, this balance is the art of gastronomy. We offer this experience to our guests on the menu.<\/p>\n<p>We can comfortably seat 50 people in the restaurant of our <a href=\"https:\/\/nivegy.com\/termek\/dobosi-property-centre-2\/\">Estate Center<\/a>. Our menu is also enriched with ingredients from the farms of local families, so all the treasures of the Balaton Highlands are served. Our flavors are characterized by variety and harmony, which are perfectly complemented by our high-quality wines.<\/p>\n","protected":false},"excerpt":{"rendered":"<p>For us, gastronomy is the art of balance. It begins in the vineyards, where we strive to maintain the natural balance, and continues in the creation of harmonious flavors . Our excellent wines, dishes made from ingredients from local producers, the peaceful environment, the good company and the soft music all strengthen each other and [&hellip;]<\/p>\n","protected":false},"featured_media":3310,"comment_status":"closed","ping_status":"closed","template":"","meta":{"_acf_changed":false},"product_brand":[],"product_cat":[323],"product_tag":[],"class_list":{"0":"post-2545","1":"product","2":"type-product","3":"status-publish","4":"has-post-thumbnail","6":"product_cat-gastro","8":"first","9":"instock","10":"shipping-taxable","11":"product-type-simple"},"acf":[],"yoast_head":"<!-- This site is optimized with the Yoast SEO plugin v27.5 - https:\/\/yoast.com\/product\/yoast-seo-wordpress\/ -->\n<title>Dobosi Estate Centre - Nivegy.com<\/title>\n<meta name=\"description\" content=\"Dobosi Estate Centre wines, dishes made from ingredients from local producers, the peaceful environment all of them can prevail harmoniously\" \/>\n<meta name=\"robots\" content=\"index, follow, max-snippet:-1, max-image-preview:large, max-video-preview:-1\" \/>\n<link rel=\"canonical\" href=\"https:\/\/nivegy.com\/en\/termek\/dobosi-estate-centre\/\" \/>\n<meta property=\"og:locale\" content=\"en_US\" \/>\n<meta property=\"og:type\" content=\"article\" \/>\n<meta property=\"og:title\" content=\"Dobosi Estate Centre - Nivegy.com\" \/>\n<meta property=\"og:description\" content=\"Dobosi Estate Centre wines, dishes made from ingredients from local producers, the peaceful environment all of them can prevail harmoniously\" \/>\n<meta property=\"og:url\" content=\"https:\/\/nivegy.com\/en\/termek\/dobosi-estate-centre\/\" \/>\n<meta property=\"og:site_name\" content=\"Nivegy.com\" \/>\n<meta property=\"article:publisher\" content=\"https:\/\/www.facebook.com\/nivegy\" \/>\n<meta property=\"article:modified_time\" content=\"2023-12-13T08:41:06+00:00\" \/>\n<meta property=\"og:image\" content=\"https:\/\/nivegy.com\/wp-content\/uploads\/2023\/06\/G-Dobosi-1.1.webp\" \/>\n\t<meta property=\"og:image:width\" content=\"1000\" \/>\n\t<meta property=\"og:image:height\" content=\"1000\" \/>\n\t<meta property=\"og:image:type\" content=\"image\/webp\" \/>\n<meta name=\"twitter:card\" content=\"summary_large_image\" \/>\n<meta name=\"twitter:label1\" content=\"Est. reading time\" \/>\n\t<meta name=\"twitter:data1\" content=\"1 minute\" \/>\n<script type=\"application\/ld+json\" class=\"yoast-schema-graph\">{\"@context\":\"https:\\\/\\\/schema.org\",\"@graph\":[{\"@type\":\"WebPage\",\"@id\":\"https:\\\/\\\/nivegy.com\\\/en\\\/termek\\\/dobosi-estate-centre\\\/\",\"url\":\"https:\\\/\\\/nivegy.com\\\/en\\\/termek\\\/dobosi-estate-centre\\\/\",\"name\":\"Dobosi Estate Centre - Nivegy.com\",\"isPartOf\":{\"@id\":\"https:\\\/\\\/nivegy.com\\\/#website\"},\"primaryImageOfPage\":{\"@id\":\"https:\\\/\\\/nivegy.com\\\/en\\\/termek\\\/dobosi-estate-centre\\\/#primaryimage\"},\"image\":{\"@id\":\"https:\\\/\\\/nivegy.com\\\/en\\\/termek\\\/dobosi-estate-centre\\\/#primaryimage\"},\"thumbnailUrl\":\"https:\\\/\\\/nivegy.com\\\/wp-content\\\/uploads\\\/2023\\\/06\\\/G-Dobosi-1.1.webp\",\"datePublished\":\"2023-06-14T10:14:27+00:00\",\"dateModified\":\"2023-12-13T08:41:06+00:00\",\"description\":\"Dobosi Estate Centre wines, dishes made from ingredients from local producers, the peaceful environment all of them can prevail harmoniously\",\"breadcrumb\":{\"@id\":\"https:\\\/\\\/nivegy.com\\\/en\\\/termek\\\/dobosi-estate-centre\\\/#breadcrumb\"},\"inLanguage\":\"en-US\",\"potentialAction\":[{\"@type\":\"ReadAction\",\"target\":[\"https:\\\/\\\/nivegy.com\\\/en\\\/termek\\\/dobosi-estate-centre\\\/\"]}]},{\"@type\":\"ImageObject\",\"inLanguage\":\"en-US\",\"@id\":\"https:\\\/\\\/nivegy.com\\\/en\\\/termek\\\/dobosi-estate-centre\\\/#primaryimage\",\"url\":\"https:\\\/\\\/nivegy.com\\\/wp-content\\\/uploads\\\/2023\\\/06\\\/G-Dobosi-1.1.webp\",\"contentUrl\":\"https:\\\/\\\/nivegy.com\\\/wp-content\\\/uploads\\\/2023\\\/06\\\/G-Dobosi-1.1.webp\",\"width\":1000,\"height\":1000,\"caption\":\"Dobosi Birtokk\u00f6zpont Property Centre\"},{\"@type\":\"BreadcrumbList\",\"@id\":\"https:\\\/\\\/nivegy.com\\\/en\\\/termek\\\/dobosi-estate-centre\\\/#breadcrumb\",\"itemListElement\":[{\"@type\":\"ListItem\",\"position\":1,\"name\":\"Kezd\u0151lap\",\"item\":\"https:\\\/\\\/nivegy.com\\\/en\\\/\"},{\"@type\":\"ListItem\",\"position\":2,\"name\":\"Dobosi Estate Centre\"}]},{\"@type\":\"WebSite\",\"@id\":\"https:\\\/\\\/nivegy.com\\\/#website\",\"url\":\"https:\\\/\\\/nivegy.com\\\/\",\"name\":\"Nivegy.com\",\"description\":\"Egy v\u00f6lgy, \u00f6t falu, v\u00e9gtelen csoda\",\"potentialAction\":[{\"@type\":\"SearchAction\",\"target\":{\"@type\":\"EntryPoint\",\"urlTemplate\":\"https:\\\/\\\/nivegy.com\\\/?s={search_term_string}\"},\"query-input\":{\"@type\":\"PropertyValueSpecification\",\"valueRequired\":true,\"valueName\":\"search_term_string\"}}],\"inLanguage\":\"en-US\"}]}<\/script>\n<!-- \/ Yoast SEO plugin. -->","yoast_head_json":{"title":"Dobosi Estate Centre - Nivegy.com","description":"Dobosi Estate Centre wines, dishes made from ingredients from local producers, the peaceful environment all of them can prevail harmoniously","robots":{"index":"index","follow":"follow","max-snippet":"max-snippet:-1","max-image-preview":"max-image-preview:large","max-video-preview":"max-video-preview:-1"},"canonical":"https:\/\/nivegy.com\/en\/termek\/dobosi-estate-centre\/","og_locale":"en_US","og_type":"article","og_title":"Dobosi Estate Centre - Nivegy.com","og_description":"Dobosi Estate Centre wines, dishes made from ingredients from local producers, the peaceful environment all of them can prevail harmoniously","og_url":"https:\/\/nivegy.com\/en\/termek\/dobosi-estate-centre\/","og_site_name":"Nivegy.com","article_publisher":"https:\/\/www.facebook.com\/nivegy","article_modified_time":"2023-12-13T08:41:06+00:00","og_image":[{"width":1000,"height":1000,"url":"https:\/\/nivegy.com\/wp-content\/uploads\/2023\/06\/G-Dobosi-1.1.webp","type":"image\/webp"}],"twitter_card":"summary_large_image","twitter_misc":{"Est. reading time":"1 minute"},"schema":{"@context":"https:\/\/schema.org","@graph":[{"@type":"WebPage","@id":"https:\/\/nivegy.com\/en\/termek\/dobosi-estate-centre\/","url":"https:\/\/nivegy.com\/en\/termek\/dobosi-estate-centre\/","name":"Dobosi Estate Centre - Nivegy.com","isPartOf":{"@id":"https:\/\/nivegy.com\/#website"},"primaryImageOfPage":{"@id":"https:\/\/nivegy.com\/en\/termek\/dobosi-estate-centre\/#primaryimage"},"image":{"@id":"https:\/\/nivegy.com\/en\/termek\/dobosi-estate-centre\/#primaryimage"},"thumbnailUrl":"https:\/\/nivegy.com\/wp-content\/uploads\/2023\/06\/G-Dobosi-1.1.webp","datePublished":"2023-06-14T10:14:27+00:00","dateModified":"2023-12-13T08:41:06+00:00","description":"Dobosi Estate Centre wines, dishes made from ingredients from local producers, the peaceful environment all of them can prevail harmoniously","breadcrumb":{"@id":"https:\/\/nivegy.com\/en\/termek\/dobosi-estate-centre\/#breadcrumb"},"inLanguage":"en-US","potentialAction":[{"@type":"ReadAction","target":["https:\/\/nivegy.com\/en\/termek\/dobosi-estate-centre\/"]}]},{"@type":"ImageObject","inLanguage":"en-US","@id":"https:\/\/nivegy.com\/en\/termek\/dobosi-estate-centre\/#primaryimage","url":"https:\/\/nivegy.com\/wp-content\/uploads\/2023\/06\/G-Dobosi-1.1.webp","contentUrl":"https:\/\/nivegy.com\/wp-content\/uploads\/2023\/06\/G-Dobosi-1.1.webp","width":1000,"height":1000,"caption":"Dobosi Birtokk\u00f6zpont Property Centre"},{"@type":"BreadcrumbList","@id":"https:\/\/nivegy.com\/en\/termek\/dobosi-estate-centre\/#breadcrumb","itemListElement":[{"@type":"ListItem","position":1,"name":"Kezd\u0151lap","item":"https:\/\/nivegy.com\/en\/"},{"@type":"ListItem","position":2,"name":"Dobosi Estate Centre"}]},{"@type":"WebSite","@id":"https:\/\/nivegy.com\/#website","url":"https:\/\/nivegy.com\/","name":"Nivegy.com","description":"Egy v\u00f6lgy, \u00f6t falu, v\u00e9gtelen csoda","potentialAction":[{"@type":"SearchAction","target":{"@type":"EntryPoint","urlTemplate":"https:\/\/nivegy.com\/?s={search_term_string}"},"query-input":{"@type":"PropertyValueSpecification","valueRequired":true,"valueName":"search_term_string"}}],"inLanguage":"en-US"}]}},"_links":{"self":[{"href":"https:\/\/nivegy.com\/en\/wp-json\/wp\/v2\/product\/2545","targetHints":{"allow":["GET"]}}],"collection":[{"href":"https:\/\/nivegy.com\/en\/wp-json\/wp\/v2\/product"}],"about":[{"href":"https:\/\/nivegy.com\/en\/wp-json\/wp\/v2\/types\/product"}],"replies":[{"embeddable":true,"href":"https:\/\/nivegy.com\/en\/wp-json\/wp\/v2\/comments?post=2545"}],"wp:featuredmedia":[{"embeddable":true,"href":"https:\/\/nivegy.com\/en\/wp-json\/wp\/v2\/media\/3310"}],"wp:attachment":[{"href":"https:\/\/nivegy.com\/en\/wp-json\/wp\/v2\/media?parent=2545"}],"wp:term":[{"taxonomy":"product_brand","embeddable":true,"href":"https:\/\/nivegy.com\/en\/wp-json\/wp\/v2\/product_brand?post=2545"},{"taxonomy":"product_cat","embeddable":true,"href":"https:\/\/nivegy.com\/en\/wp-json\/wp\/v2\/product_cat?post=2545"},{"taxonomy":"product_tag","embeddable":true,"href":"https:\/\/nivegy.com\/en\/wp-json\/wp\/v2\/product_tag?post=2545"}],"curies":[{"name":"wp","href":"https:\/\/api.w.org\/{rel}","templated":true}]}}