{"id":2543,"date":"2023-06-14T10:17:33","date_gmt":"2023-06-14T09:17:33","guid":{"rendered":"https:\/\/nivegy.com\/?post_type=product&#038;p=2543"},"modified":"2024-06-26T10:19:22","modified_gmt":"2024-06-26T10:19:22","slug":"tagyon-estate","status":"publish","type":"product","link":"https:\/\/nivegy.com\/en\/termek\/tagyon-estate\/","title":{"rendered":"Tagyon Estate"},"content":{"rendered":"<p><strong>The wonderful beauty of nature, delicious food and excellent drinks meet in the restaurant of Tagyon Estate. <\/strong><\/p>\n<p>Our terrace is located in a fabulous location, with a fascinating view of Lake Balaton and the nearby witness mountains, which guarantees an unforgettable experience for all guests.<\/p>\n<p>Our menu changes weekly, taking care of seasonality, freshness and variety. The dishes are prepared in a bistro style: simple, yet with a little twist to surprise you. We pay special attention to the local wine culture, so in addition to our own wines, the wine list also includes excellent pieces from the Nivegy Valley.<\/p>\n<p>From June 20 to August 20, we are open every day. Come and discover the harmony of gastronomy and nature with us!<\/p>\n","protected":false},"excerpt":{"rendered":"<p>The wonderful beauty of nature, delicious food and excellent drinks meet in the restaurant of Tagyon Estate. Our terrace is located in a fabulous location, with a fascinating view of Lake Balaton and the nearby witness mountains, which guarantees an unforgettable experience for all guests. Our menu changes weekly, taking care of seasonality, freshness and [&hellip;]<\/p>\n","protected":false},"featured_media":3312,"comment_status":"closed","ping_status":"closed","template":"","meta":{"_acf_changed":false},"product_brand":[],"product_cat":[323],"product_tag":[],"class_list":{"0":"post-2543","1":"product","2":"type-product","3":"status-publish","4":"has-post-thumbnail","6":"product_cat-gastro","8":"first","9":"instock","10":"shipping-taxable","11":"product-type-simple"},"acf":[],"yoast_head":"<!-- This site is optimized with the Yoast SEO plugin v27.5 - https:\/\/yoast.com\/product\/yoast-seo-wordpress\/ -->\n<title>Tagyon Estate - Nivegy.com<\/title>\n<meta name=\"description\" content=\"The restaurant at Tagyon Estate is the place where the wonderful beauty of nature, delicious food and excellent drinks come together.\" \/>\n<meta name=\"robots\" content=\"index, follow, max-snippet:-1, max-image-preview:large, max-video-preview:-1\" \/>\n<link rel=\"canonical\" href=\"https:\/\/nivegy.com\/en\/termek\/tagyon-estate\/\" \/>\n<meta property=\"og:locale\" content=\"en_US\" \/>\n<meta property=\"og:type\" content=\"article\" \/>\n<meta property=\"og:title\" content=\"Tagyon Estate - Nivegy.com\" \/>\n<meta property=\"og:description\" content=\"The restaurant at Tagyon Estate is the place where the wonderful beauty of nature, delicious food and excellent drinks come together.\" \/>\n<meta property=\"og:url\" content=\"https:\/\/nivegy.com\/en\/termek\/tagyon-estate\/\" \/>\n<meta property=\"og:site_name\" content=\"Nivegy.com\" \/>\n<meta property=\"article:publisher\" content=\"https:\/\/www.facebook.com\/nivegy\" \/>\n<meta property=\"article:modified_time\" content=\"2024-06-26T10:19:22+00:00\" \/>\n<meta property=\"og:image\" content=\"https:\/\/nivegy.com\/wp-content\/uploads\/2023\/06\/G-Tagyon-Birtok-1.1.webp\" \/>\n\t<meta property=\"og:image:width\" content=\"1000\" \/>\n\t<meta property=\"og:image:height\" content=\"1000\" \/>\n\t<meta property=\"og:image:type\" content=\"image\/webp\" \/>\n<meta name=\"twitter:card\" content=\"summary_large_image\" \/>\n<meta name=\"twitter:label1\" content=\"Est. reading time\" \/>\n\t<meta name=\"twitter:data1\" content=\"1 minute\" \/>\n<script type=\"application\/ld+json\" class=\"yoast-schema-graph\">{\"@context\":\"https:\\\/\\\/schema.org\",\"@graph\":[{\"@type\":\"WebPage\",\"@id\":\"https:\\\/\\\/nivegy.com\\\/en\\\/termek\\\/tagyon-estate\\\/\",\"url\":\"https:\\\/\\\/nivegy.com\\\/en\\\/termek\\\/tagyon-estate\\\/\",\"name\":\"Tagyon Estate - Nivegy.com\",\"isPartOf\":{\"@id\":\"https:\\\/\\\/nivegy.com\\\/#website\"},\"primaryImageOfPage\":{\"@id\":\"https:\\\/\\\/nivegy.com\\\/en\\\/termek\\\/tagyon-estate\\\/#primaryimage\"},\"image\":{\"@id\":\"https:\\\/\\\/nivegy.com\\\/en\\\/termek\\\/tagyon-estate\\\/#primaryimage\"},\"thumbnailUrl\":\"https:\\\/\\\/nivegy.com\\\/wp-content\\\/uploads\\\/2023\\\/06\\\/G-Tagyon-Birtok-1.1.webp\",\"datePublished\":\"2023-06-14T09:17:33+00:00\",\"dateModified\":\"2024-06-26T10:19:22+00:00\",\"description\":\"The restaurant at Tagyon Estate is the place where the wonderful beauty of nature, delicious food and excellent drinks come together.\",\"breadcrumb\":{\"@id\":\"https:\\\/\\\/nivegy.com\\\/en\\\/termek\\\/tagyon-estate\\\/#breadcrumb\"},\"inLanguage\":\"en-US\",\"potentialAction\":[{\"@type\":\"ReadAction\",\"target\":[\"https:\\\/\\\/nivegy.com\\\/en\\\/termek\\\/tagyon-estate\\\/\"]}]},{\"@type\":\"ImageObject\",\"inLanguage\":\"en-US\",\"@id\":\"https:\\\/\\\/nivegy.com\\\/en\\\/termek\\\/tagyon-estate\\\/#primaryimage\",\"url\":\"https:\\\/\\\/nivegy.com\\\/wp-content\\\/uploads\\\/2023\\\/06\\\/G-Tagyon-Birtok-1.1.webp\",\"contentUrl\":\"https:\\\/\\\/nivegy.com\\\/wp-content\\\/uploads\\\/2023\\\/06\\\/G-Tagyon-Birtok-1.1.webp\",\"width\":1000,\"height\":1000,\"caption\":\"Tagyon Birtok\"},{\"@type\":\"BreadcrumbList\",\"@id\":\"https:\\\/\\\/nivegy.com\\\/en\\\/termek\\\/tagyon-estate\\\/#breadcrumb\",\"itemListElement\":[{\"@type\":\"ListItem\",\"position\":1,\"name\":\"Kezd\u0151lap\",\"item\":\"https:\\\/\\\/nivegy.com\\\/en\\\/\"},{\"@type\":\"ListItem\",\"position\":2,\"name\":\"Tagyon Estate\"}]},{\"@type\":\"WebSite\",\"@id\":\"https:\\\/\\\/nivegy.com\\\/#website\",\"url\":\"https:\\\/\\\/nivegy.com\\\/\",\"name\":\"Nivegy.com\",\"description\":\"Egy v\u00f6lgy, \u00f6t falu, v\u00e9gtelen csoda\",\"potentialAction\":[{\"@type\":\"SearchAction\",\"target\":{\"@type\":\"EntryPoint\",\"urlTemplate\":\"https:\\\/\\\/nivegy.com\\\/?s={search_term_string}\"},\"query-input\":{\"@type\":\"PropertyValueSpecification\",\"valueRequired\":true,\"valueName\":\"search_term_string\"}}],\"inLanguage\":\"en-US\"}]}<\/script>\n<!-- \/ Yoast SEO plugin. -->","yoast_head_json":{"title":"Tagyon Estate - Nivegy.com","description":"The restaurant at Tagyon Estate is the place where the wonderful beauty of nature, delicious food and excellent drinks come together.","robots":{"index":"index","follow":"follow","max-snippet":"max-snippet:-1","max-image-preview":"max-image-preview:large","max-video-preview":"max-video-preview:-1"},"canonical":"https:\/\/nivegy.com\/en\/termek\/tagyon-estate\/","og_locale":"en_US","og_type":"article","og_title":"Tagyon Estate - Nivegy.com","og_description":"The restaurant at Tagyon Estate is the place where the wonderful beauty of nature, delicious food and excellent drinks come together.","og_url":"https:\/\/nivegy.com\/en\/termek\/tagyon-estate\/","og_site_name":"Nivegy.com","article_publisher":"https:\/\/www.facebook.com\/nivegy","article_modified_time":"2024-06-26T10:19:22+00:00","og_image":[{"width":1000,"height":1000,"url":"https:\/\/nivegy.com\/wp-content\/uploads\/2023\/06\/G-Tagyon-Birtok-1.1.webp","type":"image\/webp"}],"twitter_card":"summary_large_image","twitter_misc":{"Est. reading time":"1 minute"},"schema":{"@context":"https:\/\/schema.org","@graph":[{"@type":"WebPage","@id":"https:\/\/nivegy.com\/en\/termek\/tagyon-estate\/","url":"https:\/\/nivegy.com\/en\/termek\/tagyon-estate\/","name":"Tagyon Estate - Nivegy.com","isPartOf":{"@id":"https:\/\/nivegy.com\/#website"},"primaryImageOfPage":{"@id":"https:\/\/nivegy.com\/en\/termek\/tagyon-estate\/#primaryimage"},"image":{"@id":"https:\/\/nivegy.com\/en\/termek\/tagyon-estate\/#primaryimage"},"thumbnailUrl":"https:\/\/nivegy.com\/wp-content\/uploads\/2023\/06\/G-Tagyon-Birtok-1.1.webp","datePublished":"2023-06-14T09:17:33+00:00","dateModified":"2024-06-26T10:19:22+00:00","description":"The restaurant at Tagyon Estate is the place where the wonderful beauty of nature, delicious food and excellent drinks come together.","breadcrumb":{"@id":"https:\/\/nivegy.com\/en\/termek\/tagyon-estate\/#breadcrumb"},"inLanguage":"en-US","potentialAction":[{"@type":"ReadAction","target":["https:\/\/nivegy.com\/en\/termek\/tagyon-estate\/"]}]},{"@type":"ImageObject","inLanguage":"en-US","@id":"https:\/\/nivegy.com\/en\/termek\/tagyon-estate\/#primaryimage","url":"https:\/\/nivegy.com\/wp-content\/uploads\/2023\/06\/G-Tagyon-Birtok-1.1.webp","contentUrl":"https:\/\/nivegy.com\/wp-content\/uploads\/2023\/06\/G-Tagyon-Birtok-1.1.webp","width":1000,"height":1000,"caption":"Tagyon Birtok"},{"@type":"BreadcrumbList","@id":"https:\/\/nivegy.com\/en\/termek\/tagyon-estate\/#breadcrumb","itemListElement":[{"@type":"ListItem","position":1,"name":"Kezd\u0151lap","item":"https:\/\/nivegy.com\/en\/"},{"@type":"ListItem","position":2,"name":"Tagyon Estate"}]},{"@type":"WebSite","@id":"https:\/\/nivegy.com\/#website","url":"https:\/\/nivegy.com\/","name":"Nivegy.com","description":"Egy v\u00f6lgy, \u00f6t falu, v\u00e9gtelen csoda","potentialAction":[{"@type":"SearchAction","target":{"@type":"EntryPoint","urlTemplate":"https:\/\/nivegy.com\/?s={search_term_string}"},"query-input":{"@type":"PropertyValueSpecification","valueRequired":true,"valueName":"search_term_string"}}],"inLanguage":"en-US"}]}},"_links":{"self":[{"href":"https:\/\/nivegy.com\/en\/wp-json\/wp\/v2\/product\/2543","targetHints":{"allow":["GET"]}}],"collection":[{"href":"https:\/\/nivegy.com\/en\/wp-json\/wp\/v2\/product"}],"about":[{"href":"https:\/\/nivegy.com\/en\/wp-json\/wp\/v2\/types\/product"}],"replies":[{"embeddable":true,"href":"https:\/\/nivegy.com\/en\/wp-json\/wp\/v2\/comments?post=2543"}],"wp:featuredmedia":[{"embeddable":true,"href":"https:\/\/nivegy.com\/en\/wp-json\/wp\/v2\/media\/3312"}],"wp:attachment":[{"href":"https:\/\/nivegy.com\/en\/wp-json\/wp\/v2\/media?parent=2543"}],"wp:term":[{"taxonomy":"product_brand","embeddable":true,"href":"https:\/\/nivegy.com\/en\/wp-json\/wp\/v2\/product_brand?post=2543"},{"taxonomy":"product_cat","embeddable":true,"href":"https:\/\/nivegy.com\/en\/wp-json\/wp\/v2\/product_cat?post=2543"},{"taxonomy":"product_tag","embeddable":true,"href":"https:\/\/nivegy.com\/en\/wp-json\/wp\/v2\/product_tag?post=2543"}],"curies":[{"name":"wp","href":"https:\/\/api.w.org\/{rel}","templated":true}]}}