{"id":1505,"date":"2023-05-15T18:20:58","date_gmt":"2023-05-15T17:20:58","guid":{"rendered":"https:\/\/nivegy.com\/?page_id=1505"},"modified":"2024-08-05T12:07:10","modified_gmt":"2024-08-05T12:07:10","slug":"impressum","status":"publish","type":"page","link":"https:\/\/nivegy.com\/en\/impressum\/","title":{"rendered":"Impressum"},"content":{"rendered":"<h3>The website is operated by<\/h3>\n<p><strong>\u00c1d\u00e1m R\u00f3ka sole proprietor<\/strong><br \/>\n<i class=\"fas fa-home fa-fw\"><\/i>\u00a0 12 Gy\u00f6ngyvir\u00e1g Street, Balatoncsics\u00f3 8272<br \/>\n<i class=\"fas fa-phone fa-fw\"><\/i>\u00a0 + 36 20 565 7910<br \/>\n<i class=\"fas fa-at fa-fw\"><\/i> <a title=\"\" href=\"mailto:adam@nivegy.com\"> \u00a0adam@nivegy.com<\/a><br \/>\n<strong>Tax identification number:<\/strong> 41839566-1-39<br \/>\n<strong>Registration number:<\/strong> 58092624<br \/>\n<strong>Name of the registering authority:<\/strong> Veszpr\u00e9m County Government Office<\/p>\n<h3>Web hosting provider<\/h3>\n<p><strong>Rackforest PLC.<\/strong><br \/>\n<i class=\"fas fa-home fa-fw\"><\/i>\u00a0 \u00a0Door B05001, 5h floor, 11 Victor Hugo Street, Budapest 1132<br \/>\n<i class=\"fas fa-phone fa-fw\"><\/i> \u00a0 + 36 1 211 0044<br \/>\n<i class=\"fas fa-at fa-fw\"><\/i> \u00a0 <a title=\"\" href=\"mailto:info@rackforest.hu\">info@rackforest.hu<\/a><br \/>\n<i class=\"fab fa-safari\"><\/i> \u00a0 \u00a0<a title=\"\" href=\"https:\/\/rackforest.com\/\">https:\/\/www.rackforest.com<\/a><\/p>\n","protected":false},"excerpt":{"rendered":"<p>The website is operated by \u00c1d\u00e1m R\u00f3ka sole proprietor \u00a0 12 Gy\u00f6ngyvir\u00e1g Street, Balatoncsics\u00f3 8272 \u00a0 + 36 20 565 7910 \u00a0adam@nivegy.com Tax identification number: 41839566-1-39 Registration number: 58092624 Name of the registering authority: Veszpr\u00e9m County Government Office Web hosting provider Rackforest PLC. \u00a0 \u00a0Door B05001, 5h floor, 11 Victor Hugo Street, Budapest 1132 \u00a0 [&hellip;]<\/p>\n","protected":false},"author":1,"featured_media":0,"parent":0,"menu_order":0,"comment_status":"closed","ping_status":"closed","template":"page-en.php","meta":{"_acf_changed":false,"footnotes":""},"class_list":["post-1505","page","type-page","status-publish","hentry"],"acf":[],"yoast_head":"<!-- This site is optimized with the Yoast SEO plugin v27.6 - https:\/\/yoast.com\/product\/yoast-seo-wordpress\/ -->\n<title>Impressum - Nivegy.com<\/title>\n<meta name=\"description\" content=\"The impressum site also provides telephone and email contact details of the website operators and hosting providers.\" \/>\n<meta name=\"robots\" content=\"index, follow, max-snippet:-1, max-image-preview:large, max-video-preview:-1\" \/>\n<link rel=\"canonical\" href=\"https:\/\/nivegy.com\/en\/impressum\/\" \/>\n<meta property=\"og:locale\" content=\"en_US\" \/>\n<meta property=\"og:type\" content=\"article\" \/>\n<meta property=\"og:title\" content=\"Impressum - Nivegy.com\" \/>\n<meta property=\"og:description\" content=\"The impressum site also provides telephone and email contact details of the website operators and hosting providers.\" \/>\n<meta property=\"og:url\" content=\"https:\/\/nivegy.com\/en\/impressum\/\" \/>\n<meta property=\"og:site_name\" content=\"Nivegy.com\" \/>\n<meta property=\"article:publisher\" content=\"https:\/\/www.facebook.com\/nivegy\" \/>\n<meta property=\"article:modified_time\" content=\"2024-08-05T12:07:10+00:00\" \/>\n<meta name=\"twitter:card\" content=\"summary_large_image\" \/>\n<meta name=\"twitter:label1\" content=\"Est. reading time\" \/>\n\t<meta name=\"twitter:data1\" content=\"1 minute\" \/>\n<script type=\"application\/ld+json\" class=\"yoast-schema-graph\">{\"@context\":\"https:\\\/\\\/schema.org\",\"@graph\":[{\"@type\":\"WebPage\",\"@id\":\"https:\\\/\\\/nivegy.com\\\/en\\\/impressum\\\/\",\"url\":\"https:\\\/\\\/nivegy.com\\\/en\\\/impressum\\\/\",\"name\":\"Impressum - Nivegy.com\",\"isPartOf\":{\"@id\":\"https:\\\/\\\/nivegy.com\\\/#website\"},\"datePublished\":\"2023-05-15T17:20:58+00:00\",\"dateModified\":\"2024-08-05T12:07:10+00:00\",\"description\":\"The impressum site also provides telephone and email contact details of the website operators and hosting providers.\",\"breadcrumb\":{\"@id\":\"https:\\\/\\\/nivegy.com\\\/en\\\/impressum\\\/#breadcrumb\"},\"inLanguage\":\"en-US\",\"potentialAction\":[{\"@type\":\"ReadAction\",\"target\":[\"https:\\\/\\\/nivegy.com\\\/en\\\/impressum\\\/\"]}]},{\"@type\":\"BreadcrumbList\",\"@id\":\"https:\\\/\\\/nivegy.com\\\/en\\\/impressum\\\/#breadcrumb\",\"itemListElement\":[{\"@type\":\"ListItem\",\"position\":1,\"name\":\"Kezd\u0151lap\",\"item\":\"https:\\\/\\\/nivegy.com\\\/en\\\/\"},{\"@type\":\"ListItem\",\"position\":2,\"name\":\"Impressum\"}]},{\"@type\":\"WebSite\",\"@id\":\"https:\\\/\\\/nivegy.com\\\/#website\",\"url\":\"https:\\\/\\\/nivegy.com\\\/\",\"name\":\"Nivegy.com\",\"description\":\"Egy v\u00f6lgy, \u00f6t falu, v\u00e9gtelen csoda\",\"potentialAction\":[{\"@type\":\"SearchAction\",\"target\":{\"@type\":\"EntryPoint\",\"urlTemplate\":\"https:\\\/\\\/nivegy.com\\\/?s={search_term_string}\"},\"query-input\":{\"@type\":\"PropertyValueSpecification\",\"valueRequired\":true,\"valueName\":\"search_term_string\"}}],\"inLanguage\":\"en-US\"}]}<\/script>\n<!-- \/ Yoast SEO plugin. -->","yoast_head_json":{"title":"Impressum - Nivegy.com","description":"The impressum site also provides telephone and email contact details of the website operators and hosting providers.","robots":{"index":"index","follow":"follow","max-snippet":"max-snippet:-1","max-image-preview":"max-image-preview:large","max-video-preview":"max-video-preview:-1"},"canonical":"https:\/\/nivegy.com\/en\/impressum\/","og_locale":"en_US","og_type":"article","og_title":"Impressum - Nivegy.com","og_description":"The impressum site also provides telephone and email contact details of the website operators and hosting providers.","og_url":"https:\/\/nivegy.com\/en\/impressum\/","og_site_name":"Nivegy.com","article_publisher":"https:\/\/www.facebook.com\/nivegy","article_modified_time":"2024-08-05T12:07:10+00:00","twitter_card":"summary_large_image","twitter_misc":{"Est. reading time":"1 minute"},"schema":{"@context":"https:\/\/schema.org","@graph":[{"@type":"WebPage","@id":"https:\/\/nivegy.com\/en\/impressum\/","url":"https:\/\/nivegy.com\/en\/impressum\/","name":"Impressum - Nivegy.com","isPartOf":{"@id":"https:\/\/nivegy.com\/#website"},"datePublished":"2023-05-15T17:20:58+00:00","dateModified":"2024-08-05T12:07:10+00:00","description":"The impressum site also provides telephone and email contact details of the website operators and hosting providers.","breadcrumb":{"@id":"https:\/\/nivegy.com\/en\/impressum\/#breadcrumb"},"inLanguage":"en-US","potentialAction":[{"@type":"ReadAction","target":["https:\/\/nivegy.com\/en\/impressum\/"]}]},{"@type":"BreadcrumbList","@id":"https:\/\/nivegy.com\/en\/impressum\/#breadcrumb","itemListElement":[{"@type":"ListItem","position":1,"name":"Kezd\u0151lap","item":"https:\/\/nivegy.com\/en\/"},{"@type":"ListItem","position":2,"name":"Impressum"}]},{"@type":"WebSite","@id":"https:\/\/nivegy.com\/#website","url":"https:\/\/nivegy.com\/","name":"Nivegy.com","description":"Egy v\u00f6lgy, \u00f6t falu, v\u00e9gtelen csoda","potentialAction":[{"@type":"SearchAction","target":{"@type":"EntryPoint","urlTemplate":"https:\/\/nivegy.com\/?s={search_term_string}"},"query-input":{"@type":"PropertyValueSpecification","valueRequired":true,"valueName":"search_term_string"}}],"inLanguage":"en-US"}]}},"_links":{"self":[{"href":"https:\/\/nivegy.com\/en\/wp-json\/wp\/v2\/pages\/1505","targetHints":{"allow":["GET"]}}],"collection":[{"href":"https:\/\/nivegy.com\/en\/wp-json\/wp\/v2\/pages"}],"about":[{"href":"https:\/\/nivegy.com\/en\/wp-json\/wp\/v2\/types\/page"}],"author":[{"embeddable":true,"href":"https:\/\/nivegy.com\/en\/wp-json\/wp\/v2\/users\/1"}],"replies":[{"embeddable":true,"href":"https:\/\/nivegy.com\/en\/wp-json\/wp\/v2\/comments?post=1505"}],"version-history":[{"count":4,"href":"https:\/\/nivegy.com\/en\/wp-json\/wp\/v2\/pages\/1505\/revisions"}],"predecessor-version":[{"id":5680,"href":"https:\/\/nivegy.com\/en\/wp-json\/wp\/v2\/pages\/1505\/revisions\/5680"}],"wp:attachment":[{"href":"https:\/\/nivegy.com\/en\/wp-json\/wp\/v2\/media?parent=1505"}],"curies":[{"name":"wp","href":"https:\/\/api.w.org\/{rel}","templated":true}]}}