{"id":5747,"date":"2023-06-19T22:51:36","date_gmt":"2023-06-19T22:51:36","guid":{"rendered":"https:\/\/nivegy.com\/?post_type=product&#038;p=5747"},"modified":"2025-02-22T09:25:50","modified_gmt":"2025-02-22T09:25:50","slug":"ferienhaus-erzsebet","status":"publish","type":"product","link":"https:\/\/nivegy.com\/de\/termek\/ferienhaus-erzsebet\/","title":{"rendered":"Ferienhaus Erzs\u00e9bet"},"content":{"rendered":"<p><strong>Das Erzs\u00e9bet Ferienhaus befindet sich 8 Kilometer vom Balaton entfernt, im balatoncsics\u00f3er Teil des Szent Bal\u00e1zs-H\u00fcgels. Unsere G\u00e4ste benutzen das ganzes Haus allein.<\/strong> Von beiden Terrassen des Ferienhauses aus kann man das wundersch\u00f6ne Panorama des Balaton genie\u00dfen. Im Garten gibt es die M\u00f6glichkeit zu grillen oder Sport zu treiben.<\/p>\n<p>Im Wohnzimmer im Erdgeschoss gibt es ein ausziehbares Sofa, w\u00e4hrend im Obergeschoss in den zwei separat zug\u00e4nglichen Schlafzimmern ein Doppelbett und zwei Einzelbetten auf die G\u00e4ste warten.<\/p>\n<p><strong>Preise:<\/strong><\/p>\n<ul>\n<li>Der Mindestpreis f\u00fcr das Haus f\u00fcr bis zu 3 Personen betr\u00e4gt 30.000 HUF\/Nacht;<\/li>\n<li>8.500 HUF\/Person\/Nacht bei einer Belegung mit 4 oder mehr Personen;<\/li>\n<li>10.000 HUF\/Person\/Nacht bei einer Buchung von einer oder zwei N\u00e4chten;<\/li>\n<li>+400 HUF\/Person\/Nacht Tourismusabgabe (zahlbar f\u00fcr G\u00e4ste \u00fcber 18 Jahre).<\/li>\n<\/ul>\n<p>Unser Ferienhaus ist mit einer Klimaanlage ausgestattet, f\u00fcr die eine Geb\u00fchr von 2.000 HUF\/Nacht zu entrichten ist.<\/p>\n<p>Auch Haustiere sind das ganze Jahr \u00fcber willkommen, wof\u00fcr eine zus\u00e4tzliche Geb\u00fchr von 2.000 HUF\/Haustier\/Nacht erhoben wird.<\/p>\n<p>Die Kirche <a href=\"https:\/\/nivegy.com\/de\/termek\/heiliger-blasius\/\">St. Bal\u00e1zs<\/a>, ein Wahrzeichen des Nivegy-Tals, sowie die Weinkellerei und das Restaurant des <a href=\"http:\/\/gergelyborhaz.hu\/\">Gergely<\/a>-Weinhauses sind vom Ferienhaus aus zu Fu\u00df zu erreichen.<\/p>\n","protected":false},"excerpt":{"rendered":"<p>Das Erzs\u00e9bet Ferienhaus befindet sich 8 Kilometer vom Balaton entfernt, im balatoncsics\u00f3er Teil des Szent Bal\u00e1zs-H\u00fcgels. Unsere G\u00e4ste benutzen das ganzes Haus allein. Von beiden Terrassen des Ferienhauses aus kann man das wundersch\u00f6ne Panorama des Balaton genie\u00dfen. Im Garten gibt es die M\u00f6glichkeit zu grillen oder Sport zu treiben. Im Wohnzimmer im Erdgeschoss gibt es [&hellip;]<\/p>\n","protected":false},"featured_media":4277,"comment_status":"closed","ping_status":"closed","template":"","meta":{"_acf_changed":false},"product_brand":[],"product_cat":[481],"product_tag":[],"class_list":{"0":"post-5747","1":"product","2":"type-product","3":"status-publish","4":"has-post-thumbnail","6":"product_cat-unterkunft","8":"first","9":"instock","10":"shipping-taxable","11":"product-type-simple"},"acf":[],"yoast_head":"<!-- This site is optimized with the Yoast SEO plugin v27.4 - https:\/\/yoast.com\/product\/yoast-seo-wordpress\/ -->\n<title>Ferienhaus Erzs\u00e9bet - Nivegy.com<\/title>\n<meta name=\"description\" content=\"Das Erzs\u00e9bet Ferienhaus befindet sich 8 Kilometer vom Balaton entfernt, im balatoncsics\u00f3er Teil des Szent Bal\u00e1zs-H\u00fcgels. Von beiden Terrassen des ...\" \/>\n<meta name=\"robots\" content=\"index, follow, max-snippet:-1, max-image-preview:large, max-video-preview:-1\" \/>\n<link rel=\"canonical\" href=\"https:\/\/nivegy.com\/de\/termek\/ferienhaus-erzsebet\/\" \/>\n<meta property=\"og:locale\" content=\"de_DE\" \/>\n<meta property=\"og:type\" content=\"article\" \/>\n<meta property=\"og:title\" content=\"Nivegy - Erzs\u00e9bet Nyaral\u00f3h\u00e1z\" \/>\n<meta property=\"og:description\" content=\"A Balatont\u00f3l 8 km-re, a Szent Bal\u00e1zs-hegy balatoncsics\u00f3i r\u00e9sz\u00e9n tal\u00e1lhat\u00f3 az Erzs\u00e9bet Nyaral\u00f3h\u00e1z, ahol a vend\u00e9gek k\u00e9t teraszr\u00f3l is \u00e9lvezhetik a panor\u00e1m\u00e1t.\" \/>\n<meta property=\"og:url\" content=\"https:\/\/nivegy.com\/de\/termek\/ferienhaus-erzsebet\/\" \/>\n<meta property=\"og:site_name\" content=\"Nivegy.com\" \/>\n<meta property=\"article:publisher\" content=\"https:\/\/www.facebook.com\/nivegy\" \/>\n<meta property=\"article:modified_time\" content=\"2025-02-22T09:25:50+00:00\" \/>\n<meta property=\"og:image\" content=\"https:\/\/nivegy.com\/wp-content\/uploads\/2023\/05\/1_1_DSCF7322.jpg\" \/>\n\t<meta property=\"og:image:width\" content=\"1000\" \/>\n\t<meta property=\"og:image:height\" content=\"1000\" \/>\n\t<meta property=\"og:image:type\" content=\"image\/jpeg\" \/>\n<meta name=\"twitter:card\" content=\"summary_large_image\" \/>\n<meta name=\"twitter:label1\" content=\"Gesch\u00e4tzte Lesezeit\" \/>\n\t<meta name=\"twitter:data1\" content=\"2\u00a0Minuten\" \/>\n<script type=\"application\/ld+json\" class=\"yoast-schema-graph\">{\"@context\":\"https:\\\/\\\/schema.org\",\"@graph\":[{\"@type\":\"WebPage\",\"@id\":\"https:\\\/\\\/nivegy.com\\\/de\\\/termek\\\/ferienhaus-erzsebet\\\/\",\"url\":\"https:\\\/\\\/nivegy.com\\\/de\\\/termek\\\/ferienhaus-erzsebet\\\/\",\"name\":\"Ferienhaus Erzs\u00e9bet - Nivegy.com\",\"isPartOf\":{\"@id\":\"https:\\\/\\\/nivegy.com\\\/#website\"},\"primaryImageOfPage\":{\"@id\":\"https:\\\/\\\/nivegy.com\\\/de\\\/termek\\\/ferienhaus-erzsebet\\\/#primaryimage\"},\"image\":{\"@id\":\"https:\\\/\\\/nivegy.com\\\/de\\\/termek\\\/ferienhaus-erzsebet\\\/#primaryimage\"},\"thumbnailUrl\":\"https:\\\/\\\/nivegy.com\\\/wp-content\\\/uploads\\\/2023\\\/06\\\/Sz-Erzsebet-nyarlo.webp\",\"datePublished\":\"2023-06-19T22:51:36+00:00\",\"dateModified\":\"2025-02-22T09:25:50+00:00\",\"description\":\"Das Erzs\u00e9bet Ferienhaus befindet sich 8 Kilometer vom Balaton entfernt, im balatoncsics\u00f3er Teil des Szent Bal\u00e1zs-H\u00fcgels. Von beiden Terrassen des ...\",\"breadcrumb\":{\"@id\":\"https:\\\/\\\/nivegy.com\\\/de\\\/termek\\\/ferienhaus-erzsebet\\\/#breadcrumb\"},\"inLanguage\":\"de\",\"potentialAction\":[{\"@type\":\"ReadAction\",\"target\":[\"https:\\\/\\\/nivegy.com\\\/de\\\/termek\\\/ferienhaus-erzsebet\\\/\"]}]},{\"@type\":\"ImageObject\",\"inLanguage\":\"de\",\"@id\":\"https:\\\/\\\/nivegy.com\\\/de\\\/termek\\\/ferienhaus-erzsebet\\\/#primaryimage\",\"url\":\"https:\\\/\\\/nivegy.com\\\/wp-content\\\/uploads\\\/2023\\\/06\\\/Sz-Erzsebet-nyarlo.webp\",\"contentUrl\":\"https:\\\/\\\/nivegy.com\\\/wp-content\\\/uploads\\\/2023\\\/06\\\/Sz-Erzsebet-nyarlo.webp\",\"width\":1000,\"height\":1000},{\"@type\":\"BreadcrumbList\",\"@id\":\"https:\\\/\\\/nivegy.com\\\/de\\\/termek\\\/ferienhaus-erzsebet\\\/#breadcrumb\",\"itemListElement\":[{\"@type\":\"ListItem\",\"position\":1,\"name\":\"Kezd\u0151lap\",\"item\":\"https:\\\/\\\/nivegy.com\\\/de\\\/\"},{\"@type\":\"ListItem\",\"position\":2,\"name\":\"Ferienhaus Erzs\u00e9bet\"}]},{\"@type\":\"WebSite\",\"@id\":\"https:\\\/\\\/nivegy.com\\\/#website\",\"url\":\"https:\\\/\\\/nivegy.com\\\/\",\"name\":\"Nivegy.com\",\"description\":\"Egy v\u00f6lgy, \u00f6t falu, v\u00e9gtelen csoda\",\"potentialAction\":[{\"@type\":\"SearchAction\",\"target\":{\"@type\":\"EntryPoint\",\"urlTemplate\":\"https:\\\/\\\/nivegy.com\\\/?s={search_term_string}\"},\"query-input\":{\"@type\":\"PropertyValueSpecification\",\"valueRequired\":true,\"valueName\":\"search_term_string\"}}],\"inLanguage\":\"de\"}]}<\/script>\n<!-- \/ Yoast SEO plugin. -->","yoast_head_json":{"title":"Ferienhaus Erzs\u00e9bet - Nivegy.com","description":"Das Erzs\u00e9bet Ferienhaus befindet sich 8 Kilometer vom Balaton entfernt, im balatoncsics\u00f3er Teil des Szent Bal\u00e1zs-H\u00fcgels. Von beiden Terrassen des ...","robots":{"index":"index","follow":"follow","max-snippet":"max-snippet:-1","max-image-preview":"max-image-preview:large","max-video-preview":"max-video-preview:-1"},"canonical":"https:\/\/nivegy.com\/de\/termek\/ferienhaus-erzsebet\/","og_locale":"de_DE","og_type":"article","og_title":"Nivegy - Erzs\u00e9bet Nyaral\u00f3h\u00e1z","og_description":"A Balatont\u00f3l 8 km-re, a Szent Bal\u00e1zs-hegy balatoncsics\u00f3i r\u00e9sz\u00e9n tal\u00e1lhat\u00f3 az Erzs\u00e9bet Nyaral\u00f3h\u00e1z, ahol a vend\u00e9gek k\u00e9t teraszr\u00f3l is \u00e9lvezhetik a panor\u00e1m\u00e1t.","og_url":"https:\/\/nivegy.com\/de\/termek\/ferienhaus-erzsebet\/","og_site_name":"Nivegy.com","article_publisher":"https:\/\/www.facebook.com\/nivegy","article_modified_time":"2025-02-22T09:25:50+00:00","og_image":[{"width":1000,"height":1000,"url":"https:\/\/nivegy.com\/wp-content\/uploads\/2023\/05\/1_1_DSCF7322.jpg","type":"image\/jpeg"}],"twitter_card":"summary_large_image","twitter_misc":{"Gesch\u00e4tzte Lesezeit":"2\u00a0Minuten"},"schema":{"@context":"https:\/\/schema.org","@graph":[{"@type":"WebPage","@id":"https:\/\/nivegy.com\/de\/termek\/ferienhaus-erzsebet\/","url":"https:\/\/nivegy.com\/de\/termek\/ferienhaus-erzsebet\/","name":"Ferienhaus Erzs\u00e9bet - Nivegy.com","isPartOf":{"@id":"https:\/\/nivegy.com\/#website"},"primaryImageOfPage":{"@id":"https:\/\/nivegy.com\/de\/termek\/ferienhaus-erzsebet\/#primaryimage"},"image":{"@id":"https:\/\/nivegy.com\/de\/termek\/ferienhaus-erzsebet\/#primaryimage"},"thumbnailUrl":"https:\/\/nivegy.com\/wp-content\/uploads\/2023\/06\/Sz-Erzsebet-nyarlo.webp","datePublished":"2023-06-19T22:51:36+00:00","dateModified":"2025-02-22T09:25:50+00:00","description":"Das Erzs\u00e9bet Ferienhaus befindet sich 8 Kilometer vom Balaton entfernt, im balatoncsics\u00f3er Teil des Szent Bal\u00e1zs-H\u00fcgels. Von beiden Terrassen des ...","breadcrumb":{"@id":"https:\/\/nivegy.com\/de\/termek\/ferienhaus-erzsebet\/#breadcrumb"},"inLanguage":"de","potentialAction":[{"@type":"ReadAction","target":["https:\/\/nivegy.com\/de\/termek\/ferienhaus-erzsebet\/"]}]},{"@type":"ImageObject","inLanguage":"de","@id":"https:\/\/nivegy.com\/de\/termek\/ferienhaus-erzsebet\/#primaryimage","url":"https:\/\/nivegy.com\/wp-content\/uploads\/2023\/06\/Sz-Erzsebet-nyarlo.webp","contentUrl":"https:\/\/nivegy.com\/wp-content\/uploads\/2023\/06\/Sz-Erzsebet-nyarlo.webp","width":1000,"height":1000},{"@type":"BreadcrumbList","@id":"https:\/\/nivegy.com\/de\/termek\/ferienhaus-erzsebet\/#breadcrumb","itemListElement":[{"@type":"ListItem","position":1,"name":"Kezd\u0151lap","item":"https:\/\/nivegy.com\/de\/"},{"@type":"ListItem","position":2,"name":"Ferienhaus Erzs\u00e9bet"}]},{"@type":"WebSite","@id":"https:\/\/nivegy.com\/#website","url":"https:\/\/nivegy.com\/","name":"Nivegy.com","description":"Egy v\u00f6lgy, \u00f6t falu, v\u00e9gtelen csoda","potentialAction":[{"@type":"SearchAction","target":{"@type":"EntryPoint","urlTemplate":"https:\/\/nivegy.com\/?s={search_term_string}"},"query-input":{"@type":"PropertyValueSpecification","valueRequired":true,"valueName":"search_term_string"}}],"inLanguage":"de"}]}},"_links":{"self":[{"href":"https:\/\/nivegy.com\/de\/wp-json\/wp\/v2\/product\/5747","targetHints":{"allow":["GET"]}}],"collection":[{"href":"https:\/\/nivegy.com\/de\/wp-json\/wp\/v2\/product"}],"about":[{"href":"https:\/\/nivegy.com\/de\/wp-json\/wp\/v2\/types\/product"}],"replies":[{"embeddable":true,"href":"https:\/\/nivegy.com\/de\/wp-json\/wp\/v2\/comments?post=5747"}],"wp:featuredmedia":[{"embeddable":true,"href":"https:\/\/nivegy.com\/de\/wp-json\/wp\/v2\/media\/4277"}],"wp:attachment":[{"href":"https:\/\/nivegy.com\/de\/wp-json\/wp\/v2\/media?parent=5747"}],"wp:term":[{"taxonomy":"product_brand","embeddable":true,"href":"https:\/\/nivegy.com\/de\/wp-json\/wp\/v2\/product_brand?post=5747"},{"taxonomy":"product_cat","embeddable":true,"href":"https:\/\/nivegy.com\/de\/wp-json\/wp\/v2\/product_cat?post=5747"},{"taxonomy":"product_tag","embeddable":true,"href":"https:\/\/nivegy.com\/de\/wp-json\/wp\/v2\/product_tag?post=5747"}],"curies":[{"name":"wp","href":"https:\/\/api.w.org\/{rel}","templated":true}]}}