{"id":5714,"date":"2023-06-19T23:23:46","date_gmt":"2023-06-19T23:23:46","guid":{"rendered":"https:\/\/nivegy.com\/?post_type=product&#038;p=5714"},"modified":"2024-08-06T19:05:49","modified_gmt":"2024-08-06T19:05:49","slug":"kellerei-bocskay","status":"publish","type":"product","link":"https:\/\/nivegy.com\/de\/termek\/kellerei-bocskay\/","title":{"rendered":"Kellerei Bocskay"},"content":{"rendered":"<p><strong>Das Kellerei Bocskay versteckt sich auf dem <a href=\"https:\/\/maps.app.goo.gl\/Wi8dxAah8VFNqsdF9\">Gipfel<\/a> des Szent Bal\u00e1zs-Berges auf einem tausend Quadratmeter gro\u00dfen Grundst\u00fcck, zusammen mit dem dazugeh\u00f6rigen nahegelegenen 7.000 Quadratmeter gro\u00dfen Weinberg.<\/strong> Es versteckt sich, weil der Verkehr auf dem Berg es umgeht, Autos und Wanderer kommen nicht vorbei, wodurch es zu den ruhigsten Kellern und Unterk\u00fcnften des Berges geh\u00f6rt.<\/p>\n<p>Dank dieser Ruhe k\u00f6nnen wir Rehe und Hasen beobachten, gr\u00fcne Eidechsen und Schmetterlinge beim Sonnenbaden gr\u00fcndlich betrachten, und das Vogelgezwitscher als Weckerersatz genie\u00dfen. Abends k\u00f6nnen wir das Zirpen der Grillen genie\u00dfen. F\u00fcr diejenigen, die schlecht schlafen, ist es eine gute Nachricht, dass die Lichtverschmutzung minimal ist und bei klarem Himmel der Sternenhimmel in erstaunlicher Tiefe zu sehen ist. Eine Pause auf dem Berg kann ein ausgezeichnetes &#8222;Heilmittel&#8220; gegen den Stress des Alltags sein.<\/p>\n<p>Das obere Stockwerk des Kellers dient als Unterkunft. Mit zwei Schlafzimmern, einem Wohnzimmer mit amerikanischer K\u00fcche, einem Bad und einem Vorzimmer ist es die ideale Wahl f\u00fcr Familien, Freunde und Paare.<\/p>\n<p>Das Panorama des Kellerei Bocskay ist unvergleichlich, ein Gro\u00dfteil des <a href=\"https:\/\/nivegy.com\/termek\/nivegy-volgy\/\">Nivegy-Tal<\/a>s liegt zu unseren F\u00fc\u00dfen.<\/p>\n","protected":false},"excerpt":{"rendered":"<p>Das Kellerei Bocskay versteckt sich auf dem Gipfel des Szent Bal\u00e1zs-Berges auf einem tausend Quadratmeter gro\u00dfen Grundst\u00fcck, zusammen mit dem dazugeh\u00f6rigen nahegelegenen 7.000 Quadratmeter gro\u00dfen Weinberg. Es versteckt sich, weil der Verkehr auf dem Berg es umgeht, Autos und Wanderer kommen nicht vorbei, wodurch es zu den ruhigsten Kellern und Unterk\u00fcnften des Berges geh\u00f6rt. Dank [&hellip;]<\/p>\n","protected":false},"featured_media":5620,"comment_status":"closed","ping_status":"closed","template":"","meta":{"_acf_changed":false},"product_brand":[],"product_cat":[481],"product_tag":[],"class_list":{"0":"post-5714","1":"product","2":"type-product","3":"status-publish","4":"has-post-thumbnail","6":"product_cat-unterkunft","8":"first","9":"instock","10":"shipping-taxable","11":"product-type-simple"},"acf":[],"yoast_head":"<!-- This site is optimized with the Yoast SEO plugin v27.4 - https:\/\/yoast.com\/product\/yoast-seo-wordpress\/ -->\n<title>Kellerei Bocskay - Nivegy.com<\/title>\n<meta name=\"description\" content=\"Das Kellerei Bocskay versteckt sich auf dem Gipfel des Szent Bal\u00e1zs-Berges auf einem tausend Quadratmeter gro\u00dfen Grundst\u00fcck ...\" \/>\n<meta name=\"robots\" content=\"index, follow, max-snippet:-1, max-image-preview:large, max-video-preview:-1\" \/>\n<link rel=\"canonical\" href=\"https:\/\/nivegy.com\/de\/termek\/kellerei-bocskay\/\" \/>\n<meta property=\"og:locale\" content=\"de_DE\" \/>\n<meta property=\"og:type\" content=\"article\" \/>\n<meta property=\"og:title\" content=\"Kellerei Bocskay - Nivegy.com\" \/>\n<meta property=\"og:description\" content=\"Das Kellerei Bocskay versteckt sich auf dem Gipfel des Szent Bal\u00e1zs-Berges auf einem tausend Quadratmeter gro\u00dfen Grundst\u00fcck ...\" \/>\n<meta property=\"og:url\" content=\"https:\/\/nivegy.com\/de\/termek\/kellerei-bocskay\/\" \/>\n<meta property=\"og:site_name\" content=\"Nivegy.com\" \/>\n<meta property=\"article:publisher\" content=\"https:\/\/www.facebook.com\/nivegy\" \/>\n<meta property=\"article:modified_time\" content=\"2024-08-06T19:05:49+00:00\" \/>\n<meta property=\"og:image\" content=\"https:\/\/nivegy.com\/wp-content\/uploads\/2023\/06\/Bocskay.webp\" \/>\n\t<meta property=\"og:image:width\" content=\"1000\" \/>\n\t<meta property=\"og:image:height\" content=\"1000\" \/>\n\t<meta property=\"og:image:type\" content=\"image\/webp\" \/>\n<meta name=\"twitter:card\" content=\"summary_large_image\" \/>\n<meta name=\"twitter:label1\" content=\"Gesch\u00e4tzte Lesezeit\" \/>\n\t<meta name=\"twitter:data1\" content=\"2\u00a0Minuten\" \/>\n<script type=\"application\/ld+json\" class=\"yoast-schema-graph\">{\"@context\":\"https:\\\/\\\/schema.org\",\"@graph\":[{\"@type\":\"WebPage\",\"@id\":\"https:\\\/\\\/nivegy.com\\\/de\\\/termek\\\/kellerei-bocskay\\\/\",\"url\":\"https:\\\/\\\/nivegy.com\\\/de\\\/termek\\\/kellerei-bocskay\\\/\",\"name\":\"Kellerei Bocskay - Nivegy.com\",\"isPartOf\":{\"@id\":\"https:\\\/\\\/nivegy.com\\\/#website\"},\"primaryImageOfPage\":{\"@id\":\"https:\\\/\\\/nivegy.com\\\/de\\\/termek\\\/kellerei-bocskay\\\/#primaryimage\"},\"image\":{\"@id\":\"https:\\\/\\\/nivegy.com\\\/de\\\/termek\\\/kellerei-bocskay\\\/#primaryimage\"},\"thumbnailUrl\":\"https:\\\/\\\/nivegy.com\\\/wp-content\\\/uploads\\\/2023\\\/06\\\/Bocskay.webp\",\"datePublished\":\"2023-06-19T23:23:46+00:00\",\"dateModified\":\"2024-08-06T19:05:49+00:00\",\"description\":\"Das Kellerei Bocskay versteckt sich auf dem Gipfel des Szent Bal\u00e1zs-Berges auf einem tausend Quadratmeter gro\u00dfen Grundst\u00fcck ...\",\"breadcrumb\":{\"@id\":\"https:\\\/\\\/nivegy.com\\\/de\\\/termek\\\/kellerei-bocskay\\\/#breadcrumb\"},\"inLanguage\":\"de\",\"potentialAction\":[{\"@type\":\"ReadAction\",\"target\":[\"https:\\\/\\\/nivegy.com\\\/de\\\/termek\\\/kellerei-bocskay\\\/\"]}]},{\"@type\":\"ImageObject\",\"inLanguage\":\"de\",\"@id\":\"https:\\\/\\\/nivegy.com\\\/de\\\/termek\\\/kellerei-bocskay\\\/#primaryimage\",\"url\":\"https:\\\/\\\/nivegy.com\\\/wp-content\\\/uploads\\\/2023\\\/06\\\/Bocskay.webp\",\"contentUrl\":\"https:\\\/\\\/nivegy.com\\\/wp-content\\\/uploads\\\/2023\\\/06\\\/Bocskay.webp\",\"width\":1000,\"height\":1000,\"caption\":\"Bocskay pince\"},{\"@type\":\"BreadcrumbList\",\"@id\":\"https:\\\/\\\/nivegy.com\\\/de\\\/termek\\\/kellerei-bocskay\\\/#breadcrumb\",\"itemListElement\":[{\"@type\":\"ListItem\",\"position\":1,\"name\":\"Kezd\u0151lap\",\"item\":\"https:\\\/\\\/nivegy.com\\\/de\\\/\"},{\"@type\":\"ListItem\",\"position\":2,\"name\":\"Kellerei Bocskay\"}]},{\"@type\":\"WebSite\",\"@id\":\"https:\\\/\\\/nivegy.com\\\/#website\",\"url\":\"https:\\\/\\\/nivegy.com\\\/\",\"name\":\"Nivegy.com\",\"description\":\"Egy v\u00f6lgy, \u00f6t falu, v\u00e9gtelen csoda\",\"potentialAction\":[{\"@type\":\"SearchAction\",\"target\":{\"@type\":\"EntryPoint\",\"urlTemplate\":\"https:\\\/\\\/nivegy.com\\\/?s={search_term_string}\"},\"query-input\":{\"@type\":\"PropertyValueSpecification\",\"valueRequired\":true,\"valueName\":\"search_term_string\"}}],\"inLanguage\":\"de\"}]}<\/script>\n<!-- \/ Yoast SEO plugin. -->","yoast_head_json":{"title":"Kellerei Bocskay - Nivegy.com","description":"Das Kellerei Bocskay versteckt sich auf dem Gipfel des Szent Bal\u00e1zs-Berges auf einem tausend Quadratmeter gro\u00dfen Grundst\u00fcck ...","robots":{"index":"index","follow":"follow","max-snippet":"max-snippet:-1","max-image-preview":"max-image-preview:large","max-video-preview":"max-video-preview:-1"},"canonical":"https:\/\/nivegy.com\/de\/termek\/kellerei-bocskay\/","og_locale":"de_DE","og_type":"article","og_title":"Kellerei Bocskay - Nivegy.com","og_description":"Das Kellerei Bocskay versteckt sich auf dem Gipfel des Szent Bal\u00e1zs-Berges auf einem tausend Quadratmeter gro\u00dfen Grundst\u00fcck ...","og_url":"https:\/\/nivegy.com\/de\/termek\/kellerei-bocskay\/","og_site_name":"Nivegy.com","article_publisher":"https:\/\/www.facebook.com\/nivegy","article_modified_time":"2024-08-06T19:05:49+00:00","og_image":[{"width":1000,"height":1000,"url":"https:\/\/nivegy.com\/wp-content\/uploads\/2023\/06\/Bocskay.webp","type":"image\/webp"}],"twitter_card":"summary_large_image","twitter_misc":{"Gesch\u00e4tzte Lesezeit":"2\u00a0Minuten"},"schema":{"@context":"https:\/\/schema.org","@graph":[{"@type":"WebPage","@id":"https:\/\/nivegy.com\/de\/termek\/kellerei-bocskay\/","url":"https:\/\/nivegy.com\/de\/termek\/kellerei-bocskay\/","name":"Kellerei Bocskay - Nivegy.com","isPartOf":{"@id":"https:\/\/nivegy.com\/#website"},"primaryImageOfPage":{"@id":"https:\/\/nivegy.com\/de\/termek\/kellerei-bocskay\/#primaryimage"},"image":{"@id":"https:\/\/nivegy.com\/de\/termek\/kellerei-bocskay\/#primaryimage"},"thumbnailUrl":"https:\/\/nivegy.com\/wp-content\/uploads\/2023\/06\/Bocskay.webp","datePublished":"2023-06-19T23:23:46+00:00","dateModified":"2024-08-06T19:05:49+00:00","description":"Das Kellerei Bocskay versteckt sich auf dem Gipfel des Szent Bal\u00e1zs-Berges auf einem tausend Quadratmeter gro\u00dfen Grundst\u00fcck ...","breadcrumb":{"@id":"https:\/\/nivegy.com\/de\/termek\/kellerei-bocskay\/#breadcrumb"},"inLanguage":"de","potentialAction":[{"@type":"ReadAction","target":["https:\/\/nivegy.com\/de\/termek\/kellerei-bocskay\/"]}]},{"@type":"ImageObject","inLanguage":"de","@id":"https:\/\/nivegy.com\/de\/termek\/kellerei-bocskay\/#primaryimage","url":"https:\/\/nivegy.com\/wp-content\/uploads\/2023\/06\/Bocskay.webp","contentUrl":"https:\/\/nivegy.com\/wp-content\/uploads\/2023\/06\/Bocskay.webp","width":1000,"height":1000,"caption":"Bocskay pince"},{"@type":"BreadcrumbList","@id":"https:\/\/nivegy.com\/de\/termek\/kellerei-bocskay\/#breadcrumb","itemListElement":[{"@type":"ListItem","position":1,"name":"Kezd\u0151lap","item":"https:\/\/nivegy.com\/de\/"},{"@type":"ListItem","position":2,"name":"Kellerei Bocskay"}]},{"@type":"WebSite","@id":"https:\/\/nivegy.com\/#website","url":"https:\/\/nivegy.com\/","name":"Nivegy.com","description":"Egy v\u00f6lgy, \u00f6t falu, v\u00e9gtelen csoda","potentialAction":[{"@type":"SearchAction","target":{"@type":"EntryPoint","urlTemplate":"https:\/\/nivegy.com\/?s={search_term_string}"},"query-input":{"@type":"PropertyValueSpecification","valueRequired":true,"valueName":"search_term_string"}}],"inLanguage":"de"}]}},"_links":{"self":[{"href":"https:\/\/nivegy.com\/de\/wp-json\/wp\/v2\/product\/5714","targetHints":{"allow":["GET"]}}],"collection":[{"href":"https:\/\/nivegy.com\/de\/wp-json\/wp\/v2\/product"}],"about":[{"href":"https:\/\/nivegy.com\/de\/wp-json\/wp\/v2\/types\/product"}],"replies":[{"embeddable":true,"href":"https:\/\/nivegy.com\/de\/wp-json\/wp\/v2\/comments?post=5714"}],"wp:featuredmedia":[{"embeddable":true,"href":"https:\/\/nivegy.com\/de\/wp-json\/wp\/v2\/media\/5620"}],"wp:attachment":[{"href":"https:\/\/nivegy.com\/de\/wp-json\/wp\/v2\/media?parent=5714"}],"wp:term":[{"taxonomy":"product_brand","embeddable":true,"href":"https:\/\/nivegy.com\/de\/wp-json\/wp\/v2\/product_brand?post=5714"},{"taxonomy":"product_cat","embeddable":true,"href":"https:\/\/nivegy.com\/de\/wp-json\/wp\/v2\/product_cat?post=5714"},{"taxonomy":"product_tag","embeddable":true,"href":"https:\/\/nivegy.com\/de\/wp-json\/wp\/v2\/product_tag?post=5714"}],"curies":[{"name":"wp","href":"https:\/\/api.w.org\/{rel}","templated":true}]}}