{"id":5647,"date":"2023-07-02T18:56:12","date_gmt":"2023-07-02T18:56:12","guid":{"rendered":"https:\/\/nivegy.com\/?post_type=product&#038;p=5647"},"modified":"2024-07-05T11:45:57","modified_gmt":"2024-07-05T11:45:57","slug":"zanka-und-umgebung-gmbh","status":"publish","type":"product","link":"https:\/\/nivegy.com\/de\/termek\/zanka-und-umgebung-gmbh\/","title":{"rendered":"Z\u00e1nka und Umgebung GmbH"},"content":{"rendered":"<p>Die Z\u00e1nka und Umgebung GmbH und ihre Vorg\u00e4ngerin, die Magyar Tenger MGTSZ (d.h. Landwirtschaftliche Genossenschaft) produzieren seit 1964 in gro\u00dfem Stil Wein in <a href=\"https:\/\/maps.app.goo.gl\/pdesRpEJNGufc95X8\">Szentantalfa<\/a>. Der Weinbau beginnt mit dem Anbau von Weintrauben und in der Region leben viele Familien im Haupt- oder Nebenerwerb von dieser T\u00e4tigkeit.<\/p>\n<p>Auch heute noch bietet die Genossenschaftskellerei einen sicheren Absatzmarkt f\u00fcr die von ihr erzeugten Trauben. Sie bietet auch Weine aus den typischen Rebsorten des Nivegy-Tals an, sowohl in Flaschen als auch in Form von Fasswein. Diese k\u00f6nnen auch w\u00e4hrend der \u00d6ffnungszeiten der Kellerei in Szentantalfa erworben werden.<\/p>\n<h4>Weinauswahl<\/h4>\n<p>Juhfark, Blaufr\u00e4nkisch, Welschriesling, M\u00fcller-Thurgau, Ros\u00e9, Pinot Gris, Zweigelt<\/p>\n","protected":false},"excerpt":{"rendered":"<p>Die Z\u00e1nka und Umgebung GmbH und ihre Vorg\u00e4ngerin, die Magyar Tenger MGTSZ (d.h. Landwirtschaftliche Genossenschaft) produzieren seit 1964 in gro\u00dfem Stil Wein in Szentantalfa. Der Weinbau beginnt mit dem Anbau von Weintrauben und in der Region leben viele Familien im Haupt- oder Nebenerwerb von dieser T\u00e4tigkeit. Auch heute noch bietet die Genossenschaftskellerei einen sicheren Absatzmarkt [&hellip;]<\/p>\n","protected":false},"featured_media":3303,"comment_status":"closed","ping_status":"closed","template":"","meta":{"_acf_changed":false},"product_brand":[],"product_cat":[480],"product_tag":[],"class_list":{"0":"post-5647","1":"product","2":"type-product","3":"status-publish","4":"has-post-thumbnail","6":"product_cat-keller","8":"first","9":"instock","10":"shipping-taxable","11":"product-type-simple"},"acf":[],"yoast_head":"<!-- This site is optimized with the Yoast SEO plugin v27.4 - https:\/\/yoast.com\/product\/yoast-seo-wordpress\/ -->\n<title>Z\u00e1nka und Umgebung GmbH - Nivegy.com<\/title>\n<meta name=\"description\" content=\"Die Z\u00e1nka und Umgebung GmbH und ihre Vorg\u00e4ngerin, die Magyar Tenger MGTSZ (d.h. Landwirtschaftliche Genossenschaft) produzieren seit 1964 in gro\u00dfem ...\" \/>\n<meta name=\"robots\" content=\"index, follow, max-snippet:-1, max-image-preview:large, max-video-preview:-1\" \/>\n<link rel=\"canonical\" href=\"https:\/\/nivegy.com\/de\/termek\/zanka-und-umgebung-gmbh\/\" \/>\n<meta property=\"og:locale\" content=\"de_DE\" \/>\n<meta property=\"og:type\" content=\"article\" \/>\n<meta property=\"og:title\" content=\"Z\u00e1nka und Umgebung GmbH - Nivegy.com\" \/>\n<meta property=\"og:description\" content=\"Die Z\u00e1nka und Umgebung GmbH und ihre Vorg\u00e4ngerin, die Magyar Tenger MGTSZ (d.h. Landwirtschaftliche Genossenschaft) produzieren seit 1964 in gro\u00dfem ...\" \/>\n<meta property=\"og:url\" content=\"https:\/\/nivegy.com\/de\/termek\/zanka-und-umgebung-gmbh\/\" \/>\n<meta property=\"og:site_name\" content=\"Nivegy.com\" \/>\n<meta property=\"article:publisher\" content=\"https:\/\/www.facebook.com\/nivegy\" \/>\n<meta property=\"article:modified_time\" content=\"2024-07-05T11:45:57+00:00\" \/>\n<meta property=\"og:image\" content=\"https:\/\/nivegy.com\/wp-content\/uploads\/2023\/07\/P-Pinceszovetkezet.webp\" \/>\n\t<meta property=\"og:image:width\" content=\"1000\" \/>\n\t<meta property=\"og:image:height\" content=\"1000\" \/>\n\t<meta property=\"og:image:type\" content=\"image\/webp\" \/>\n<meta name=\"twitter:card\" content=\"summary_large_image\" \/>\n<meta name=\"twitter:label1\" content=\"Gesch\u00e4tzte Lesezeit\" \/>\n\t<meta name=\"twitter:data1\" content=\"1\u00a0Minute\" \/>\n<script type=\"application\/ld+json\" class=\"yoast-schema-graph\">{\"@context\":\"https:\\\/\\\/schema.org\",\"@graph\":[{\"@type\":\"WebPage\",\"@id\":\"https:\\\/\\\/nivegy.com\\\/de\\\/termek\\\/zanka-und-umgebung-gmbh\\\/\",\"url\":\"https:\\\/\\\/nivegy.com\\\/de\\\/termek\\\/zanka-und-umgebung-gmbh\\\/\",\"name\":\"Z\u00e1nka und Umgebung GmbH - Nivegy.com\",\"isPartOf\":{\"@id\":\"https:\\\/\\\/nivegy.com\\\/#website\"},\"primaryImageOfPage\":{\"@id\":\"https:\\\/\\\/nivegy.com\\\/de\\\/termek\\\/zanka-und-umgebung-gmbh\\\/#primaryimage\"},\"image\":{\"@id\":\"https:\\\/\\\/nivegy.com\\\/de\\\/termek\\\/zanka-und-umgebung-gmbh\\\/#primaryimage\"},\"thumbnailUrl\":\"https:\\\/\\\/nivegy.com\\\/wp-content\\\/uploads\\\/2023\\\/07\\\/P-Pinceszovetkezet.webp\",\"datePublished\":\"2023-07-02T18:56:12+00:00\",\"dateModified\":\"2024-07-05T11:45:57+00:00\",\"description\":\"Die Z\u00e1nka und Umgebung GmbH und ihre Vorg\u00e4ngerin, die Magyar Tenger MGTSZ (d.h. Landwirtschaftliche Genossenschaft) produzieren seit 1964 in gro\u00dfem ...\",\"breadcrumb\":{\"@id\":\"https:\\\/\\\/nivegy.com\\\/de\\\/termek\\\/zanka-und-umgebung-gmbh\\\/#breadcrumb\"},\"inLanguage\":\"de\",\"potentialAction\":[{\"@type\":\"ReadAction\",\"target\":[\"https:\\\/\\\/nivegy.com\\\/de\\\/termek\\\/zanka-und-umgebung-gmbh\\\/\"]}]},{\"@type\":\"ImageObject\",\"inLanguage\":\"de\",\"@id\":\"https:\\\/\\\/nivegy.com\\\/de\\\/termek\\\/zanka-und-umgebung-gmbh\\\/#primaryimage\",\"url\":\"https:\\\/\\\/nivegy.com\\\/wp-content\\\/uploads\\\/2023\\\/07\\\/P-Pinceszovetkezet.webp\",\"contentUrl\":\"https:\\\/\\\/nivegy.com\\\/wp-content\\\/uploads\\\/2023\\\/07\\\/P-Pinceszovetkezet.webp\",\"width\":1000,\"height\":1000,\"caption\":\"\u00c9lelmiszeripari Pincesz\u00f6vetkezet Winery Cooperative\"},{\"@type\":\"BreadcrumbList\",\"@id\":\"https:\\\/\\\/nivegy.com\\\/de\\\/termek\\\/zanka-und-umgebung-gmbh\\\/#breadcrumb\",\"itemListElement\":[{\"@type\":\"ListItem\",\"position\":1,\"name\":\"Kezd\u0151lap\",\"item\":\"https:\\\/\\\/nivegy.com\\\/de\\\/\"},{\"@type\":\"ListItem\",\"position\":2,\"name\":\"Z\u00e1nka und Umgebung GmbH\"}]},{\"@type\":\"WebSite\",\"@id\":\"https:\\\/\\\/nivegy.com\\\/#website\",\"url\":\"https:\\\/\\\/nivegy.com\\\/\",\"name\":\"Nivegy.com\",\"description\":\"Egy v\u00f6lgy, \u00f6t falu, v\u00e9gtelen csoda\",\"potentialAction\":[{\"@type\":\"SearchAction\",\"target\":{\"@type\":\"EntryPoint\",\"urlTemplate\":\"https:\\\/\\\/nivegy.com\\\/?s={search_term_string}\"},\"query-input\":{\"@type\":\"PropertyValueSpecification\",\"valueRequired\":true,\"valueName\":\"search_term_string\"}}],\"inLanguage\":\"de\"}]}<\/script>\n<!-- \/ Yoast SEO plugin. -->","yoast_head_json":{"title":"Z\u00e1nka und Umgebung GmbH - Nivegy.com","description":"Die Z\u00e1nka und Umgebung GmbH und ihre Vorg\u00e4ngerin, die Magyar Tenger MGTSZ (d.h. Landwirtschaftliche Genossenschaft) produzieren seit 1964 in gro\u00dfem ...","robots":{"index":"index","follow":"follow","max-snippet":"max-snippet:-1","max-image-preview":"max-image-preview:large","max-video-preview":"max-video-preview:-1"},"canonical":"https:\/\/nivegy.com\/de\/termek\/zanka-und-umgebung-gmbh\/","og_locale":"de_DE","og_type":"article","og_title":"Z\u00e1nka und Umgebung GmbH - Nivegy.com","og_description":"Die Z\u00e1nka und Umgebung GmbH und ihre Vorg\u00e4ngerin, die Magyar Tenger MGTSZ (d.h. Landwirtschaftliche Genossenschaft) produzieren seit 1964 in gro\u00dfem ...","og_url":"https:\/\/nivegy.com\/de\/termek\/zanka-und-umgebung-gmbh\/","og_site_name":"Nivegy.com","article_publisher":"https:\/\/www.facebook.com\/nivegy","article_modified_time":"2024-07-05T11:45:57+00:00","og_image":[{"width":1000,"height":1000,"url":"https:\/\/nivegy.com\/wp-content\/uploads\/2023\/07\/P-Pinceszovetkezet.webp","type":"image\/webp"}],"twitter_card":"summary_large_image","twitter_misc":{"Gesch\u00e4tzte Lesezeit":"1\u00a0Minute"},"schema":{"@context":"https:\/\/schema.org","@graph":[{"@type":"WebPage","@id":"https:\/\/nivegy.com\/de\/termek\/zanka-und-umgebung-gmbh\/","url":"https:\/\/nivegy.com\/de\/termek\/zanka-und-umgebung-gmbh\/","name":"Z\u00e1nka und Umgebung GmbH - Nivegy.com","isPartOf":{"@id":"https:\/\/nivegy.com\/#website"},"primaryImageOfPage":{"@id":"https:\/\/nivegy.com\/de\/termek\/zanka-und-umgebung-gmbh\/#primaryimage"},"image":{"@id":"https:\/\/nivegy.com\/de\/termek\/zanka-und-umgebung-gmbh\/#primaryimage"},"thumbnailUrl":"https:\/\/nivegy.com\/wp-content\/uploads\/2023\/07\/P-Pinceszovetkezet.webp","datePublished":"2023-07-02T18:56:12+00:00","dateModified":"2024-07-05T11:45:57+00:00","description":"Die Z\u00e1nka und Umgebung GmbH und ihre Vorg\u00e4ngerin, die Magyar Tenger MGTSZ (d.h. Landwirtschaftliche Genossenschaft) produzieren seit 1964 in gro\u00dfem ...","breadcrumb":{"@id":"https:\/\/nivegy.com\/de\/termek\/zanka-und-umgebung-gmbh\/#breadcrumb"},"inLanguage":"de","potentialAction":[{"@type":"ReadAction","target":["https:\/\/nivegy.com\/de\/termek\/zanka-und-umgebung-gmbh\/"]}]},{"@type":"ImageObject","inLanguage":"de","@id":"https:\/\/nivegy.com\/de\/termek\/zanka-und-umgebung-gmbh\/#primaryimage","url":"https:\/\/nivegy.com\/wp-content\/uploads\/2023\/07\/P-Pinceszovetkezet.webp","contentUrl":"https:\/\/nivegy.com\/wp-content\/uploads\/2023\/07\/P-Pinceszovetkezet.webp","width":1000,"height":1000,"caption":"\u00c9lelmiszeripari Pincesz\u00f6vetkezet Winery Cooperative"},{"@type":"BreadcrumbList","@id":"https:\/\/nivegy.com\/de\/termek\/zanka-und-umgebung-gmbh\/#breadcrumb","itemListElement":[{"@type":"ListItem","position":1,"name":"Kezd\u0151lap","item":"https:\/\/nivegy.com\/de\/"},{"@type":"ListItem","position":2,"name":"Z\u00e1nka und Umgebung GmbH"}]},{"@type":"WebSite","@id":"https:\/\/nivegy.com\/#website","url":"https:\/\/nivegy.com\/","name":"Nivegy.com","description":"Egy v\u00f6lgy, \u00f6t falu, v\u00e9gtelen csoda","potentialAction":[{"@type":"SearchAction","target":{"@type":"EntryPoint","urlTemplate":"https:\/\/nivegy.com\/?s={search_term_string}"},"query-input":{"@type":"PropertyValueSpecification","valueRequired":true,"valueName":"search_term_string"}}],"inLanguage":"de"}]}},"_links":{"self":[{"href":"https:\/\/nivegy.com\/de\/wp-json\/wp\/v2\/product\/5647","targetHints":{"allow":["GET"]}}],"collection":[{"href":"https:\/\/nivegy.com\/de\/wp-json\/wp\/v2\/product"}],"about":[{"href":"https:\/\/nivegy.com\/de\/wp-json\/wp\/v2\/types\/product"}],"replies":[{"embeddable":true,"href":"https:\/\/nivegy.com\/de\/wp-json\/wp\/v2\/comments?post=5647"}],"wp:featuredmedia":[{"embeddable":true,"href":"https:\/\/nivegy.com\/de\/wp-json\/wp\/v2\/media\/3303"}],"wp:attachment":[{"href":"https:\/\/nivegy.com\/de\/wp-json\/wp\/v2\/media?parent=5647"}],"wp:term":[{"taxonomy":"product_brand","embeddable":true,"href":"https:\/\/nivegy.com\/de\/wp-json\/wp\/v2\/product_brand?post=5647"},{"taxonomy":"product_cat","embeddable":true,"href":"https:\/\/nivegy.com\/de\/wp-json\/wp\/v2\/product_cat?post=5647"},{"taxonomy":"product_tag","embeddable":true,"href":"https:\/\/nivegy.com\/de\/wp-json\/wp\/v2\/product_tag?post=5647"}],"curies":[{"name":"wp","href":"https:\/\/api.w.org\/{rel}","templated":true}]}}