{"id":5646,"date":"2023-06-14T14:16:33","date_gmt":"2023-06-14T14:16:33","guid":{"rendered":"https:\/\/nivegy.com\/?post_type=product&#038;p=5646"},"modified":"2024-07-05T11:37:44","modified_gmt":"2024-07-05T11:37:44","slug":"weingutszentrum-dobosi-2","status":"publish","type":"product","link":"https:\/\/nivegy.com\/de\/termek\/weingutszentrum-dobosi-2\/","title":{"rendered":"Weingutszentrum Dobosi"},"content":{"rendered":"<p><strong>Es ist schwer in Worte zu fassen, was das Balaton-Oberland f\u00fcr sie bedeutet. Seit 1721 schenken sie es lieber in ein Glas ein. Der Wein enth\u00e4lt alles.<\/strong><\/p>\n<h4><strong>\u00dcber Dobosi 1721<\/strong><\/h4>\n<p>Der Geschmack wird zu einem Erlebnis, wenn er \u00fcber die Sinne auch das Herz anspricht. Deshalb basiert ihr biologischer Anbau auf der Idee, dass der Wein nicht nur getrunken, sondern auch gesch\u00e4tzt werden muss. Es gen\u00fcgt nicht, die Natur zu nutzen, man muss sie auch sch\u00e4tzen. Sie sind der Meinung, dass der Wein zwei Wege hat: Der eine reicht bis zum Boden der Flasche. Der andere beginnt, wenn er aus der Flasche gelassen wird. Deshalb stehen ihre Weinberge und ihr Know-how in der Weinherstellung, ihre Gastfreundschaft und ihr <a href=\"https:\/\/dobosi.com\/\">Weingutszentrum<\/a> beim Weinkonsum f\u00fcr h\u00f6chste Qualit\u00e4t.<\/p>\n<h4><strong>Ihre Geschichte<\/strong><\/h4>\n<p>Ihre weinerzeugenden Vorfahren pflanzten die Idee im Jahr 1721, die schlie\u00dflich, nach vielen Weinlesen, im Jahr 1988 den Entschluss fasste, eine Kellerei auf 1 Hektar Fl\u00e4che zu bauen, basierend auf dem seit Generationen erworbenen Wissen. Seitdem haben sie sich auf 25 Hektar ausgedehnt, was nicht nur Platz f\u00fcr ihre hervorragenden Weine, sondern auch f\u00fcr ihre Gastfreundschaft bietet. Das Weingut Dobosi 1721 verf\u00fcgt \u00fcber ein <a href=\"https:\/\/nivegy.com\/de\/termek\/weingutszentrum-dobosi\/\">Restaurant<\/a>, Unterk\u00fcnfte und einen Spa-Bereich.<\/p>\n<h4>Weinauswahl<\/h4>\n<p>Cabernet Sauvignon, Chardonnay, Juhfark, Blaufr\u00e4nkisch, K\u00e9knyel\u0171, Welschriesling, Riesling<\/p>\n","protected":false},"excerpt":{"rendered":"<p>Es ist schwer in Worte zu fassen, was das Balaton-Oberland f\u00fcr sie bedeutet. Seit 1721 schenken sie es lieber in ein Glas ein. Der Wein enth\u00e4lt alles. \u00dcber Dobosi 1721 Der Geschmack wird zu einem Erlebnis, wenn er \u00fcber die Sinne auch das Herz anspricht. Deshalb basiert ihr biologischer Anbau auf der Idee, dass der [&hellip;]<\/p>\n","protected":false},"featured_media":3294,"comment_status":"closed","ping_status":"closed","template":"","meta":{"_acf_changed":false},"product_brand":[],"product_cat":[480],"product_tag":[],"class_list":{"0":"post-5646","1":"product","2":"type-product","3":"status-publish","4":"has-post-thumbnail","6":"product_cat-keller","8":"first","9":"instock","10":"shipping-taxable","11":"product-type-simple"},"acf":[],"yoast_head":"<!-- This site is optimized with the Yoast SEO plugin v27.4 - https:\/\/yoast.com\/product\/yoast-seo-wordpress\/ -->\n<title>Dobosi 1721 - Nivegy.com<\/title>\n<meta name=\"description\" content=\"Dobosi 1721 a csal\u00e1d hivatalos forr\u00e1sok szerint m\u00e1r az 1700-as \u00e9vekt\u0151l akt\u00edv szerepl\u0151je a falunak \u00e9s a helyi sz\u0151l\u0151 \u00e9s borkult\u00far\u00e1nak.\" \/>\n<meta name=\"robots\" content=\"index, follow, max-snippet:-1, max-image-preview:large, max-video-preview:-1\" \/>\n<link rel=\"canonical\" href=\"https:\/\/nivegy.com\/de\/termek\/weingutszentrum-dobosi-2\/\" \/>\n<meta property=\"og:locale\" content=\"de_DE\" \/>\n<meta property=\"og:type\" content=\"article\" \/>\n<meta property=\"og:title\" content=\"Dobosi 1721 - Nivegy.com\" \/>\n<meta property=\"og:description\" content=\"Dobosi 1721 a csal\u00e1d hivatalos forr\u00e1sok szerint m\u00e1r az 1700-as \u00e9vekt\u0151l akt\u00edv szerepl\u0151je a falunak \u00e9s a helyi sz\u0151l\u0151 \u00e9s borkult\u00far\u00e1nak.\" \/>\n<meta property=\"og:url\" content=\"https:\/\/nivegy.com\/de\/termek\/weingutszentrum-dobosi-2\/\" \/>\n<meta property=\"og:site_name\" content=\"Nivegy.com\" \/>\n<meta property=\"article:publisher\" content=\"https:\/\/www.facebook.com\/nivegy\" \/>\n<meta property=\"article:modified_time\" content=\"2024-07-05T11:37:44+00:00\" \/>\n<meta property=\"og:image\" content=\"https:\/\/nivegy.com\/wp-content\/uploads\/2023\/06\/P-Dobosi-1.1.webp\" \/>\n\t<meta property=\"og:image:width\" content=\"1000\" \/>\n\t<meta property=\"og:image:height\" content=\"1000\" \/>\n\t<meta property=\"og:image:type\" content=\"image\/webp\" \/>\n<meta name=\"twitter:card\" content=\"summary_large_image\" \/>\n<meta name=\"twitter:label1\" content=\"Gesch\u00e4tzte Lesezeit\" \/>\n\t<meta name=\"twitter:data1\" content=\"2\u00a0Minuten\" \/>\n<script type=\"application\/ld+json\" class=\"yoast-schema-graph\">{\"@context\":\"https:\\\/\\\/schema.org\",\"@graph\":[{\"@type\":\"WebPage\",\"@id\":\"https:\\\/\\\/nivegy.com\\\/de\\\/termek\\\/weingutszentrum-dobosi-2\\\/\",\"url\":\"https:\\\/\\\/nivegy.com\\\/de\\\/termek\\\/weingutszentrum-dobosi-2\\\/\",\"name\":\"Dobosi 1721 - Nivegy.com\",\"isPartOf\":{\"@id\":\"https:\\\/\\\/nivegy.com\\\/#website\"},\"primaryImageOfPage\":{\"@id\":\"https:\\\/\\\/nivegy.com\\\/de\\\/termek\\\/weingutszentrum-dobosi-2\\\/#primaryimage\"},\"image\":{\"@id\":\"https:\\\/\\\/nivegy.com\\\/de\\\/termek\\\/weingutszentrum-dobosi-2\\\/#primaryimage\"},\"thumbnailUrl\":\"https:\\\/\\\/nivegy.com\\\/wp-content\\\/uploads\\\/2023\\\/06\\\/P-Dobosi-1.1.webp\",\"datePublished\":\"2023-06-14T14:16:33+00:00\",\"dateModified\":\"2024-07-05T11:37:44+00:00\",\"description\":\"Dobosi 1721 a csal\u00e1d hivatalos forr\u00e1sok szerint m\u00e1r az 1700-as \u00e9vekt\u0151l akt\u00edv szerepl\u0151je a falunak \u00e9s a helyi sz\u0151l\u0151 \u00e9s borkult\u00far\u00e1nak.\",\"breadcrumb\":{\"@id\":\"https:\\\/\\\/nivegy.com\\\/de\\\/termek\\\/weingutszentrum-dobosi-2\\\/#breadcrumb\"},\"inLanguage\":\"de\",\"potentialAction\":[{\"@type\":\"ReadAction\",\"target\":[\"https:\\\/\\\/nivegy.com\\\/de\\\/termek\\\/weingutszentrum-dobosi-2\\\/\"]}]},{\"@type\":\"ImageObject\",\"inLanguage\":\"de\",\"@id\":\"https:\\\/\\\/nivegy.com\\\/de\\\/termek\\\/weingutszentrum-dobosi-2\\\/#primaryimage\",\"url\":\"https:\\\/\\\/nivegy.com\\\/wp-content\\\/uploads\\\/2023\\\/06\\\/P-Dobosi-1.1.webp\",\"contentUrl\":\"https:\\\/\\\/nivegy.com\\\/wp-content\\\/uploads\\\/2023\\\/06\\\/P-Dobosi-1.1.webp\",\"width\":1000,\"height\":1000,\"caption\":\"Dobosi 1721 Property Centre\"},{\"@type\":\"BreadcrumbList\",\"@id\":\"https:\\\/\\\/nivegy.com\\\/de\\\/termek\\\/weingutszentrum-dobosi-2\\\/#breadcrumb\",\"itemListElement\":[{\"@type\":\"ListItem\",\"position\":1,\"name\":\"Kezd\u0151lap\",\"item\":\"https:\\\/\\\/nivegy.com\\\/de\\\/\"},{\"@type\":\"ListItem\",\"position\":2,\"name\":\"Weingutszentrum Dobosi\"}]},{\"@type\":\"WebSite\",\"@id\":\"https:\\\/\\\/nivegy.com\\\/#website\",\"url\":\"https:\\\/\\\/nivegy.com\\\/\",\"name\":\"Nivegy.com\",\"description\":\"Egy v\u00f6lgy, \u00f6t falu, v\u00e9gtelen csoda\",\"potentialAction\":[{\"@type\":\"SearchAction\",\"target\":{\"@type\":\"EntryPoint\",\"urlTemplate\":\"https:\\\/\\\/nivegy.com\\\/?s={search_term_string}\"},\"query-input\":{\"@type\":\"PropertyValueSpecification\",\"valueRequired\":true,\"valueName\":\"search_term_string\"}}],\"inLanguage\":\"de\"}]}<\/script>\n<!-- \/ Yoast SEO plugin. -->","yoast_head_json":{"title":"Dobosi 1721 - Nivegy.com","description":"Dobosi 1721 a csal\u00e1d hivatalos forr\u00e1sok szerint m\u00e1r az 1700-as \u00e9vekt\u0151l akt\u00edv szerepl\u0151je a falunak \u00e9s a helyi sz\u0151l\u0151 \u00e9s borkult\u00far\u00e1nak.","robots":{"index":"index","follow":"follow","max-snippet":"max-snippet:-1","max-image-preview":"max-image-preview:large","max-video-preview":"max-video-preview:-1"},"canonical":"https:\/\/nivegy.com\/de\/termek\/weingutszentrum-dobosi-2\/","og_locale":"de_DE","og_type":"article","og_title":"Dobosi 1721 - Nivegy.com","og_description":"Dobosi 1721 a csal\u00e1d hivatalos forr\u00e1sok szerint m\u00e1r az 1700-as \u00e9vekt\u0151l akt\u00edv szerepl\u0151je a falunak \u00e9s a helyi sz\u0151l\u0151 \u00e9s borkult\u00far\u00e1nak.","og_url":"https:\/\/nivegy.com\/de\/termek\/weingutszentrum-dobosi-2\/","og_site_name":"Nivegy.com","article_publisher":"https:\/\/www.facebook.com\/nivegy","article_modified_time":"2024-07-05T11:37:44+00:00","og_image":[{"width":1000,"height":1000,"url":"https:\/\/nivegy.com\/wp-content\/uploads\/2023\/06\/P-Dobosi-1.1.webp","type":"image\/webp"}],"twitter_card":"summary_large_image","twitter_misc":{"Gesch\u00e4tzte Lesezeit":"2\u00a0Minuten"},"schema":{"@context":"https:\/\/schema.org","@graph":[{"@type":"WebPage","@id":"https:\/\/nivegy.com\/de\/termek\/weingutszentrum-dobosi-2\/","url":"https:\/\/nivegy.com\/de\/termek\/weingutszentrum-dobosi-2\/","name":"Dobosi 1721 - Nivegy.com","isPartOf":{"@id":"https:\/\/nivegy.com\/#website"},"primaryImageOfPage":{"@id":"https:\/\/nivegy.com\/de\/termek\/weingutszentrum-dobosi-2\/#primaryimage"},"image":{"@id":"https:\/\/nivegy.com\/de\/termek\/weingutszentrum-dobosi-2\/#primaryimage"},"thumbnailUrl":"https:\/\/nivegy.com\/wp-content\/uploads\/2023\/06\/P-Dobosi-1.1.webp","datePublished":"2023-06-14T14:16:33+00:00","dateModified":"2024-07-05T11:37:44+00:00","description":"Dobosi 1721 a csal\u00e1d hivatalos forr\u00e1sok szerint m\u00e1r az 1700-as \u00e9vekt\u0151l akt\u00edv szerepl\u0151je a falunak \u00e9s a helyi sz\u0151l\u0151 \u00e9s borkult\u00far\u00e1nak.","breadcrumb":{"@id":"https:\/\/nivegy.com\/de\/termek\/weingutszentrum-dobosi-2\/#breadcrumb"},"inLanguage":"de","potentialAction":[{"@type":"ReadAction","target":["https:\/\/nivegy.com\/de\/termek\/weingutszentrum-dobosi-2\/"]}]},{"@type":"ImageObject","inLanguage":"de","@id":"https:\/\/nivegy.com\/de\/termek\/weingutszentrum-dobosi-2\/#primaryimage","url":"https:\/\/nivegy.com\/wp-content\/uploads\/2023\/06\/P-Dobosi-1.1.webp","contentUrl":"https:\/\/nivegy.com\/wp-content\/uploads\/2023\/06\/P-Dobosi-1.1.webp","width":1000,"height":1000,"caption":"Dobosi 1721 Property Centre"},{"@type":"BreadcrumbList","@id":"https:\/\/nivegy.com\/de\/termek\/weingutszentrum-dobosi-2\/#breadcrumb","itemListElement":[{"@type":"ListItem","position":1,"name":"Kezd\u0151lap","item":"https:\/\/nivegy.com\/de\/"},{"@type":"ListItem","position":2,"name":"Weingutszentrum Dobosi"}]},{"@type":"WebSite","@id":"https:\/\/nivegy.com\/#website","url":"https:\/\/nivegy.com\/","name":"Nivegy.com","description":"Egy v\u00f6lgy, \u00f6t falu, v\u00e9gtelen csoda","potentialAction":[{"@type":"SearchAction","target":{"@type":"EntryPoint","urlTemplate":"https:\/\/nivegy.com\/?s={search_term_string}"},"query-input":{"@type":"PropertyValueSpecification","valueRequired":true,"valueName":"search_term_string"}}],"inLanguage":"de"}]}},"_links":{"self":[{"href":"https:\/\/nivegy.com\/de\/wp-json\/wp\/v2\/product\/5646","targetHints":{"allow":["GET"]}}],"collection":[{"href":"https:\/\/nivegy.com\/de\/wp-json\/wp\/v2\/product"}],"about":[{"href":"https:\/\/nivegy.com\/de\/wp-json\/wp\/v2\/types\/product"}],"replies":[{"embeddable":true,"href":"https:\/\/nivegy.com\/de\/wp-json\/wp\/v2\/comments?post=5646"}],"wp:featuredmedia":[{"embeddable":true,"href":"https:\/\/nivegy.com\/de\/wp-json\/wp\/v2\/media\/3294"}],"wp:attachment":[{"href":"https:\/\/nivegy.com\/de\/wp-json\/wp\/v2\/media?parent=5646"}],"wp:term":[{"taxonomy":"product_brand","embeddable":true,"href":"https:\/\/nivegy.com\/de\/wp-json\/wp\/v2\/product_brand?post=5646"},{"taxonomy":"product_cat","embeddable":true,"href":"https:\/\/nivegy.com\/de\/wp-json\/wp\/v2\/product_cat?post=5646"},{"taxonomy":"product_tag","embeddable":true,"href":"https:\/\/nivegy.com\/de\/wp-json\/wp\/v2\/product_tag?post=5646"}],"curies":[{"name":"wp","href":"https:\/\/api.w.org\/{rel}","templated":true}]}}