{"id":5641,"date":"2024-06-21T13:30:07","date_gmt":"2024-06-21T13:30:07","guid":{"rendered":"https:\/\/nivegy.com\/?post_type=product&#038;p=5641"},"modified":"2024-06-29T12:42:04","modified_gmt":"2024-06-29T12:42:04","slug":"landhaus","status":"publish","type":"product","link":"https:\/\/nivegy.com\/de\/termek\/landhaus\/","title":{"rendered":"Landhaus"},"content":{"rendered":"<p><strong>Das Landhaus befindet sich im malerischen Nivegy-Tal im Balaton-Oberland. Es liegt in einem ruhigen Teil von <a href=\"https:\/\/maps.app.goo.gl\/v3sz7Bncbcc34kf27\">Tagyon<\/a>, in einem gro\u00dfen Garten in einer sch\u00f6nen l\u00e4ndlichen Umgebung.<\/strong><\/p>\n<p>Die Unterk\u00fcnfte \u2013 Appartements \u2013 befinden sich in den Geb\u00e4uden um den Garten herum. Das riesige, 1 Hektar gro\u00dfe Grundst\u00fcck bietet 5 Appartements f\u00fcr jeweils bis zu 32 G\u00e4ste.<\/p>\n<p>F\u00fcr einen entspannten Urlaub ist alles vorhanden: Stille, Ruhe, sch\u00f6ne Landschaft, gro\u00dfer Garten, Schwimmbecken, Grill und Feuerstellen, Rosen- und Lavendelb\u00fcsche, Gartenteich mit Goldfischen. Wer sich im Landhaus entspannen m\u00f6chte, den erwartet eine idyllische Umgebung. Hier kann man sich entspannen oder sogar spielen, aber es gibt auch die M\u00f6glichkeit f\u00fcr einen aktiveren Urlaub. Im Freien kann man Beachvolleyball und Badminton spielen oder in der Umgebung Radfahren, Laufen, Reiten und Wandern. Beliebte Ausflugsziele sind das nahe gelegene Hegyest\u0171 oder die historischen Keller, mittelalterlichen Kirchenruinen, Aussichtspunkte und Lavendelfelder in der Umgebung. Der Balaton ist nur 5 Minuten mit dem Auto entfernt.<\/p>\n<p>Im Garten gibt es ein Schwimmbecken, eine Sonnenterrasse, ein siebenb\u00fcrgisches Badefass, einen Whirlpool, einen Teich mit Blumen, eine Rosenlaube und eine Sommerk\u00fcche.<\/p>\n<p>F\u00fcr unsere G\u00e4ste k\u00f6nnen wir auch Fr\u00fchst\u00fcck bereitstellen, das im nahegelegenen <a href=\"https:\/\/nivegy.com\/de\/termek\/dns-fruehstuecksrestaurant\/\">DNS<\/a> eingenommen werden kann.<\/p>\n","protected":false},"excerpt":{"rendered":"<p>Das Landhaus befindet sich im malerischen Nivegy-Tal im Balaton-Oberland. Es liegt in einem ruhigen Teil von Tagyon, in einem gro\u00dfen Garten in einer sch\u00f6nen l\u00e4ndlichen Umgebung. Die Unterk\u00fcnfte \u2013 Appartements \u2013 befinden sich in den Geb\u00e4uden um den Garten herum. Das riesige, 1 Hektar gro\u00dfe Grundst\u00fcck bietet 5 Appartements f\u00fcr jeweils bis zu 32 G\u00e4ste. [&hellip;]<\/p>\n","protected":false},"featured_media":5527,"comment_status":"open","ping_status":"closed","template":"","meta":{"_acf_changed":false},"product_brand":[],"product_cat":[481],"product_tag":[],"class_list":{"0":"post-5641","1":"product","2":"type-product","3":"status-publish","4":"has-post-thumbnail","6":"product_cat-unterkunft","8":"first","9":"instock","10":"shipping-taxable","11":"product-type-simple"},"acf":[],"yoast_head":"<!-- This site is optimized with the Yoast SEO plugin v27.4 - https:\/\/yoast.com\/product\/yoast-seo-wordpress\/ -->\n<title>Landhaus - Nivegy.com<\/title>\n<meta name=\"description\" content=\"A Vid\u00e9ki H\u00e1z a Balaton-felvid\u00e9ken, a fest\u0151i sz\u00e9ps\u00e9g\u0171 Nivegy-v\u00f6lgyben tal\u00e1lhat\u00f3. Tagyon telep\u00fcl\u00e9s csendes r\u00e9sz\u00e9n, egy hatalmas kertben, gy\u00f6ny\u00f6r\u0171 ....\" \/>\n<meta name=\"robots\" content=\"index, follow, max-snippet:-1, max-image-preview:large, max-video-preview:-1\" \/>\n<link rel=\"canonical\" href=\"https:\/\/nivegy.com\/de\/termek\/landhaus\/\" \/>\n<meta property=\"og:locale\" content=\"de_DE\" \/>\n<meta property=\"og:type\" content=\"article\" \/>\n<meta property=\"og:title\" content=\"Landhaus - Nivegy.com\" \/>\n<meta property=\"og:description\" content=\"A Vid\u00e9ki H\u00e1z a Balaton-felvid\u00e9ken, a fest\u0151i sz\u00e9ps\u00e9g\u0171 Nivegy-v\u00f6lgyben tal\u00e1lhat\u00f3. Tagyon telep\u00fcl\u00e9s csendes r\u00e9sz\u00e9n, egy hatalmas kertben, gy\u00f6ny\u00f6r\u0171 ....\" \/>\n<meta property=\"og:url\" content=\"https:\/\/nivegy.com\/de\/termek\/landhaus\/\" \/>\n<meta property=\"og:site_name\" content=\"Nivegy.com\" \/>\n<meta property=\"article:publisher\" content=\"https:\/\/www.facebook.com\/nivegy\" \/>\n<meta property=\"article:modified_time\" content=\"2024-06-29T12:42:04+00:00\" \/>\n<meta property=\"og:image\" content=\"https:\/\/nivegy.com\/wp-content\/uploads\/2024\/05\/Videki-haz.webp\" \/>\n\t<meta property=\"og:image:width\" content=\"1000\" \/>\n\t<meta property=\"og:image:height\" content=\"1000\" \/>\n\t<meta property=\"og:image:type\" content=\"image\/webp\" \/>\n<meta name=\"twitter:card\" content=\"summary_large_image\" \/>\n<meta name=\"twitter:label1\" content=\"Gesch\u00e4tzte Lesezeit\" \/>\n\t<meta name=\"twitter:data1\" content=\"2\u00a0Minuten\" \/>\n<script type=\"application\/ld+json\" class=\"yoast-schema-graph\">{\"@context\":\"https:\\\/\\\/schema.org\",\"@graph\":[{\"@type\":\"WebPage\",\"@id\":\"https:\\\/\\\/nivegy.com\\\/de\\\/termek\\\/landhaus\\\/\",\"url\":\"https:\\\/\\\/nivegy.com\\\/de\\\/termek\\\/landhaus\\\/\",\"name\":\"Landhaus - Nivegy.com\",\"isPartOf\":{\"@id\":\"https:\\\/\\\/nivegy.com\\\/#website\"},\"primaryImageOfPage\":{\"@id\":\"https:\\\/\\\/nivegy.com\\\/de\\\/termek\\\/landhaus\\\/#primaryimage\"},\"image\":{\"@id\":\"https:\\\/\\\/nivegy.com\\\/de\\\/termek\\\/landhaus\\\/#primaryimage\"},\"thumbnailUrl\":\"https:\\\/\\\/nivegy.com\\\/wp-content\\\/uploads\\\/2024\\\/05\\\/Videki-haz.webp\",\"datePublished\":\"2024-06-21T13:30:07+00:00\",\"dateModified\":\"2024-06-29T12:42:04+00:00\",\"description\":\"A Vid\u00e9ki H\u00e1z a Balaton-felvid\u00e9ken, a fest\u0151i sz\u00e9ps\u00e9g\u0171 Nivegy-v\u00f6lgyben tal\u00e1lhat\u00f3. Tagyon telep\u00fcl\u00e9s csendes r\u00e9sz\u00e9n, egy hatalmas kertben, gy\u00f6ny\u00f6r\u0171 ....\",\"breadcrumb\":{\"@id\":\"https:\\\/\\\/nivegy.com\\\/de\\\/termek\\\/landhaus\\\/#breadcrumb\"},\"inLanguage\":\"de\",\"potentialAction\":[{\"@type\":\"ReadAction\",\"target\":[\"https:\\\/\\\/nivegy.com\\\/de\\\/termek\\\/landhaus\\\/\"]}]},{\"@type\":\"ImageObject\",\"inLanguage\":\"de\",\"@id\":\"https:\\\/\\\/nivegy.com\\\/de\\\/termek\\\/landhaus\\\/#primaryimage\",\"url\":\"https:\\\/\\\/nivegy.com\\\/wp-content\\\/uploads\\\/2024\\\/05\\\/Videki-haz.webp\",\"contentUrl\":\"https:\\\/\\\/nivegy.com\\\/wp-content\\\/uploads\\\/2024\\\/05\\\/Videki-haz.webp\",\"width\":1000,\"height\":1000,\"caption\":\"Vid\u00e9ki h\u00e1z\"},{\"@type\":\"BreadcrumbList\",\"@id\":\"https:\\\/\\\/nivegy.com\\\/de\\\/termek\\\/landhaus\\\/#breadcrumb\",\"itemListElement\":[{\"@type\":\"ListItem\",\"position\":1,\"name\":\"Kezd\u0151lap\",\"item\":\"https:\\\/\\\/nivegy.com\\\/de\\\/\"},{\"@type\":\"ListItem\",\"position\":2,\"name\":\"Landhaus\"}]},{\"@type\":\"WebSite\",\"@id\":\"https:\\\/\\\/nivegy.com\\\/#website\",\"url\":\"https:\\\/\\\/nivegy.com\\\/\",\"name\":\"Nivegy.com\",\"description\":\"Egy v\u00f6lgy, \u00f6t falu, v\u00e9gtelen csoda\",\"potentialAction\":[{\"@type\":\"SearchAction\",\"target\":{\"@type\":\"EntryPoint\",\"urlTemplate\":\"https:\\\/\\\/nivegy.com\\\/?s={search_term_string}\"},\"query-input\":{\"@type\":\"PropertyValueSpecification\",\"valueRequired\":true,\"valueName\":\"search_term_string\"}}],\"inLanguage\":\"de\"}]}<\/script>\n<!-- \/ Yoast SEO plugin. -->","yoast_head_json":{"title":"Landhaus - Nivegy.com","description":"A Vid\u00e9ki H\u00e1z a Balaton-felvid\u00e9ken, a fest\u0151i sz\u00e9ps\u00e9g\u0171 Nivegy-v\u00f6lgyben tal\u00e1lhat\u00f3. Tagyon telep\u00fcl\u00e9s csendes r\u00e9sz\u00e9n, egy hatalmas kertben, gy\u00f6ny\u00f6r\u0171 ....","robots":{"index":"index","follow":"follow","max-snippet":"max-snippet:-1","max-image-preview":"max-image-preview:large","max-video-preview":"max-video-preview:-1"},"canonical":"https:\/\/nivegy.com\/de\/termek\/landhaus\/","og_locale":"de_DE","og_type":"article","og_title":"Landhaus - Nivegy.com","og_description":"A Vid\u00e9ki H\u00e1z a Balaton-felvid\u00e9ken, a fest\u0151i sz\u00e9ps\u00e9g\u0171 Nivegy-v\u00f6lgyben tal\u00e1lhat\u00f3. Tagyon telep\u00fcl\u00e9s csendes r\u00e9sz\u00e9n, egy hatalmas kertben, gy\u00f6ny\u00f6r\u0171 ....","og_url":"https:\/\/nivegy.com\/de\/termek\/landhaus\/","og_site_name":"Nivegy.com","article_publisher":"https:\/\/www.facebook.com\/nivegy","article_modified_time":"2024-06-29T12:42:04+00:00","og_image":[{"width":1000,"height":1000,"url":"https:\/\/nivegy.com\/wp-content\/uploads\/2024\/05\/Videki-haz.webp","type":"image\/webp"}],"twitter_card":"summary_large_image","twitter_misc":{"Gesch\u00e4tzte Lesezeit":"2\u00a0Minuten"},"schema":{"@context":"https:\/\/schema.org","@graph":[{"@type":"WebPage","@id":"https:\/\/nivegy.com\/de\/termek\/landhaus\/","url":"https:\/\/nivegy.com\/de\/termek\/landhaus\/","name":"Landhaus - Nivegy.com","isPartOf":{"@id":"https:\/\/nivegy.com\/#website"},"primaryImageOfPage":{"@id":"https:\/\/nivegy.com\/de\/termek\/landhaus\/#primaryimage"},"image":{"@id":"https:\/\/nivegy.com\/de\/termek\/landhaus\/#primaryimage"},"thumbnailUrl":"https:\/\/nivegy.com\/wp-content\/uploads\/2024\/05\/Videki-haz.webp","datePublished":"2024-06-21T13:30:07+00:00","dateModified":"2024-06-29T12:42:04+00:00","description":"A Vid\u00e9ki H\u00e1z a Balaton-felvid\u00e9ken, a fest\u0151i sz\u00e9ps\u00e9g\u0171 Nivegy-v\u00f6lgyben tal\u00e1lhat\u00f3. Tagyon telep\u00fcl\u00e9s csendes r\u00e9sz\u00e9n, egy hatalmas kertben, gy\u00f6ny\u00f6r\u0171 ....","breadcrumb":{"@id":"https:\/\/nivegy.com\/de\/termek\/landhaus\/#breadcrumb"},"inLanguage":"de","potentialAction":[{"@type":"ReadAction","target":["https:\/\/nivegy.com\/de\/termek\/landhaus\/"]}]},{"@type":"ImageObject","inLanguage":"de","@id":"https:\/\/nivegy.com\/de\/termek\/landhaus\/#primaryimage","url":"https:\/\/nivegy.com\/wp-content\/uploads\/2024\/05\/Videki-haz.webp","contentUrl":"https:\/\/nivegy.com\/wp-content\/uploads\/2024\/05\/Videki-haz.webp","width":1000,"height":1000,"caption":"Vid\u00e9ki h\u00e1z"},{"@type":"BreadcrumbList","@id":"https:\/\/nivegy.com\/de\/termek\/landhaus\/#breadcrumb","itemListElement":[{"@type":"ListItem","position":1,"name":"Kezd\u0151lap","item":"https:\/\/nivegy.com\/de\/"},{"@type":"ListItem","position":2,"name":"Landhaus"}]},{"@type":"WebSite","@id":"https:\/\/nivegy.com\/#website","url":"https:\/\/nivegy.com\/","name":"Nivegy.com","description":"Egy v\u00f6lgy, \u00f6t falu, v\u00e9gtelen csoda","potentialAction":[{"@type":"SearchAction","target":{"@type":"EntryPoint","urlTemplate":"https:\/\/nivegy.com\/?s={search_term_string}"},"query-input":{"@type":"PropertyValueSpecification","valueRequired":true,"valueName":"search_term_string"}}],"inLanguage":"de"}]}},"_links":{"self":[{"href":"https:\/\/nivegy.com\/de\/wp-json\/wp\/v2\/product\/5641","targetHints":{"allow":["GET"]}}],"collection":[{"href":"https:\/\/nivegy.com\/de\/wp-json\/wp\/v2\/product"}],"about":[{"href":"https:\/\/nivegy.com\/de\/wp-json\/wp\/v2\/types\/product"}],"replies":[{"embeddable":true,"href":"https:\/\/nivegy.com\/de\/wp-json\/wp\/v2\/comments?post=5641"}],"wp:featuredmedia":[{"embeddable":true,"href":"https:\/\/nivegy.com\/de\/wp-json\/wp\/v2\/media\/5527"}],"wp:attachment":[{"href":"https:\/\/nivegy.com\/de\/wp-json\/wp\/v2\/media?parent=5641"}],"wp:term":[{"taxonomy":"product_brand","embeddable":true,"href":"https:\/\/nivegy.com\/de\/wp-json\/wp\/v2\/product_brand?post=5641"},{"taxonomy":"product_cat","embeddable":true,"href":"https:\/\/nivegy.com\/de\/wp-json\/wp\/v2\/product_cat?post=5641"},{"taxonomy":"product_tag","embeddable":true,"href":"https:\/\/nivegy.com\/de\/wp-json\/wp\/v2\/product_tag?post=5641"}],"curies":[{"name":"wp","href":"https:\/\/api.w.org\/{rel}","templated":true}]}}