{"id":5640,"date":"2023-06-14T15:34:31","date_gmt":"2023-06-14T15:34:31","guid":{"rendered":"https:\/\/nivegy.com\/?post_type=product&#038;p=5640"},"modified":"2024-06-29T12:23:47","modified_gmt":"2024-06-29T12:23:47","slug":"soma-weinkellerei","status":"publish","type":"product","link":"https:\/\/nivegy.com\/de\/termek\/soma-weinkellerei\/","title":{"rendered":"Weinkellerei Soma"},"content":{"rendered":"<p><strong>Die Weinherstellung in der <a href=\"https:\/\/weingutsoma.de\/\">Familie<\/a> S\u00f3lyom reicht \u00fcber mehrere Generationen bis in die Zeit von K\u00f6nig Matthias Corvinus zur\u00fcck. <\/strong>Den Geschmack der G\u00e4ste zu treffen ist f\u00fcr sie das Wichtigste.<strong> Die Weinkellerei Soma stellt nicht nur Weine aus verschiedenen Rebsorten her, sondern bietet auch eine Auswahl an Jahrg\u00e4ngen und Geschmacksharmonien. <\/strong><\/p>\n<p>Die Weine werden nach traditioneller Art und Weise hergestellt, die vom Vater auf den Sohn \u00fcbertragen wurde. Diese S\u00fc\u00dfweine werden ausschlie\u00dflich mit Most ges\u00fc\u00dft und die Erhaltung des Restzuckergehalts wird als eine gro\u00dfe Tugend angesehen.<\/p>\n<h4>Weingut<\/h4>\n<p>Im Keller sind fast alle Weinsorten, von trocken bis s\u00fc\u00df, aus mehreren Jahrg\u00e4ngen zu finden. Liebhaber von S\u00fc\u00dfweinen k\u00f6nnen in der Kellerei ein breites Angebot an Dessertweinen und Weinspezialit\u00e4ten genie\u00dfen.<\/p>\n<p>Die Weinkellerei Soma befindet sich im Nivegy-Tal, oberhalb von Szentantalfa auf dem Weinbaugebiet von Mocs\u00e1r, von wo aus man einen wundersch\u00f6nen Blick auf den Balaton genie\u00dfen kann. G\u00e4ste k\u00f6nnen die Kellerei mit dem Auto problemlos erreichen.<\/p>\n<h4>Weinauswahl<\/h4>\n<p>Cabernet Sauvignon, Chardonnay, Juhfark, Blaufr\u00e4nkisch, K\u00e9knyel\u0171, Welschriesling, Riesling<\/p>\n","protected":false},"excerpt":{"rendered":"<p>Die Weinherstellung in der Familie S\u00f3lyom reicht \u00fcber mehrere Generationen bis in die Zeit von K\u00f6nig Matthias Corvinus zur\u00fcck. Den Geschmack der G\u00e4ste zu treffen ist f\u00fcr sie das Wichtigste. Die Weinkellerei Soma stellt nicht nur Weine aus verschiedenen Rebsorten her, sondern bietet auch eine Auswahl an Jahrg\u00e4ngen und Geschmacksharmonien. Die Weine werden nach traditioneller [&hellip;]<\/p>\n","protected":false},"featured_media":3300,"comment_status":"closed","ping_status":"closed","template":"","meta":{"_acf_changed":false},"product_brand":[],"product_cat":[480],"product_tag":[],"class_list":{"0":"post-5640","1":"product","2":"type-product","3":"status-publish","4":"has-post-thumbnail","6":"product_cat-keller","8":"first","9":"instock","10":"shipping-taxable","11":"product-type-simple"},"acf":[],"yoast_head":"<!-- This site is optimized with the Yoast SEO plugin v27.4 - https:\/\/yoast.com\/product\/yoast-seo-wordpress\/ -->\n<title>Soma Weinkellerei - Nivegy.com<\/title>\n<meta name=\"description\" content=\"Die Weinkellerei Soma befindet sich im Nivegy-Tal, oberhalb von Szentantalfa auf dem Weinbaugebiet von Mocs\u00e1r, von wo aus man einen wundersch\u00f6nen Blick ...\" \/>\n<meta name=\"robots\" content=\"index, follow, max-snippet:-1, max-image-preview:large, max-video-preview:-1\" \/>\n<link rel=\"canonical\" href=\"https:\/\/nivegy.com\/de\/termek\/soma-weinkellerei\/\" \/>\n<meta property=\"og:locale\" content=\"de_DE\" \/>\n<meta property=\"og:type\" content=\"article\" \/>\n<meta property=\"og:title\" content=\"Soma Weinkellerei - Nivegy.com\" \/>\n<meta property=\"og:description\" content=\"Die Weinkellerei Soma befindet sich im Nivegy-Tal, oberhalb von Szentantalfa auf dem Weinbaugebiet von Mocs\u00e1r, von wo aus man einen wundersch\u00f6nen Blick ...\" \/>\n<meta property=\"og:url\" content=\"https:\/\/nivegy.com\/de\/termek\/soma-weinkellerei\/\" \/>\n<meta property=\"og:site_name\" content=\"Nivegy.com\" \/>\n<meta property=\"article:publisher\" content=\"https:\/\/www.facebook.com\/nivegy\" \/>\n<meta property=\"article:modified_time\" content=\"2024-06-29T12:23:47+00:00\" \/>\n<meta property=\"og:image\" content=\"https:\/\/nivegy.com\/wp-content\/uploads\/2023\/06\/P-Soma-Borpince.webp\" \/>\n\t<meta property=\"og:image:width\" content=\"1000\" \/>\n\t<meta property=\"og:image:height\" content=\"1000\" \/>\n\t<meta property=\"og:image:type\" content=\"image\/webp\" \/>\n<meta name=\"twitter:card\" content=\"summary_large_image\" \/>\n<meta name=\"twitter:label1\" content=\"Gesch\u00e4tzte Lesezeit\" \/>\n\t<meta name=\"twitter:data1\" content=\"2\u00a0Minuten\" \/>\n<script type=\"application\/ld+json\" class=\"yoast-schema-graph\">{\"@context\":\"https:\\\/\\\/schema.org\",\"@graph\":[{\"@type\":\"WebPage\",\"@id\":\"https:\\\/\\\/nivegy.com\\\/de\\\/termek\\\/soma-weinkellerei\\\/\",\"url\":\"https:\\\/\\\/nivegy.com\\\/de\\\/termek\\\/soma-weinkellerei\\\/\",\"name\":\"Soma Weinkellerei - Nivegy.com\",\"isPartOf\":{\"@id\":\"https:\\\/\\\/nivegy.com\\\/#website\"},\"primaryImageOfPage\":{\"@id\":\"https:\\\/\\\/nivegy.com\\\/de\\\/termek\\\/soma-weinkellerei\\\/#primaryimage\"},\"image\":{\"@id\":\"https:\\\/\\\/nivegy.com\\\/de\\\/termek\\\/soma-weinkellerei\\\/#primaryimage\"},\"thumbnailUrl\":\"https:\\\/\\\/nivegy.com\\\/wp-content\\\/uploads\\\/2023\\\/06\\\/P-Soma-Borpince.webp\",\"datePublished\":\"2023-06-14T15:34:31+00:00\",\"dateModified\":\"2024-06-29T12:23:47+00:00\",\"description\":\"Die Weinkellerei Soma befindet sich im Nivegy-Tal, oberhalb von Szentantalfa auf dem Weinbaugebiet von Mocs\u00e1r, von wo aus man einen wundersch\u00f6nen Blick ...\",\"breadcrumb\":{\"@id\":\"https:\\\/\\\/nivegy.com\\\/de\\\/termek\\\/soma-weinkellerei\\\/#breadcrumb\"},\"inLanguage\":\"de\",\"potentialAction\":[{\"@type\":\"ReadAction\",\"target\":[\"https:\\\/\\\/nivegy.com\\\/de\\\/termek\\\/soma-weinkellerei\\\/\"]}]},{\"@type\":\"ImageObject\",\"inLanguage\":\"de\",\"@id\":\"https:\\\/\\\/nivegy.com\\\/de\\\/termek\\\/soma-weinkellerei\\\/#primaryimage\",\"url\":\"https:\\\/\\\/nivegy.com\\\/wp-content\\\/uploads\\\/2023\\\/06\\\/P-Soma-Borpince.webp\",\"contentUrl\":\"https:\\\/\\\/nivegy.com\\\/wp-content\\\/uploads\\\/2023\\\/06\\\/P-Soma-Borpince.webp\",\"width\":1000,\"height\":1000,\"caption\":\"Soma Borpince\"},{\"@type\":\"BreadcrumbList\",\"@id\":\"https:\\\/\\\/nivegy.com\\\/de\\\/termek\\\/soma-weinkellerei\\\/#breadcrumb\",\"itemListElement\":[{\"@type\":\"ListItem\",\"position\":1,\"name\":\"Kezd\u0151lap\",\"item\":\"https:\\\/\\\/nivegy.com\\\/de\\\/\"},{\"@type\":\"ListItem\",\"position\":2,\"name\":\"Weinkellerei Soma\"}]},{\"@type\":\"WebSite\",\"@id\":\"https:\\\/\\\/nivegy.com\\\/#website\",\"url\":\"https:\\\/\\\/nivegy.com\\\/\",\"name\":\"Nivegy.com\",\"description\":\"Egy v\u00f6lgy, \u00f6t falu, v\u00e9gtelen csoda\",\"potentialAction\":[{\"@type\":\"SearchAction\",\"target\":{\"@type\":\"EntryPoint\",\"urlTemplate\":\"https:\\\/\\\/nivegy.com\\\/?s={search_term_string}\"},\"query-input\":{\"@type\":\"PropertyValueSpecification\",\"valueRequired\":true,\"valueName\":\"search_term_string\"}}],\"inLanguage\":\"de\"}]}<\/script>\n<!-- \/ Yoast SEO plugin. -->","yoast_head_json":{"title":"Soma Weinkellerei - Nivegy.com","description":"Die Weinkellerei Soma befindet sich im Nivegy-Tal, oberhalb von Szentantalfa auf dem Weinbaugebiet von Mocs\u00e1r, von wo aus man einen wundersch\u00f6nen Blick ...","robots":{"index":"index","follow":"follow","max-snippet":"max-snippet:-1","max-image-preview":"max-image-preview:large","max-video-preview":"max-video-preview:-1"},"canonical":"https:\/\/nivegy.com\/de\/termek\/soma-weinkellerei\/","og_locale":"de_DE","og_type":"article","og_title":"Soma Weinkellerei - Nivegy.com","og_description":"Die Weinkellerei Soma befindet sich im Nivegy-Tal, oberhalb von Szentantalfa auf dem Weinbaugebiet von Mocs\u00e1r, von wo aus man einen wundersch\u00f6nen Blick ...","og_url":"https:\/\/nivegy.com\/de\/termek\/soma-weinkellerei\/","og_site_name":"Nivegy.com","article_publisher":"https:\/\/www.facebook.com\/nivegy","article_modified_time":"2024-06-29T12:23:47+00:00","og_image":[{"width":1000,"height":1000,"url":"https:\/\/nivegy.com\/wp-content\/uploads\/2023\/06\/P-Soma-Borpince.webp","type":"image\/webp"}],"twitter_card":"summary_large_image","twitter_misc":{"Gesch\u00e4tzte Lesezeit":"2\u00a0Minuten"},"schema":{"@context":"https:\/\/schema.org","@graph":[{"@type":"WebPage","@id":"https:\/\/nivegy.com\/de\/termek\/soma-weinkellerei\/","url":"https:\/\/nivegy.com\/de\/termek\/soma-weinkellerei\/","name":"Soma Weinkellerei - Nivegy.com","isPartOf":{"@id":"https:\/\/nivegy.com\/#website"},"primaryImageOfPage":{"@id":"https:\/\/nivegy.com\/de\/termek\/soma-weinkellerei\/#primaryimage"},"image":{"@id":"https:\/\/nivegy.com\/de\/termek\/soma-weinkellerei\/#primaryimage"},"thumbnailUrl":"https:\/\/nivegy.com\/wp-content\/uploads\/2023\/06\/P-Soma-Borpince.webp","datePublished":"2023-06-14T15:34:31+00:00","dateModified":"2024-06-29T12:23:47+00:00","description":"Die Weinkellerei Soma befindet sich im Nivegy-Tal, oberhalb von Szentantalfa auf dem Weinbaugebiet von Mocs\u00e1r, von wo aus man einen wundersch\u00f6nen Blick ...","breadcrumb":{"@id":"https:\/\/nivegy.com\/de\/termek\/soma-weinkellerei\/#breadcrumb"},"inLanguage":"de","potentialAction":[{"@type":"ReadAction","target":["https:\/\/nivegy.com\/de\/termek\/soma-weinkellerei\/"]}]},{"@type":"ImageObject","inLanguage":"de","@id":"https:\/\/nivegy.com\/de\/termek\/soma-weinkellerei\/#primaryimage","url":"https:\/\/nivegy.com\/wp-content\/uploads\/2023\/06\/P-Soma-Borpince.webp","contentUrl":"https:\/\/nivegy.com\/wp-content\/uploads\/2023\/06\/P-Soma-Borpince.webp","width":1000,"height":1000,"caption":"Soma Borpince"},{"@type":"BreadcrumbList","@id":"https:\/\/nivegy.com\/de\/termek\/soma-weinkellerei\/#breadcrumb","itemListElement":[{"@type":"ListItem","position":1,"name":"Kezd\u0151lap","item":"https:\/\/nivegy.com\/de\/"},{"@type":"ListItem","position":2,"name":"Weinkellerei Soma"}]},{"@type":"WebSite","@id":"https:\/\/nivegy.com\/#website","url":"https:\/\/nivegy.com\/","name":"Nivegy.com","description":"Egy v\u00f6lgy, \u00f6t falu, v\u00e9gtelen csoda","potentialAction":[{"@type":"SearchAction","target":{"@type":"EntryPoint","urlTemplate":"https:\/\/nivegy.com\/?s={search_term_string}"},"query-input":{"@type":"PropertyValueSpecification","valueRequired":true,"valueName":"search_term_string"}}],"inLanguage":"de"}]}},"_links":{"self":[{"href":"https:\/\/nivegy.com\/de\/wp-json\/wp\/v2\/product\/5640","targetHints":{"allow":["GET"]}}],"collection":[{"href":"https:\/\/nivegy.com\/de\/wp-json\/wp\/v2\/product"}],"about":[{"href":"https:\/\/nivegy.com\/de\/wp-json\/wp\/v2\/types\/product"}],"replies":[{"embeddable":true,"href":"https:\/\/nivegy.com\/de\/wp-json\/wp\/v2\/comments?post=5640"}],"wp:featuredmedia":[{"embeddable":true,"href":"https:\/\/nivegy.com\/de\/wp-json\/wp\/v2\/media\/3300"}],"wp:attachment":[{"href":"https:\/\/nivegy.com\/de\/wp-json\/wp\/v2\/media?parent=5640"}],"wp:term":[{"taxonomy":"product_brand","embeddable":true,"href":"https:\/\/nivegy.com\/de\/wp-json\/wp\/v2\/product_brand?post=5640"},{"taxonomy":"product_cat","embeddable":true,"href":"https:\/\/nivegy.com\/de\/wp-json\/wp\/v2\/product_cat?post=5640"},{"taxonomy":"product_tag","embeddable":true,"href":"https:\/\/nivegy.com\/de\/wp-json\/wp\/v2\/product_tag?post=5640"}],"curies":[{"name":"wp","href":"https:\/\/api.w.org\/{rel}","templated":true}]}}