{"id":5638,"date":"2023-06-14T13:27:27","date_gmt":"2023-06-14T13:27:27","guid":{"rendered":"https:\/\/nivegy.com\/?post_type=product&#038;p=5638"},"modified":"2024-06-29T10:02:29","modified_gmt":"2024-06-29T10:02:29","slug":"tanczos-kellerei","status":"publish","type":"product","link":"https:\/\/nivegy.com\/de\/termek\/tanczos-kellerei\/","title":{"rendered":"Kellerei T\u00e1nczos"},"content":{"rendered":"<p><strong>Die Kellerei T\u00e1nczos befindet sich in der Weinregion Balatonf\u00fcred-Csopak. Sie liegt im malerischen Nivegy-Tal mit herausragenden Eigenschaften zwischen Z\u00e1nka und Nagyv\u00e1zsony. <\/strong>Als begeistertes Familienweingut vertritt es die Philosophie, dass nichts besser ist als das Echte, nichts sch\u00f6ner als das Nat\u00fcrliche.<\/p>\n<p>Dementsprechend betrachtet die Kellerei den Anbau von qualitativ hochwertigen, chemiefreien Trauben als ihre wichtigste Aufgabe. Sie arbeitet mit traubeneigenen Hefen. Sie sehen ihre <a href=\"https:\/\/tanczospince.hu\/online-bolt\/\">Weine<\/a> als Werke, die bereits bei der Ernte feststehen, sich jedoch noch im Entstehungsprozess befinden und die sie von ihrer besten Seite zeigen wollen. Bei dieser Arbeit wollen sie sich Jahr f\u00fcr Jahr weiterentwickeln, st\u00e4ndig dazulernen und moderne Technologien im Einklang mit ihrer Philosophie einsetzen.<\/p>\n<p>Die Kellerei T\u00e1nczos arbeitet auf 5 Hektar im Weinbaugebiet des Tagyon-Berges. Ihr Ziel ist es, eine nachhaltige Weinkellerei aufzubauen und zu versch\u00f6nern, die sich ihrer Verantwortung gegen\u00fcber den nat\u00fcrlichen Werten und den Verbrauchern bewusst ist, und immer sch\u00f6nere Weine zur Freude von allen zu produzieren.<\/p>\n<h4>Weinauswahl<\/h4>\n<p>Cabernet Franc, Furmint, Blaufr\u00e4nkisch, Welschriesling, Riesling, Zeng\u0151, Zenit<\/p>\n","protected":false},"excerpt":{"rendered":"<p>Die Kellerei T\u00e1nczos befindet sich in der Weinregion Balatonf\u00fcred-Csopak. Sie liegt im malerischen Nivegy-Tal mit herausragenden Eigenschaften zwischen Z\u00e1nka und Nagyv\u00e1zsony. Als begeistertes Familienweingut vertritt es die Philosophie, dass nichts besser ist als das Echte, nichts sch\u00f6ner als das Nat\u00fcrliche. Dementsprechend betrachtet die Kellerei den Anbau von qualitativ hochwertigen, chemiefreien Trauben als ihre wichtigste Aufgabe. [&hellip;]<\/p>\n","protected":false},"featured_media":3302,"comment_status":"closed","ping_status":"closed","template":"","meta":{"_acf_changed":false},"product_brand":[],"product_cat":[480],"product_tag":[],"class_list":{"0":"post-5638","1":"product","2":"type-product","3":"status-publish","4":"has-post-thumbnail","6":"product_cat-keller","8":"first","9":"instock","10":"shipping-taxable","11":"product-type-simple"},"acf":[],"yoast_head":"<!-- This site is optimized with the Yoast SEO plugin v27.4 - https:\/\/yoast.com\/product\/yoast-seo-wordpress\/ -->\n<title>T\u00e1nczos Kellerei - Nivegy.com<\/title>\n<meta name=\"description\" content=\"Die Kellerei T\u00e1nczos befindet sich in der Weinregion Balatonf\u00fcred-Csopak. Sie liegt im malerischen Nivegy-Tal mit herausragenden Eigenschaften zwischen ...\" \/>\n<meta name=\"robots\" content=\"index, follow, max-snippet:-1, max-image-preview:large, max-video-preview:-1\" \/>\n<link rel=\"canonical\" href=\"https:\/\/nivegy.com\/de\/termek\/tanczos-kellerei\/\" \/>\n<meta property=\"og:locale\" content=\"de_DE\" \/>\n<meta property=\"og:type\" content=\"article\" \/>\n<meta property=\"og:title\" content=\"T\u00e1nczos Kellerei - Nivegy.com\" \/>\n<meta property=\"og:description\" content=\"Die Kellerei T\u00e1nczos befindet sich in der Weinregion Balatonf\u00fcred-Csopak. Sie liegt im malerischen Nivegy-Tal mit herausragenden Eigenschaften zwischen ...\" \/>\n<meta property=\"og:url\" content=\"https:\/\/nivegy.com\/de\/termek\/tanczos-kellerei\/\" \/>\n<meta property=\"og:site_name\" content=\"Nivegy.com\" \/>\n<meta property=\"article:publisher\" content=\"https:\/\/www.facebook.com\/nivegy\" \/>\n<meta property=\"article:modified_time\" content=\"2024-06-29T10:02:29+00:00\" \/>\n<meta property=\"og:image\" content=\"https:\/\/nivegy.com\/wp-content\/uploads\/2023\/06\/P-Tanczos.webp\" \/>\n\t<meta property=\"og:image:width\" content=\"1000\" \/>\n\t<meta property=\"og:image:height\" content=\"1000\" \/>\n\t<meta property=\"og:image:type\" content=\"image\/webp\" \/>\n<meta name=\"twitter:card\" content=\"summary_large_image\" \/>\n<meta name=\"twitter:label1\" content=\"Gesch\u00e4tzte Lesezeit\" \/>\n\t<meta name=\"twitter:data1\" content=\"2\u00a0Minuten\" \/>\n<script type=\"application\/ld+json\" class=\"yoast-schema-graph\">{\"@context\":\"https:\\\/\\\/schema.org\",\"@graph\":[{\"@type\":\"WebPage\",\"@id\":\"https:\\\/\\\/nivegy.com\\\/de\\\/termek\\\/tanczos-kellerei\\\/\",\"url\":\"https:\\\/\\\/nivegy.com\\\/de\\\/termek\\\/tanczos-kellerei\\\/\",\"name\":\"T\u00e1nczos Kellerei - Nivegy.com\",\"isPartOf\":{\"@id\":\"https:\\\/\\\/nivegy.com\\\/#website\"},\"primaryImageOfPage\":{\"@id\":\"https:\\\/\\\/nivegy.com\\\/de\\\/termek\\\/tanczos-kellerei\\\/#primaryimage\"},\"image\":{\"@id\":\"https:\\\/\\\/nivegy.com\\\/de\\\/termek\\\/tanczos-kellerei\\\/#primaryimage\"},\"thumbnailUrl\":\"https:\\\/\\\/nivegy.com\\\/wp-content\\\/uploads\\\/2023\\\/06\\\/P-Tanczos.webp\",\"datePublished\":\"2023-06-14T13:27:27+00:00\",\"dateModified\":\"2024-06-29T10:02:29+00:00\",\"description\":\"Die Kellerei T\u00e1nczos befindet sich in der Weinregion Balatonf\u00fcred-Csopak. Sie liegt im malerischen Nivegy-Tal mit herausragenden Eigenschaften zwischen ...\",\"breadcrumb\":{\"@id\":\"https:\\\/\\\/nivegy.com\\\/de\\\/termek\\\/tanczos-kellerei\\\/#breadcrumb\"},\"inLanguage\":\"de\",\"potentialAction\":[{\"@type\":\"ReadAction\",\"target\":[\"https:\\\/\\\/nivegy.com\\\/de\\\/termek\\\/tanczos-kellerei\\\/\"]}]},{\"@type\":\"ImageObject\",\"inLanguage\":\"de\",\"@id\":\"https:\\\/\\\/nivegy.com\\\/de\\\/termek\\\/tanczos-kellerei\\\/#primaryimage\",\"url\":\"https:\\\/\\\/nivegy.com\\\/wp-content\\\/uploads\\\/2023\\\/06\\\/P-Tanczos.webp\",\"contentUrl\":\"https:\\\/\\\/nivegy.com\\\/wp-content\\\/uploads\\\/2023\\\/06\\\/P-Tanczos.webp\",\"width\":1000,\"height\":1000,\"caption\":\"T\u00e1nczos Pince T\u00e1nczos Winery\"},{\"@type\":\"BreadcrumbList\",\"@id\":\"https:\\\/\\\/nivegy.com\\\/de\\\/termek\\\/tanczos-kellerei\\\/#breadcrumb\",\"itemListElement\":[{\"@type\":\"ListItem\",\"position\":1,\"name\":\"Kezd\u0151lap\",\"item\":\"https:\\\/\\\/nivegy.com\\\/de\\\/\"},{\"@type\":\"ListItem\",\"position\":2,\"name\":\"Kellerei T\u00e1nczos\"}]},{\"@type\":\"WebSite\",\"@id\":\"https:\\\/\\\/nivegy.com\\\/#website\",\"url\":\"https:\\\/\\\/nivegy.com\\\/\",\"name\":\"Nivegy.com\",\"description\":\"Egy v\u00f6lgy, \u00f6t falu, v\u00e9gtelen csoda\",\"potentialAction\":[{\"@type\":\"SearchAction\",\"target\":{\"@type\":\"EntryPoint\",\"urlTemplate\":\"https:\\\/\\\/nivegy.com\\\/?s={search_term_string}\"},\"query-input\":{\"@type\":\"PropertyValueSpecification\",\"valueRequired\":true,\"valueName\":\"search_term_string\"}}],\"inLanguage\":\"de\"}]}<\/script>\n<!-- \/ Yoast SEO plugin. -->","yoast_head_json":{"title":"T\u00e1nczos Kellerei - Nivegy.com","description":"Die Kellerei T\u00e1nczos befindet sich in der Weinregion Balatonf\u00fcred-Csopak. Sie liegt im malerischen Nivegy-Tal mit herausragenden Eigenschaften zwischen ...","robots":{"index":"index","follow":"follow","max-snippet":"max-snippet:-1","max-image-preview":"max-image-preview:large","max-video-preview":"max-video-preview:-1"},"canonical":"https:\/\/nivegy.com\/de\/termek\/tanczos-kellerei\/","og_locale":"de_DE","og_type":"article","og_title":"T\u00e1nczos Kellerei - Nivegy.com","og_description":"Die Kellerei T\u00e1nczos befindet sich in der Weinregion Balatonf\u00fcred-Csopak. Sie liegt im malerischen Nivegy-Tal mit herausragenden Eigenschaften zwischen ...","og_url":"https:\/\/nivegy.com\/de\/termek\/tanczos-kellerei\/","og_site_name":"Nivegy.com","article_publisher":"https:\/\/www.facebook.com\/nivegy","article_modified_time":"2024-06-29T10:02:29+00:00","og_image":[{"width":1000,"height":1000,"url":"https:\/\/nivegy.com\/wp-content\/uploads\/2023\/06\/P-Tanczos.webp","type":"image\/webp"}],"twitter_card":"summary_large_image","twitter_misc":{"Gesch\u00e4tzte Lesezeit":"2\u00a0Minuten"},"schema":{"@context":"https:\/\/schema.org","@graph":[{"@type":"WebPage","@id":"https:\/\/nivegy.com\/de\/termek\/tanczos-kellerei\/","url":"https:\/\/nivegy.com\/de\/termek\/tanczos-kellerei\/","name":"T\u00e1nczos Kellerei - Nivegy.com","isPartOf":{"@id":"https:\/\/nivegy.com\/#website"},"primaryImageOfPage":{"@id":"https:\/\/nivegy.com\/de\/termek\/tanczos-kellerei\/#primaryimage"},"image":{"@id":"https:\/\/nivegy.com\/de\/termek\/tanczos-kellerei\/#primaryimage"},"thumbnailUrl":"https:\/\/nivegy.com\/wp-content\/uploads\/2023\/06\/P-Tanczos.webp","datePublished":"2023-06-14T13:27:27+00:00","dateModified":"2024-06-29T10:02:29+00:00","description":"Die Kellerei T\u00e1nczos befindet sich in der Weinregion Balatonf\u00fcred-Csopak. Sie liegt im malerischen Nivegy-Tal mit herausragenden Eigenschaften zwischen ...","breadcrumb":{"@id":"https:\/\/nivegy.com\/de\/termek\/tanczos-kellerei\/#breadcrumb"},"inLanguage":"de","potentialAction":[{"@type":"ReadAction","target":["https:\/\/nivegy.com\/de\/termek\/tanczos-kellerei\/"]}]},{"@type":"ImageObject","inLanguage":"de","@id":"https:\/\/nivegy.com\/de\/termek\/tanczos-kellerei\/#primaryimage","url":"https:\/\/nivegy.com\/wp-content\/uploads\/2023\/06\/P-Tanczos.webp","contentUrl":"https:\/\/nivegy.com\/wp-content\/uploads\/2023\/06\/P-Tanczos.webp","width":1000,"height":1000,"caption":"T\u00e1nczos Pince T\u00e1nczos Winery"},{"@type":"BreadcrumbList","@id":"https:\/\/nivegy.com\/de\/termek\/tanczos-kellerei\/#breadcrumb","itemListElement":[{"@type":"ListItem","position":1,"name":"Kezd\u0151lap","item":"https:\/\/nivegy.com\/de\/"},{"@type":"ListItem","position":2,"name":"Kellerei T\u00e1nczos"}]},{"@type":"WebSite","@id":"https:\/\/nivegy.com\/#website","url":"https:\/\/nivegy.com\/","name":"Nivegy.com","description":"Egy v\u00f6lgy, \u00f6t falu, v\u00e9gtelen csoda","potentialAction":[{"@type":"SearchAction","target":{"@type":"EntryPoint","urlTemplate":"https:\/\/nivegy.com\/?s={search_term_string}"},"query-input":{"@type":"PropertyValueSpecification","valueRequired":true,"valueName":"search_term_string"}}],"inLanguage":"de"}]}},"_links":{"self":[{"href":"https:\/\/nivegy.com\/de\/wp-json\/wp\/v2\/product\/5638","targetHints":{"allow":["GET"]}}],"collection":[{"href":"https:\/\/nivegy.com\/de\/wp-json\/wp\/v2\/product"}],"about":[{"href":"https:\/\/nivegy.com\/de\/wp-json\/wp\/v2\/types\/product"}],"replies":[{"embeddable":true,"href":"https:\/\/nivegy.com\/de\/wp-json\/wp\/v2\/comments?post=5638"}],"wp:featuredmedia":[{"embeddable":true,"href":"https:\/\/nivegy.com\/de\/wp-json\/wp\/v2\/media\/3302"}],"wp:attachment":[{"href":"https:\/\/nivegy.com\/de\/wp-json\/wp\/v2\/media?parent=5638"}],"wp:term":[{"taxonomy":"product_brand","embeddable":true,"href":"https:\/\/nivegy.com\/de\/wp-json\/wp\/v2\/product_brand?post=5638"},{"taxonomy":"product_cat","embeddable":true,"href":"https:\/\/nivegy.com\/de\/wp-json\/wp\/v2\/product_cat?post=5638"},{"taxonomy":"product_tag","embeddable":true,"href":"https:\/\/nivegy.com\/de\/wp-json\/wp\/v2\/product_tag?post=5638"}],"curies":[{"name":"wp","href":"https:\/\/api.w.org\/{rel}","templated":true}]}}